{"id":3128,"date":"2025-08-21T17:06:51","date_gmt":"2025-08-21T09:06:51","guid":{"rendered":"https:\/\/eco-drinkware.com\/?post_type=product&#038;p=3128"},"modified":"2025-09-12T15:10:39","modified_gmt":"2025-09-12T07:10:39","slug":"bouteilles-deau-personnalisees-en-acier-inoxydable-bouteille-de-sport-reutilisable-et-ecologique-bouteille-dhydratation-imprimee-par-transfert-thermique","status":"publish","type":"product","link":"https:\/\/eco-drinkware.com\/fr\/product\/bouteilles-deau-personnalisees-en-acier-inoxydable-bouteille-de-sport-reutilisable-et-ecologique-bouteille-dhydratation-imprimee-par-transfert-thermique\/","title":{"rendered":"Bouteilles d'eau personnalis\u00e9es par sublimation Bouteille de sport en acier inoxydable imprim\u00e9e par transfert de chaleur Bouteille d'hydratation r\u00e9utilisable et \u00e9cologique"},"content":{"rendered":"<h2 class=\"wp-block-heading\">350ml 500ml 750ml 1000ml bouteilles d'eau en acier inoxydable isol\u00e9es par sublimation pour la vente en gros<\/h2>\n\n\n\n<p>Fabriqu\u00e9 en <strong>acier inoxydable 18\/8 de haute qualit\u00e9<\/strong>Ces bouteilles \u00e0 sublimation offrent <strong>durable, r\u00e9sistant \u00e0 la transpiration et 100% \u00e0 l'\u00e9preuve des fuites<\/strong> l'hydratation. Id\u00e9al pour <strong>des cadeaux d'entreprise, des \u00e9v\u00e9nements d'\u00e9quipe ou des campagnes promotionnelles<\/strong>Nos bouteilles sont dot\u00e9es d'un <strong>Conception sans couture et enveloppante<\/strong> qui met en valeur votre logo, votre \u0153uvre d'art ou votre marque en <strong>des couleurs \u00e9clatantes et durables<\/strong> gr\u00e2ce \u00e0 l'impression par transfert thermique.<\/p>\n\n\n\n<p><strong>Caract\u00e9ristiques principales :<\/strong><\/p>\n\n\n\n<p>\ud83d\udca7&nbsp;<strong>Diff\u00e9rentes tailles possibles<\/strong>&nbsp;- Les formats 350ml, 500ml, 750ml et 1000ml conviennent \u00e0 diff\u00e9rentes tranches d'\u00e2ge. 350 ml et 500 ml conviennent aux enfants. 750ml et 1000ml sont parfaits pour les adultes. <\/p>\n\n\n\n<p>\ud83c\udf21\ufe0f&nbsp;<strong>Isolation sous vide \u00e0 double paroi<\/strong>&nbsp;- Les boissons restent chaudes jusqu'\u00e0 12 heures ou froides jusqu'\u00e0 24 heures, gr\u00e2ce \u00e0 une r\u00e9tention sup\u00e9rieure de la temp\u00e9rature. Parfait pour garder les boissons chaudes ou froides tout au long de la journ\u00e9e, ce qui en fait un choix pratique pour les bureaux, les \u00e9v\u00e9nements ou le commerce de d\u00e9tail. Parfait pour le th\u00e9 glac\u00e9, le caf\u00e9, le jus de fruit ou tout autre liquide.<\/p>\n\n\n\n<p>\ud83c\udf43&nbsp;<strong>\u00c9cologique et durable :<\/strong>&nbsp;Fabriqu\u00e9 en acier inoxydable de haute qualit\u00e9, sans BPA, ce gobelet est con\u00e7u pour durer. Tous les mat\u00e9riaux sont compatibles avec les aliments. Laissez tomber les gobelets \u00e0 usage unique et r\u00e9duisez les d\u00e9chets gr\u00e2ce \u00e0 un choix r\u00e9utilisable et respectueux de l'environnement.<\/p>\n\n\n\n<p>\ud83c\udfa8&nbsp;<strong>Enti\u00e8rement personnalisable<\/strong> <strong>par sublimation<\/strong>&nbsp;- Ajoutez votre logo, votre marque ou un design unique pour cr\u00e9er une gourde personnalis\u00e9e qui se d\u00e9marque. Si vous disposez d'une machine \u00e0 sublimation et de papier dans votre studio ou votre atelier, il est facile de r\u00e9aliser des bouteilles imprim\u00e9es personnalis\u00e9es pour vos amis ou vos clients. La mani\u00e8re la plus simple de r\u00e9aliser des travaux personnalis\u00e9s brillants et color\u00e9s.<\/p>\n\n\n\n<p><strong>Construction en acier inoxydable de premi\u00e8re qualit\u00e9<\/strong>&nbsp;- Fabriqu\u00e9 en acier inoxydable de haute qualit\u00e9, r\u00e9sistant \u00e0 la rouille, sans BPA et con\u00e7u pour une utilisation prolong\u00e9e. Mat\u00e9riau et conception tr\u00e8s durables. <\/p>\n\n\n\n<p><strong>&nbsp;Personnalisation B2B<\/strong> - Commande minimale <strong>50+ unit\u00e9s<\/strong> pour commencer \u00e0 travailler avec votre entreprise.<\/p>\n\n\n\n<p><strong>Pourquoi vous l'aimerez :<\/strong><\/p>\n\n\n\n<h3 class=\"wp-block-heading\"><strong>Pourquoi choisir notre bouteille d'eau \u00e0 sublimation pour les commandes en gros ?<\/strong><\/h3>\n\n\n\n<p>\u2728&nbsp;<strong>Options de personnalisation<\/strong>&nbsp;- En tant que fournisseur de confiance, nous offrons un large \u00e9ventail d'options de personnalisation, y compris l'emplacement du logo, le choix des couleurs et l'emballage personnalis\u00e9.<br>\u2728&nbsp;<strong>Prix directs d'usine<\/strong>&nbsp;- B\u00e9n\u00e9ficiez de tarifs comp\u00e9titifs pour les commandes en gros, afin de garantir la rentabilit\u00e9 sans compromettre la qualit\u00e9.<br>\u2728&nbsp;<strong>Durable et fiable<\/strong>&nbsp;- Con\u00e7us pour r\u00e9sister \u00e0 un usage quotidien, nos gobelets sont parfaits pour les cadeaux d'entreprise, les \u00e9v\u00e9nements promotionnels ou les ventes au d\u00e9tail. Eco Drinkware offre un excellent service apr\u00e8s-vente pour nos bouteilles \u00e0 sublimation.<br>\u2728&nbsp;<strong>D\u00e9lai d'ex\u00e9cution rapide<\/strong>&nbsp;- Notre usine est \u00e9quip\u00e9e pour traiter des commandes de grande envergure avec une production efficace et une livraison dans les d\u00e9lais. En particulier, nous utilisons des robots dans la production, ce qui rend la production beaucoup plus rapide aujourd'hui.<br>\u2728&nbsp;<strong>Respectueux de l'environnement et r\u00e9utilisable<\/strong>&nbsp;- Promouvoir le d\u00e9veloppement durable avec un gobelet r\u00e9utilisable qui r\u00e9duit les d\u00e9chets et s'aligne sur les valeurs \u00e9coconscientes. De plus en plus de clients choisissent la gourde isotherme en acier inoxydable pour remplacer la bouteille en plastique.                                                                                                                              \u2728<strong>Livraison mondiale<\/strong>&nbsp;- Nous offrons une livraison mondiale \u00e0 tous nos clients. Nous proposons m\u00eame l'exp\u00e9dition DDP dans de nombreux pays. Cela permet aux clients d'\u00e9conomiser de l'argent.                                                                                 \u2728<strong>Un fournisseur fiable<\/strong>&nbsp;- Eco Drinkware travaille dans ce domaine depuis 10 ans. Nous disposons d'une \u00e9quipe technologique et d'un personnel de vente exp\u00e9riment\u00e9s pour mener \u00e0 bien tous les nouveaux projets. Il est sage de travailler avec un fournisseur professionnel pour \u00e9conomiser de l'argent et du temps. L'exp\u00e9rience d'achat se d\u00e9roulera dans la confiance.                     <\/p>\n\n\n\n<hr class=\"wp-block-separator has-alpha-channel-opacity\"\/>\n\n\n\n<h3 class=\"wp-block-heading\"><strong>Parfait pour :<\/strong><\/h3>\n\n\n\n<ul class=\"wp-block-list\">\n<li><strong>Cadeaux d'entreprise<\/strong>&nbsp;- Impressionnez vos clients ou r\u00e9compensez vos employ\u00e9s avec une bouteille \u00e0 sublimation de haute qualit\u00e9.<\/li>\n\n\n\n<li><strong>\u00c9v\u00e9nements promotionnels<\/strong>&nbsp;- Augmentez la visibilit\u00e9 de votre marque gr\u00e2ce \u00e0 un objet publicitaire pratique et \u00e9l\u00e9gant.<\/li>\n\n\n\n<li><strong>Ventes au d\u00e9tail<\/strong>&nbsp;- Faites le plein de bouteilles d'eau \u00e0 sublimation personnalisables, uniques et sp\u00e9ciales qui plaisent \u00e0 un large public.<\/li>\n\n\n\n<li><strong>Collectes de fonds et cadeaux<\/strong>&nbsp;- Offrez un produit fonctionnel et m\u00e9morable que les supporters aimeront.<\/li>\n<\/ul>\n\n\n\n<hr class=\"wp-block-separator has-alpha-channel-opacity\"\/>\n\n\n\n<p><strong>Commandez d\u00e8s aujourd'hui !<\/strong><br>En tant que fournisseur de premier plan d'articles de boisson personnalis\u00e9s, nous sommes sp\u00e9cialis\u00e9s dans l'aide aux entreprises pour cr\u00e9er des produits personnalis\u00e9s qui laissent une impression durable. Que vous ayez besoin de 1 000 ou de 10 000 unit\u00e9s, notre usine est pr\u00eate \u00e0 r\u00e9pondre \u00e0 vos demandes avec une qualit\u00e9 irr\u00e9prochable et un service exceptionnel.<\/p>\n\n\n\n<p><strong>Contactez-nous d\u00e8s maintenant pour un devis personnalis\u00e9 et rehaussez votre image de marque avec notre flasque en acier inoxydable personnalis\u00e9e de 32 oz !<\/strong><\/p>\n\n\n\n<figure class=\"wp-block-image size-full\"><img loading=\"lazy\" decoding=\"async\" width=\"1024\" height=\"1024\" src=\"https:\/\/eco-drinkware.com\/wp-content\/uploads\/2025\/09\/water-bottles-comparison.webp\" alt=\"Comparaison d&#039;une bouteille d&#039;eau \u00e0 sublimation simple \u00e0 gauche, intitul\u00e9e &quot;Avant&quot;, et d&#039;une bouteille d&#039;eau color\u00e9e \u00e0 droite, intitul\u00e9e &quot;Apr\u00e8s&quot;.\" class=\"wp-image-3209\" srcset=\"https:\/\/eco-drinkware.com\/wp-content\/uploads\/2025\/09\/water-bottles-comparison.webp 1024w, https:\/\/eco-drinkware.com\/wp-content\/uploads\/2025\/09\/water-bottles-comparison-300x300.webp 300w, https:\/\/eco-drinkware.com\/wp-content\/uploads\/2025\/09\/water-bottles-comparison-150x150.webp 150w, https:\/\/eco-drinkware.com\/wp-content\/uploads\/2025\/09\/water-bottles-comparison-768x768.webp 768w, https:\/\/eco-drinkware.com\/wp-content\/uploads\/2025\/09\/water-bottles-comparison-600x600.webp 600w, https:\/\/eco-drinkware.com\/wp-content\/uploads\/2025\/09\/water-bottles-comparison-100x100.webp 100w\" sizes=\"auto, (max-width: 1024px) 100vw, 1024px\" \/><\/figure>\n\n\n\n<figure class=\"wp-block-image size-full\"><img loading=\"lazy\" decoding=\"async\" width=\"800\" height=\"800\" src=\"https:\/\/eco-drinkware.com\/wp-content\/uploads\/2025\/08\/white-bottles.webp\" alt=\"Quatre bouteilles S&#039;well blanches de diff\u00e9rentes tailles : 350 ml, 500 ml, 750 ml et 1000 ml.\" class=\"wp-image-3124\" srcset=\"https:\/\/eco-drinkware.com\/wp-content\/uploads\/2025\/08\/white-bottles.webp 800w, https:\/\/eco-drinkware.com\/wp-content\/uploads\/2025\/08\/white-bottles-300x300.webp 300w, https:\/\/eco-drinkware.com\/wp-content\/uploads\/2025\/08\/white-bottles-150x150.webp 150w, https:\/\/eco-drinkware.com\/wp-content\/uploads\/2025\/08\/white-bottles-768x768.webp 768w, https:\/\/eco-drinkware.com\/wp-content\/uploads\/2025\/08\/white-bottles-600x600.webp 600w, https:\/\/eco-drinkware.com\/wp-content\/uploads\/2025\/08\/white-bottles-100x100.webp 100w\" sizes=\"auto, (max-width: 800px) 100vw, 800px\" \/><\/figure>\n\n\n\n<figure class=\"wp-block-table\"><table class=\"has-fixed-layout\"><tbody><tr><td>Num\u00e9ro de l'article<\/td><td>GV003S<\/td><\/tr><tr><td>Capacit\u00e9<\/td><td>350ml 500ml 750ml 1000ml<\/td><\/tr><tr><td>Isol\u00e9<\/td><td>Oui&nbsp;&nbsp;&nbsp;&nbsp;&nbsp;&nbsp;&nbsp;&nbsp;&nbsp;&nbsp;&nbsp;&nbsp;&nbsp;<\/td><\/tr><tr><td>Position du logo<\/td><td>Corps de la bouteille <\/td><\/tr><tr><td>Couleur<\/td><td>Rouge, argent, vert, bleu, blanc, noir, or rose, couleur personnalis\u00e9e, couleur Pantone<\/td><\/tr><tr><td>Mat\u00e9riau<\/td><td>Int\u00e9rieur en acier inoxydable 304 et ext\u00e9rieur en acier inoxydable 201 ,nouveau couvercle en plastique pp ,joint d'\u00e9tanch\u00e9it\u00e9 en silicone<\/td><\/tr><tr><td>Fonctionnalit\u00e9<\/td><td>Bouteille sous vide \u00e0 double paroi, grande capacit\u00e9, design personnalis\u00e9<\/td><\/tr><tr><td>MOQ<\/td><td>1000 pi\u00e8ces<\/td><\/tr><tr><td>Logo<\/td><td>Laser, impression en soie, transfert thermique, transfert d'eau, transfert de gaz, impression 3D, sublimation, etc.<\/td><\/tr><tr><td>Paquet<\/td><td>bo\u00eete blanche, bo\u00eete imprim\u00e9e personnalis\u00e9e, bo\u00eete cylindrique, sac \u00e0 bulles, bo\u00eete cadeau<\/td><\/tr><tr><td>Temps d'\u00e9chantillonnage<\/td><td>3 jours pour un \u00e9chantillon de stock, 7 jours pour un \u00e9chantillon de logo personnalis\u00e9<\/td><\/tr><tr><td>Temps de production<\/td><td>25-35 jours en fonction de la quantit\u00e9 et des besoins<\/td><\/tr><tr><td>A propos du paiement<\/td><td>Transfert bancaire, paypal, western union, assurance commerciale<\/td><\/tr><tr><td>Pays d'origine<\/td><td>Fabriqu\u00e9 en Chine<\/td><\/tr><tr><td>Origine du certificat<\/td><td>Oui, nous pouvons offrir<\/td><\/tr><tr><td>Nouveau moule de bouteille<\/td><td>Oui, nous disposons d'une nouvelle \u00e9quipe de d\u00e9veloppement de moules<\/td><\/tr><tr><td>Conditions<\/td><td>EXW, FOB, CIF, DDU, DDP<\/td><\/tr><\/tbody><\/table><\/figure>\n\n\n\n<p><\/p>","protected":false},"excerpt":{"rendered":"<h3><strong>Bouteilles d'eau en acier inoxydable personnalis\u00e9es par sublimation<\/strong><\/h3>\n<ul>\n<li>\n<p>\u00a0<strong>Nombreuses capacit\u00e9s disponibles<\/strong>-350 ml, 500 ml, 750 ml et 1000 ml.  Parfait pour une hydratation tout au long de la journ\u00e9e.<\/p>\n<\/li>\n<li>\n<p>\u00a0<strong>Conception personnalisable<\/strong> - Ajoutez votre logo, votre texte ou votre dessin pour le personnaliser.<\/p>\n<\/li>\n<li>\n<p>\u00a0<strong>Isolation sous vide \u00e0 double paroi<\/strong>\u00a0- Conserve les boissons chaudes pendant 12 heures et froides pendant 24 heures.<\/p>\n<\/li>\n<li>\n<p><strong>Acier inoxydable durable<\/strong> - R\u00e9sistant \u00e0 la rouille, sans BPA et con\u00e7u pour durer.<\/p>\n<\/li>\n<li>\n<p>\u00a0<strong>R\u00e9sistant \u00e0 la transpiration et aux fuites<\/strong>\u00a0- Ext\u00e9rieur sans condensation et couvercle s\u00e9curis\u00e9 pour une utilisation sans d\u00e9g\u00e2ts.<\/p>\n<\/li>\n<li>\n<p><strong>Polyvalent et portable<\/strong> - Id\u00e9al pour la maison, le bureau, les voyages ou les aventures en plein air.<\/p>\n<\/li>\n<li>\n<p>\u00a0<strong>D\u00e9lai d'ex\u00e9cution rapide<\/strong> - 7-10 jours de production + exp\u00e9dition globale.<\/p>\n<\/li>\n<li><strong>MOQ 50 unit\u00e9s<\/strong> - Quantit\u00e9s flexibles pour les startups et les grandes entreprises.<\/li>\n<\/ul>","protected":false},"featured_media":3124,"template":"","meta":{"_acf_changed":true,"_seopress_robots_primary_cat":"none","_seopress_titles_title":"Custom Sublimation Water Bottles Personalized stainless steel Drinkware Heat Transfer Printed Sports Bottle Reusable & Eco-Friendly Hydration Flask","_seopress_titles_desc":"Recycled stainless steel material.Food safe and BPA free materials, custom color and design is welcome. Profession drinkware manufacturer in China. Door to door delivery worldwide.  Whatsapp:0086 13567428830","_seopress_robots_index":"","_uag_custom_page_level_css":""},"product_brand":[],"product_cat":[37,23,20],"product_tag":[132,129,77,69,127,130,133,126,128,125,131],"class_list":{"0":"post-3128","1":"product","2":"type-product","3":"status-publish","4":"has-post-thumbnail","6":"product_cat-sublimation-water-bottle","7":"product_cat-sublimation-water-bottle-tumbler","8":"product_cat-vacuum-flask","9":"product_tag-blank-sublimation-water-bottles","10":"product_tag-bottle-sublimation","11":"product_tag-personalized-insulated-mug","12":"product_tag-stainless-steel-flask","13":"product_tag-sublimation-bottle","14":"product_tag-sublimation-bottles","15":"product_tag-sublimation-insulated-water-bottles","16":"product_tag-sublimation-water-bottle","17":"product_tag-sublimation-water-bottle-blanks","18":"product_tag-sublimation-water-bottles","19":"product_tag-water-bottles-for-sublimation","21":"first","22":"instock","23":"shipping-taxable","24":"product-type-simple"},"acf":[],"uagb_featured_image_src":{"full":["https:\/\/eco-drinkware.com\/wp-content\/uploads\/2025\/08\/white-bottles.webp",800,800,false],"thumbnail":["https:\/\/eco-drinkware.com\/wp-content\/uploads\/2025\/08\/white-bottles-150x150.webp",150,150,true],"medium":["https:\/\/eco-drinkware.com\/wp-content\/uploads\/2025\/08\/white-bottles-300x300.webp",300,300,true],"medium_large":["https:\/\/eco-drinkware.com\/wp-content\/uploads\/2025\/08\/white-bottles-768x768.webp",768,768,true],"large":["https:\/\/eco-drinkware.com\/wp-content\/uploads\/2025\/08\/white-bottles.webp",800,800,false],"1536x1536":["https:\/\/eco-drinkware.com\/wp-content\/uploads\/2025\/08\/white-bottles.webp",800,800,false],"2048x2048":["https:\/\/eco-drinkware.com\/wp-content\/uploads\/2025\/08\/white-bottles.webp",800,800,false],"trp-custom-language-flag":["https:\/\/eco-drinkware.com\/wp-content\/uploads\/2025\/08\/white-bottles.webp",12,12,false],"woocommerce_thumbnail":["https:\/\/eco-drinkware.com\/wp-content\/uploads\/2025\/08\/white-bottles-300x300.webp",300,300,true],"woocommerce_single":["https:\/\/eco-drinkware.com\/wp-content\/uploads\/2025\/08\/white-bottles-600x600.webp",600,600,true],"woocommerce_gallery_thumbnail":["https:\/\/eco-drinkware.com\/wp-content\/uploads\/2025\/08\/white-bottles-100x100.webp",100,100,true]},"uagb_author_info":{"display_name":"Amy","author_link":"https:\/\/eco-drinkware.com\/fr\/author\/"},"uagb_comment_info":0,"uagb_excerpt":"Premium Custom Sublimation Stainless Steel Water Bottles \u00a0Many \u00a0Capacity available\u2013350ml, 500ml,750ml and 1000ml.\u00a0 Perfect for all-day hydration. \u00a0Customizable Design \u2013 Add your logo, text, or artwork for customization. \u00a0Double-Wall Vacuum Insulation\u00a0\u2013 Keeps drinks hot for 12 hours and cold for 24 hours. Durable Stainless Steel \u2013 Rust-resistant, BPA-free, and built to last.Food safe materials. \u00a0Sweat-Proof\u2026","_links":{"self":[{"href":"https:\/\/eco-drinkware.com\/fr\/wp-json\/wp\/v2\/product\/3128","targetHints":{"allow":["GET"]}}],"collection":[{"href":"https:\/\/eco-drinkware.com\/fr\/wp-json\/wp\/v2\/product"}],"about":[{"href":"https:\/\/eco-drinkware.com\/fr\/wp-json\/wp\/v2\/types\/product"}],"wp:featuredmedia":[{"embeddable":true,"href":"https:\/\/eco-drinkware.com\/fr\/wp-json\/wp\/v2\/media\/3124"}],"wp:attachment":[{"href":"https:\/\/eco-drinkware.com\/fr\/wp-json\/wp\/v2\/media?parent=3128"}],"wp:term":[{"taxonomy":"product_brand","embeddable":true,"href":"https:\/\/eco-drinkware.com\/fr\/wp-json\/wp\/v2\/product_brand?post=3128"},{"taxonomy":"product_cat","embeddable":true,"href":"https:\/\/eco-drinkware.com\/fr\/wp-json\/wp\/v2\/product_cat?post=3128"},{"taxonomy":"product_tag","embeddable":true,"href":"https:\/\/eco-drinkware.com\/fr\/wp-json\/wp\/v2\/product_tag?post=3128"}],"curies":[{"name":"wp","href":"https:\/\/api.w.org\/{rel}","templated":true}]}}