{"id":3175,"date":"2025-08-29T15:32:05","date_gmt":"2025-08-29T07:32:05","guid":{"rendered":"https:\/\/eco-drinkware.com\/?post_type=product&#038;p=3175"},"modified":"2025-08-29T16:13:05","modified_gmt":"2025-08-29T08:13:05","slug":"12-oz-20oz-sublimation-sippy-flask-with-soft-nozzle-spill-proof-blank-tumblers-stainless-steel-thermoses-for-hot-drinks-bulk-double-wall-vacuum-insulated-water-bottle-for-school","status":"publish","type":"product","link":"https:\/\/eco-drinkware.com\/fr\/product\/12-oz-20oz-sublimation-sippy-flask-with-soft-nozzle-spill-proof-blank-tumblers-stainless-steel-thermoses-for-hot-drinks-bulk-double-wall-vacuum-insulated-water-bottle-for-school\/","title":{"rendered":"12 oz 20oz Sublimation Sippy flask with soft nozzle Spill Proof Blank Tumblers Stainless Steel Thermoses for Hot Drinks Bulk Double Wall Vacuum Insulated Water Bottle for School (Bouteille d'eau isol\u00e9e sous vide \u00e0 double paroi pour l'\u00e9cole)"},"content":{"rendered":"<h2 class=\"wp-block-heading\">Bouteille \u00e0 sublimation isol\u00e9e en acier inoxydable en vrac avec couvercle coulissant<\/h2>\n\n\n\n<p>Nos flacons \u00e0 sublimation sont con\u00e7us pour les entreprises qui recherchent des solutions fiables et personnalisables en mati\u00e8re de boissons. Disponibles en <strong>Formats 12oz et 20oz<\/strong>Chaque flasque est dot\u00e9e d'une <strong>corps isol\u00e9 en acier inoxydable<\/strong> pour garder les boissons chaudes ou froides pendant des heures. Avec des options telles qu'un <strong>couvercle rabattable et paille<\/strong>Ces flacons allient fonctionnalit\u00e9 et commodit\u00e9. Les flacons <strong>rev\u00eatement pr\u00eat pour la sublimation<\/strong> garantit des impressions \u00e9clatantes et durables, ce qui en fait le choix id\u00e9al pour l'image de marque d'une entreprise, les cadeaux promotionnels ou les projets de personnalisation en vrac.<\/p>\n\n\n\n<p><strong>Caract\u00e9ristiques principales :<\/strong><\/p>\n\n\n\n<p><strong>1<\/strong> <strong>Plusieurs tailles disponibles<\/strong><br>- Propos\u00e9 en <strong>12oz et 20oz<\/strong> Les flacons sont disponibles en plusieurs versions, r\u00e9pondant aux diff\u00e9rentes demandes du march\u00e9, depuis les flacons pour enfants jusqu'aux flacons \u00e0 usage quotidien.<\/p>\n\n\n\n<p><strong>2<\/strong> <strong>Acier inoxydable et isolation de premi\u00e8re qualit\u00e9<\/strong><br>- Fabriqu\u00e9 avec <strong>acier inoxydable de haute qualit\u00e9<\/strong>, avec <strong>isolation \u00e0 double paroi<\/strong> pour garder les boissons chaudes jusqu'\u00e0 8 heures et froides jusqu'\u00e0 12 heures.<\/p>\n\n\n\n<p><strong>3<\/strong> <strong>Options de couvercles fonctionnels<\/strong><br>- Livr\u00e9 avec un <strong>couvercle rabattable<\/strong> et <strong>paille<\/strong>L'embout est en silicone souple, ce qui le rend pratique pour le sport, les voyages ou l'utilisation quotidienne. L'embout est en silicone souple, parfait pour les enfants.<\/p>\n\n\n\n<p><strong>4<\/strong> <strong>Surface pr\u00eate pour la sublimation<\/strong><br>- Rev\u00eatu d'un rev\u00eatement professionnel <strong>couche de sublimation<\/strong>L'impression de couleurs vives, r\u00e9sistantes aux rayures et durables, est id\u00e9ale pour les applications de <strong>logo, marque ou design personnalis\u00e9<\/strong>. Il est facile de r\u00e9aliser un design personnalis\u00e9 ou d'imprimer une photo sur la gourde \u00e0 l'aide d'un four ou d'une machine \u00e0 sublimation.<\/p>\n\n\n\n<p><strong>5<\/strong> <strong>Parfait pour les entreprises de personnalisation<\/strong><br>- Con\u00e7u pour <strong>personnalisation en masse<\/strong>Le produit est id\u00e9al pour les cadeaux promotionnels, l'image de marque des entreprises, les \u00e9v\u00e9nements scolaires, les \u00e9quipes sportives, les cadeaux de mariage et les programmes de revente.<\/p>\n\n\n\n<p><strong>6<\/strong> <strong>Approvisionnement en gros et en masse<\/strong><br>- Disponible en grandes quantit\u00e9s avec <strong>des prix comp\u00e9titifs<\/strong>L'objectif est de soutenir les distributeurs, les entreprises de cadeaux et les vendeurs en ligne qui cherchent \u00e0 \u00e9largir leur gamme de produits personnalis\u00e9s pour les boissons.<\/p>\n\n\n\n<p><strong>\u00a07 Personnalisation adapt\u00e9e au B2B<\/strong> - Commande minimale <strong>50+ unit\u00e9s<\/strong> pour d\u00e9marrer votre activit\u00e9. Si vous souhaitez obtenir des bouteilles ou des gobelets en petite quantit\u00e9 pour vos clients ou vos employ\u00e9s. C'est le meilleur choix.<\/p>\n\n\n\n<p><strong>Pourquoi vous l'aimerez :<\/strong><\/p>\n\n\n\n<h3 class=\"wp-block-heading\"><strong>Pourquoi choisir notre gobelet \u00e0 sublimation en acier inoxydable pour les commandes en gros ?<\/strong><\/h3>\n\n\n\n<p>\u2728\u00a0<strong>Options de personnalisation<\/strong>\u00a0- En tant que fournisseur de confiance, nous offrons un large \u00e9ventail d'options de personnalisation, y compris l'emplacement du logo, le choix des couleurs et l'emballage personnalis\u00e9.<br>\u2728\u00a0<strong>Prix directs d'usine<\/strong>\u00a0- B\u00e9n\u00e9ficiez de tarifs comp\u00e9titifs pour les commandes en gros, afin de garantir la rentabilit\u00e9 sans compromettre la qualit\u00e9.<br>\u2728\u00a0<strong>Durable et fiable<\/strong>\u00a0- Con\u00e7us pour r\u00e9sister \u00e0 un usage quotidien, nos gobelets sont parfaits pour les cadeaux d'entreprise, les \u00e9v\u00e9nements promotionnels ou les ventes au d\u00e9tail. Eco Drinkware offre un excellent service apr\u00e8s-vente pour nos bouteilles \u00e0 sublimation.<br>\u2728\u00a0<strong>D\u00e9lai d'ex\u00e9cution rapide<\/strong>\u00a0- Notre usine est \u00e9quip\u00e9e pour traiter des commandes de grande envergure avec une production efficace et une livraison dans les d\u00e9lais. En particulier, nous utilisons des robots dans la production, ce qui acc\u00e9l\u00e8re consid\u00e9rablement la production. Chaque jour, 200 employ\u00e9s et 10 lignes de production travaillent pour nos clients.<br>\u2728\u00a0<strong>Respectueux de l'environnement et r\u00e9utilisable<\/strong>\u00a0- Promouvoir le d\u00e9veloppement durable avec un gobelet r\u00e9utilisable qui r\u00e9duit les d\u00e9chets et s'aligne sur les valeurs \u00e9coconscientes. De plus en plus de clients choisissent la gourde isotherme en acier inoxydable pour remplacer la bouteille en plastique. \u2728<strong>Livraison mondiale<\/strong>\u00a0- Nous offrons une livraison mondiale \u00e0 tous nos clients. Nous proposons m\u00eame l'exp\u00e9dition DDP dans de nombreux pays. Cela permet aux clients d'\u00e9conomiser de l'argent. \u2728<strong>Un fournisseur fiable<\/strong>\u00a0- Eco Drinkware travaille dans ce domaine depuis 10 ans. Nous disposons d'une \u00e9quipe technologique et d'un personnel de vente exp\u00e9riment\u00e9s pour mener \u00e0 bien tous les nouveaux projets. Il est sage de travailler avec un fournisseur professionnel pour \u00e9conomiser de l'argent et du temps. Nous sommes convaincus que vous serez satisfaits de votre achat.<\/p>\n\n\n\n<hr class=\"wp-block-separator has-alpha-channel-opacity\"\/>\n\n\n\n<h3 class=\"wp-block-heading\">Le gobelet \u00e0 sublimation est <strong>Parfait pour :<\/strong><\/h3>\n\n\n\n<ul class=\"wp-block-list\">\n<li><strong>Cadeaux d'entreprise<\/strong>&nbsp;- Impressionnez vos clients ou r\u00e9compensez vos employ\u00e9s avec une bouteille \u00e0 sublimation de haute qualit\u00e9.<\/li>\n\n\n\n<li><strong>\u00c9v\u00e9nements promotionnels<\/strong>&nbsp;- Augmentez la visibilit\u00e9 de votre marque gr\u00e2ce \u00e0 un objet publicitaire pratique et \u00e9l\u00e9gant.<\/li>\n\n\n\n<li><strong>Ventes au d\u00e9tail<\/strong>&nbsp;- Faites le plein de gobelets vierges \u00e0 sublimation personnalisables, uniques et sp\u00e9ciaux, qui s\u00e9duisent un large public. Et offrez un service personnalis\u00e9 \u00e0 vos clients.<\/li>\n\n\n\n<li><strong>Collectes de fonds et cadeaux<\/strong>&nbsp;- Offrez un produit fonctionnel et m\u00e9morable que les supporters aimeront.<\/li>\n\n\n\n<li><strong>Studio sur mesure\/Studio personnalis\u00e9<\/strong>-Offrir un service tr\u00e8s personnalis\u00e9 au client final.<\/li>\n\n\n\n<li><strong>Imorter<\/strong>- Les capacit\u00e9s professionnelles d'importation et de stockage des importateurs peuvent contribuer \u00e0 r\u00e9duire le co\u00fbt des gobelets \u00e0 sublimation vierges, ce qui leur permet de servir les petits grossistes locaux.<\/li>\n<\/ul>\n\n\n\n<hr class=\"wp-block-separator has-alpha-channel-opacity\"\/>\n\n\n\n<p><strong>Commandez d\u00e8s aujourd'hui !<\/strong><br>En tant que fournisseur principal de flasques \u00e0 sublimation, nous sommes sp\u00e9cialis\u00e9s dans l'aide aux entreprises pour cr\u00e9er des produits personnalis\u00e9s qui laissent une impression durable. Que vous ayez besoin de 100 ou de 10 000 unit\u00e9s, notre usine est pr\u00eate \u00e0 r\u00e9pondre \u00e0 vos demandes avec une qualit\u00e9 irr\u00e9prochable et un service exceptionnel.<\/p>\n\n\n\n<p><strong>Contactez-nous d\u00e8s maintenant pour un devis personnalis\u00e9 et rehaussez votre image de marque avec notre flasque isol\u00e9e en acier inoxydable de 12oz 20oz !<\/strong><\/p>\n\n\n\n<div class=\"wp-block-uagb-image uagb-block-86cd3ece wp-block-uagb-image--layout-default wp-block-uagb-image--effect-static wp-block-uagb-image--align-none\"><figure class=\"wp-block-uagb-image__figure\"><img decoding=\"async\" srcset=\"https:\/\/eco-drinkware.com\/wp-content\/uploads\/2025\/08\/after-sublimation.webp ,https:\/\/eco-drinkware.com\/wp-content\/uploads\/2025\/08\/after-sublimation.webp 780w, https:\/\/eco-drinkware.com\/wp-content\/uploads\/2025\/08\/after-sublimation.webp 360w\" sizes=\"auto, (max-width: 480px) 150px\" src=\"https:\/\/eco-drinkware.com\/wp-content\/uploads\/2025\/08\/after-sublimation.webp\" alt=\"Deux photos de flacons \u00e0 sublimation avant et apr\u00e8s le processus de sublimation. La premi\u00e8re photo montre des bouteilles blanches simples, tandis que la seconde montre les m\u00eames bouteilles avec des motifs imprim\u00e9s repr\u00e9sentant une fille tenant un drapeau am\u00e9ricain et un explorateur sous-marin avec un requin.\" class=\"uag-image-3178\" width=\"800\" height=\"800\" title=\"flacon de sublimation Apr\u00e8s la sublimation\" loading=\"lazy\" role=\"img\"\/><\/figure><\/div>\n\n\n\n<figure class=\"wp-block-table\"><table class=\"has-fixed-layout\"><tbody><tr><td>Num\u00e9ro de l'article<\/td><td>GV021<\/td><\/tr><tr><td>Capacit\u00e9<\/td><td>12oz\/350ml, 20oz\/600ml<\/td><\/tr><tr><td>Isol\u00e9<\/td><td>Oui&nbsp;&nbsp;&nbsp;&nbsp;&nbsp;&nbsp;&nbsp;&nbsp;&nbsp;&nbsp;&nbsp;&nbsp;&nbsp;<\/td><\/tr><tr><td>Rev\u00eatement sp\u00e9cial<\/td><td>rev\u00eatement par sublimation<\/td><\/tr><tr><td>Couleur<\/td><td>Rouge, argent, vert, bleu, blanc, noir, or rose, couleur personnalis\u00e9e, couleur Pantone<\/td><\/tr><tr><td>Mat\u00e9riau<\/td><td>Int\u00e9rieur en acier inoxydable 304 et ext\u00e9rieur en acier inoxydable 201 ,nouveau couvercle en plastique pp ,joint d'\u00e9tanch\u00e9it\u00e9 en silicone<\/td><\/tr><tr><td>Fonctionnalit\u00e9<\/td><td>Bouteille sous vide \u00e0 double paroi, grande capacit\u00e9, design personnalis\u00e9<\/td><\/tr><tr><td>MOQ<\/td><td>50 pi\u00e8ces<\/td><\/tr><tr><td>Logo<\/td><td>Laser, impression en soie, transfert thermique, transfert d'eau, transfert de gaz, impression 3D, sublimation, etc.<\/td><\/tr><tr><td>Paquet<\/td><td>bo\u00eete blanche, bo\u00eete imprim\u00e9e personnalis\u00e9e, bo\u00eete cylindrique, sac \u00e0 bulles, bo\u00eete cadeau<\/td><\/tr><tr><td>Temps d'\u00e9chantillonnage<\/td><td>3 jours pour un \u00e9chantillon de stock, 7 jours pour un \u00e9chantillon de logo personnalis\u00e9<\/td><\/tr><tr><td>Temps de production<\/td><td>10-35 jours en fonction de la quantit\u00e9 et des besoins<\/td><\/tr><tr><td>A propos du paiement<\/td><td>Transfert bancaire, paypal, western union, assurance commerciale<\/td><\/tr><tr><td>Pays d'origine<\/td><td>Fabriqu\u00e9 en Chine<\/td><\/tr><tr><td>Origine du certificat<\/td><td>Oui, nous pouvons offrir<\/td><\/tr><tr><td>Nouveau moule de bouteille<\/td><td>Oui, nous disposons d'une nouvelle \u00e9quipe de d\u00e9veloppement de moules<\/td><\/tr><tr><td>Conditions<\/td><td>EXW, FOB, CIF, DDU, DDP<\/td><\/tr><\/tbody><\/table><\/figure>","protected":false},"excerpt":{"rendered":"<h3><strong>Premium Custom Sublimation tumbler blanks wholesale<\/strong><\/h3>\n<ul>\n<li>\n<p>\u00a0<strong>Plusieurs tailles disponibles<\/strong>-350 ml, 500 ml, 750 ml et 1000 ml.  Parfait pour une hydratation tout au long de la journ\u00e9e.<\/p>\n<\/li>\n<li>\n<p>\u00a0<strong>Conception personnalisable<\/strong> - Ajoutez votre logo, texte ou dessin pour la personnalisation. Rev\u00eatement sp\u00e9cial pour la personnalisation par sublimation.<\/p>\n<\/li>\n<li>\n<p>\u00a0<strong>Isolation sous vide \u00e0 double paroi<\/strong>\u00a0- Conserve les boissons chaudes pendant 12 heures et froides pendant 24 heures.<\/p>\n<\/li>\n<li>\n<p><strong>Acier inoxydable durable<\/strong> - R\u00e9sistant \u00e0 la rouille, sans BPA et con\u00e7u pour durer.<\/p>\n<\/li>\n<li>\n<p>\u00a0<strong>R\u00e9sistant \u00e0 la transpiration et aux fuites<\/strong>\u00a0- Ext\u00e9rieur sans condensation et couvercle s\u00e9curis\u00e9 pour une utilisation sans d\u00e9g\u00e2ts.<\/p>\n<\/li>\n<li><strong>Couvercle coulissant \u00e9tanche<\/strong>- Couvercle coulissant \u00e0 l'\u00e9preuve des fuites, assorti. Paille facile \u00e0 ins\u00e9rer.<\/li>\n<li>\n<p><strong>Polyvalent et portable<\/strong> - Id\u00e9al pour la maison, le bureau, les voyages ou les aventures en plein air.<\/p>\n<\/li>\n<li>\n<p>\u00a0<strong>D\u00e9lai d'ex\u00e9cution rapide<\/strong> - 7-10 jours de production pour l'exp\u00e9dition mondiale.<\/p>\n<\/li>\n<li><strong>Exp\u00e9dition mondiale<\/strong> - CIF, DAT, DDP exp\u00e9dition vers tous les pays<\/li>\n<li><strong>MOQ 50 unit\u00e9s<\/strong> - Quantit\u00e9s flexibles pour les startups et les grandes entreprises.<\/li>\n<\/ul>","protected":false},"featured_media":3178,"template":"","meta":{"_acf_changed":true,"_seopress_robots_primary_cat":"none","_seopress_titles_title":"Personalised BPA free12 oz 20oz Sublimation flask wholesale","_seopress_titles_desc":"Recycled stainless steel material.Food safe and BPA free materials, custom color and design is welcome.Door to door delivery worldwide.  Whatsapp:0086 13567428830","_seopress_robots_index":"","_uag_custom_page_level_css":""},"product_brand":[],"product_cat":[38,37,23,20],"product_tag":[132,77,130,140,126,128,125,131],"class_list":{"0":"post-3175","1":"product","2":"type-product","3":"status-publish","4":"has-post-thumbnail","6":"product_cat-sublimation-tumbler","7":"product_cat-sublimation-water-bottle","8":"product_cat-sublimation-water-bottle-tumbler","9":"product_cat-vacuum-flask","10":"product_tag-blank-sublimation-water-bottles","11":"product_tag-personalized-insulated-mug","12":"product_tag-sublimation-bottles","13":"product_tag-sublimation-flask","14":"product_tag-sublimation-water-bottle","15":"product_tag-sublimation-water-bottle-blanks","16":"product_tag-sublimation-water-bottles","17":"product_tag-water-bottles-for-sublimation","19":"first","20":"instock","21":"shipping-taxable","22":"product-type-simple"},"acf":[],"uagb_featured_image_src":{"full":["https:\/\/eco-drinkware.com\/wp-content\/uploads\/2025\/08\/after-sublimation.webp",800,800,false],"thumbnail":["https:\/\/eco-drinkware.com\/wp-content\/uploads\/2025\/08\/after-sublimation-150x150.webp",150,150,true],"medium":["https:\/\/eco-drinkware.com\/wp-content\/uploads\/2025\/08\/after-sublimation-300x300.webp",300,300,true],"medium_large":["https:\/\/eco-drinkware.com\/wp-content\/uploads\/2025\/08\/after-sublimation-768x768.webp",768,768,true],"large":["https:\/\/eco-drinkware.com\/wp-content\/uploads\/2025\/08\/after-sublimation.webp",800,800,false],"1536x1536":["https:\/\/eco-drinkware.com\/wp-content\/uploads\/2025\/08\/after-sublimation.webp",800,800,false],"2048x2048":["https:\/\/eco-drinkware.com\/wp-content\/uploads\/2025\/08\/after-sublimation.webp",800,800,false],"trp-custom-language-flag":["https:\/\/eco-drinkware.com\/wp-content\/uploads\/2025\/08\/after-sublimation.webp",12,12,false],"woocommerce_thumbnail":["https:\/\/eco-drinkware.com\/wp-content\/uploads\/2025\/08\/after-sublimation-300x300.webp",300,300,true],"woocommerce_single":["https:\/\/eco-drinkware.com\/wp-content\/uploads\/2025\/08\/after-sublimation-600x600.webp",600,600,true],"woocommerce_gallery_thumbnail":["https:\/\/eco-drinkware.com\/wp-content\/uploads\/2025\/08\/after-sublimation-100x100.webp",100,100,true]},"uagb_author_info":{"display_name":"Amy","author_link":"https:\/\/eco-drinkware.com\/fr\/author\/"},"uagb_comment_info":0,"uagb_excerpt":"Premium Custom Sublimation tumbler blanks wholesale \u00a0Many size available\u2013350ml, 500ml,750ml and 1000ml.\u00a0 Perfect for all-day hydration. \u00a0Customizable Design \u2013 Add your logo, text, or artwork for customization. Special sublimation coating for sublimation customization. \u00a0Double-Wall Vacuum Insulation\u00a0\u2013 Keeps drinks hot for 12 hours and cold for 24 hours. Durable Stainless Steel \u2013 Rust-resistant, BPA-free, and built\u2026","_links":{"self":[{"href":"https:\/\/eco-drinkware.com\/fr\/wp-json\/wp\/v2\/product\/3175","targetHints":{"allow":["GET"]}}],"collection":[{"href":"https:\/\/eco-drinkware.com\/fr\/wp-json\/wp\/v2\/product"}],"about":[{"href":"https:\/\/eco-drinkware.com\/fr\/wp-json\/wp\/v2\/types\/product"}],"wp:featuredmedia":[{"embeddable":true,"href":"https:\/\/eco-drinkware.com\/fr\/wp-json\/wp\/v2\/media\/3178"}],"wp:attachment":[{"href":"https:\/\/eco-drinkware.com\/fr\/wp-json\/wp\/v2\/media?parent=3175"}],"wp:term":[{"taxonomy":"product_brand","embeddable":true,"href":"https:\/\/eco-drinkware.com\/fr\/wp-json\/wp\/v2\/product_brand?post=3175"},{"taxonomy":"product_cat","embeddable":true,"href":"https:\/\/eco-drinkware.com\/fr\/wp-json\/wp\/v2\/product_cat?post=3175"},{"taxonomy":"product_tag","embeddable":true,"href":"https:\/\/eco-drinkware.com\/fr\/wp-json\/wp\/v2\/product_tag?post=3175"}],"curies":[{"name":"wp","href":"https:\/\/api.w.org\/{rel}","templated":true}]}}