{"id":3185,"date":"2025-09-03T16:40:42","date_gmt":"2025-09-03T08:40:42","guid":{"rendered":"https:\/\/eco-drinkware.com\/?post_type=product&#038;p=3185"},"modified":"2025-09-15T16:43:36","modified_gmt":"2025-09-15T08:43:36","slug":"gobelet-a-sublimation-de-40oz-en-gros-avec-poignee-amovible","status":"publish","type":"product","link":"https:\/\/eco-drinkware.com\/fr\/product\/gobelet-a-sublimation-de-40oz-en-gros-avec-poignee-amovible\/","title":{"rendered":"Gobelet \u00e0 sublimation 40oz avec poign\u00e9e amovible, sans danger pour les aliments"},"content":{"rendered":"<h2 class=\"wp-block-heading\">Gobelet \u00e0 sublimation 40 oz en acier inoxydable isol\u00e9 en vrac avec poign\u00e9e <\/h2>\n\n\n\n<p>Voici le gobelet \u00e0 sublimation de 40 oz avec poign\u00e9e amovible, qui change la donne pour votre entreprise d'articles pour boissons. Con\u00e7u pour les commandes en gros, ce gobelet est fabriqu\u00e9 en acier inoxydable durable et comporte un rev\u00eatement de sublimation de premi\u00e8re qualit\u00e9, garantissant des impressions \u00e9clatantes et durables.<\/p>\n\n\n\n<p>La poign\u00e9e amovible ajoute une touche de polyvalence et de commodit\u00e9 qui s\u00e9duit un large \u00e9ventail de clients. Sa capacit\u00e9 g\u00e9n\u00e9reuse et son excellente isolation permettent de conserver les boissons \u00e0 la temp\u00e9rature id\u00e9ale pendant des heures. Il s'agit d'un produit B2B essentiel, parfait pour les entreprises de personnalisation qui cherchent \u00e0 offrir des boissons de haute qualit\u00e9, rentables et personnalisables, ce qui en fait le choix id\u00e9al pour la strat\u00e9gie de marque de l'entreprise.<\/p>\n\n\n\n<p><strong>Caract\u00e9ristiques principales :<\/strong><\/p>\n\n\n\n<p><strong>1<\/strong> <strong>Grande capacit\u00e9 de 40 oz<\/strong> - Ce gobelet \u00e0 sublimation a une capacit\u00e9 impressionnante de 40 oz, ce qui le rend id\u00e9al pour l'hydratation tout au long de la journ\u00e9e, l'utilisation au bureau et les longs voyages. Sa taille g\u00e9n\u00e9reuse r\u00e9duit la fr\u00e9quence des recharges, ce qui est pratique pour une utilisation personnelle ou professionnelle. Pour les entreprises, sa grande capacit\u00e9 en fait un choix populaire pour les cadeaux d'entreprise et les campagnes promotionnelles. Les grossistes et les distributeurs le trouveront particuli\u00e8rement int\u00e9ressant pour r\u00e9pondre aux divers besoins des clients sur le march\u00e9 des boissons.<\/p>\n\n\n\n<p><strong>2<\/strong> <strong>Rev\u00eatement par sublimation de premi\u00e8re qualit\u00e9<\/strong> - Le gobelet est recouvert d'une couche de sublimation de haute qualit\u00e9 qui permet des impressions nettes, \u00e9clatantes et durables. Qu'il s'agisse d'imprimer des logos d'entreprise, des illustrations promotionnelles ou des dessins personnalis\u00e9s, la surface garantit un excellent transfert des couleurs. Cette caract\u00e9ristique fait de ce gobelet un choix rentable pour les projets de marquage personnalis\u00e9, les entreprises de marque priv\u00e9e et la personnalisation en vrac. C'est le produit id\u00e9al pour les acheteurs B2B qui cherchent \u00e0 \u00e9largir leur gamme de produits de sublimation avec des r\u00e9sultats fiables.<\/p>\n\n\n\n<p><strong>3<\/strong> <strong>Poign\u00e9e amovible<\/strong> - La poign\u00e9e flexible offre un confort aux utilisateurs finaux tout en am\u00e9liorant l'efficacit\u00e9 de l'emballage et de l'exp\u00e9dition pour les commandes en vrac. Le point le plus important est que nous pouvons retirer la poign\u00e9e en plastique lors du processus de sublimation. Ainsi, aucun plastique ne sera endommag\u00e9 dans le four \u00e0 haute temp\u00e9rature ou la machine de sublimation.<\/p>\n\n\n\n<p><strong>4<\/strong> <strong>Acier inoxydable isol\u00e9 \u00e0 double paroi<\/strong> - Fabriqu\u00e9 en acier inoxydable de premi\u00e8re qualit\u00e9 et dot\u00e9 d'une double paroi isolante sous vide, ce gobelet permet de conserver les boissons chaudes jusqu'\u00e0 12 heures ou froides jusqu'\u00e0 24 heures. Sa construction durable offre des performances durables, ce qui en fait un excellent choix pour les entreprises qui privil\u00e9gient la qualit\u00e9 dans leurs gammes de produits. Sa conception isol\u00e9e permet de l'utiliser tout au long de l'ann\u00e9e, offrant ainsi une valeur ajout\u00e9e aux entreprises promotionnelles et aux distributeurs. Solution pratique et fiable, elle enrichit votre offre de boissons gr\u00e2ce \u00e0 des performances fiables.<\/p>\n\n\n\n<p><strong>5<\/strong> <strong>Parfait pour les entreprises de personnalisation<\/strong><br>- Con\u00e7u pour <strong>personnalisation en masse<\/strong>Le produit est id\u00e9al pour les cadeaux promotionnels, l'image de marque des entreprises, les \u00e9v\u00e9nements scolaires, les \u00e9quipes sportives, les cadeaux de mariage et les programmes de revente.<\/p>\n\n\n\n<p>6 <strong>Une solution adapt\u00e9e au B2B<\/strong> - Con\u00e7u pour les grossistes, les distributeurs et les entreprises, ce gobelet allie durabilit\u00e9, fonctionnalit\u00e9 et rentabilit\u00e9. Sa grande surface d'impression et sa surface de sublimation de qualit\u00e9 sup\u00e9rieure en font un produit id\u00e9al pour la personnalisation en vrac, le marquage priv\u00e9 et les \u00e9v\u00e9nements promotionnels. Le produit est emball\u00e9 et structur\u00e9 de mani\u00e8re \u00e0 pouvoir r\u00e9pondre efficacement aux commandes \u00e0 grande \u00e9chelle, ce qui permet aux entreprises de r\u00e9pondre facilement \u00e0 la demande du march\u00e9. En tant qu'option polyvalente et personnalisable, il offre un excellent retour sur investissement pour les clients B2B.<\/p>\n\n\n\n<p><strong>Pourquoi vous l'aimerez :<\/strong><\/p>\n\n\n\n<h3 class=\"wp-block-heading\"><strong>Pourquoi choisir notre gobelet blanc 40oz avec poign\u00e9e amovible ?<\/strong><\/h3>\n\n\n\n<p>\u2728&nbsp;<strong>Options de personnalisation<\/strong>&nbsp;- En tant que fournisseur de confiance, nous offrons un large \u00e9ventail d'options de personnalisation, y compris l'emplacement du logo, le choix des couleurs et l'emballage personnalis\u00e9.<br>\u2728&nbsp;<strong>Prix directs d'usine<\/strong>&nbsp;- B\u00e9n\u00e9ficiez de tarifs comp\u00e9titifs pour les commandes en gros, afin de garantir la rentabilit\u00e9 sans compromettre la qualit\u00e9.<br>\u2728&nbsp;<strong>Durable et fiable<\/strong>&nbsp;- Con\u00e7us pour r\u00e9sister \u00e0 un usage quotidien, nos gobelets sont parfaits pour les cadeaux d'entreprise, les \u00e9v\u00e9nements promotionnels ou les ventes au d\u00e9tail. Eco Drinkware offre un excellent service apr\u00e8s-vente pour nos bouteilles \u00e0 sublimation.<br>\u2728&nbsp;<strong>D\u00e9lai d'ex\u00e9cution rapide<\/strong>&nbsp;- Notre usine est \u00e9quip\u00e9e pour traiter des commandes de grande envergure avec une production efficace et une livraison dans les d\u00e9lais. En particulier, nous utilisons des robots dans la production, ce qui acc\u00e9l\u00e8re consid\u00e9rablement la production. Chaque jour, 200 employ\u00e9s et 10 lignes de production travaillent pour nos clients.<br>\u2728&nbsp;<strong>Respectueux de l'environnement et r\u00e9utilisable<\/strong>&nbsp;- Promouvoir le d\u00e9veloppement durable avec un gobelet r\u00e9utilisable qui r\u00e9duit les d\u00e9chets et s'aligne sur les valeurs \u00e9coconscientes. De plus en plus de clients choisissent la gourde isotherme en acier inoxydable pour remplacer la bouteille en plastique. \u2728<strong>Livraison mondiale<\/strong>&nbsp;- Nous offrons une livraison mondiale \u00e0 tous nos clients. Nous proposons m\u00eame l'exp\u00e9dition DDP dans de nombreux pays. Cela permet aux clients d'\u00e9conomiser de l'argent. \u2728<strong>Un fournisseur fiable<\/strong>&nbsp;- Eco Drinkware travaille dans ce domaine depuis 10 ans. Nous disposons d'une \u00e9quipe technologique et d'un personnel de vente exp\u00e9riment\u00e9s pour mener \u00e0 bien tous les nouveaux projets. Il est sage de travailler avec un fournisseur professionnel pour \u00e9conomiser de l'argent et du temps. Nous sommes convaincus que vous serez satisfaits de votre achat.<\/p>\n\n\n\n<hr class=\"wp-block-separator has-alpha-channel-opacity\"\/>\n\n\n\n<h3 class=\"wp-block-heading\">Le gobelet \u00e0 sublimation est <strong>Parfait pour :<\/strong><\/h3>\n\n\n\n<ul class=\"wp-block-list\">\n<li><strong>Cadeaux d'entreprise<\/strong>&nbsp;- Impressionnez vos clients ou r\u00e9compensez vos employ\u00e9s avec une bouteille \u00e0 sublimation de haute qualit\u00e9.<\/li>\n\n\n\n<li><strong>\u00c9v\u00e9nements promotionnels<\/strong>&nbsp;- Augmentez la visibilit\u00e9 de votre marque gr\u00e2ce \u00e0 un objet publicitaire pratique et \u00e9l\u00e9gant.<\/li>\n\n\n\n<li><strong>Ventes au d\u00e9tail<\/strong>&nbsp;- Faites le plein de gobelets vierges \u00e0 sublimation personnalisables, uniques et sp\u00e9ciaux, qui s\u00e9duisent un large public. Et offrez un service personnalis\u00e9 \u00e0 vos clients.<\/li>\n\n\n\n<li><strong>Collectes de fonds et cadeaux<\/strong>&nbsp;- Offrez un produit fonctionnel et m\u00e9morable que les supporters aimeront.<\/li>\n\n\n\n<li><strong>Studio sur mesure\/Studio personnalis\u00e9<\/strong>-Offrir un service tr\u00e8s personnalis\u00e9 au client final.<\/li>\n\n\n\n<li><strong>Imorter<\/strong>- Les capacit\u00e9s professionnelles d'importation et de stockage des importateurs peuvent contribuer \u00e0 r\u00e9duire le co\u00fbt des gobelets \u00e0 sublimation vierges, ce qui leur permet de servir les petits grossistes locaux.<\/li>\n<\/ul>\n\n\n\n<hr class=\"wp-block-separator has-alpha-channel-opacity\"\/>\n\n\n\n<p><strong>Commandez d\u00e8s aujourd'hui !<\/strong><br>En tant que principal fournisseur de mugs \u00e0 sublimation, nous sommes sp\u00e9cialis\u00e9s dans l'aide aux entreprises pour cr\u00e9er des produits personnalis\u00e9s qui laissent une impression durable. Que vous ayez besoin de 100 ou de 10 000 unit\u00e9s, notre usine est pr\u00eate \u00e0 r\u00e9pondre \u00e0 vos demandes avec une qualit\u00e9 irr\u00e9prochable et un service exceptionnel.<\/p>\n\n\n\n<p><strong>Contactez-nous d\u00e8s maintenant pour un devis personnalis\u00e9 avec Gobelet 40oz Sublimation avec poign\u00e9e amovible<\/strong>!<\/p>\n\n\n\n<figure class=\"wp-block-image size-full\"><img loading=\"lazy\" decoding=\"async\" width=\"800\" height=\"800\" src=\"https:\/\/eco-drinkware.com\/wp-content\/uploads\/2025\/09\/custom-tumblr-before-after.webp\" alt=\"Une image avant et apr\u00e8s montrant un gobelet blanc transform\u00e9 avec un design repr\u00e9sentant un gobelet de 40oz avec poign\u00e9e amovible.\" class=\"wp-image-3183\" srcset=\"https:\/\/eco-drinkware.com\/wp-content\/uploads\/2025\/09\/custom-tumblr-before-after.webp 800w, https:\/\/eco-drinkware.com\/wp-content\/uploads\/2025\/09\/custom-tumblr-before-after-300x300.webp 300w, https:\/\/eco-drinkware.com\/wp-content\/uploads\/2025\/09\/custom-tumblr-before-after-150x150.webp 150w, https:\/\/eco-drinkware.com\/wp-content\/uploads\/2025\/09\/custom-tumblr-before-after-768x768.webp 768w, https:\/\/eco-drinkware.com\/wp-content\/uploads\/2025\/09\/custom-tumblr-before-after-600x600.webp 600w, https:\/\/eco-drinkware.com\/wp-content\/uploads\/2025\/09\/custom-tumblr-before-after-100x100.webp 100w\" sizes=\"auto, (max-width: 800px) 100vw, 800px\" \/><\/figure>\n\n\n\n<figure class=\"wp-block-table\"><table class=\"has-fixed-layout\"><tbody><tr><td>Num\u00e9ro de l'article<\/td><td>GV074S<\/td><\/tr><tr><td>Capacit\u00e9<\/td><td>40oz\/1200ml<\/td><\/tr><tr><td>Isol\u00e9<\/td><td>Oui&nbsp;&nbsp;&nbsp;&nbsp;&nbsp;&nbsp;&nbsp;&nbsp;&nbsp;&nbsp;&nbsp;&nbsp;&nbsp;<\/td><\/tr><tr><td>Rev\u00eatement sp\u00e9cial<\/td><td>rev\u00eatement par sublimation<\/td><\/tr><tr><td>Couleur<\/td><td>Rouge, argent, vert, bleu, blanc, noir, or rose, couleur personnalis\u00e9e, couleur Pantone<\/td><\/tr><tr><td>Mat\u00e9riau<\/td><td>Int\u00e9rieur en acier inoxydable 304 et ext\u00e9rieur en acier inoxydable 201 ,nouveau couvercle en plastique pp ,joint d'\u00e9tanch\u00e9it\u00e9 en silicone<\/td><\/tr><tr><td>Fonctionnalit\u00e9<\/td><td>Bouteille sous vide \u00e0 double paroi, grande capacit\u00e9, design personnalis\u00e9<\/td><\/tr><tr><td>MOQ<\/td><td>500 pi\u00e8ces<\/td><\/tr><tr><td>Logo<\/td><td>Laser, impression en soie, transfert thermique, transfert d'eau, transfert de gaz, impression 3D, sublimation, etc.<\/td><\/tr><tr><td>Paquet<\/td><td>bo\u00eete blanche, bo\u00eete imprim\u00e9e personnalis\u00e9e, bo\u00eete cylindrique, sac \u00e0 bulles, bo\u00eete cadeau<\/td><\/tr><tr><td>Temps d'\u00e9chantillonnage<\/td><td>3 jours pour un \u00e9chantillon de stock, 7 jours pour un \u00e9chantillon de logo personnalis\u00e9<\/td><\/tr><tr><td>Temps de production<\/td><td>10-35 jours en fonction de la quantit\u00e9 et des besoins<\/td><\/tr><tr><td>A propos du paiement<\/td><td>Transfert bancaire, paypal, western union, assurance commerciale<\/td><\/tr><tr><td>Pays d'origine<\/td><td>Fabriqu\u00e9 en Chine<\/td><\/tr><tr><td>Origine du certificat<\/td><td>Oui, nous pouvons offrir<\/td><\/tr><tr><td>Nouveau moule de bouteille<\/td><td>Oui, nous disposons d'une nouvelle \u00e9quipe de d\u00e9veloppement de moules<\/td><\/tr><tr><td>Conditions<\/td><td>EXW, FOB, CIF, DDU, DDP<\/td><\/tr><\/tbody><\/table><\/figure>\n\n\n\n<p><\/p>","protected":false},"excerpt":{"rendered":"<h3><strong>Gobelet \u00e0 sublimation Premium 40oz avec poign\u00e9e amovible wholesale<\/strong><\/h3>\n<ul>\n<li>\n<p><strong> Grande capacit\u00e9 de 40 oz<\/strong>-Grande capacit\u00e9 : 1200 ml. Elle est suffisante pour une journ\u00e9e de consommation, c'est la taille id\u00e9ale.\u00a0<\/p>\n<\/li>\n<li>\n<p><strong data-start=\"334\" data-end=\"365\">Rev\u00eatement par sublimation de premi\u00e8re qualit\u00e9<\/strong> - La surface lisse garantit un transfert de couleurs \u00e9clatantes et durables, parfait pour l'impression de logos, la promotion de marques et les projets de marques priv\u00e9es.<\/p>\n<\/li>\n<li><strong data-start=\"505\" data-end=\"532\">Poign\u00e9e amovible<\/strong> - La poign\u00e9e en plastique peut \u00eatre retir\u00e9e. Tr\u00e8s pratique pour le processus de sublimation.<\/li>\n<li>\n<p>\u00a0<strong>Isolation sous vide \u00e0 double paroi<\/strong>\u00a0- Conserve les boissons chaudes pendant 12 heures et froides pendant 24 heures.<\/p>\n<\/li>\n<li>\n<p><strong>Acier inoxydable durable<\/strong> - R\u00e9sistant \u00e0 la rouille, sans BPA et con\u00e7u pour durer.<\/p>\n<\/li>\n<li>\n<p>\u00a0<strong>R\u00e9sistant \u00e0 la transpiration et aux fuites<\/strong>\u00a0- Ext\u00e9rieur sans condensation et couvercle s\u00e9curis\u00e9 pour une utilisation sans d\u00e9g\u00e2ts.<\/p>\n<\/li>\n<li><strong>Couvercle coulissant \u00e9tanche<\/strong>- Couvercle coulissant \u00e0 l'\u00e9preuve des fuites, assorti. Paille facile \u00e0 ins\u00e9rer.<\/li>\n<li>\n<p><strong>Polyvalent et portable<\/strong> - Id\u00e9al pour la maison, le bureau, les voyages, les randonn\u00e9es ou les aventures en plein air.<\/p>\n<\/li>\n<li>\n<p>\u00a0<strong>D\u00e9lai d'ex\u00e9cution rapide<\/strong> - 7-10 jours de production pour l'exp\u00e9dition mondiale.<\/p>\n<\/li>\n<li><strong>Exp\u00e9dition mondiale<\/strong> - CIF, DAT, DDP exp\u00e9dition vers tous les pays<\/li>\n<\/ul>","protected":false},"featured_media":3183,"template":"","meta":{"_acf_changed":true,"_seopress_robots_primary_cat":"none","_seopress_titles_title":"40oz Sublimatio Stanley Mug With Removable Handle wholesale","_seopress_titles_desc":"Recycled stainless steel material.Food safe and BPA free materials,custom color and design is welcome.Door to door delivery worldwide. Whatsapp:0086 13567428830","_seopress_robots_index":"","_uag_custom_page_level_css":""},"product_brand":[],"product_cat":[38,23,20],"product_tag":[141,77,130,140,142,126,128,125],"class_list":{"0":"post-3185","1":"product","2":"type-product","3":"status-publish","4":"has-post-thumbnail","6":"product_cat-sublimation-tumbler","7":"product_cat-sublimation-water-bottle-tumbler","8":"product_cat-vacuum-flask","9":"product_tag-40oz-sublimation-tumbler-with-removeable-handle-wholesale","10":"product_tag-personalized-insulated-mug","11":"product_tag-sublimation-bottles","12":"product_tag-sublimation-flask","13":"product_tag-sublimation-tumbker","14":"product_tag-sublimation-water-bottle","15":"product_tag-sublimation-water-bottle-blanks","16":"product_tag-sublimation-water-bottles","18":"first","19":"instock","20":"shipping-taxable","21":"product-type-simple"},"acf":[],"uagb_featured_image_src":{"full":["https:\/\/eco-drinkware.com\/wp-content\/uploads\/2025\/09\/custom-tumblr-before-after.webp",800,800,false],"thumbnail":["https:\/\/eco-drinkware.com\/wp-content\/uploads\/2025\/09\/custom-tumblr-before-after-150x150.webp",150,150,true],"medium":["https:\/\/eco-drinkware.com\/wp-content\/uploads\/2025\/09\/custom-tumblr-before-after-300x300.webp",300,300,true],"medium_large":["https:\/\/eco-drinkware.com\/wp-content\/uploads\/2025\/09\/custom-tumblr-before-after-768x768.webp",768,768,true],"large":["https:\/\/eco-drinkware.com\/wp-content\/uploads\/2025\/09\/custom-tumblr-before-after.webp",800,800,false],"1536x1536":["https:\/\/eco-drinkware.com\/wp-content\/uploads\/2025\/09\/custom-tumblr-before-after.webp",800,800,false],"2048x2048":["https:\/\/eco-drinkware.com\/wp-content\/uploads\/2025\/09\/custom-tumblr-before-after.webp",800,800,false],"trp-custom-language-flag":["https:\/\/eco-drinkware.com\/wp-content\/uploads\/2025\/09\/custom-tumblr-before-after.webp",12,12,false],"woocommerce_thumbnail":["https:\/\/eco-drinkware.com\/wp-content\/uploads\/2025\/09\/custom-tumblr-before-after-300x300.webp",300,300,true],"woocommerce_single":["https:\/\/eco-drinkware.com\/wp-content\/uploads\/2025\/09\/custom-tumblr-before-after-600x600.webp",600,600,true],"woocommerce_gallery_thumbnail":["https:\/\/eco-drinkware.com\/wp-content\/uploads\/2025\/09\/custom-tumblr-before-after-100x100.webp",100,100,true]},"uagb_author_info":{"display_name":"Amy","author_link":"https:\/\/eco-drinkware.com\/fr\/author\/"},"uagb_comment_info":0,"uagb_excerpt":"Premium 40oz Sublimation Tumbler With Removable Handle wholesale 40oz Large Capacity\u2013Big capacity can hold 1200ml. It's enough for one day drinking, perfect size.\u00a0 Premium Sublimation Coating \u2013 Smooth surface ensures vibrant, long-lasting color transfer, perfect for logo printing, brand promotion, and private label projects. Removable Handle Design \u2013 The plastic handle can be removed. Very\u2026","_links":{"self":[{"href":"https:\/\/eco-drinkware.com\/fr\/wp-json\/wp\/v2\/product\/3185","targetHints":{"allow":["GET"]}}],"collection":[{"href":"https:\/\/eco-drinkware.com\/fr\/wp-json\/wp\/v2\/product"}],"about":[{"href":"https:\/\/eco-drinkware.com\/fr\/wp-json\/wp\/v2\/types\/product"}],"wp:featuredmedia":[{"embeddable":true,"href":"https:\/\/eco-drinkware.com\/fr\/wp-json\/wp\/v2\/media\/3183"}],"wp:attachment":[{"href":"https:\/\/eco-drinkware.com\/fr\/wp-json\/wp\/v2\/media?parent=3185"}],"wp:term":[{"taxonomy":"product_brand","embeddable":true,"href":"https:\/\/eco-drinkware.com\/fr\/wp-json\/wp\/v2\/product_brand?post=3185"},{"taxonomy":"product_cat","embeddable":true,"href":"https:\/\/eco-drinkware.com\/fr\/wp-json\/wp\/v2\/product_cat?post=3185"},{"taxonomy":"product_tag","embeddable":true,"href":"https:\/\/eco-drinkware.com\/fr\/wp-json\/wp\/v2\/product_tag?post=3185"}],"curies":[{"name":"wp","href":"https:\/\/api.w.org\/{rel}","templated":true}]}}