{"id":3206,"date":"2025-09-09T16:01:29","date_gmt":"2025-09-09T08:01:29","guid":{"rendered":"https:\/\/eco-drinkware.com\/?post_type=product&#038;p=3206"},"modified":"2025-09-09T18:22:19","modified_gmt":"2025-09-09T10:22:19","slug":"mugs-personnalises-12-oz-pour-sublimation-mugs-pour-sublimation-en-gros","status":"publish","type":"product","link":"https:\/\/eco-drinkware.com\/fr\/product\/mugs-personnalises-12-oz-pour-sublimation-mugs-pour-sublimation-en-gros\/","title":{"rendered":"Tasses personnalis\u00e9es 12 oz pour sublimation Tasses \u00e0 sublimation en gros"},"content":{"rendered":"<h2 class=\"wp-block-heading\">Tasses \u00e0 caf\u00e9 vierges \u00e0 sublimation en vrac sans danger pour les aliments <\/h2>\n\n\n\n<p>Les tasses \u00e0 sublimation sont principalement utilis\u00e9es pour la personnalisation de motifs et de logos, ce qui permet de fournir rapidement des mod\u00e8les personnalis\u00e9s en petites s\u00e9ries. Ils sont fabriqu\u00e9s en acier inoxydable 304, respectueux de l'environnement et sans danger pour le corps. Le processus de sublimation devient de plus en plus populaire et constitue le meilleur choix pour les entreprises et les \u00e9tablissements d'enseignement pour cr\u00e9er des cadeaux personnalis\u00e9s.<\/p>\n\n\n\n<p><strong>Caract\u00e9ristiques principales :<\/strong><\/p>\n\n\n\n<p>\ud83d\udca7\u00a0<strong>Taille parfaite<\/strong>\u00a0- 12oz\/350ml, format tr\u00e8s pratique pour un usage quotidien. Parfait pour boire du caf\u00e9, du th\u00e9 ou tout autre liquide. Taille populaire sur le march\u00e9.<\/p>\n\n\n\n<p>\ud83c\udf21\ufe0f&nbsp;<strong>Isolation sous vide \u00e0 double paroi<\/strong>&nbsp;- Les boissons restent chaudes jusqu'\u00e0 12 heures ou froides jusqu'\u00e0 24 heures, gr\u00e2ce \u00e0 une r\u00e9tention sup\u00e9rieure de la temp\u00e9rature. Parfait pour garder les boissons chaudes ou froides tout au long de la journ\u00e9e, ce qui en fait un choix pratique pour les bureaux, les \u00e9v\u00e9nements ou le commerce de d\u00e9tail. Parfait pour le th\u00e9 glac\u00e9, le caf\u00e9, le jus de fruit ou tout autre liquide.<\/p>\n\n\n\n<p>\ud83c\udf43&nbsp;<strong>\u00c9cologique et durable :<\/strong>&nbsp;Fabriqu\u00e9 en acier inoxydable de haute qualit\u00e9, sans BPA, ce gobelet est con\u00e7u pour durer. Tous les mat\u00e9riaux sont compatibles avec les aliments. Laissez tomber les gobelets \u00e0 usage unique et r\u00e9duisez les d\u00e9chets gr\u00e2ce \u00e0 un choix r\u00e9utilisable et respectueux de l'environnement.<\/p>\n\n\n\n<p>\ud83c\udfa8\u00a0<strong>Enti\u00e8rement personnalisable<\/strong> <strong>par sublimation<\/strong>\u00a0- Avec une finition sp\u00e9ciale de rev\u00eatement par sublimation.  Ces tasses vierges \u00e0 sublimation sont pr\u00eates \u00e0 \u00eatre enduites par sublimation \u00e0 l'aide d'une machine de presse \u00e0 chaud ou d'un four \u00e0 sublimation, la couleur d'impression est brillante et non brumeuse.Il est facile de fabriquer des bouteilles imprim\u00e9es personnalis\u00e9es pour vos amis ou vos clients. La fa\u00e7on la plus simple de faire des gobelets personnalis\u00e9s brillants et color\u00e9s.<\/p>\n\n\n\n<p><strong>Forme \u00e9l\u00e9gante d'\u0153uf <\/strong>:Notre mug \u00e0 sublimation a une forme \u00e9l\u00e9gante d'\u0153uf qui permet de r\u00e9aliser facilement une impression par sublimation sur toute la surface du mug \u00e0 l'aide d'une presse \u00e0 mug ou d'un four \u00e0 sublimation. Tr\u00e8s belle forme de mug.<\/p>\n\n\n\n<p><strong>Couvercle coulissant \u00e9tanche <\/strong>:Cette tasse \u00e0 caf\u00e9 \u00e0 sublimation est livr\u00e9e avec un couvercle transparent \u00e9tanche, l'eau ne sort pas de n'importe o\u00f9. Le couvercle est muni d'un trou permettant d'ins\u00e9rer une paille pour boire ou boire directement. Tr\u00e8s pratique. <\/p>\n\n\n\n<p><strong>Construction en acier inoxydable de premi\u00e8re qualit\u00e9<\/strong>&nbsp;- Fabriqu\u00e9 en acier inoxydable de haute qualit\u00e9, r\u00e9sistant \u00e0 la rouille, sans BPA et con\u00e7u pour une utilisation prolong\u00e9e. Mat\u00e9riau et conception tr\u00e8s durables. <\/p>\n\n\n\n<p><strong>&nbsp;Personnalisation B2B<\/strong> - Commande minimale <strong>50+ unit\u00e9s<\/strong> pour d\u00e9marrer votre activit\u00e9. Si vous souhaitez obtenir des bouteilles ou des gobelets en petite quantit\u00e9 pour vos clients ou vos employ\u00e9s. C'est le meilleur choix.<\/p>\n\n\n\n<p><strong>Pourquoi vous l'aimerez :<\/strong><\/p>\n\n\n\n<h3 class=\"wp-block-heading\"><strong>Pourquoi choisir nos mugs \u00e0 sublimation en vrac pour les commandes en masse ?<\/strong><\/h3>\n\n\n\n<p>\u2728\u00a0<strong>Options de personnalisation<\/strong>\u00a0- En tant que fournisseur de confiance, nous offrons une large gamme d'options de personnalisation, y compris le placement du logo, le choix des couleurs et l'emballage personnalis\u00e9 comme la bo\u00eete de couleur, la bo\u00eete de pr\u00e9sentation, la bo\u00eete cadeau, le cylindre arrondi et ainsi de suite.<br>\u2728\u00a0<strong>Prix directs d'usine<\/strong>\u00a0- B\u00e9n\u00e9ficiez de tarifs comp\u00e9titifs pour les commandes en gros, afin de garantir la rentabilit\u00e9 sans compromettre la qualit\u00e9.<br>\u2728\u00a0<strong>Durable et fiable<\/strong>\u00a0- Con\u00e7us pour r\u00e9sister \u00e0 un usage quotidien, nos mugs \u00e0 sublimation sont parfaits pour les cadeaux d'entreprise, les \u00e9v\u00e9nements promotionnels ou les ventes au d\u00e9tail. Eco Drinkware offre un excellent service apr\u00e8s-vente pour nos bouteilles \u00e0 sublimation.<br>\u2728\u00a0<strong>D\u00e9lai d'ex\u00e9cution rapide<\/strong>\u00a0- Notre usine est \u00e9quip\u00e9e pour traiter des commandes de grande envergure avec une production efficace et une livraison dans les d\u00e9lais. En particulier, nous utilisons des robots dans la production, ce qui acc\u00e9l\u00e8re consid\u00e9rablement la production. Chaque jour, 200 employ\u00e9s et 10 lignes de production travaillent pour nos clients.<br>\u2728\u00a0<strong>Respectueux de l'environnement et r\u00e9utilisable<\/strong>\u00a0- Promouvoir le d\u00e9veloppement durable avec un gobelet r\u00e9utilisable qui r\u00e9duit les d\u00e9chets et s'aligne sur les valeurs \u00e9coconscientes. De plus en plus de clients choisissent la gourde isotherme en acier inoxydable pour remplacer la bouteille en plastique.                                                                          \u2728<strong>Petite quantit\u00e9<\/strong>\u00a0- Disposant d'un stock pour de nombreux articles courants, nous proposons de petites quantit\u00e9s, telles que 50 ou 100 pi\u00e8ces, pour vous aider \u00e0 mettre en place votre activit\u00e9. Si vous avez besoin d'un emballage personnalis\u00e9, le MOQ est juste de 200 pcs.                                                                                    \u2728<strong>Livraison mondiale<\/strong>\u00a0- Nous offrons une livraison mondiale \u00e0 tous nos clients. Nous proposons m\u00eame l'exp\u00e9dition DDP dans de nombreux pays. Cela permet aux clients d'\u00e9conomiser de l'argent.                                                                              \u2728<strong>Un fournisseur fiable<\/strong>\u00a0- Eco Drinkware travaille dans ce domaine depuis 10 ans. Nous disposons d'une \u00e9quipe technologique et d'un personnel de vente exp\u00e9riment\u00e9s pour mener \u00e0 bien tous les nouveaux projets. Il est sage de travailler avec un fournisseur professionnel pour \u00e9conomiser de l'argent et du temps. L'exp\u00e9rience d'achat se d\u00e9roulera dans la confiance.<\/p>\n\n\n\n<hr class=\"wp-block-separator has-alpha-channel-opacity\"\/>\n\n\n\n<h3 class=\"wp-block-heading\">Le mug \u00e0 sublimation est <strong>Parfait pour :<\/strong><\/h3>\n\n\n\n<ul class=\"wp-block-list\">\n<li><strong>Cadeaux d'entreprise<\/strong>\u00a0- Impressionnez vos clients ou r\u00e9compensez vos employ\u00e9s avec des tasses \u00e0 sublimation de haute qualit\u00e9.<\/li>\n\n\n\n<li><strong>\u00c9v\u00e9nements promotionnels<\/strong>&nbsp;- Augmentez la visibilit\u00e9 de votre marque gr\u00e2ce \u00e0 un objet publicitaire pratique et \u00e9l\u00e9gant.<\/li>\n\n\n\n<li><strong>Ventes au d\u00e9tail<\/strong>\u00a0- Faites le plein de tasses vierges \u00e0 sublimation personnalisables, uniques et sp\u00e9ciales qui plaisent \u00e0 un large public. Et offrez un service personnalis\u00e9 \u00e0 vos clients.<\/li>\n\n\n\n<li><strong>Collectes de fonds et cadeaux<\/strong>&nbsp;- Offrez un produit fonctionnel et m\u00e9morable que les supporters aimeront.<\/li>\n\n\n\n<li><strong>Studio sur mesure\/Studio personnalis\u00e9<\/strong>-Offrir un service tr\u00e8s personnalis\u00e9 au client final.<\/li>\n\n\n\n<li><strong>Imorter<\/strong>- Les capacit\u00e9s professionnelles d'importation et de stockage des importateurs peuvent contribuer \u00e0 r\u00e9duire le co\u00fbt des tasses \u00e0 caf\u00e9 \u00e0 sublimation vierges, ce qui leur permet de servir les petits grossistes locaux.<\/li>\n<\/ul>\n\n\n\n<hr class=\"wp-block-separator has-alpha-channel-opacity\"\/>\n\n\n\n<p><strong>Commandez d\u00e8s aujourd'hui !<\/strong><br>En tant que principal fournisseur de tasses \u00e0 sublimation, nous sommes sp\u00e9cialis\u00e9s dans l'aide aux entreprises pour cr\u00e9er des produits personnalis\u00e9s qui laissent une impression durable. Que vous ayez besoin de 100 ou de 10 000 unit\u00e9s, notre usine est pr\u00eate \u00e0 r\u00e9pondre \u00e0 vos demandes avec une qualit\u00e9 irr\u00e9prochable et un service exceptionnel.<\/p>\n\n\n\n<p><strong>Contactez-nous d\u00e8s maintenant pour un devis personnalis\u00e9 et rehaussez votre image de marque avec nos mugs 12 oz pour sublimation mugs sublimation mugs wholesale.<\/strong>.<\/p>\n\n\n\n<div class=\"wp-block-uagb-image uagb-block-86cd3ece wp-block-uagb-image--layout-default wp-block-uagb-image--effect-static wp-block-uagb-image--align-none\"><figure class=\"wp-block-uagb-image__figure\"><img decoding=\"async\" srcset=\"https:\/\/eco-drinkware.com\/wp-content\/uploads\/2025\/09\/before-and-after-tumbler-design.webp ,https:\/\/eco-drinkware.com\/wp-content\/uploads\/2025\/09\/before-and-after-tumbler-design.webp 780w, https:\/\/eco-drinkware.com\/wp-content\/uploads\/2025\/09\/before-and-after-tumbler-design.webp 360w\" sizes=\"auto, (max-width: 480px) 150px\" src=\"https:\/\/eco-drinkware.com\/wp-content\/uploads\/2025\/09\/before-and-after-tumbler-design.webp\" alt=\"Comparaison d&#039;un gobelet blanc ordinaire et d&#039;un gobelet au design color\u00e9 avec le texte &quot;votre design&quot;.\" class=\"uag-image-3204\" width=\"800\" height=\"800\" title=\"Mug \u00e0 sublimation avant et apr\u00e8s\" loading=\"lazy\" role=\"img\"\/><\/figure><\/div>\n\n\n\n<figure class=\"wp-block-table\"><table class=\"has-fixed-layout\"><tbody><tr><td>Num\u00e9ro de l'article<\/td><td>GV050S<\/td><\/tr><tr><td>Capacit\u00e9<\/td><td>12oz\/350ml<\/td><\/tr><tr><td>Isol\u00e9<\/td><td>Oui&nbsp;&nbsp;&nbsp;&nbsp;&nbsp;&nbsp;&nbsp;&nbsp;&nbsp;&nbsp;&nbsp;&nbsp;&nbsp;<\/td><\/tr><tr><td>Rev\u00eatement sp\u00e9cial<\/td><td>rev\u00eatement par sublimation<\/td><\/tr><tr><td>Couleur<\/td><td>Rouge, argent, vert, bleu, blanc, noir, or rose, couleur personnalis\u00e9e, couleur Pantone<\/td><\/tr><tr><td>Mat\u00e9riau<\/td><td>Int\u00e9rieur en acier inoxydable 304 et ext\u00e9rieur en acier inoxydable 201, nouveau couvercle en plastique AS, joint d'\u00e9tanch\u00e9it\u00e9 en silicone<\/td><\/tr><tr><td>Fonctionnalit\u00e9<\/td><td>Bouteille sous vide \u00e0 double paroi, grande capacit\u00e9, design personnalis\u00e9<\/td><\/tr><tr><td>MOQ<\/td><td>50 pi\u00e8ces<\/td><\/tr><tr><td>Logo<\/td><td>Laser, impression en soie, transfert thermique, transfert d'eau, transfert de gaz, impression 3D, sublimation, etc.<\/td><\/tr><tr><td>Paquet<\/td><td>bo\u00eete blanche, bo\u00eete imprim\u00e9e personnalis\u00e9e, bo\u00eete cylindrique, sac \u00e0 bulles, bo\u00eete cadeau<\/td><\/tr><tr><td>Temps d'\u00e9chantillonnage<\/td><td>3 jours pour un \u00e9chantillon de stock, 7 jours pour un \u00e9chantillon de logo personnalis\u00e9<\/td><\/tr><tr><td>Temps de production<\/td><td>10-35 jours en fonction de la quantit\u00e9 et des besoins<\/td><\/tr><tr><td>A propos du paiement<\/td><td>Transfert bancaire, paypal, western union, assurance commerciale<\/td><\/tr><tr><td>Pays d'origine<\/td><td>Fabriqu\u00e9 en Chine<\/td><\/tr><tr><td>Origine du certificat<\/td><td>Oui, nous pouvons offrir<\/td><\/tr><tr><td>Nouveau moule de bouteille<\/td><td>Oui, nous disposons d'une nouvelle \u00e9quipe de d\u00e9veloppement de moules<\/td><\/tr><tr><td>Conditions<\/td><td>EXW, FOB, CIF, DDU, DDP<\/td><\/tr><\/tbody><\/table><\/figure>","protected":false},"excerpt":{"rendered":"<h3><strong>Tasses \u00e0 sublimation personnalis\u00e9es Premium en gros<\/strong><\/h3>\n<ul>\n<li>\n<p>\u00a0<strong>Belle taille de 12 oz<\/strong>-350 ml, tr\u00e8s bonne taille pour le caf\u00e9 et la consommation quotidienne d'eau.<\/p>\n<\/li>\n<li>\n<p>\u00a0<strong>Conception personnalisable<\/strong> - Ajoutez votre logo, texte ou dessin pour la personnalisation. Rev\u00eatement sp\u00e9cial pour la personnalisation par sublimation.<\/p>\n<\/li>\n<li>\n<p>\u00a0<strong>Isolation sous vide \u00e0 double paroi<\/strong>\u00a0- Conserve les boissons chaudes pendant 12 heures et froides pendant 24 heures.<\/p>\n<\/li>\n<li>\n<p><strong>Acier inoxydable durable<\/strong> - R\u00e9sistant \u00e0 la rouille, sans BPA et con\u00e7u pour durer.<\/p>\n<\/li>\n<li>\n<p>\u00a0<strong>R\u00e9sistant \u00e0 la transpiration et aux fuites<\/strong>\u00a0- Ext\u00e9rieur sans condensation et couvercle s\u00e9curis\u00e9 pour une utilisation sans d\u00e9g\u00e2ts.<\/p>\n<\/li>\n<li><strong>Couvercle coulissant \u00e9tanche<\/strong>- Couvercle coulissant \u00e0 l'\u00e9preuve des fuites, assorti. Paille facile \u00e0 ins\u00e9rer.<\/li>\n<li>\n<p><strong>Polyvalent et portable<\/strong> - Id\u00e9al pour la maison, le bureau, les voyages ou les aventures en plein air.<\/p>\n<\/li>\n<li>\n<p>\u00a0<strong>D\u00e9lai d'ex\u00e9cution rapide<\/strong> - 7-10 jours de production.<\/p>\n<\/li>\n<li><strong>Exp\u00e9dition mondiale<\/strong> - CIF, DAT, DDP exp\u00e9dition vers tous les pays<\/li>\n<li><strong>MOQ 50 unit\u00e9s<\/strong> - Quantit\u00e9s flexibles pour les startups et les grandes entreprises.<\/li>\n<\/ul>","protected":false},"featured_media":3204,"template":"","meta":{"_acf_changed":true,"_seopress_robots_primary_cat":"none","_seopress_titles_title":"Personalised 12 oz mugs for sublimation sublimation mugs wholesale","_seopress_titles_desc":"Recycled stainless steel material.Food safe and BPA free materials, custom color and design is welcome.Door to door delivery worldwide.  Whatsapp:0086 13567428830","_seopress_robots_index":"","_uag_custom_page_level_css":""},"product_brand":[],"product_cat":[39,23],"product_tag":[77,69,144,143,145,128],"class_list":{"0":"post-3206","1":"product","2":"type-product","3":"status-publish","4":"has-post-thumbnail","6":"product_cat-sublimation-mug","7":"product_cat-sublimation-water-bottle-tumbler","8":"product_tag-personalized-insulated-mug","9":"product_tag-stainless-steel-flask","10":"product_tag-sublimation-coffee-mugs","11":"product_tag-sublimation-mugs","12":"product_tag-sublimation-mugs-wholesale","13":"product_tag-sublimation-water-bottle-blanks","15":"first","16":"instock","17":"shipping-taxable","18":"product-type-simple"},"acf":[],"uagb_featured_image_src":{"full":["https:\/\/eco-drinkware.com\/wp-content\/uploads\/2025\/09\/before-and-after-tumbler-design.webp",1024,1024,false],"thumbnail":["https:\/\/eco-drinkware.com\/wp-content\/uploads\/2025\/09\/before-and-after-tumbler-design-150x150.webp",150,150,true],"medium":["https:\/\/eco-drinkware.com\/wp-content\/uploads\/2025\/09\/before-and-after-tumbler-design-300x300.webp",300,300,true],"medium_large":["https:\/\/eco-drinkware.com\/wp-content\/uploads\/2025\/09\/before-and-after-tumbler-design-768x768.webp",768,768,true],"large":["https:\/\/eco-drinkware.com\/wp-content\/uploads\/2025\/09\/before-and-after-tumbler-design.webp",1024,1024,false],"1536x1536":["https:\/\/eco-drinkware.com\/wp-content\/uploads\/2025\/09\/before-and-after-tumbler-design.webp",1024,1024,false],"2048x2048":["https:\/\/eco-drinkware.com\/wp-content\/uploads\/2025\/09\/before-and-after-tumbler-design.webp",1024,1024,false],"trp-custom-language-flag":["https:\/\/eco-drinkware.com\/wp-content\/uploads\/2025\/09\/before-and-after-tumbler-design.webp",12,12,false],"woocommerce_thumbnail":["https:\/\/eco-drinkware.com\/wp-content\/uploads\/2025\/09\/before-and-after-tumbler-design-300x300.webp",300,300,true],"woocommerce_single":["https:\/\/eco-drinkware.com\/wp-content\/uploads\/2025\/09\/before-and-after-tumbler-design-600x600.webp",600,600,true],"woocommerce_gallery_thumbnail":["https:\/\/eco-drinkware.com\/wp-content\/uploads\/2025\/09\/before-and-after-tumbler-design-100x100.webp",100,100,true]},"uagb_author_info":{"display_name":"Amy","author_link":"https:\/\/eco-drinkware.com\/fr\/author\/"},"uagb_comment_info":0,"uagb_excerpt":"Premium Custom sublimation mugs wholesale \u00a0Nice 12 oz size\u2013350ml,very nice size for coffee and daily water drinking. \u00a0Customizable Design \u2013 Add your logo, text, or artwork for customization. Special sublimation coating for sublimation customization. \u00a0Double-Wall Vacuum Insulation\u00a0\u2013 Keeps drinks hot for 12 hours and cold for 24 hours. Durable Stainless Steel \u2013 Rust-resistant, BPA-free, and\u2026","_links":{"self":[{"href":"https:\/\/eco-drinkware.com\/fr\/wp-json\/wp\/v2\/product\/3206","targetHints":{"allow":["GET"]}}],"collection":[{"href":"https:\/\/eco-drinkware.com\/fr\/wp-json\/wp\/v2\/product"}],"about":[{"href":"https:\/\/eco-drinkware.com\/fr\/wp-json\/wp\/v2\/types\/product"}],"wp:featuredmedia":[{"embeddable":true,"href":"https:\/\/eco-drinkware.com\/fr\/wp-json\/wp\/v2\/media\/3204"}],"wp:attachment":[{"href":"https:\/\/eco-drinkware.com\/fr\/wp-json\/wp\/v2\/media?parent=3206"}],"wp:term":[{"taxonomy":"product_brand","embeddable":true,"href":"https:\/\/eco-drinkware.com\/fr\/wp-json\/wp\/v2\/product_brand?post=3206"},{"taxonomy":"product_cat","embeddable":true,"href":"https:\/\/eco-drinkware.com\/fr\/wp-json\/wp\/v2\/product_cat?post=3206"},{"taxonomy":"product_tag","embeddable":true,"href":"https:\/\/eco-drinkware.com\/fr\/wp-json\/wp\/v2\/product_tag?post=3206"}],"curies":[{"name":"wp","href":"https:\/\/api.w.org\/{rel}","templated":true}]}}