{"id":3215,"date":"2025-09-15T16:09:32","date_gmt":"2025-09-15T08:09:32","guid":{"rendered":"https:\/\/eco-drinkware.com\/?post_type=product&#038;p=3215"},"modified":"2025-09-15T16:53:57","modified_gmt":"2025-09-15T08:53:57","slug":"mugs-a-sublimation-en-acier-inoxydable-12oz-16oz-avec-base-en-liege-amovible-sans-danger-pour-les-aliments","status":"publish","type":"product","link":"https:\/\/eco-drinkware.com\/fr\/product\/mugs-a-sublimation-en-acier-inoxydable-12oz-16oz-avec-base-en-liege-amovible-sans-danger-pour-les-aliments\/","title":{"rendered":"Mugs \u00e0 sublimation en acier inoxydable 12oz 16oz avec base en li\u00e8ge amovible, sans danger pour les aliments"},"content":{"rendered":"<h2 class=\"wp-block-heading\">Tasse \u00e0 sublimation isol\u00e9e en acier inoxydable en vrac avec fond en li\u00e8ge amovible<\/h2>\n\n\n\n<p>Voici le mug \u00e0 sublimation 12oz 16oz avec un fond en li\u00e8ge amovible, un changement de jeu pour votre entreprise d'articles pour boissons. Con\u00e7ue pour les commandes en gros, cette tasse en acier inoxydable est fabriqu\u00e9e \u00e0 partir d'un acier inoxydable durable et comporte un rev\u00eatement de sublimation de premi\u00e8re qualit\u00e9, garantissant des impressions \u00e9clatantes et durables.<\/p>\n\n\n\n<p>Le fond en li\u00e8ge amovible ajoute une touche de polyvalence et de commodit\u00e9 qui s\u00e9duit un large \u00e9ventail de clients. Sa capacit\u00e9 g\u00e9n\u00e9reuse et son excellente isolation permettent de conserver les boissons \u00e0 la temp\u00e9rature id\u00e9ale pendant des heures. Il s'agit d'un produit B2B essentiel, parfait pour les entreprises de personnalisation qui cherchent \u00e0 offrir des boissons de haute qualit\u00e9, rentables et personnalisables, ce qui en fait le choix id\u00e9al pour l'image de marque de l'entreprise.<\/p>\n\n\n\n<p><strong>Caract\u00e9ristiques principales :<\/strong><\/p>\n\n\n\n<p><strong>1 Capacit\u00e9 de 12oz et 16oz<\/strong> - Nos contenants de 12 oz et de 16 oz sont parfaitement con\u00e7us pour r\u00e9pondre \u00e0 vos besoins quotidiens en mati\u00e8re d'hydratation. Compacte mais pratique, l'option 12oz est id\u00e9ale pour un caf\u00e9 ou un th\u00e9 rapide sur le pouce, tandis que la taille 16oz offre une capacit\u00e9 suppl\u00e9mentaire pour ceux qui appr\u00e9cient de plus grandes portions de caf\u00e9, de boissons glac\u00e9es ou d'eau tout au long de la journ\u00e9e. Les deux formats sont portables, \u00e9l\u00e9gants et polyvalents, ce qui en fait un excellent choix pour une utilisation quotidienne \u00e0 la maison, au bureau ou pendant les trajets quotidiens. Les grossistes et les distributeurs le trouveront particuli\u00e8rement int\u00e9ressant pour r\u00e9pondre aux divers besoins des clients sur le march\u00e9 des articles pour boissons.<\/p>\n\n\n\n<p><strong>2<\/strong> <strong>Rev\u00eatement par sublimation de premi\u00e8re qualit\u00e9<\/strong> - Le gobelet est recouvert d'une couche de sublimation de haute qualit\u00e9 qui permet des impressions nettes, \u00e9clatantes et durables. Qu'il s'agisse d'imprimer des logos d'entreprise, des illustrations promotionnelles ou des dessins personnalis\u00e9s, la surface garantit un excellent transfert des couleurs. Cette caract\u00e9ristique fait de ce gobelet un choix rentable pour les projets de marquage personnalis\u00e9, les entreprises de marque priv\u00e9e et la personnalisation en vrac. C'est le produit id\u00e9al pour les acheteurs B2B qui cherchent \u00e0 \u00e9largir leur gamme de produits de sublimation avec des r\u00e9sultats fiables.<\/p>\n\n\n\n<p><strong>3<\/strong> <strong>Fond en li\u00e8ge amovible<\/strong> - Dot\u00e9e d'une base en li\u00e8ge amovible, cette tasse se distingue par son style et sa fonctionnalit\u00e9. Le li\u00e8ge ajoute une touche naturelle et \u00e9cologique, tandis que son design amovible apporte un sentiment de plaisir et de polyvalence, rendant la tasse non seulement pratique mais aussi unique pour un usage quotidien. Le point le plus important est que nous pouvons retirer la poign\u00e9e en plastique lors du processus de sublimation. Ainsi, le plastique ne sera pas endommag\u00e9 dans le four \u00e0 haute temp\u00e9rature ou dans la machine de sublimation.<\/p>\n\n\n\n<p><strong>4<\/strong> <strong>Acier inoxydable isol\u00e9 \u00e0 double paroi<\/strong> - Fabriqu\u00e9 en acier inoxydable de premi\u00e8re qualit\u00e9 et dot\u00e9 d'une double paroi isolante sous vide, ce gobelet permet de conserver les boissons chaudes jusqu'\u00e0 12 heures ou froides jusqu'\u00e0 24 heures. Sa construction durable offre des performances durables, ce qui en fait un excellent choix pour les entreprises qui privil\u00e9gient la qualit\u00e9 dans leurs gammes de produits. Sa conception isol\u00e9e permet de l'utiliser tout au long de l'ann\u00e9e, offrant ainsi une valeur ajout\u00e9e aux entreprises promotionnelles et aux distributeurs. Solution pratique et fiable, elle enrichit votre offre de boissons gr\u00e2ce \u00e0 des performances fiables.<\/p>\n\n\n\n<p><strong>5<\/strong> <strong>Parfait pour les entreprises de personnalisation<\/strong><br>- Con\u00e7u pour <strong>personnalisation en masse<\/strong>Le produit est id\u00e9al pour les cadeaux promotionnels, l'image de marque des entreprises, les \u00e9v\u00e9nements scolaires, les \u00e9quipes sportives, les cadeaux de mariage et les programmes de revente.<\/p>\n\n\n\n<p>6 <strong>Une solution adapt\u00e9e au B2B<\/strong> - Con\u00e7u pour les grossistes, les distributeurs et les entreprises, ce gobelet allie durabilit\u00e9, fonctionnalit\u00e9 et rentabilit\u00e9. Sa grande surface d'impression et sa surface de sublimation de qualit\u00e9 sup\u00e9rieure en font un produit id\u00e9al pour la personnalisation en vrac, le marquage priv\u00e9 et les \u00e9v\u00e9nements promotionnels. Le produit est emball\u00e9 et structur\u00e9 de mani\u00e8re \u00e0 pouvoir r\u00e9pondre efficacement aux commandes \u00e0 grande \u00e9chelle, ce qui permet aux entreprises de r\u00e9pondre facilement \u00e0 la demande du march\u00e9. En tant qu'option polyvalente et personnalisable, il offre un excellent retour sur investissement pour les clients B2B.<\/p>\n\n\n\n<p><strong>Pourquoi vous l'aimerez :<\/strong><\/p>\n\n\n\n<h3 class=\"wp-block-heading\"><strong>Pourquoi choisir notre tasse \u00e0 sublimation 12oz 16oz avec base amovible pour les commandes en vrac ?<\/strong><\/h3>\n\n\n\n<p>\u2728&nbsp;<strong>Options de personnalisation<\/strong>&nbsp;- En tant que fournisseur de confiance, nous offrons un large \u00e9ventail d'options de personnalisation, y compris l'emplacement du logo, le choix des couleurs et l'emballage personnalis\u00e9.<br>\u2728&nbsp;<strong>Prix directs d'usine<\/strong>&nbsp;- B\u00e9n\u00e9ficiez de tarifs comp\u00e9titifs pour les commandes en gros, afin de garantir la rentabilit\u00e9 sans compromettre la qualit\u00e9.<br>\u2728&nbsp;<strong>Durable et fiable<\/strong>&nbsp;- Con\u00e7us pour r\u00e9sister \u00e0 un usage quotidien, nos gobelets sont parfaits pour les cadeaux d'entreprise, les \u00e9v\u00e9nements promotionnels ou les ventes au d\u00e9tail. Eco Drinkware offre un excellent service apr\u00e8s-vente pour nos bouteilles \u00e0 sublimation.<br>\u2728&nbsp;<strong>D\u00e9lai d'ex\u00e9cution rapide<\/strong>&nbsp;- Notre usine est \u00e9quip\u00e9e pour traiter des commandes de grande envergure avec une production efficace et une livraison dans les d\u00e9lais. En particulier, nous utilisons des robots dans la production, ce qui acc\u00e9l\u00e8re consid\u00e9rablement la production. Chaque jour, 200 employ\u00e9s et 10 lignes de production travaillent pour nos clients.<br>\u2728&nbsp;<strong>Respectueux de l'environnement et r\u00e9utilisable<\/strong>&nbsp;- Promouvoir le d\u00e9veloppement durable avec un gobelet r\u00e9utilisable qui r\u00e9duit les d\u00e9chets et s'aligne sur les valeurs \u00e9coconscientes. De plus en plus de clients choisissent la gourde isotherme en acier inoxydable pour remplacer la bouteille en plastique. \u2728<strong>Livraison mondiale<\/strong>&nbsp;- Nous offrons une livraison mondiale \u00e0 tous nos clients. Nous proposons m\u00eame l'exp\u00e9dition DDP dans de nombreux pays. Cela permet aux clients d'\u00e9conomiser de l'argent. \u2728<strong>Un fournisseur fiable<\/strong>&nbsp;- Eco Drinkware travaille dans ce domaine depuis 10 ans. Nous disposons d'une \u00e9quipe technologique et d'un personnel de vente exp\u00e9riment\u00e9s pour mener \u00e0 bien tous les nouveaux projets. Il est sage de travailler avec un fournisseur professionnel pour \u00e9conomiser de l'argent et du temps. Nous sommes convaincus que vous serez satisfaits de votre achat.<\/p>\n\n\n\n<hr class=\"wp-block-separator has-alpha-channel-opacity\"\/>\n\n\n\n<h3 class=\"wp-block-heading\">Mugis de sublimation <strong>Parfait pour :<\/strong><\/h3>\n\n\n\n<ul class=\"wp-block-list\">\n<li><strong>Cadeaux d'entreprise<\/strong>&nbsp;- Impressionnez vos clients ou r\u00e9compensez vos employ\u00e9s avec une bouteille \u00e0 sublimation de haute qualit\u00e9. <\/li>\n\n\n\n<li><strong>\u00c9v\u00e9nements promotionnels<\/strong>&nbsp;- Augmentez la visibilit\u00e9 de votre marque gr\u00e2ce \u00e0 un objet publicitaire pratique et \u00e9l\u00e9gant.<\/li>\n\n\n\n<li><strong>Ventes au d\u00e9tail<\/strong>&nbsp;- Faites le plein de gobelets vierges \u00e0 sublimation personnalisables, uniques et sp\u00e9ciaux, qui s\u00e9duisent un large public. Et offrez un service personnalis\u00e9 \u00e0 vos clients.<\/li>\n\n\n\n<li><strong>Collectes de fonds et cadeaux<\/strong>&nbsp;- Offrez un produit fonctionnel et m\u00e9morable que les supporters appr\u00e9cieront. Par exemple \u00e0 l'occasion d'un anniversaire, d'un mariage ou de toute autre journ\u00e9e importante.<\/li>\n\n\n\n<li><strong>Studio sur mesure\/Studio personnalis\u00e9<\/strong>-Offrir un service tr\u00e8s personnalis\u00e9 au client final.<\/li>\n\n\n\n<li><strong>Imorter<\/strong>- Les capacit\u00e9s professionnelles d'importation et de stockage des importateurs peuvent contribuer \u00e0 r\u00e9duire le co\u00fbt des tasses \u00e0 sublimation en acier inoxydable vierges, ce qui leur permet de servir les petits grossistes locaux.<\/li>\n<\/ul>\n\n\n\n<hr class=\"wp-block-separator has-alpha-channel-opacity\"\/>\n\n\n\n<p><strong>Commandez d\u00e8s aujourd'hui !<\/strong><br>En tant que principal fournisseur de mugs \u00e0 sublimation, nous sommes sp\u00e9cialis\u00e9s dans l'aide aux entreprises pour cr\u00e9er des produits personnalis\u00e9s qui laissent une impression durable. Que vous ayez besoin de 100 ou de 10 000 unit\u00e9s, notre usine est pr\u00eate \u00e0 r\u00e9pondre \u00e0 vos demandes avec une qualit\u00e9 irr\u00e9prochable et un service exceptionnel.<\/p>\n\n\n\n<p><strong>Contactez-nous d\u00e8s maintenant pour un devis personnalis\u00e9 avec 12oz 16oz Bulk mugs en acier inoxydable de sublimation avec base en li\u00e8ge amovible.<\/strong><\/p>\n\n\n\n<figure class=\"wp-block-image size-full\"><img loading=\"lazy\" decoding=\"async\" width=\"800\" height=\"800\" src=\"https:\/\/eco-drinkware.com\/wp-content\/uploads\/2025\/09\/sublimation-mug-with-cork-base.jpg\" alt=\"mug \u00e0 sublimation avec base en li\u00e8ge\" class=\"wp-image-3216\" srcset=\"https:\/\/eco-drinkware.com\/wp-content\/uploads\/2025\/09\/sublimation-mug-with-cork-base.jpg 800w, https:\/\/eco-drinkware.com\/wp-content\/uploads\/2025\/09\/sublimation-mug-with-cork-base-300x300.jpg 300w, https:\/\/eco-drinkware.com\/wp-content\/uploads\/2025\/09\/sublimation-mug-with-cork-base-150x150.jpg 150w, https:\/\/eco-drinkware.com\/wp-content\/uploads\/2025\/09\/sublimation-mug-with-cork-base-768x768.jpg 768w, https:\/\/eco-drinkware.com\/wp-content\/uploads\/2025\/09\/sublimation-mug-with-cork-base-600x600.jpg 600w, https:\/\/eco-drinkware.com\/wp-content\/uploads\/2025\/09\/sublimation-mug-with-cork-base-100x100.jpg 100w\" sizes=\"auto, (max-width: 800px) 100vw, 800px\" \/><\/figure>\n\n\n\n<figure class=\"wp-block-table\"><table class=\"has-fixed-layout\"><tbody><tr><td>Num\u00e9ro de l'article<\/td><td>GV046<\/td><\/tr><tr><td>Capacit\u00e9<\/td><td>12oz\/360ml, 16oz\/480ml <\/td><\/tr><tr><td>Isol\u00e9<\/td><td>Oui&nbsp;&nbsp;&nbsp;&nbsp;&nbsp;&nbsp;&nbsp;&nbsp;&nbsp;&nbsp;&nbsp;&nbsp;&nbsp;<\/td><\/tr><tr><td>Rev\u00eatement sp\u00e9cial<\/td><td>rev\u00eatement par sublimation, rev\u00eatement par poudre, peinture par pulv\u00e9risation, argent bross\u00e9, miroir <\/td><\/tr><tr><td>Couleur<\/td><td>Rouge, argent, vert, bleu, blanc, noir, or rose, couleur personnalis\u00e9e, couleur Pantone<\/td><\/tr><tr><td>Mat\u00e9riau<\/td><td>Int\u00e9rieur en acier inoxydable 304 et ext\u00e9rieur en acier inoxydable 201 ,nouveau couvercle en plastique pp ,joint d'\u00e9tanch\u00e9it\u00e9 en silicone<\/td><\/tr><tr><td>Fonctionnalit\u00e9<\/td><td>Bouteille sous vide \u00e0 double paroi, grande capacit\u00e9, design personnalis\u00e9<\/td><\/tr><tr><td>MOQ<\/td><td>1000 pi\u00e8ces<\/td><\/tr><tr><td>Logo<\/td><td>Laser, impression en soie, transfert thermique, transfert d'eau, transfert de gaz, impression 3D, sublimation, etc.<\/td><\/tr><tr><td>Paquet<\/td><td>bo\u00eete blanche, bo\u00eete imprim\u00e9e personnalis\u00e9e, bo\u00eete cylindrique, bo\u00eete d'exposition, sac \u00e0 bulles, bo\u00eete cadeau<\/td><\/tr><tr><td>Temps d'\u00e9chantillonnage<\/td><td>3 jours pour un \u00e9chantillon de stock, 7 jours pour un \u00e9chantillon de logo personnalis\u00e9<\/td><\/tr><tr><td>Temps de production<\/td><td>30 jours en fonction de la quantit\u00e9 et des besoins<\/td><\/tr><tr><td>A propos du paiement<\/td><td>Transfert bancaire, paypal, western union, assurance commerciale<\/td><\/tr><tr><td>Pays d'origine<\/td><td>Fabriqu\u00e9 en Chine<\/td><\/tr><tr><td>Origine du certificat<\/td><td>Oui, nous pouvons offrir<\/td><\/tr><tr><td>Nouveau moule de bouteille<\/td><td>Oui, nous disposons d'une nouvelle \u00e9quipe de d\u00e9veloppement de moules<\/td><\/tr><tr><td>Conditions<\/td><td>EXW, FOB, CIF, DDU, DDP<\/td><\/tr><\/tbody><\/table><\/figure>\n\n\n\n<p><\/p>","protected":false},"excerpt":{"rendered":"<h3><strong>Premium 12oz 16oz Sublimation mugr With Removable Cork Base wholesale<\/strong><\/h3>\n<ul>\n<li>\n<p><strong> Options de format 12oz 16oz<\/strong>-Nos verres de 12 et 16 oz sont parfaits pour l'hydratation quotidienne, offrant des formats pratiques pour l'eau, le caf\u00e9 ou les boissons glac\u00e9es. Compacts, \u00e9l\u00e9gants et polyvalents, ils r\u00e9pondent aux besoins quotidiens \u00e0 la maison, au bureau ou en d\u00e9placement.<\/p>\n<\/li>\n<li>\n<p><strong data-start=\"334\" data-end=\"365\">Rev\u00eatement par sublimation de premi\u00e8re qualit\u00e9<\/strong> - La surface lisse garantit un transfert de couleurs \u00e9clatantes et durables, parfait pour l'impression de logos, la promotion de marques et les projets de marques priv\u00e9es.<\/p>\n<\/li>\n<li><strong data-start=\"505\" data-end=\"532\">Base en li\u00e8ge amovible Design<\/strong> - La base en li\u00e8ge peut \u00eatre retir\u00e9e. Tr\u00e8s pratique pour le processus de sublimation.<\/li>\n<li>\n<p>\u00a0<strong>Isolation sous vide \u00e0 double paroi<\/strong>\u00a0- Conserve les boissons chaudes pendant 12 heures et froides pendant 24 heures.<\/p>\n<\/li>\n<li>\n<p><strong>Acier inoxydable durable<\/strong> - R\u00e9sistant \u00e0 la rouille, sans BPA et con\u00e7u pour durer.<\/p>\n<\/li>\n<li>\n<p>\u00a0<strong>R\u00e9sistant \u00e0 la transpiration et aux fuites<\/strong>\u00a0- Ext\u00e9rieur sans condensation et couvercle s\u00e9curis\u00e9 pour une utilisation sans d\u00e9g\u00e2ts.<\/p>\n<\/li>\n<li><strong>Couvercle coulissant \u00e9tanche<\/strong>- Couvercle coulissant \u00e9tanche assorti. Paille facile \u00e0 ins\u00e9rer.<\/li>\n<li>\n<p><strong>Polyvalent et portable<\/strong> - Id\u00e9al pour la maison, le bureau, les voyages, les randonn\u00e9es ou les aventures en plein air.<\/p>\n<\/li>\n<li>\n<p>\u00a0<strong>\u00c9l\u00e9ment de li\u00e8ge naturel<\/strong>- Le design en li\u00e8ge est naturel, respectueux de l'environnement et s'inscrit parfaitement dans le mode de vie durable d'aujourd'hui.<\/p>\n<\/li>\n<li><strong>Exp\u00e9dition mondiale<\/strong> - CIF, DAT, DDP exp\u00e9dition vers tous les pays<\/li>\n<\/ul>","protected":false},"featured_media":3217,"template":"","meta":{"_acf_changed":true,"_seopress_robots_primary_cat":"none","_seopress_titles_title":"12oz 16oz Stainless Steel Sublimation Mug With Removable base","_seopress_titles_desc":"Recycled stainless steel material.Food safe and BPA free materials,custom color and design is welcome.Door to door delivery worldwide. Whatsapp:0086 13567428830","_seopress_robots_index":"","_uag_custom_page_level_css":""},"product_brand":[],"product_cat":[39,23,20],"product_tag":[141,77,130,140,142,126,128,125],"class_list":{"0":"post-3215","1":"product","2":"type-product","3":"status-publish","4":"has-post-thumbnail","6":"product_cat-sublimation-mug","7":"product_cat-sublimation-water-bottle-tumbler","8":"product_cat-vacuum-flask","9":"product_tag-40oz-sublimation-tumbler-with-removeable-handle-wholesale","10":"product_tag-personalized-insulated-mug","11":"product_tag-sublimation-bottles","12":"product_tag-sublimation-flask","13":"product_tag-sublimation-tumbker","14":"product_tag-sublimation-water-bottle","15":"product_tag-sublimation-water-bottle-blanks","16":"product_tag-sublimation-water-bottles","18":"first","19":"instock","20":"shipping-taxable","21":"product-type-simple"},"acf":[],"uagb_featured_image_src":{"full":["https:\/\/eco-drinkware.com\/wp-content\/uploads\/2025\/09\/sublimation-mug-with-reovable-cork-base.jpg",800,800,false],"thumbnail":["https:\/\/eco-drinkware.com\/wp-content\/uploads\/2025\/09\/sublimation-mug-with-reovable-cork-base-150x150.jpg",150,150,true],"medium":["https:\/\/eco-drinkware.com\/wp-content\/uploads\/2025\/09\/sublimation-mug-with-reovable-cork-base-300x300.jpg",300,300,true],"medium_large":["https:\/\/eco-drinkware.com\/wp-content\/uploads\/2025\/09\/sublimation-mug-with-reovable-cork-base-768x768.jpg",768,768,true],"large":["https:\/\/eco-drinkware.com\/wp-content\/uploads\/2025\/09\/sublimation-mug-with-reovable-cork-base.jpg",800,800,false],"1536x1536":["https:\/\/eco-drinkware.com\/wp-content\/uploads\/2025\/09\/sublimation-mug-with-reovable-cork-base.jpg",800,800,false],"2048x2048":["https:\/\/eco-drinkware.com\/wp-content\/uploads\/2025\/09\/sublimation-mug-with-reovable-cork-base.jpg",800,800,false],"trp-custom-language-flag":["https:\/\/eco-drinkware.com\/wp-content\/uploads\/2025\/09\/sublimation-mug-with-reovable-cork-base.jpg",12,12,false],"woocommerce_thumbnail":["https:\/\/eco-drinkware.com\/wp-content\/uploads\/2025\/09\/sublimation-mug-with-reovable-cork-base-300x300.jpg",300,300,true],"woocommerce_single":["https:\/\/eco-drinkware.com\/wp-content\/uploads\/2025\/09\/sublimation-mug-with-reovable-cork-base-600x600.jpg",600,600,true],"woocommerce_gallery_thumbnail":["https:\/\/eco-drinkware.com\/wp-content\/uploads\/2025\/09\/sublimation-mug-with-reovable-cork-base-100x100.jpg",100,100,true]},"uagb_author_info":{"display_name":"Amy","author_link":"https:\/\/eco-drinkware.com\/fr\/author\/"},"uagb_comment_info":0,"uagb_excerpt":"Premium 12oz 16oz Sublimation mugr With Removable Cork Base wholesale 12oz 16oz size options\u2013Our 12oz and 16oz drinkware are perfect for daily hydration, offering convenient sizes for water, coffee, or iced drinks. Compact, stylish, and versatile, they meet everyday needs at home, in the office, or on the go Premium Sublimation Coating \u2013 Smooth surface\u2026","_links":{"self":[{"href":"https:\/\/eco-drinkware.com\/fr\/wp-json\/wp\/v2\/product\/3215","targetHints":{"allow":["GET"]}}],"collection":[{"href":"https:\/\/eco-drinkware.com\/fr\/wp-json\/wp\/v2\/product"}],"about":[{"href":"https:\/\/eco-drinkware.com\/fr\/wp-json\/wp\/v2\/types\/product"}],"wp:featuredmedia":[{"embeddable":true,"href":"https:\/\/eco-drinkware.com\/fr\/wp-json\/wp\/v2\/media\/3217"}],"wp:attachment":[{"href":"https:\/\/eco-drinkware.com\/fr\/wp-json\/wp\/v2\/media?parent=3215"}],"wp:term":[{"taxonomy":"product_brand","embeddable":true,"href":"https:\/\/eco-drinkware.com\/fr\/wp-json\/wp\/v2\/product_brand?post=3215"},{"taxonomy":"product_cat","embeddable":true,"href":"https:\/\/eco-drinkware.com\/fr\/wp-json\/wp\/v2\/product_cat?post=3215"},{"taxonomy":"product_tag","embeddable":true,"href":"https:\/\/eco-drinkware.com\/fr\/wp-json\/wp\/v2\/product_tag?post=3215"}],"curies":[{"name":"wp","href":"https:\/\/api.w.org\/{rel}","templated":true}]}}