{"id":340,"date":"2022-11-03T08:04:42","date_gmt":"2022-11-03T00:04:42","guid":{"rendered":"https:\/\/eco-drinkware.com\/?post_type=product&#038;p=340"},"modified":"2022-12-02T17:24:42","modified_gmt":"2022-12-02T09:24:42","slug":"119-bouteille-deau-en-verre-borosilicate-en-forme-de-cola-119","status":"publish","type":"product","link":"https:\/\/eco-drinkware.com\/fr\/product\/119-bouteille-deau-en-verre-borosilicate-en-forme-de-cola-119\/","title":{"rendered":"Bouteille d'eau en verre borosilicat\u00e9 en forme de cola Swell"},"content":{"rendered":"<h2 class=\"wp-block-heading\">Bouteille d'eau en verre borosilicat\u00e9 en forme de cola Swell<\/h2>\n\n\n\n<p><strong>100% \u00c9tanch\u00e9it\u00e9 :\u00a0<\/strong>La bouteille d'eau en verre en forme de cola est fabriqu\u00e9e en verre borosilicate de haute qualit\u00e9, tr\u00e8s durable et respectueux de l'environnement. Les couvercles en acier inoxydable de qualit\u00e9 alimentaire sont dot\u00e9s d'un anneau amovible en silicone de qualit\u00e9 alimentaire qui s'adapte parfaitement au verre, garantissant que la bouteille en forme de cola ne fuit pas.<br><strong>Facile \u00e0 tenir et \u00e0 transporter :\u00a0<\/strong>La bouteille en verre en forme de cola est munie d'une pochette en n\u00e9opr\u00e8ne. L'\u00e9tui ressemble \u00e0 un sac \u00e0 main que vous sentirez l\u00e9ger dans la main et confortable \u00e0 tenir.<br><strong>Polyvalent :\u00a0<\/strong>La bouteille d'eau swell est id\u00e9ale pour un usage quotidien, par exemple pour contenir de l'eau, de la limonade, du th\u00e9 glac\u00e9, des milk-shakes, du cola et bien plus encore.<br><strong>Personnalisation :\u00a0<\/strong>Nous acceptons les logos sur les manchons en verre et en n\u00e9opr\u00e8ne. La couleur des manchons peut \u00e9galement \u00eatre personnalis\u00e9e.<\/p>\n\n\n\n<figure class=\"wp-block-image size-full is-resized\"><img loading=\"lazy\" decoding=\"async\" src=\"https:\/\/eco-drinkware.com\/wp-content\/uploads\/2021-06-18-14-03-399.webp\" alt=\"\" class=\"wp-image-397\" width=\"500\" height=\"500\" srcset=\"https:\/\/eco-drinkware.com\/wp-content\/uploads\/2021-06-18-14-03-399.webp 1000w, https:\/\/eco-drinkware.com\/wp-content\/uploads\/2021-06-18-14-03-399-300x300.webp 300w, https:\/\/eco-drinkware.com\/wp-content\/uploads\/2021-06-18-14-03-399-150x150.webp 150w, https:\/\/eco-drinkware.com\/wp-content\/uploads\/2021-06-18-14-03-399-768x768.webp 768w, https:\/\/eco-drinkware.com\/wp-content\/uploads\/2021-06-18-14-03-399-600x600.webp 600w, https:\/\/eco-drinkware.com\/wp-content\/uploads\/2021-06-18-14-03-399-100x100.webp 100w\" sizes=\"auto, (max-width: 500px) 100vw, 500px\" \/><\/figure>\n\n\n\n<figure class=\"wp-block-image size-full is-resized\"><img loading=\"lazy\" decoding=\"async\" src=\"https:\/\/eco-drinkware.com\/wp-content\/uploads\/2021-06-18-14-02-295.webp\" alt=\"\" class=\"wp-image-395\" width=\"500\" height=\"500\" srcset=\"https:\/\/eco-drinkware.com\/wp-content\/uploads\/2021-06-18-14-02-295.webp 550w, https:\/\/eco-drinkware.com\/wp-content\/uploads\/2021-06-18-14-02-295-300x300.webp 300w, https:\/\/eco-drinkware.com\/wp-content\/uploads\/2021-06-18-14-02-295-150x150.webp 150w, https:\/\/eco-drinkware.com\/wp-content\/uploads\/2021-06-18-14-02-295-100x100.webp 100w\" sizes=\"auto, (max-width: 500px) 100vw, 500px\" \/><\/figure>\n\n\n\n<figure class=\"wp-block-image size-full is-resized\"><img loading=\"lazy\" decoding=\"async\" src=\"https:\/\/eco-drinkware.com\/wp-content\/uploads\/2021-06-18-14-02-571.webp\" alt=\"\" class=\"wp-image-396\" width=\"500\" height=\"500\" srcset=\"https:\/\/eco-drinkware.com\/wp-content\/uploads\/2021-06-18-14-02-571.webp 1000w, https:\/\/eco-drinkware.com\/wp-content\/uploads\/2021-06-18-14-02-571-300x300.webp 300w, https:\/\/eco-drinkware.com\/wp-content\/uploads\/2021-06-18-14-02-571-150x150.webp 150w, https:\/\/eco-drinkware.com\/wp-content\/uploads\/2021-06-18-14-02-571-768x768.webp 768w, https:\/\/eco-drinkware.com\/wp-content\/uploads\/2021-06-18-14-02-571-600x600.webp 600w, https:\/\/eco-drinkware.com\/wp-content\/uploads\/2021-06-18-14-02-571-100x100.webp 100w\" sizes=\"auto, (max-width: 500px) 100vw, 500px\" \/><\/figure>","protected":false},"excerpt":{"rendered":"<p>Bouteille d'eau en verre \u00e0 simple paroi en forme de cola. Fabriqu\u00e9e en verre borosilicat\u00e9 de haute qualit\u00e9, sa capacit\u00e9 est de 650 ml. Elle peut \u00eatre munie d'une housse, facile \u00e0 transporter.<\/p>","protected":false},"featured_media":398,"template":"","meta":{"_acf_changed":false,"_seopress_robots_primary_cat":"","_seopress_titles_title":"","_seopress_titles_desc":"","_seopress_robots_index":"","_uag_custom_page_level_css":""},"product_brand":[],"product_cat":[22,35],"product_tag":[],"class_list":{"0":"post-340","1":"product","2":"type-product","3":"status-publish","4":"has-post-thumbnail","6":"product_cat-glass-water-bottle","7":"product_cat-single-wall-gass-bottle","9":"first","10":"instock","11":"shipping-taxable","12":"product-type-simple"},"acf":[],"uagb_featured_image_src":{"full":["https:\/\/eco-drinkware.com\/wp-content\/uploads\/119_0.webp",550,550,false],"thumbnail":["https:\/\/eco-drinkware.com\/wp-content\/uploads\/119_0-150x150.webp",150,150,true],"medium":["https:\/\/eco-drinkware.com\/wp-content\/uploads\/119_0-300x300.webp",300,300,true],"medium_large":["https:\/\/eco-drinkware.com\/wp-content\/uploads\/119_0.webp",550,550,false],"large":["https:\/\/eco-drinkware.com\/wp-content\/uploads\/119_0.webp",550,550,false],"1536x1536":["https:\/\/eco-drinkware.com\/wp-content\/uploads\/119_0.webp",550,550,false],"2048x2048":["https:\/\/eco-drinkware.com\/wp-content\/uploads\/119_0.webp",550,550,false],"trp-custom-language-flag":["https:\/\/eco-drinkware.com\/wp-content\/uploads\/119_0.webp",12,12,false],"woocommerce_thumbnail":["https:\/\/eco-drinkware.com\/wp-content\/uploads\/119_0-300x300.webp",300,300,true],"woocommerce_single":["https:\/\/eco-drinkware.com\/wp-content\/uploads\/119_0.webp",550,550,false],"woocommerce_gallery_thumbnail":["https:\/\/eco-drinkware.com\/wp-content\/uploads\/119_0-100x100.webp",100,100,true]},"uagb_author_info":{"display_name":"Amy","author_link":"https:\/\/eco-drinkware.com\/fr\/author\/"},"uagb_comment_info":0,"uagb_excerpt":"Single wall cola shaped glass water bottle. Made of high borosilicate glass, capacity is 650ml. It can be with sleeve, easy to take.","_links":{"self":[{"href":"https:\/\/eco-drinkware.com\/fr\/wp-json\/wp\/v2\/product\/340","targetHints":{"allow":["GET"]}}],"collection":[{"href":"https:\/\/eco-drinkware.com\/fr\/wp-json\/wp\/v2\/product"}],"about":[{"href":"https:\/\/eco-drinkware.com\/fr\/wp-json\/wp\/v2\/types\/product"}],"wp:featuredmedia":[{"embeddable":true,"href":"https:\/\/eco-drinkware.com\/fr\/wp-json\/wp\/v2\/media\/398"}],"wp:attachment":[{"href":"https:\/\/eco-drinkware.com\/fr\/wp-json\/wp\/v2\/media?parent=340"}],"wp:term":[{"taxonomy":"product_brand","embeddable":true,"href":"https:\/\/eco-drinkware.com\/fr\/wp-json\/wp\/v2\/product_brand?post=340"},{"taxonomy":"product_cat","embeddable":true,"href":"https:\/\/eco-drinkware.com\/fr\/wp-json\/wp\/v2\/product_cat?post=340"},{"taxonomy":"product_tag","embeddable":true,"href":"https:\/\/eco-drinkware.com\/fr\/wp-json\/wp\/v2\/product_tag?post=340"}],"curies":[{"name":"wp","href":"https:\/\/api.w.org\/{rel}","templated":true}]}}