{"id":3416,"date":"2026-02-09T15:13:32","date_gmt":"2026-02-09T07:13:32","guid":{"rendered":"https:\/\/eco-drinkware.com\/?post_type=product&#038;p=3416"},"modified":"2026-02-09T15:45:03","modified_gmt":"2026-02-09T07:45:03","slug":"gv0245-custom-18oz-22oz-32oz-stainless-steel-tea-infuser-tumbler-304-food-grade-insulated-bottle-for-wholesale-private-label","status":"publish","type":"product","link":"https:\/\/eco-drinkware.com\/fr\/product\/gv0245-custom-18oz-22oz-32oz-stainless-steel-tea-infuser-tumbler-304-food-grade-insulated-bottle-for-wholesale-private-label\/","title":{"rendered":"GV0245 Custom 18oz \/ 22oz \/ 32oz Stainless Steel Tea Infuser Tumbler \u2013 304 Food-Grade Insulated Bottle for Wholesale &amp; Private Label"},"content":{"rendered":"<h2 class=\"wp-block-heading\">Caract\u00e9ristiques du produit :<\/h2>\n\n\n\n<p>\u25cf <strong>Premium 304 Stainless Steel Material<\/strong> \u2013 Made from food-grade 304 stainless steel, this tea infuser tumbler is rust-resistant, durable, BPA-free, and safe for long-term daily use, meeting international quality standards for global markets.<br>\u25cf T<strong>Multiple Sizes for Different Markets<\/strong> \u2013 Available in <strong>18oz, 22oz, and 32oz<\/strong>, suitable for tea, fruit-infused water, and coffee, making it a versatile option for retail, promotional, and corporate gift channels.<br>\u25cf This stainless steel tea bottle is double wall insulated with copper coated , reusable water bottle . <strong>Double Wall Insulated Design<\/strong> \u2013 The vacuum-insulated stainless steel body keeps beverages hot or cold for hours while preventing heat transfer, ensuring a comfortable grip and enhanced user experience.<br>\u25cf <strong>Removable Tea Infuser<\/strong> \u2013 Designed with a stainless steel infuser, perfect for loose leaf tea, fruit tea, and coffee brewing, ideal for modern lifestyle drinkware collections.<br>\u25cf <strong>Wholesale &amp; Custom Branding Support<\/strong> \u2013 Available for <strong>bulk orders and wholesale supply<\/strong>, with full customization options including <strong>colors, logo printing or laser engraving, and private label packaging<\/strong>, ideal for brand owners, distributors, and corporate gift projects.<\/p>\n\n\n\n<p>\u25cfColor : Nous pouvons r\u00e9aliser n'importe quelle couleur pour les clients. Les couleurs PMS sont les bienvenues. L'\u00e9quipe d'Eco Drinkware peut proposer des maquettes avec un design personnalis\u00e9.<br>\u25cf This straight shape tea bottle is good for adult .Easy to take it out for camping ,walk ,running and so on.Perfect for water,tea ,juice and coffee drinking<br>\u25cfCoating : aucun rev\u00eatement (acier inoxydable bross\u00e9),peinture par pulv\u00e9risation, rev\u00eatement en poudre, cuivrage, etc.<br>\u25cfMotif : un motif personnalis\u00e9 peut \u00eatre imprim\u00e9 et peut \u00eatre r\u00e9alis\u00e9 par diff\u00e9rentes techniques d'impression : s\u00e9rigraphie, impression par transfert thermique, impression par transfert d'eau, transfert par sublimation, etc.<br>\u25cfLogo : Il est facile de travailler sur un logo personnalis\u00e9. Les options de logo comprennent : logo d\u00e9calcomanie ,impression de soie ,transfert de chaleur , sublimation ,etc. Nous vous invitons \u00e0 nous faire part de votre logo. Notre \u00e9quipe vous renverra une maquette.<br>\u25cfBo\u00eete d'emballage : bo\u00eete blanche, bo\u00eete imprim\u00e9e personnalis\u00e9e, bo\u00eete cylindrique, sac \u00e0 bulles, bo\u00eete cadeau, tout emballage de conception personnalis\u00e9e est le bienvenu, etc.<br>\u25cfLa bouteille de th\u00e9 en acier inoxydable peut \u00eatre lav\u00e9e au lave-vaisselle.<br>\u25cfUne bouteille de th\u00e9 isotherme \u00e0 double paroi est un r\u00e9cipient con\u00e7u pour conserver les boissons gazeuses, telles que le soda ou le cola, \u00e0 une temp\u00e9rature constante pendant les d\u00e9placements. La bouteille pr\u00e9sente g\u00e9n\u00e9ralement une construction \u00e0 double paroi avec un espace scell\u00e9 sous vide entre les parois int\u00e9rieure et ext\u00e9rieure, ce qui lui conf\u00e8re d'excellentes propri\u00e9t\u00e9s d'isolation.<br>\u25cfL'espace scell\u00e9 sous vide entre les parois agit comme une barri\u00e8re pour emp\u00eacher la chaleur de p\u00e9n\u00e9trer dans la bouteille ou de s'en \u00e9chapper. Cela permet de conserver les boissons chaudes comme le caf\u00e9, le th\u00e9 ou la soupe pendant plusieurs heures, tandis que les boissons froides comme l'eau, le jus ou le soda restent froides pendant une p\u00e9riode prolong\u00e9e.<br>\u25cfLes bouteilles isothermes constituent un excellent choix pour les personnes qui souhaitent conserver leurs boissons \u00e0 une temp\u00e9rature constante lorsqu'elles sont en d\u00e9placement, que ce soit en randonn\u00e9e, en camping, en voyage ou simplement pour se rendre au travail.<br>\u25cfSp\u00e9cialis\u00e9 dans la fabrication et l'exportation de toutes sortes d'articles de boisson tels que des bouteilles d'eau, des gobelets en gros, des r\u00e9cipients alimentaires, des bols pour chiens, des saladiers, des refroidisseurs de canettes, des bouteilles en verre, des bouteilles en bambou. Eco Drinkware poss\u00e8de des lignes de production automatis\u00e9es et tr\u00e8s efficaces. Nous adoptons l'industrie 4.0 et restons comp\u00e9titifs dans l'industrie. La production automatis\u00e9e rend nos produits moins co\u00fbteux et plus comp\u00e9titifs en termes de prix.<br>\u25cfEco Drinkware fait de l'OEM et de l'ODM. Avec des ing\u00e9nieurs professionnels de haut niveau ayant plus de 10 ans d'exp\u00e9rience dans l'industrie de la fabrication de bouteilles d'eau, il est facile de transformer votre id\u00e9e en produits r\u00e9els, et nous vous invitons chaleureusement \u00e0 partager votre id\u00e9e avec nous.<br>\u25cf Nous effectuons des contr\u00f4les de qualit\u00e9 en ligne pour nous assurer que la production se d\u00e9roule correctement et qu'il n'y a pas d'erreur. S'il y a une erreur, nous pouvons la corriger \u00e0 temps pour r\u00e9duire les co\u00fbts. La qualit\u00e9 est notre culture et nous croyons qu'elle apporte plus aux clients et aux fabricants. Si vous optez pour Eco Drinkware, vous obtiendrez plus de clients et plus de march\u00e9s, ainsi qu'une bonne r\u00e9putation de la part de vos clients. Parce que notre \u00e9quipe est heureuse de s'am\u00e9liorer et d'am\u00e9liorer ses produits afin d'\u00eatre excellente dans notre secteur d'activit\u00e9.<br>\u25cfM\u00e9thode d'exp\u00e9dition : FOB, CIF, DDU, DDP par train ou par bateau pour les clients du monde entier.<\/p>\n\n\n\n<p><strong>Q1: Is this tea infuser tumbler FDA and LFGB certified?<\/strong><br>Yes, the tumbler is manufactured using food-grade materials and complies with <strong>FDA and LFGB standards<\/strong>, suitable for the US, EU, and other international markets.<\/p>\n\n\n\n<p><strong>Q2: Can I customize the logo and color?<\/strong><br>Yes. We support <strong>custom colors, laser engraving or printed logos<\/strong>, as well as <strong>private label packaging<\/strong> for wholesale and bulk orders.<\/p>\n\n\n\n<p><strong>Q3: What beverages is this tumbler suitable for?<\/strong><br>It is designed for <strong>loose leaf tea, fruit tea, coffee, and infused water<\/strong>, suitable for both hot and cold drinks.<\/p>\n\n\n\n<p><strong>Q4: Does the tumbler fit in car cup holders?<\/strong><br>Yes. The slim body design fits <strong>most standard car cup holders<\/strong>, making it convenient for daily commuting and travel.<\/p>\n\n\n\n<p><strong>Q5: What is the minimum order quantity (MOQ)?<\/strong><br>MOQ depends on customization requirements. Please contact us for <strong>wholesale pricing and bulk order details<\/strong>.<\/p>\n\n\n\n<div class=\"wp-block-uagb-image uagb-block-ebf0aa1f wp-block-uagb-image--layout-default wp-block-uagb-image--effect-static wp-block-uagb-image--align-none\"><figure class=\"wp-block-uagb-image__figure\"><img decoding=\"async\" srcset=\"https:\/\/eco-drinkware.com\/wp-content\/uploads\/2026\/02\/black-insulated-thermos-tea-infuser.webp ,https:\/\/eco-drinkware.com\/wp-content\/uploads\/2026\/02\/black-insulated-thermos-tea-infuser.webp 780w, https:\/\/eco-drinkware.com\/wp-content\/uploads\/2026\/02\/black-insulated-thermos-tea-infuser.webp 360w\" sizes=\"auto, (max-width: 480px) 150px\" src=\"https:\/\/eco-drinkware.com\/wp-content\/uploads\/2026\/02\/black-insulated-thermos-tea-infuser.webp\" alt=\"Two black insulated thermos bottles with silver tea infusers on a kitchen counter.\" class=\"uag-image-3415\" width=\"1000\" height=\"1000\" title=\"Black Insulated Thermos with Tea Infuser\" loading=\"lazy\" role=\"img\"\/><\/figure><\/div>\n\n\n\n<figure class=\"wp-block-table\"><table class=\"has-fixed-layout\"><tbody><tr><td>Num\u00e9ro de CItem<\/td><td>GV0245<\/td><\/tr><tr><td>Capacit\u00e9<\/td><td>18OZ \/500ml  22oz\/660ml  32oz\/1000ml<\/td><\/tr><tr><td>Isol\u00e9<\/td><td>Oui&nbsp;&nbsp;&nbsp;&nbsp;&nbsp;&nbsp;&nbsp;&nbsp;&nbsp;&nbsp;&nbsp;&nbsp;&nbsp;<\/td><\/tr><tr><td>Position du logo<\/td><td>Corps de la bouteille<\/td><\/tr><tr><td>Couleur<\/td><td>Rouge, argent, vert, bleu, blanc, noir, or rose, couleur personnalis\u00e9e, couleur PMS<\/td><\/tr><tr><td>Mat\u00e9riau<\/td><td>304 stainless steel also called 18\/8 stainless steel inner and outer ,new pp plastic lid ,silicone seal ring<\/td><\/tr><tr><td>Fonctionnalit\u00e9<\/td><td>Bouteille sous vide \u00e0 double paroi, grande capacit\u00e9, design personnalis\u00e9<\/td><\/tr><tr><td>MOQ<\/td><td>200 pi\u00e8ces<\/td><\/tr><tr><td>Logo<\/td><td>Laser, impression en soie, transfert thermique, transfert d'eau, transfert de gaz, impression 3D, sublimation, etc.<\/td><\/tr><tr><td>Paquet<\/td><td>bo\u00eete blanche, bo\u00eete imprim\u00e9e personnalis\u00e9e, bo\u00eete cylindrique, sac \u00e0 bulles, bo\u00eete cadeau<\/td><\/tr><tr><td>Temps d'\u00e9chantillonnage<\/td><td>3 jours pour un \u00e9chantillon de stock, 7 jours pour un \u00e9chantillon de logo personnalis\u00e9<\/td><\/tr><tr><td>Temps de production<\/td><td>10-35 jours en fonction de la quantit\u00e9 et des besoins<\/td><\/tr><tr><td>A propos du paiement<\/td><td>Transfert bancaire, paypal, western union, assurance commerciale<\/td><\/tr><tr><td>Pays d'origine<\/td><td>Fabriqu\u00e9 en Chine<\/td><\/tr><tr><td>Origine du certificat<\/td><td>Oui, nous pouvons offrir<\/td><\/tr><tr><td>Nouveau moule de bouteille<\/td><td>Oui, nous disposons d'une nouvelle \u00e9quipe de d\u00e9veloppement de moules<\/td><\/tr><tr><td>Conditions<\/td><td>EXW, FOB, CIF, DDU, DDP<\/td><\/tr><\/tbody><\/table><\/figure>","protected":false},"excerpt":{"rendered":"<ul>\n<li data-start=\"1466\" data-end=\"1563\">\n<p data-start=\"1468\" data-end=\"1563\"><strong data-start=\"1468\" data-end=\"1502\">Food-Grade 304 Stainless Steel<\/strong> \u2013 BPA-free, rust-resistant, and designed for long-term use<\/p>\n<\/li>\n<li data-start=\"1564\" data-end=\"1644\">\n<p data-start=\"1566\" data-end=\"1644\"><strong data-start=\"1566\" data-end=\"1590\">FDA &amp; LFGB Certified<\/strong> \u2013 Compliant with US and EU food contact regulations<\/p>\n<\/li>\n<li data-start=\"1645\" data-end=\"1733\">\n<p data-start=\"1647\" data-end=\"1733\"><strong data-start=\"1647\" data-end=\"1675\">Plusieurs tailles disponibles<\/strong> \u2013 18oz, 22oz, and 32oz to meet different market demands<\/p>\n<\/li>\n<li data-start=\"1734\" data-end=\"1808\">\n<p data-start=\"1736\" data-end=\"1808\"><strong data-start=\"1736\" data-end=\"1769\">Double Wall Vacuum Insulation<\/strong> \u2013 Keeps drinks hot or cold for hours<\/p>\n<\/li>\n<li data-start=\"1809\" data-end=\"1888\">\n<p data-start=\"1811\" data-end=\"1888\"><strong data-start=\"1811\" data-end=\"1836\">Removable Tea Infuser<\/strong> \u2013 Ideal for loose leaf tea, fruit tea, and coffee<\/p>\n<\/li>\n<li data-start=\"1889\" data-end=\"1965\">\n<p data-start=\"1891\" data-end=\"1965\"><strong data-start=\"1891\" data-end=\"1918\">Car Cup Holder Friendly<\/strong> \u2013 Slim design fits most standard car holders<\/p>\n<\/li>\n<li data-start=\"1966\" data-end=\"2052\">\n<p data-start=\"1968\" data-end=\"2052\"><strong data-start=\"1968\" data-end=\"1997\">Custom Branding Supported<\/strong> \u2013 Logo, color, and packaging customization available<\/p>\n<\/li>\n<\/ul>","protected":false},"featured_media":3417,"template":"","meta":{"_acf_changed":true,"_seopress_robots_primary_cat":"none","_seopress_titles_title":"Custom stainless steel tea flask for loose tea with infuser and handle lid","_seopress_titles_desc":"FDA & LFGB certified 18oz \/ 22oz \/ 32oz stainless steel tea infuser tumbler with 304 food-grade material. Custom logo, color & packaging available for wholesale and private label orders.","_seopress_robots_index":"","_uag_custom_page_level_css":""},"product_brand":[],"product_cat":[32,40,19,54,24,20],"product_tag":[70,77,69,84,82,151],"class_list":{"0":"post-3416","1":"product","2":"type-product","3":"status-publish","4":"has-post-thumbnail","6":"product_cat-insulated-water-bottle","7":"product_cat-stainless-steel-tumbler","8":"product_cat-stainless-steel-water-bottle","9":"product_cat-tea-bottle-coffee-tumblers","10":"product_cat-tumblers-mugs","11":"product_cat-vacuum-flask","12":"product_tag-double-wall-insulated-flask","13":"product_tag-personalized-insulated-mug","14":"product_tag-stainless-steel-flask","15":"product_tag-tea-flask","16":"product_tag-tea-infuser-bottle","17":"product_tag-tea-tumbler","19":"first","20":"instock","21":"shipping-taxable","22":"product-type-simple"},"acf":[],"uagb_featured_image_src":{"full":["https:\/\/eco-drinkware.com\/wp-content\/uploads\/2026\/02\/eco-teal-vacuum-flask-infuser.webp",1000,1000,false],"thumbnail":["https:\/\/eco-drinkware.com\/wp-content\/uploads\/2026\/02\/eco-teal-vacuum-flask-infuser-150x150.webp",150,150,true],"medium":["https:\/\/eco-drinkware.com\/wp-content\/uploads\/2026\/02\/eco-teal-vacuum-flask-infuser-300x300.webp",300,300,true],"medium_large":["https:\/\/eco-drinkware.com\/wp-content\/uploads\/2026\/02\/eco-teal-vacuum-flask-infuser-768x768.webp",768,768,true],"large":["https:\/\/eco-drinkware.com\/wp-content\/uploads\/2026\/02\/eco-teal-vacuum-flask-infuser.webp",1000,1000,false],"1536x1536":["https:\/\/eco-drinkware.com\/wp-content\/uploads\/2026\/02\/eco-teal-vacuum-flask-infuser.webp",1000,1000,false],"2048x2048":["https:\/\/eco-drinkware.com\/wp-content\/uploads\/2026\/02\/eco-teal-vacuum-flask-infuser.webp",1000,1000,false],"trp-custom-language-flag":["https:\/\/eco-drinkware.com\/wp-content\/uploads\/2026\/02\/eco-teal-vacuum-flask-infuser-12x12.webp",12,12,true],"woocommerce_thumbnail":["https:\/\/eco-drinkware.com\/wp-content\/uploads\/2026\/02\/eco-teal-vacuum-flask-infuser-300x300.webp",300,300,true],"woocommerce_single":["https:\/\/eco-drinkware.com\/wp-content\/uploads\/2026\/02\/eco-teal-vacuum-flask-infuser-600x600.webp",600,600,true],"woocommerce_gallery_thumbnail":["https:\/\/eco-drinkware.com\/wp-content\/uploads\/2026\/02\/eco-teal-vacuum-flask-infuser-100x100.webp",100,100,true]},"uagb_author_info":{"display_name":"Amy","author_link":"https:\/\/eco-drinkware.com\/fr\/author\/"},"uagb_comment_info":0,"uagb_excerpt":"Food-Grade 304 Stainless Steel \u2013 BPA-free, rust-resistant, and designed for long-term use FDA &amp; LFGB Certified \u2013 Compliant with US and EU food contact regulations Multiple Sizes Available \u2013 18oz, 22oz, and 32oz to meet different market demands Double Wall Vacuum Insulation \u2013 Keeps drinks hot or cold for hours Removable Tea Infuser \u2013 Ideal\u2026","_links":{"self":[{"href":"https:\/\/eco-drinkware.com\/fr\/wp-json\/wp\/v2\/product\/3416","targetHints":{"allow":["GET"]}}],"collection":[{"href":"https:\/\/eco-drinkware.com\/fr\/wp-json\/wp\/v2\/product"}],"about":[{"href":"https:\/\/eco-drinkware.com\/fr\/wp-json\/wp\/v2\/types\/product"}],"wp:featuredmedia":[{"embeddable":true,"href":"https:\/\/eco-drinkware.com\/fr\/wp-json\/wp\/v2\/media\/3417"}],"wp:attachment":[{"href":"https:\/\/eco-drinkware.com\/fr\/wp-json\/wp\/v2\/media?parent=3416"}],"wp:term":[{"taxonomy":"product_brand","embeddable":true,"href":"https:\/\/eco-drinkware.com\/fr\/wp-json\/wp\/v2\/product_brand?post=3416"},{"taxonomy":"product_cat","embeddable":true,"href":"https:\/\/eco-drinkware.com\/fr\/wp-json\/wp\/v2\/product_cat?post=3416"},{"taxonomy":"product_tag","embeddable":true,"href":"https:\/\/eco-drinkware.com\/fr\/wp-json\/wp\/v2\/product_tag?post=3416"}],"curies":[{"name":"wp","href":"https:\/\/api.w.org\/{rel}","templated":true}]}}