{"id":342,"date":"2022-11-03T08:08:59","date_gmt":"2022-11-03T00:08:59","guid":{"rendered":"https:\/\/eco-drinkware.com\/?post_type=product&#038;p=342"},"modified":"2022-12-02T17:24:31","modified_gmt":"2022-12-02T09:24:31","slug":"107-ga6085-650ml-tea-infuser-flasks-vacuum-glass-liner-water-bottles-107","status":"publish","type":"product","link":"https:\/\/eco-drinkware.com\/fr\/product\/107-ga6085-650ml-tea-infuser-flasks-vacuum-glass-liner-water-bottles-107\/","title":{"rendered":"GA6085 650ml Bouteille Infuseur de Th\u00e9 Bouteille d'eau en verre sous vide"},"content":{"rendered":"<p>Cette bouteille en verre borosilicat\u00e9 est en verre \u00e0 simple paroi, le logo personnalis\u00e9 sur le verre est le bienvenu. Le verre est solide, c'est le mat\u00e9riau le plus \u00e9cologique pour la boisson.<\/p>\n\n\n\n<p>4 couleurs de couvercles pour la bouteille en verre, le couvercle est muni d'une poign\u00e9e, facile \u00e0 retirer. Le couvercle est en acier inoxydable 304, le mat\u00e9riau en contact avec l'eau est de qualit\u00e9 alimentaire.&nbsp;<\/p>\n\n\n\n<p>Aujourd'hui, les bouteilles en verre borosilicat\u00e9 \u00e0 simple paroi sont de plus en plus appr\u00e9ci\u00e9es, car elles sont l\u00e9g\u00e8res, bon march\u00e9 et simples.\u00a0<\/p>\n\n\n\n<figure class=\"wp-block-image size-large is-resized\"><img loading=\"lazy\" decoding=\"async\" src=\"https:\/\/eco-drinkware.com\/wp-content\/uploads\/107_0-1024x1024.webp\" alt=\"\" class=\"wp-image-405\" width=\"540\" height=\"540\" srcset=\"https:\/\/eco-drinkware.com\/wp-content\/uploads\/107_0-1024x1024.webp 1024w, https:\/\/eco-drinkware.com\/wp-content\/uploads\/107_0-300x300.webp 300w, https:\/\/eco-drinkware.com\/wp-content\/uploads\/107_0-150x150.webp 150w, https:\/\/eco-drinkware.com\/wp-content\/uploads\/107_0-768x768.webp 768w, https:\/\/eco-drinkware.com\/wp-content\/uploads\/107_0-600x600.webp 600w, https:\/\/eco-drinkware.com\/wp-content\/uploads\/107_0-100x100.webp 100w, https:\/\/eco-drinkware.com\/wp-content\/uploads\/107_0.webp 1200w\" sizes=\"auto, (max-width: 540px) 100vw, 540px\" \/><\/figure>\n\n\n\n<figure class=\"wp-block-image size-full is-resized\"><img loading=\"lazy\" decoding=\"async\" src=\"https:\/\/eco-drinkware.com\/wp-content\/uploads\/2020-11-13-16-35-360.webp\" alt=\"\" class=\"wp-image-404\" width=\"540\" height=\"606\" srcset=\"https:\/\/eco-drinkware.com\/wp-content\/uploads\/2020-11-13-16-35-360.webp 720w, https:\/\/eco-drinkware.com\/wp-content\/uploads\/2020-11-13-16-35-360-267x300.webp 267w, https:\/\/eco-drinkware.com\/wp-content\/uploads\/2020-11-13-16-35-360-134x150.webp 134w, https:\/\/eco-drinkware.com\/wp-content\/uploads\/2020-11-13-16-35-360-600x673.webp 600w\" sizes=\"auto, (max-width: 540px) 100vw, 540px\" \/><\/figure>\n\n\n\n<figure class=\"wp-block-table\"><table><tbody><tr><td>Nom<\/td><td>Bouteilles en verre borosilicat\u00e9 avec couvercles de 4 couleurs--GA6085<\/td><\/tr><tr><td>Capacit\u00e9<\/td><td>650ml<\/td><\/tr><tr><td>Logo<\/td><td>Logo personnalis\u00e9 sur le verre<\/td><\/tr><tr><td>Couleur du couvercle<\/td><td>Or, or rose, argent, noir<\/td><\/tr><tr><td>Mat\u00e9riau<\/td><td>Verre borosilicat\u00e9, acier inoxydable 304, ABS, nouveau pp<\/td><\/tr><tr><td>Paquet<\/td><td>Bo\u00eete blanche, bo\u00eete de couleur personnalis\u00e9e, cylindre rond, bo\u00eete \u00e0 \u0153ufs<\/td><\/tr><\/tbody><\/table><\/figure>","protected":false},"excerpt":{"rendered":"<p>Cette bouteille en verre borosilicat\u00e9 est en verre \u00e0 simple paroi, le logo personnalis\u00e9 sur le verre est le bienvenu. Le verre est solide, c'est le mat\u00e9riau le plus \u00e9cologique pour la boisson.<\/p>","protected":false},"featured_media":405,"template":"","meta":{"_acf_changed":false,"_seopress_robots_primary_cat":"","_seopress_titles_title":"","_seopress_titles_desc":"","_seopress_robots_index":"","_uag_custom_page_level_css":""},"product_brand":[],"product_cat":[36,42,25,22,54],"product_tag":[],"class_list":{"0":"post-342","1":"product","2":"type-product","3":"status-publish","4":"has-post-thumbnail","6":"product_cat-double-wall-gass-bottle","7":"product_cat-glass-tumbler","8":"product_cat-glass-tumbler-mugs","9":"product_cat-glass-water-bottle","10":"product_cat-tea-bottle-coffee-tumblers","12":"first","13":"instock","14":"shipping-taxable","15":"product-type-simple"},"acf":[],"uagb_featured_image_src":{"full":["https:\/\/eco-drinkware.com\/wp-content\/uploads\/107_0.webp",1200,1200,false],"thumbnail":["https:\/\/eco-drinkware.com\/wp-content\/uploads\/107_0-150x150.webp",150,150,true],"medium":["https:\/\/eco-drinkware.com\/wp-content\/uploads\/107_0-300x300.webp",300,300,true],"medium_large":["https:\/\/eco-drinkware.com\/wp-content\/uploads\/107_0-768x768.webp",768,768,true],"large":["https:\/\/eco-drinkware.com\/wp-content\/uploads\/107_0-1024x1024.webp",1024,1024,true],"1536x1536":["https:\/\/eco-drinkware.com\/wp-content\/uploads\/107_0.webp",1200,1200,false],"2048x2048":["https:\/\/eco-drinkware.com\/wp-content\/uploads\/107_0.webp",1200,1200,false],"trp-custom-language-flag":["https:\/\/eco-drinkware.com\/wp-content\/uploads\/107_0.webp",12,12,false],"woocommerce_thumbnail":["https:\/\/eco-drinkware.com\/wp-content\/uploads\/107_0-300x300.webp",300,300,true],"woocommerce_single":["https:\/\/eco-drinkware.com\/wp-content\/uploads\/107_0-600x600.webp",600,600,true],"woocommerce_gallery_thumbnail":["https:\/\/eco-drinkware.com\/wp-content\/uploads\/107_0-100x100.webp",100,100,true]},"uagb_author_info":{"display_name":"Amy","author_link":"https:\/\/eco-drinkware.com\/fr\/author\/"},"uagb_comment_info":0,"uagb_excerpt":"This borosilicate glass drinking bottle is single walled glass, custom logo on the glass is welcome. The glass is solid, most eco friendly material for drinking.","_links":{"self":[{"href":"https:\/\/eco-drinkware.com\/fr\/wp-json\/wp\/v2\/product\/342","targetHints":{"allow":["GET"]}}],"collection":[{"href":"https:\/\/eco-drinkware.com\/fr\/wp-json\/wp\/v2\/product"}],"about":[{"href":"https:\/\/eco-drinkware.com\/fr\/wp-json\/wp\/v2\/types\/product"}],"wp:featuredmedia":[{"embeddable":true,"href":"https:\/\/eco-drinkware.com\/fr\/wp-json\/wp\/v2\/media\/405"}],"wp:attachment":[{"href":"https:\/\/eco-drinkware.com\/fr\/wp-json\/wp\/v2\/media?parent=342"}],"wp:term":[{"taxonomy":"product_brand","embeddable":true,"href":"https:\/\/eco-drinkware.com\/fr\/wp-json\/wp\/v2\/product_brand?post=342"},{"taxonomy":"product_cat","embeddable":true,"href":"https:\/\/eco-drinkware.com\/fr\/wp-json\/wp\/v2\/product_cat?post=342"},{"taxonomy":"product_tag","embeddable":true,"href":"https:\/\/eco-drinkware.com\/fr\/wp-json\/wp\/v2\/product_tag?post=342"}],"curies":[{"name":"wp","href":"https:\/\/api.w.org\/{rel}","templated":true}]}}