{"id":344,"date":"2022-11-03T08:17:48","date_gmt":"2022-11-03T08:17:48","guid":{"rendered":"https:\/\/eco-drinkware.com\/?post_type=product&#038;p=344"},"modified":"2022-11-03T13:45:29","modified_gmt":"2022-11-03T13:45:29","slug":"105-en-stock-boite-a-lunch-en-acier-inoxydable-avec-couvercle-en-bambou-105","status":"publish","type":"product","link":"https:\/\/eco-drinkware.com\/fr\/product\/105-en-stock-boite-a-lunch-en-acier-inoxydable-avec-couvercle-en-bambou-105\/","title":{"rendered":"En stock Bo\u00eete \u00e0 lunch bento en acier inoxydable \u00e9cologique avec couvercle en bambou"},"content":{"rendered":"<p>800ml 1200ml<\/p>\n\n\n\n<p><strong>En stock Bo\u00eete \u00e0 lunch bento en acier inoxydable \u00e9cologique avec couvercle en bambou<\/strong><\/p>\n\n\n\n<p><strong>Couvercle en bambou naturel :<\/strong>Le couvercle de la gourde thermos isolante en bambou est fabriqu\u00e9 en bambou naturel, facile \u00e0 personnaliser avec un logo laser. Tr\u00e8s \u00e9pais et respectueux de l'environnement.<br><br><strong>Pas de plastique :<\/strong>L'acier inoxydable 304 est un mat\u00e9riau alimentaire standard, il n'y a pas de plastique dans cette bo\u00eete \u00e0 lunch \u00e0 couvercle en bambou.<br><br><strong>2 tailles :<\/strong>800ml, 1200ml. La gourde en bambou de 800ml convient aux enfants, la bo\u00eete \u00e0 bento en bambou de 1200ml est un bon choix pour les adultes.<br><br>Nous proposons \u00e9galement des bo\u00eetes \u00e0 lunch en acier inoxydable 304, dont toutes les pi\u00e8ces sont en acier inoxydable, sans plastique.<br><br>Cette bo\u00eete \u00e0 bento ne contient pas de plastique. Il n'y a que du bambou naturel et de l'acier inoxydable 304. Ce qui signifie qu'il n'y a pas de plastique. C'est la nouvelle tendance pour se rapprocher de la nature et du mode de vie original.  Si vous souhaitez r\u00e9duire le plastique dans votre vie quotidienne, nous vous invitons \u00e0 nous rejoindre et \u00e0 vendre cette bo\u00eete \u00e0 lunch \u00e0 vos clients.<br><br>couvercle en bambou taille de la bo\u00eete \u00e0 lunch pour votre r\u00e9f\u00e9rence<\/p>\n\n\n\n<figure class=\"wp-block-image size-full\"><img loading=\"lazy\" decoding=\"async\" width=\"750\" height=\"968\" src=\"https:\/\/eco-drinkware.com\/wp-content\/uploads\/2021-05-21-16-00-279.webp\" alt=\"\" class=\"wp-image-412\" srcset=\"https:\/\/eco-drinkware.com\/wp-content\/uploads\/2021-05-21-16-00-279.webp 750w, https:\/\/eco-drinkware.com\/wp-content\/uploads\/2021-05-21-16-00-279-232x300.webp 232w, https:\/\/eco-drinkware.com\/wp-content\/uploads\/2021-05-21-16-00-279-116x150.webp 116w, https:\/\/eco-drinkware.com\/wp-content\/uploads\/2021-05-21-16-00-279-600x774.webp 600w\" sizes=\"auto, (max-width: 750px) 100vw, 750px\" \/><\/figure>\n\n\n\n<p>Nous vous proposons des photos plus d\u00e9taill\u00e9es de la bo\u00eete \u00e0 bento avec couvercle en bambou pour votre r\u00e9f\u00e9rence.  Il est facile d'apposer le nom de votre marque sur la bo\u00eete \u00e0 lunch et le couvercle en bambou.<br>C'est aussi un bon cadeau pour vos clients, employ\u00e9s et amis.<\/p>\n\n\n\n<figure class=\"wp-block-image size-large\"><img loading=\"lazy\" decoding=\"async\" width=\"600\" height=\"1024\" src=\"https:\/\/eco-drinkware.com\/wp-content\/uploads\/2021-05-21-16-01-590-600x1024.webp\" alt=\"\" class=\"wp-image-413\" srcset=\"https:\/\/eco-drinkware.com\/wp-content\/uploads\/2021-05-21-16-01-590-600x1025.webp 600w, https:\/\/eco-drinkware.com\/wp-content\/uploads\/2021-05-21-16-01-590-176x300.webp 176w, https:\/\/eco-drinkware.com\/wp-content\/uploads\/2021-05-21-16-01-590-88x150.webp 88w, https:\/\/eco-drinkware.com\/wp-content\/uploads\/2021-05-21-16-01-590.webp 750w\" sizes=\"auto, (max-width: 600px) 100vw, 600px\" \/><\/figure>\n\n\n\n<figure class=\"wp-block-image size-large\"><img loading=\"lazy\" decoding=\"async\" width=\"670\" height=\"1024\" src=\"https:\/\/eco-drinkware.com\/wp-content\/uploads\/2021-05-21-16-02-568-670x1024.webp\" alt=\"\" class=\"wp-image-416\" srcset=\"https:\/\/eco-drinkware.com\/wp-content\/uploads\/2021-05-21-16-02-568-670x1024.webp 670w, https:\/\/eco-drinkware.com\/wp-content\/uploads\/2021-05-21-16-02-568-196x300.webp 196w, https:\/\/eco-drinkware.com\/wp-content\/uploads\/2021-05-21-16-02-568-98x150.webp 98w, https:\/\/eco-drinkware.com\/wp-content\/uploads\/2021-05-21-16-02-568-600x918.webp 600w, https:\/\/eco-drinkware.com\/wp-content\/uploads\/2021-05-21-16-02-568.webp 750w\" sizes=\"auto, (max-width: 670px) 100vw, 670px\" \/><\/figure>\n\n\n\n<figure class=\"wp-block-table\"><table><tbody><tr><td>Nom<\/td><td>Meilleure gourde isolante en bambou<\/td><\/tr><tr><td>Mat\u00e9riau<\/td><td>Bambou naturel, acier inoxydable 304<\/td><\/tr><tr><td>Taille<\/td><td>800ml, 1200ml<\/td><\/tr><tr><td>Logo<\/td><td>Sur mesure<\/td><\/tr><tr><td>Paquet<\/td><td>Bo\u00eete brune naturelle, bo\u00eete de couleur personnalis\u00e9e<\/td><\/tr><tr><td>Fonctionnalit\u00e9<\/td><td>Pas de plastique<\/td><\/tr><\/tbody><\/table><\/figure>","protected":false},"excerpt":{"rendered":"<p>Le couvercle de la gourde thermos isol\u00e9e en bambou est fabriqu\u00e9 en bambou naturel, facile \u00e0 personnaliser avec un logo au laser. Tr\u00e8s \u00e9pais et respectueux de l'environnement. Pas de design en plastique.<\/p>","protected":false},"featured_media":411,"template":"","meta":{"_acf_changed":false,"_seopress_robots_primary_cat":"","_seopress_titles_title":"","_seopress_titles_desc":"","_seopress_robots_index":"","_uag_custom_page_level_css":""},"product_brand":[],"product_cat":[15],"product_tag":[],"class_list":{"0":"post-344","1":"product","2":"type-product","3":"status-publish","4":"has-post-thumbnail","6":"product_cat-drinkware-accessories","8":"first","9":"instock","10":"shipping-taxable","11":"product-type-simple"},"acf":[],"uagb_featured_image_src":{"full":["https:\/\/eco-drinkware.com\/wp-content\/uploads\/105_3.webp",1000,1000,false],"thumbnail":["https:\/\/eco-drinkware.com\/wp-content\/uploads\/105_3-150x150.webp",150,150,true],"medium":["https:\/\/eco-drinkware.com\/wp-content\/uploads\/105_3-300x300.webp",300,300,true],"medium_large":["https:\/\/eco-drinkware.com\/wp-content\/uploads\/105_3-768x768.webp",768,768,true],"large":["https:\/\/eco-drinkware.com\/wp-content\/uploads\/105_3.webp",1000,1000,false],"1536x1536":["https:\/\/eco-drinkware.com\/wp-content\/uploads\/105_3.webp",1000,1000,false],"2048x2048":["https:\/\/eco-drinkware.com\/wp-content\/uploads\/105_3.webp",1000,1000,false],"trp-custom-language-flag":["https:\/\/eco-drinkware.com\/wp-content\/uploads\/105_3.webp",12,12,false],"woocommerce_thumbnail":["https:\/\/eco-drinkware.com\/wp-content\/uploads\/105_3-300x300.webp",300,300,true],"woocommerce_single":["https:\/\/eco-drinkware.com\/wp-content\/uploads\/105_3-600x600.webp",600,600,true],"woocommerce_gallery_thumbnail":["https:\/\/eco-drinkware.com\/wp-content\/uploads\/105_3-100x100.webp",100,100,true]},"uagb_author_info":{"display_name":"Amy","author_link":"https:\/\/eco-drinkware.com\/fr\/author\/"},"uagb_comment_info":0,"uagb_excerpt":"The lid of bamboo insulated thermos food flask is made of nature bamboo, easy to do custom laser logo on. Very thick and eco friendly. No plastic design.","_links":{"self":[{"href":"https:\/\/eco-drinkware.com\/fr\/wp-json\/wp\/v2\/product\/344","targetHints":{"allow":["GET"]}}],"collection":[{"href":"https:\/\/eco-drinkware.com\/fr\/wp-json\/wp\/v2\/product"}],"about":[{"href":"https:\/\/eco-drinkware.com\/fr\/wp-json\/wp\/v2\/types\/product"}],"wp:featuredmedia":[{"embeddable":true,"href":"https:\/\/eco-drinkware.com\/fr\/wp-json\/wp\/v2\/media\/411"}],"wp:attachment":[{"href":"https:\/\/eco-drinkware.com\/fr\/wp-json\/wp\/v2\/media?parent=344"}],"wp:term":[{"taxonomy":"product_brand","embeddable":true,"href":"https:\/\/eco-drinkware.com\/fr\/wp-json\/wp\/v2\/product_brand?post=344"},{"taxonomy":"product_cat","embeddable":true,"href":"https:\/\/eco-drinkware.com\/fr\/wp-json\/wp\/v2\/product_cat?post=344"},{"taxonomy":"product_tag","embeddable":true,"href":"https:\/\/eco-drinkware.com\/fr\/wp-json\/wp\/v2\/product_tag?post=344"}],"curies":[{"name":"wp","href":"https:\/\/api.w.org\/{rel}","templated":true}]}}