{"id":346,"date":"2022-11-03T08:21:33","date_gmt":"2022-11-03T00:21:33","guid":{"rendered":"https:\/\/eco-drinkware.com\/?post_type=product&#038;p=346"},"modified":"2025-09-26T18:10:55","modified_gmt":"2025-09-26T10:10:55","slug":"14-personzlied-logo-personnalise-pas-de-minimum-the-fruit-infuseur-bouteille-deau-verre-borosilicate-14","status":"publish","type":"product","link":"https:\/\/eco-drinkware.com\/fr\/product\/14-personzlied-logo-personnalise-pas-de-minimum-the-fruit-infuseur-bouteille-deau-verre-borosilicate-14\/","title":{"rendered":"Bouteille \u00e0 infusion en verre certifi\u00e9e FDA &amp; LFGB - Bouteille \u00e0 infusion pour th\u00e9 et fruits avec couvercle en bambou \u00e9cologique"},"content":{"rendered":"<h2 class=\"wp-block-heading\">Bouteille d'eau infuseur en verre avec couvercle en bambou, certifi\u00e9e FDA et LFGB, id\u00e9ale pour les commandes en gros, les cadeaux d'entreprise et la promotion de la marque.<\/h2>\n\n\n\n<p>Il s'agit d'une bouteille en verre \u00e0 double paroi tr\u00e8s populaire et tr\u00e8s tendance. Le couvercle en bambou contient une pi\u00e8ce en acier inoxydable. Ainsi, aucun plastique n'entre en contact avec l'eau. Sensation de luxe et style de vie naturel. Parfait pour les marques de th\u00e9, les salons de th\u00e9, les caf\u00e9s et \u00e9galement un tr\u00e8s beau cadeau pour tout \u00e9v\u00e9nement promotionnel comme un mariage, un festival.<\/p>\n\n\n\n<ul class=\"wp-block-list\">\n<li><strong>Personnalisation compl\u00e8te de la marque<\/strong> - Cette bouteille d'eau \u00e0 infusion en verre, certifi\u00e9e FDA et LFGB, est con\u00e7ue pour r\u00e9pondre aux besoins de votre entreprise. La bouteille <strong>corps en verre, couvercle en bambou et emballage ext\u00e9rieur<\/strong> peuvent tous \u00eatre personnalis\u00e9s avec votre logo ou le message de votre marque. Que vous recherchiez <strong>vente en gros, commandes group\u00e9es, projets de marque priv\u00e9e ou cadeaux d'entreprise<\/strong>, Cette bouteille offre la flexibilit\u00e9 n\u00e9cessaire pour mettre en valeur votre marque de mani\u00e8re optimale.<\/li>\n\n\n\n<li><strong>Construction en verre de haute qualit\u00e9<\/strong> - Fabriqu\u00e9 \u00e0 partir de <strong>verre borosilicat\u00e9 durable<\/strong>, La bouteille en verre est r\u00e9sistante \u00e0 la chaleur et \u00e0 la casse, offrant \u00e0 la fois s\u00e9curit\u00e9 et long\u00e9vit\u00e9 d'utilisation. Contrairement aux bouteilles en plastique, le verre est <strong>\u00e9cologique, sans BPA et plus sain pour l'hydratation quotidienne<\/strong>, qui s'aligne sur la demande croissante d'articles de boisson durables sur les march\u00e9s internationaux.<\/li>\n\n\n\n<li><strong>Couvercle en bambou naturel<\/strong> - Le couvercle en bambou respectueux de l'environnement ajoute une touche d'\u00e9l\u00e9gance tout en garantissant une \u00e9tanch\u00e9it\u00e9 parfaite. Il ne se contente pas de rehausser l'attrait visuel, il refl\u00e8te \u00e9galement la beaut\u00e9 de l'environnement. <strong>pratiques commerciales durables<\/strong>, ce qui constitue un argument de vente important pour les acheteurs et les distributeurs soucieux de l'environnement.<\/li>\n\n\n\n<li><strong>Infuseur polyvalent et r\u00e9sistant \u00e0 la chaleur<\/strong> - Le corps en verre isol\u00e9 prot\u00e8ge vos mains de la chaleur, ce qui rend la manipulation s\u00fbre et confortable. Gr\u00e2ce \u00e0 son infuseur amovible, la bouteille est parfaite pour la pr\u00e9paration d'infusions. <strong>du th\u00e9 en feuilles, du th\u00e9 aux fruits et m\u00eame du caf\u00e9 fra\u00eechement pr\u00e9par\u00e9<\/strong>, et offrent ainsi \u00e0 vos clients un produit polyvalent et fonctionnel.<\/li>\n\n\n\n<li><strong>Id\u00e9al pour les march\u00e9s B2B<\/strong> - Cette bouteille d'eau avec infuseur en verre est id\u00e9ale pour <strong>importateurs, d\u00e9taillants, distributeurs et entreprises de produits promotionnels<\/strong>. Il r\u00e9pond aux normes de certification internationales (FDA et LFGB), garantissant la conformit\u00e9 de la qualit\u00e9 et la fiabilit\u00e9 pour les march\u00e9s mondiaux. Avec des options pour <strong>personnalisation du logo et emballage sur mesure<\/strong>, Il s'agit d'un excellent choix pour les entreprises qui souhaitent enrichir leur gamme de produits avec un article \u00e9cologique de premi\u00e8re qualit\u00e9.<\/li>\n<\/ul>\n\n\n\n<p><strong>Pourquoi vous l'aimerez :<\/strong><\/p>\n\n\n\n<h3 class=\"wp-block-heading\"><strong>Pourquoi choisir notre bouteille d'eau en verre avec filtre pour les commandes en gros ?<\/strong><\/h3>\n\n\n\n<p>\u2728\u00a0<strong>Options de personnalisation<\/strong>\u00a0- En tant que fournisseur de confiance, nous offrons un large \u00e9ventail d'options de personnalisation, y compris l'emplacement du logo, le choix des couleurs et l'emballage personnalis\u00e9.<br>\u2728\u00a0<strong>Prix directs d'usine<\/strong>\u00a0- B\u00e9n\u00e9ficiez de tarifs comp\u00e9titifs pour les commandes en gros, afin de garantir la rentabilit\u00e9 sans compromettre la qualit\u00e9.<br>\u2728\u00a0<strong>Durable et fiable<\/strong>\u00a0- Con\u00e7us pour r\u00e9sister \u00e0 un usage quotidien, nos gobelets sont parfaits pour les cadeaux d'entreprise, les \u00e9v\u00e9nements promotionnels ou les ventes au d\u00e9tail. Eco Drinkware offre un excellent service apr\u00e8s-vente pour nos bouteilles \u00e0 sublimation.<br>\u2728\u00a0<strong>D\u00e9lai d'ex\u00e9cution rapide<\/strong>\u00a0- Notre usine est \u00e9quip\u00e9e pour traiter des commandes de grande envergure avec une production efficace et une livraison dans les d\u00e9lais. En particulier, nous utilisons des robots dans la production, ce qui acc\u00e9l\u00e8re consid\u00e9rablement la production. Il y a 200 travailleurs et 10 lignes de production travaillent pour nos clients chaque jour.                                       \u2728<strong>Soutenir les petites commandes<\/strong>\u00a0- Nous disposons d'un stock de bouteilles en verre dans notre entrep\u00f4t, ce qui nous permet d'accepter des commandes de petites quantit\u00e9s, par exemple 100 pi\u00e8ces. Cela permet de r\u00e9duire le temps de production et de faciliter le d\u00e9marrage de l'activit\u00e9.<br>\u2728\u00a0<strong>Respectueux de l'environnement et r\u00e9utilisable<\/strong>\u00a0- Promouvoir le d\u00e9veloppement durable avec un gobelet r\u00e9utilisable qui r\u00e9duit les d\u00e9chets et s'aligne sur les valeurs \u00e9coconscientes. De plus en plus de clients choisissent la gourde isotherme en acier inoxydable pour remplacer la bouteille en plastique.                                                            \u2728<strong>Livraison mondiale<\/strong>\u00a0- Nous offrons une livraison mondiale \u00e0 tous nos clients. Nous proposons m\u00eame l'exp\u00e9dition DDP dans de nombreux pays. Cela permet aux clients d'\u00e9conomiser de l'argent.                                                                                \u2728<strong>Un fournisseur fiable<\/strong>\u00a0- Eco Drinkware travaille dans ce domaine depuis 10 ans. Nous disposons d'une \u00e9quipe technologique et d'un personnel de vente exp\u00e9riment\u00e9s pour mener \u00e0 bien tous les nouveaux projets. Il est sage de travailler avec un fournisseur professionnel pour \u00e9conomiser de l'argent et du temps. Nous sommes convaincus que vous serez satisfaits de votre achat.<\/p>\n\n\n\n<figure class=\"wp-block-table\"><table><tbody><tr><td>Nom<\/td><td>Bouteille d'eau en verre borosilicate double paroi de 450ml<\/td><\/tr><tr><td>Mat\u00e9riau<\/td><td>verre borosilicat\u00e9, bambou naturel, acier inoxydable 18\/8 304, nouveau pp, anneau en silicone<\/td><\/tr><tr><td>Capacit\u00e9<\/td><td>450ml<\/td><\/tr><tr><td>Taille<\/td><td>7*23cm<\/td><\/tr><tr><td>Paquet<\/td><td>Bo\u00eete blanche, bo\u00eete de couleur personnalis\u00e9e, cylindre rond<\/td><\/tr><tr><td>Logo<\/td><td>Sur mesure<\/td><\/tr><tr><td>Temps d'\u00e9chantillonnage<\/td><td>5-7 jours<\/td><\/tr><\/tbody><\/table><\/figure>\n\n\n\n<figure class=\"wp-block-image size-full is-resized\"><img loading=\"lazy\" decoding=\"async\" width=\"1000\" height=\"1000\" src=\"https:\/\/eco-drinkware.com\/wp-content\/uploads\/14_0.webp\" alt=\"\" class=\"wp-image-419\" style=\"width:500px;height:500px\" srcset=\"https:\/\/eco-drinkware.com\/wp-content\/uploads\/14_0.webp 1000w, https:\/\/eco-drinkware.com\/wp-content\/uploads\/14_0-300x300.webp 300w, https:\/\/eco-drinkware.com\/wp-content\/uploads\/14_0-150x150.webp 150w, https:\/\/eco-drinkware.com\/wp-content\/uploads\/14_0-768x768.webp 768w, https:\/\/eco-drinkware.com\/wp-content\/uploads\/14_0-600x600.webp 600w, https:\/\/eco-drinkware.com\/wp-content\/uploads\/14_0-100x100.webp 100w\" sizes=\"auto, (max-width: 1000px) 100vw, 1000px\" \/><\/figure>\n\n\n\n<figure class=\"wp-block-image size-full is-resized\"><img loading=\"lazy\" decoding=\"async\" width=\"750\" height=\"800\" src=\"https:\/\/eco-drinkware.com\/wp-content\/uploads\/2020-10-23-17-25-520.webp\" alt=\"\" class=\"wp-image-418\" style=\"width:563px;height:600px\" srcset=\"https:\/\/eco-drinkware.com\/wp-content\/uploads\/2020-10-23-17-25-520.webp 750w, https:\/\/eco-drinkware.com\/wp-content\/uploads\/2020-10-23-17-25-520-281x300.webp 281w, https:\/\/eco-drinkware.com\/wp-content\/uploads\/2020-10-23-17-25-520-141x150.webp 141w, https:\/\/eco-drinkware.com\/wp-content\/uploads\/2020-10-23-17-25-520-600x640.webp 600w\" sizes=\"auto, (max-width: 750px) 100vw, 750px\" \/><\/figure>\n\n\n\n<figure class=\"wp-block-image size-large is-resized\"><img loading=\"lazy\" decoding=\"async\" width=\"1024\" height=\"1024\" src=\"https:\/\/eco-drinkware.com\/wp-content\/uploads\/14_1-1024x1024.webp\" alt=\"\" class=\"wp-image-420\" style=\"width:500px;height:500px\" srcset=\"https:\/\/eco-drinkware.com\/wp-content\/uploads\/14_1-1024x1024.webp 1024w, https:\/\/eco-drinkware.com\/wp-content\/uploads\/14_1-300x300.webp 300w, https:\/\/eco-drinkware.com\/wp-content\/uploads\/14_1-150x150.webp 150w, https:\/\/eco-drinkware.com\/wp-content\/uploads\/14_1-768x768.webp 768w, https:\/\/eco-drinkware.com\/wp-content\/uploads\/14_1-600x600.webp 600w, https:\/\/eco-drinkware.com\/wp-content\/uploads\/14_1-100x100.webp 100w, https:\/\/eco-drinkware.com\/wp-content\/uploads\/14_1.webp 1500w\" sizes=\"auto, (max-width: 1024px) 100vw, 1024px\" \/><\/figure>\n\n\n\n<p>Image de l'emballage personnalis\u00e9 pour r\u00e9f\u00e9rence<\/p>\n\n\n\n<figure class=\"wp-block-image size-full is-resized\"><img loading=\"lazy\" decoding=\"async\" width=\"802\" height=\"595\" src=\"https:\/\/eco-drinkware.com\/wp-content\/uploads\/2025\/09\/color-box.jpg\" alt=\"Bo\u00eete de couleur pour bouteille d&#039;eau en verre\" class=\"wp-image-3264\" style=\"width:507px;height:auto\" srcset=\"https:\/\/eco-drinkware.com\/wp-content\/uploads\/2025\/09\/color-box.jpg 802w, https:\/\/eco-drinkware.com\/wp-content\/uploads\/2025\/09\/color-box-300x223.jpg 300w, https:\/\/eco-drinkware.com\/wp-content\/uploads\/2025\/09\/color-box-150x111.jpg 150w, https:\/\/eco-drinkware.com\/wp-content\/uploads\/2025\/09\/color-box-768x570.jpg 768w, https:\/\/eco-drinkware.com\/wp-content\/uploads\/2025\/09\/color-box-16x12.jpg 16w, https:\/\/eco-drinkware.com\/wp-content\/uploads\/2025\/09\/color-box-600x445.jpg 600w\" sizes=\"auto, (max-width: 802px) 100vw, 802px\" \/><figcaption class=\"wp-element-caption\">Bo\u00eete de couleur personnalis\u00e9e<\/figcaption><\/figure>\n\n\n\n<figure class=\"wp-block-image size-full is-resized\"><img loading=\"lazy\" decoding=\"async\" width=\"634\" height=\"575\" src=\"https:\/\/eco-drinkware.com\/wp-content\/uploads\/2025\/09\/cylinder-package.jpg\" alt=\"paquet de cylindres\" class=\"wp-image-3265\" style=\"width:327px;height:auto\" srcset=\"https:\/\/eco-drinkware.com\/wp-content\/uploads\/2025\/09\/cylinder-package.jpg 634w, https:\/\/eco-drinkware.com\/wp-content\/uploads\/2025\/09\/cylinder-package-300x272.jpg 300w, https:\/\/eco-drinkware.com\/wp-content\/uploads\/2025\/09\/cylinder-package-150x136.jpg 150w, https:\/\/eco-drinkware.com\/wp-content\/uploads\/2025\/09\/cylinder-package-13x12.jpg 13w, https:\/\/eco-drinkware.com\/wp-content\/uploads\/2025\/09\/cylinder-package-600x544.jpg 600w\" sizes=\"auto, (max-width: 634px) 100vw, 634px\" \/><figcaption class=\"wp-element-caption\">Paquet de cylindres arrondis sur mesure<\/figcaption><\/figure>\n\n\n\n<p>Pour les commandes en vrac exp\u00e9di\u00e9es par voie maritime, nous utilisons un emballage sous forme de palette afin d'\u00e9viter toute rupture pendant le transport.<\/p>\n\n\n\n<figure class=\"wp-block-image size-full is-resized\"><img loading=\"lazy\" decoding=\"async\" width=\"544\" height=\"960\" src=\"https:\/\/eco-drinkware.com\/wp-content\/uploads\/2025\/09\/pallet-package.jpg\" alt=\"paquet de palettes\" class=\"wp-image-3266\" style=\"width:283px;height:auto\" srcset=\"https:\/\/eco-drinkware.com\/wp-content\/uploads\/2025\/09\/pallet-package.jpg 544w, https:\/\/eco-drinkware.com\/wp-content\/uploads\/2025\/09\/pallet-package-170x300.jpg 170w, https:\/\/eco-drinkware.com\/wp-content\/uploads\/2025\/09\/pallet-package-85x150.jpg 85w, https:\/\/eco-drinkware.com\/wp-content\/uploads\/2025\/09\/pallet-package-7x12.jpg 7w\" sizes=\"auto, (max-width: 544px) 100vw, 544px\" \/><\/figure>","protected":false},"excerpt":{"rendered":"<h3 data-start=\"109\" data-end=\"134\">Bouteille d'eau en verre avec filtre, personnalis\u00e9e et certifi\u00e9e FDA &amp; LFGB<\/h3>\n<ul data-start=\"136\" data-end=\"979\">\n<li data-start=\"136\" data-end=\"338\">\n<p data-start=\"138\" data-end=\"338\"><strong data-start=\"138\" data-end=\"171\">Options de marquage personnalisables<\/strong> - Le corps en verre, le couvercle en bambou et l'emballage peuvent tous \u00eatre personnalis\u00e9s avec votre logo, ce qui en fait un produit id\u00e9al pour <strong data-start=\"276\" data-end=\"335\">vente en gros, cadeaux d'entreprise et marchandises promotionnelles<\/strong>.<\/p>\n<\/li>\n<li data-start=\"339\" data-end=\"518\">\n<p data-start=\"341\" data-end=\"518\"><strong data-start=\"341\" data-end=\"371\">Construction en verre durable<\/strong> - Fabriqu\u00e9e en verre borosilicat\u00e9 de premi\u00e8re qualit\u00e9, cette bouteille est \u00e9cologique, sans BPA et plus saine pour l'hydratation quotidienne que les alternatives en plastique.<\/p>\n<\/li>\n<li data-start=\"519\" data-end=\"662\">\n<p data-start=\"521\" data-end=\"662\"><strong data-start=\"521\" data-end=\"548\">Couvercle en bambou \u00e9cologique<\/strong> - Le couvercle en bambou naturel ajoute une touche d'\u00e9l\u00e9gance \u00e0 l'ensemble tout en soutenant l'activit\u00e9 de l'entreprise. <strong data-start=\"625\" data-end=\"659\">solutions durables pour les entreprises<\/strong>.<\/p>\n<\/li>\n<li data-start=\"663\" data-end=\"810\">\n<p data-start=\"665\" data-end=\"810\"><strong data-start=\"665\" data-end=\"690\">Conception r\u00e9sistante \u00e0 la chaleur<\/strong> - Le corps en verre isol\u00e9 emp\u00eache les br\u00fblures, ce qui permet d'utiliser en toute s\u00e9curit\u00e9 le th\u00e9 chaud, les infusions de fruits et le caf\u00e9 fra\u00eechement infus\u00e9.<\/p>\n<\/li>\n<li data-start=\"663\" data-end=\"810\"><strong data-start=\"813\" data-end=\"839\">Petite quantit\u00e9<\/strong>\u00a0-Les petites commandes sont accept\u00e9es pour des quantit\u00e9s comprises entre 50 et 100 pi\u00e8ces.<\/li>\n<li data-start=\"663\" data-end=\"810\"><strong data-start=\"813\" data-end=\"839\">Exp\u00e9dition dans le monde entier<\/strong> -Nous prenons en charge l'exp\u00e9dition dans le monde entier. Nous assurons en particulier l'exp\u00e9dition DDP vers de nombreux pays.<\/li>\n<li data-start=\"811\" data-end=\"979\">\n<p data-start=\"813\" data-end=\"979\"><strong data-start=\"813\" data-end=\"839\">Parfait pour les acheteurs B2B<\/strong> - Convient pour <strong data-start=\"855\" data-end=\"919\">les commandes en gros, les distributeurs au d\u00e9tail et les projets de marques priv\u00e9es<\/strong>, Les produits de cette cat\u00e9gorie sont des produits de qualit\u00e9, offrant \u00e0 la fois une fonctionnalit\u00e9 et une forte visibilit\u00e9 de la marque.<\/p>\n<\/li>\n<\/ul>","protected":false},"featured_media":419,"template":"","meta":{"_acf_changed":false,"_seopress_robots_primary_cat":"none","_seopress_titles_title":"FDA & LFGB Certified Glass Infuser Water Bottle with bamboo lid","_seopress_titles_desc":"Support custom logo and package,food safe material, fast delivery time, competitive price. Small strart order is welcome. Whatsapp:0086 13567428830","_seopress_robots_index":"","_uag_custom_page_level_css":""},"product_brand":[],"product_cat":[36,42,25,22,54],"product_tag":[148,149,146,150,147],"class_list":{"0":"post-346","1":"product","2":"type-product","3":"status-publish","4":"has-post-thumbnail","6":"product_cat-double-wall-gass-bottle","7":"product_cat-glass-tumbler","8":"product_cat-glass-tumbler-mugs","9":"product_cat-glass-water-bottle","10":"product_cat-tea-bottle-coffee-tumblers","11":"product_tag-bulk-glass-water-bottles","12":"product_tag-glass-infuser-water-bottle","13":"product_tag-glass-water-bottle-with-filter","14":"product_tag-personalised-glass-bottle","15":"product_tag-water-glass-bottle","17":"first","18":"instock","19":"shipping-taxable","20":"product-type-simple"},"acf":[],"uagb_featured_image_src":{"full":["https:\/\/eco-drinkware.com\/wp-content\/uploads\/14_0.webp",1000,1000,false],"thumbnail":["https:\/\/eco-drinkware.com\/wp-content\/uploads\/14_0-150x150.webp",150,150,true],"medium":["https:\/\/eco-drinkware.com\/wp-content\/uploads\/14_0-300x300.webp",300,300,true],"medium_large":["https:\/\/eco-drinkware.com\/wp-content\/uploads\/14_0-768x768.webp",768,768,true],"large":["https:\/\/eco-drinkware.com\/wp-content\/uploads\/14_0.webp",1000,1000,false],"1536x1536":["https:\/\/eco-drinkware.com\/wp-content\/uploads\/14_0.webp",1000,1000,false],"2048x2048":["https:\/\/eco-drinkware.com\/wp-content\/uploads\/14_0.webp",1000,1000,false],"trp-custom-language-flag":["https:\/\/eco-drinkware.com\/wp-content\/uploads\/14_0.webp",12,12,false],"woocommerce_thumbnail":["https:\/\/eco-drinkware.com\/wp-content\/uploads\/14_0-300x300.webp",300,300,true],"woocommerce_single":["https:\/\/eco-drinkware.com\/wp-content\/uploads\/14_0-600x600.webp",600,600,true],"woocommerce_gallery_thumbnail":["https:\/\/eco-drinkware.com\/wp-content\/uploads\/14_0-100x100.webp",100,100,true]},"uagb_author_info":{"display_name":"Amy","author_link":"https:\/\/eco-drinkware.com\/fr\/author\/"},"uagb_comment_info":0,"uagb_excerpt":"Customized FDA &amp; LFGB Certified Glass glass water bottle with filter Customizable Branding Options \u2013 The glass body, bamboo lid, and packaging can all be personalized with your logo, making it ideal for wholesale, corporate gifts, and promotional merchandise. Durable Glass Construction \u2013 Made of premium borosilicate glass, this bottle is eco-friendly, BPA-free, and healthier\u2026","_links":{"self":[{"href":"https:\/\/eco-drinkware.com\/fr\/wp-json\/wp\/v2\/product\/346","targetHints":{"allow":["GET"]}}],"collection":[{"href":"https:\/\/eco-drinkware.com\/fr\/wp-json\/wp\/v2\/product"}],"about":[{"href":"https:\/\/eco-drinkware.com\/fr\/wp-json\/wp\/v2\/types\/product"}],"wp:featuredmedia":[{"embeddable":true,"href":"https:\/\/eco-drinkware.com\/fr\/wp-json\/wp\/v2\/media\/419"}],"wp:attachment":[{"href":"https:\/\/eco-drinkware.com\/fr\/wp-json\/wp\/v2\/media?parent=346"}],"wp:term":[{"taxonomy":"product_brand","embeddable":true,"href":"https:\/\/eco-drinkware.com\/fr\/wp-json\/wp\/v2\/product_brand?post=346"},{"taxonomy":"product_cat","embeddable":true,"href":"https:\/\/eco-drinkware.com\/fr\/wp-json\/wp\/v2\/product_cat?post=346"},{"taxonomy":"product_tag","embeddable":true,"href":"https:\/\/eco-drinkware.com\/fr\/wp-json\/wp\/v2\/product_tag?post=346"}],"curies":[{"name":"wp","href":"https:\/\/api.w.org\/{rel}","templated":true}]}}