{"id":350,"date":"2022-11-03T08:56:59","date_gmt":"2022-11-03T00:56:59","guid":{"rendered":"https:\/\/eco-drinkware.com\/?post_type=product&#038;p=350"},"modified":"2022-12-02T17:20:14","modified_gmt":"2022-12-02T09:20:14","slug":"63-en-stock-flacon-sous-vide-en-acier-inoxydable-naturel-tasse-a-cafe-en-bambou-63","status":"publish","type":"product","link":"https:\/\/eco-drinkware.com\/fr\/product\/63-en-stock-flacon-sous-vide-en-acier-inoxydable-naturel-tasse-a-cafe-en-bambou-63\/","title":{"rendered":"En stock Flacon sous vide en acier inoxydable naturel Tasse \u00e0 caf\u00e9 en bambou"},"content":{"rendered":"<p><strong>Fabriqu\u00e9 en bambou naturel :<\/strong>La mati\u00e8re premi\u00e8re est le bambou naturel, vous pouvez voir la peau de bambou autour. C'est un mat\u00e9riau tr\u00e8s respectueux de l'environnement. La bouteille thermos en bambou doit \u00eatre conserv\u00e9e dans un endroit sec.<br><strong>Aucun plastique ne touche l'eau :<\/strong>Le couvercle est en acier inoxydable 304, l'infuseur du panier est \u00e9galement en acier inoxydable 304, un mat\u00e9riau de qualit\u00e9 alimentaire.\u00a0<br><strong>Fiole \u00e0 vide :<\/strong>Cette bouteille thermos en bambou \u00e9cologique peut garder l'eau chaude pendant 10-12 heures, garder l'eau froide pendant plus de 12 heures. La bouteille isotherme est id\u00e9ale pour conserver le th\u00e9 chaud, le caf\u00e9 froid, le caf\u00e9 chaud, etc.<br><strong>Le plus petit thermos en bambou :<\/strong>Nous proposons \u00e9galement des bouteilles thermos en bambou de 380 ml, 500 ml, 550 ml et 600 ml. Il est \u00e9galement possible de cr\u00e9er des moules pour fabriquer d'autres tailles.<\/p>\n\n\n\n<figure class=\"wp-block-image size-full is-resized\"><img loading=\"lazy\" decoding=\"async\" src=\"https:\/\/eco-drinkware.com\/wp-content\/uploads\/63_1.webp\" alt=\"\" class=\"wp-image-432\" width=\"563\" height=\"563\" srcset=\"https:\/\/eco-drinkware.com\/wp-content\/uploads\/63_1.webp 750w, https:\/\/eco-drinkware.com\/wp-content\/uploads\/63_1-300x300.webp 300w, https:\/\/eco-drinkware.com\/wp-content\/uploads\/63_1-150x150.webp 150w, https:\/\/eco-drinkware.com\/wp-content\/uploads\/63_1-600x600.webp 600w, https:\/\/eco-drinkware.com\/wp-content\/uploads\/63_1-100x100.webp 100w\" sizes=\"auto, (max-width: 563px) 100vw, 563px\" \/><\/figure>\n\n\n\n<figure class=\"wp-block-image size-full\"><img loading=\"lazy\" decoding=\"async\" width=\"700\" height=\"500\" src=\"https:\/\/eco-drinkware.com\/wp-content\/uploads\/2020-11-19-15-50-210.webp\" alt=\"\" class=\"wp-image-430\" srcset=\"https:\/\/eco-drinkware.com\/wp-content\/uploads\/2020-11-19-15-50-210.webp 700w, https:\/\/eco-drinkware.com\/wp-content\/uploads\/2020-11-19-15-50-210-300x214.webp 300w, https:\/\/eco-drinkware.com\/wp-content\/uploads\/2020-11-19-15-50-210-150x107.webp 150w, https:\/\/eco-drinkware.com\/wp-content\/uploads\/2020-11-19-15-50-210-600x429.webp 600w\" sizes=\"auto, (max-width: 700px) 100vw, 700px\" \/><\/figure>","protected":false},"excerpt":{"rendered":"<p>Cette bouteille thermos en bambou \u00e9cologique peut garder l'eau chaude pendant 10-12 heures, garder l'eau froide pendant plus de 12 heures. Bonne bouteille isotherme pour conserver le th\u00e9 chaud, le caf\u00e9 froid, le caf\u00e9 chaud, etc.<\/p>","protected":false},"featured_media":431,"template":"","meta":{"_acf_changed":false,"_seopress_robots_primary_cat":"","_seopress_titles_title":"","_seopress_titles_desc":"","_seopress_robots_index":"","_uag_custom_page_level_css":""},"product_brand":[],"product_cat":[33,34,21,32,54,20],"product_tag":[],"class_list":{"0":"post-350","1":"product","2":"type-product","3":"status-publish","4":"has-post-thumbnail","6":"product_cat-bamboo-flask","7":"product_cat-bamboo-tumbler","8":"product_cat-bamboo-water-bottle","9":"product_cat-insulated-water-bottle","10":"product_cat-tea-bottle-coffee-tumblers","11":"product_cat-vacuum-flask","13":"first","14":"instock","15":"shipping-taxable","16":"product-type-simple"},"acf":[],"uagb_featured_image_src":{"full":["https:\/\/eco-drinkware.com\/wp-content\/uploads\/63_0.webp",750,750,false],"thumbnail":["https:\/\/eco-drinkware.com\/wp-content\/uploads\/63_0-150x150.webp",150,150,true],"medium":["https:\/\/eco-drinkware.com\/wp-content\/uploads\/63_0-300x300.webp",300,300,true],"medium_large":["https:\/\/eco-drinkware.com\/wp-content\/uploads\/63_0.webp",750,750,false],"large":["https:\/\/eco-drinkware.com\/wp-content\/uploads\/63_0.webp",750,750,false],"1536x1536":["https:\/\/eco-drinkware.com\/wp-content\/uploads\/63_0.webp",750,750,false],"2048x2048":["https:\/\/eco-drinkware.com\/wp-content\/uploads\/63_0.webp",750,750,false],"trp-custom-language-flag":["https:\/\/eco-drinkware.com\/wp-content\/uploads\/63_0.webp",12,12,false],"woocommerce_thumbnail":["https:\/\/eco-drinkware.com\/wp-content\/uploads\/63_0-300x300.webp",300,300,true],"woocommerce_single":["https:\/\/eco-drinkware.com\/wp-content\/uploads\/63_0-600x600.webp",600,600,true],"woocommerce_gallery_thumbnail":["https:\/\/eco-drinkware.com\/wp-content\/uploads\/63_0-100x100.webp",100,100,true]},"uagb_author_info":{"display_name":"Amy","author_link":"https:\/\/eco-drinkware.com\/fr\/author\/"},"uagb_comment_info":0,"uagb_excerpt":"This eco friendly bamboo water insulated thermos flask can keep water hot for 10-12 hours, keep water cold for over 12 hours. Good insulated flask to store hot tea, cold coffee, hot coffee and so on","_links":{"self":[{"href":"https:\/\/eco-drinkware.com\/fr\/wp-json\/wp\/v2\/product\/350","targetHints":{"allow":["GET"]}}],"collection":[{"href":"https:\/\/eco-drinkware.com\/fr\/wp-json\/wp\/v2\/product"}],"about":[{"href":"https:\/\/eco-drinkware.com\/fr\/wp-json\/wp\/v2\/types\/product"}],"wp:featuredmedia":[{"embeddable":true,"href":"https:\/\/eco-drinkware.com\/fr\/wp-json\/wp\/v2\/media\/431"}],"wp:attachment":[{"href":"https:\/\/eco-drinkware.com\/fr\/wp-json\/wp\/v2\/media?parent=350"}],"wp:term":[{"taxonomy":"product_brand","embeddable":true,"href":"https:\/\/eco-drinkware.com\/fr\/wp-json\/wp\/v2\/product_brand?post=350"},{"taxonomy":"product_cat","embeddable":true,"href":"https:\/\/eco-drinkware.com\/fr\/wp-json\/wp\/v2\/product_cat?post=350"},{"taxonomy":"product_tag","embeddable":true,"href":"https:\/\/eco-drinkware.com\/fr\/wp-json\/wp\/v2\/product_tag?post=350"}],"curies":[{"name":"wp","href":"https:\/\/api.w.org\/{rel}","templated":true}]}}