{"id":352,"date":"2022-11-03T08:57:46","date_gmt":"2022-11-03T08:57:46","guid":{"rendered":"https:\/\/eco-drinkware.com\/?post_type=product&#038;p=352"},"modified":"2022-11-03T14:10:41","modified_gmt":"2022-11-03T14:10:41","slug":"92-bouteilles-deau-en-acier-inoxydable-a-double-paroi-avec-couvercle-92","status":"publish","type":"product","link":"https:\/\/eco-drinkware.com\/fr\/product\/92-bouteilles-deau-en-acier-inoxydable-a-double-paroi-avec-couvercle-92\/","title":{"rendered":"Klean canteen Bouteille d'eau \u00e0 double paroi en acier inoxydable Bouteille \u00e0 vide"},"content":{"rendered":"<p><strong>1. Pas de plastique<\/strong><\/p>\n\n\n\n<p>Couvercle en bambou naturel, la peau du bambou est claire, le logo laser peut \u00eatre appos\u00e9 sur le bambou.<br>Notre gourde \u00e0 double paroi en acier inoxydable est en acier inoxydable 304 \u00e0 l'int\u00e9rieur et en acier inoxydable 201 \u00e0 l'ext\u00e9rieur.<\/p>\n\n\n\n<p><strong>2. Respect de l'environnement<\/strong><\/p>\n\n\n\n<p>Le concept de cette gourde thermos pour l'eau chaude et froide est recyclable et durable, sans bouteille en plastique dans notre vie quotidienne, ce qui est meilleur pour notre sant\u00e9 et l'environnement.<\/p>\n\n\n\n<p><strong>3. Vente \u00e0 chaud<\/strong><\/p>\n\n\n\n<p>Cette bouteille d'eau \u00e0 double paroi en acier inoxydable est de plus en plus populaire sur les march\u00e9s de l'Union europ\u00e9enne et de l'Am\u00e9rique du Nord. Il s'agit d'une tendance, car de plus en plus de personnes rejettent les bouteilles en plastique et veulent prot\u00e9ger notre plan\u00e8te.<\/p>\n\n\n\n<p><strong>4. Tailles : 350ml, 500ml, 600ml, 750ml, 1000ml&nbsp;<\/strong><\/p>\n\n\n\n<figure class=\"wp-block-table\"><table><tbody><tr><td>Nom<\/td><td>Thermos d'eau froide et d'eau chaude<\/td><\/tr><tr><td>Mat\u00e9riau<\/td><td>304 ss int\u00e9rieur, 201 ss ext\u00e9rieur, bambou naturel<\/td><\/tr><tr><td>Capacit\u00e9<\/td><td>350ml, 500ml, 600ml, 750ml, 1000ml<\/td><\/tr><tr><td>Logo<\/td><td>Les logos personnalis\u00e9s sont les bienvenus.<\/td><\/tr><tr><td>Conditions de paiement<\/td><td>T\/T, Paypal, West Union<\/td><\/tr><tr><td>Temps d'\u00e9chantillonnage<\/td><td>5-7 jours<\/td><\/tr><\/tbody><\/table><\/figure>\n\n\n\n<figure class=\"wp-block-image size-full is-resized\"><img loading=\"lazy\" decoding=\"async\" src=\"https:\/\/eco-drinkware.com\/wp-content\/uploads\/2020-07-30-16-36-033.webp\" alt=\"\" class=\"wp-image-439\" width=\"750\" height=\"750\" srcset=\"https:\/\/eco-drinkware.com\/wp-content\/uploads\/2020-07-30-16-36-033.webp 800w, https:\/\/eco-drinkware.com\/wp-content\/uploads\/2020-07-30-16-36-033-300x300.webp 300w, https:\/\/eco-drinkware.com\/wp-content\/uploads\/2020-07-30-16-36-033-150x150.webp 150w, https:\/\/eco-drinkware.com\/wp-content\/uploads\/2020-07-30-16-36-033-768x768.webp 768w, https:\/\/eco-drinkware.com\/wp-content\/uploads\/2020-07-30-16-36-033-600x600.webp 600w, https:\/\/eco-drinkware.com\/wp-content\/uploads\/2020-07-30-16-36-033-100x100.webp 100w\" sizes=\"auto, (max-width: 750px) 100vw, 750px\" \/><\/figure>\n\n\n\n<figure class=\"wp-block-image size-full is-resized\"><img loading=\"lazy\" decoding=\"async\" src=\"https:\/\/eco-drinkware.com\/wp-content\/uploads\/92_1.webp\" alt=\"\" class=\"wp-image-436\" width=\"750\" height=\"750\" srcset=\"https:\/\/eco-drinkware.com\/wp-content\/uploads\/92_1.webp 1000w, https:\/\/eco-drinkware.com\/wp-content\/uploads\/92_1-300x300.webp 300w, https:\/\/eco-drinkware.com\/wp-content\/uploads\/92_1-150x150.webp 150w, https:\/\/eco-drinkware.com\/wp-content\/uploads\/92_1-768x768.webp 768w, https:\/\/eco-drinkware.com\/wp-content\/uploads\/92_1-600x600.webp 600w, https:\/\/eco-drinkware.com\/wp-content\/uploads\/92_1-100x100.webp 100w\" sizes=\"auto, (max-width: 750px) 100vw, 750px\" \/><\/figure>","protected":false},"excerpt":{"rendered":"<p>Plusieurs options de couvercles, le couvercle en bambou \u00e9tant le plus populaire 2. Les logos et les couleurs personnalis\u00e9s sont les bienvenus. 3. Dimensions : 350ml, 500ml, 600ml, 750ml, 1000ml<\/p>","protected":false},"featured_media":434,"template":"","meta":{"_acf_changed":false,"_seopress_robots_primary_cat":"","_seopress_titles_title":"","_seopress_titles_desc":"","_seopress_robots_index":"","_uag_custom_page_level_css":""},"product_brand":[],"product_cat":[15],"product_tag":[],"class_list":{"0":"post-352","1":"product","2":"type-product","3":"status-publish","4":"has-post-thumbnail","6":"product_cat-drinkware-accessories","8":"first","9":"instock","10":"shipping-taxable","11":"product-type-simple"},"acf":[],"uagb_featured_image_src":{"full":["https:\/\/eco-drinkware.com\/wp-content\/uploads\/92_0.webp",1000,1000,false],"thumbnail":["https:\/\/eco-drinkware.com\/wp-content\/uploads\/92_0-150x150.webp",150,150,true],"medium":["https:\/\/eco-drinkware.com\/wp-content\/uploads\/92_0-300x300.webp",300,300,true],"medium_large":["https:\/\/eco-drinkware.com\/wp-content\/uploads\/92_0-768x768.webp",768,768,true],"large":["https:\/\/eco-drinkware.com\/wp-content\/uploads\/92_0.webp",1000,1000,false],"1536x1536":["https:\/\/eco-drinkware.com\/wp-content\/uploads\/92_0.webp",1000,1000,false],"2048x2048":["https:\/\/eco-drinkware.com\/wp-content\/uploads\/92_0.webp",1000,1000,false],"trp-custom-language-flag":["https:\/\/eco-drinkware.com\/wp-content\/uploads\/92_0.webp",12,12,false],"woocommerce_thumbnail":["https:\/\/eco-drinkware.com\/wp-content\/uploads\/92_0-300x300.webp",300,300,true],"woocommerce_single":["https:\/\/eco-drinkware.com\/wp-content\/uploads\/92_0-600x600.webp",600,600,true],"woocommerce_gallery_thumbnail":["https:\/\/eco-drinkware.com\/wp-content\/uploads\/92_0-100x100.webp",100,100,true]},"uagb_author_info":{"display_name":"Amy","author_link":"https:\/\/eco-drinkware.com\/fr\/author\/"},"uagb_comment_info":0,"uagb_excerpt":"Multiple lids options, bamboo lid is most popular 2. Custom logo and painting custom colors are welcome 3. Sizes: 350ml, 500ml, 600ml, 750ml, 1000ml","_links":{"self":[{"href":"https:\/\/eco-drinkware.com\/fr\/wp-json\/wp\/v2\/product\/352","targetHints":{"allow":["GET"]}}],"collection":[{"href":"https:\/\/eco-drinkware.com\/fr\/wp-json\/wp\/v2\/product"}],"about":[{"href":"https:\/\/eco-drinkware.com\/fr\/wp-json\/wp\/v2\/types\/product"}],"wp:featuredmedia":[{"embeddable":true,"href":"https:\/\/eco-drinkware.com\/fr\/wp-json\/wp\/v2\/media\/434"}],"wp:attachment":[{"href":"https:\/\/eco-drinkware.com\/fr\/wp-json\/wp\/v2\/media?parent=352"}],"wp:term":[{"taxonomy":"product_brand","embeddable":true,"href":"https:\/\/eco-drinkware.com\/fr\/wp-json\/wp\/v2\/product_brand?post=352"},{"taxonomy":"product_cat","embeddable":true,"href":"https:\/\/eco-drinkware.com\/fr\/wp-json\/wp\/v2\/product_cat?post=352"},{"taxonomy":"product_tag","embeddable":true,"href":"https:\/\/eco-drinkware.com\/fr\/wp-json\/wp\/v2\/product_tag?post=352"}],"curies":[{"name":"wp","href":"https:\/\/api.w.org\/{rel}","templated":true}]}}