{"id":356,"date":"2022-11-03T08:59:29","date_gmt":"2022-11-03T08:59:29","guid":{"rendered":"https:\/\/eco-drinkware.com\/?post_type=product&#038;p=356"},"modified":"2022-11-03T14:19:46","modified_gmt":"2022-11-03T14:19:46","slug":"133-gobelet-cloute-22oz-avec-couvercle-et-paille-133","status":"publish","type":"product","link":"https:\/\/eco-drinkware.com\/fr\/product\/133-gobelet-cloute-22oz-avec-couvercle-et-paille-133\/","title":{"rendered":"Gobelet clout\u00e9 22oz avec couvercle et paille"},"content":{"rendered":"<p><strong>2 tailles de gobelets clout\u00e9s :<\/strong>Gobelet clout\u00e9 Starbucks disponible en 22oz et 24oz.\u00a0<\/p>\n\n\n\n<p><strong>Couleurs populaires :<\/strong>Les gobelets iris\u00e9s Starbucks, les couleurs mates et vibrantes pour les gobelets clout\u00e9s Starbucks sont tr\u00e8s populaires.<\/p>\n\n\n\n<p><strong>Protection contre les fuites :<\/strong>Le couvercle \u00e9tanche et la paille avec anneau en silicone conf\u00e8rent \u00e0 ce gobelet clout\u00e9 Starbucks une protection suppl\u00e9mentaire contre les fuites.<\/p>\n\n\n\n<p><strong>Logo personnalis\u00e9 :<\/strong>Le logo est bienvenu sur la partie avant du gobelet clout\u00e9 Starbucks.<\/p>\n\n\n\n<p><strong>Joli coup d'\u0153il :<\/strong>Des clous sur tout le pourtour pour un look agr\u00e9able, faisant du gobelet clout\u00e9 starbucks un produit de vente en gros.<\/p>\n\n\n\n<p><strong>Pour le cadeau :<\/strong>Le gobelet clout\u00e9 de Starbucks est un cadeau parfait \u00e0 utiliser pour le caf\u00e9 glac\u00e9 et d'autres boissons.<\/p>\n\n\n\n<figure class=\"wp-block-image size-full is-resized\"><img loading=\"lazy\" decoding=\"async\" src=\"https:\/\/eco-drinkware.com\/wp-content\/uploads\/2021-12-17-16-56-559.webp\" alt=\"\" class=\"wp-image-450\" width=\"600\" height=\"600\" srcset=\"https:\/\/eco-drinkware.com\/wp-content\/uploads\/2021-12-17-16-56-559.webp 800w, https:\/\/eco-drinkware.com\/wp-content\/uploads\/2021-12-17-16-56-559-300x300.webp 300w, https:\/\/eco-drinkware.com\/wp-content\/uploads\/2021-12-17-16-56-559-150x150.webp 150w, https:\/\/eco-drinkware.com\/wp-content\/uploads\/2021-12-17-16-56-559-768x768.webp 768w, https:\/\/eco-drinkware.com\/wp-content\/uploads\/2021-12-17-16-56-559-600x600.webp 600w, https:\/\/eco-drinkware.com\/wp-content\/uploads\/2021-12-17-16-56-559-100x100.webp 100w\" sizes=\"auto, (max-width: 600px) 100vw, 600px\" \/><\/figure>\n\n\n\n<figure class=\"wp-block-image size-full\"><img loading=\"lazy\" decoding=\"async\" width=\"550\" height=\"550\" src=\"https:\/\/eco-drinkware.com\/wp-content\/uploads\/2021-12-17-16-57-272.webp\" alt=\"\" class=\"wp-image-451\" srcset=\"https:\/\/eco-drinkware.com\/wp-content\/uploads\/2021-12-17-16-57-272.webp 550w, https:\/\/eco-drinkware.com\/wp-content\/uploads\/2021-12-17-16-57-272-300x300.webp 300w, https:\/\/eco-drinkware.com\/wp-content\/uploads\/2021-12-17-16-57-272-150x150.webp 150w, https:\/\/eco-drinkware.com\/wp-content\/uploads\/2021-12-17-16-57-272-100x100.webp 100w\" sizes=\"auto, (max-width: 550px) 100vw, 550px\" \/><\/figure>","protected":false},"excerpt":{"rendered":"<p>Le logo est bienvenu sur la partie avant du gobelet clout\u00e9. Les couleurs iris\u00e9es, mates et vibrantes pour les gobelets clout\u00e9s sont tr\u00e8s populaires.<\/p>","protected":false},"featured_media":452,"template":"","meta":{"_acf_changed":false,"_seopress_robots_primary_cat":"","_seopress_titles_title":"","_seopress_titles_desc":"","_seopress_robots_index":"","_uag_custom_page_level_css":""},"product_brand":[],"product_cat":[15],"product_tag":[],"class_list":{"0":"post-356","1":"product","2":"type-product","3":"status-publish","4":"has-post-thumbnail","6":"product_cat-drinkware-accessories","8":"first","9":"instock","10":"shipping-taxable","11":"product-type-simple"},"acf":[],"uagb_featured_image_src":{"full":["https:\/\/eco-drinkware.com\/wp-content\/uploads\/133_0.webp",550,550,false],"thumbnail":["https:\/\/eco-drinkware.com\/wp-content\/uploads\/133_0-150x150.webp",150,150,true],"medium":["https:\/\/eco-drinkware.com\/wp-content\/uploads\/133_0-300x300.webp",300,300,true],"medium_large":["https:\/\/eco-drinkware.com\/wp-content\/uploads\/133_0.webp",550,550,false],"large":["https:\/\/eco-drinkware.com\/wp-content\/uploads\/133_0.webp",550,550,false],"1536x1536":["https:\/\/eco-drinkware.com\/wp-content\/uploads\/133_0.webp",550,550,false],"2048x2048":["https:\/\/eco-drinkware.com\/wp-content\/uploads\/133_0.webp",550,550,false],"trp-custom-language-flag":["https:\/\/eco-drinkware.com\/wp-content\/uploads\/133_0.webp",12,12,false],"woocommerce_thumbnail":["https:\/\/eco-drinkware.com\/wp-content\/uploads\/133_0-300x300.webp",300,300,true],"woocommerce_single":["https:\/\/eco-drinkware.com\/wp-content\/uploads\/133_0.webp",550,550,false],"woocommerce_gallery_thumbnail":["https:\/\/eco-drinkware.com\/wp-content\/uploads\/133_0-100x100.webp",100,100,true]},"uagb_author_info":{"display_name":"Amy","author_link":"https:\/\/eco-drinkware.com\/fr\/author\/"},"uagb_comment_info":0,"uagb_excerpt":"Logo is welcome on front part of the studded tumbler. Iridescent, matt and vibrant colors for studded tumbler are really popular.","_links":{"self":[{"href":"https:\/\/eco-drinkware.com\/fr\/wp-json\/wp\/v2\/product\/356","targetHints":{"allow":["GET"]}}],"collection":[{"href":"https:\/\/eco-drinkware.com\/fr\/wp-json\/wp\/v2\/product"}],"about":[{"href":"https:\/\/eco-drinkware.com\/fr\/wp-json\/wp\/v2\/types\/product"}],"wp:featuredmedia":[{"embeddable":true,"href":"https:\/\/eco-drinkware.com\/fr\/wp-json\/wp\/v2\/media\/452"}],"wp:attachment":[{"href":"https:\/\/eco-drinkware.com\/fr\/wp-json\/wp\/v2\/media?parent=356"}],"wp:term":[{"taxonomy":"product_brand","embeddable":true,"href":"https:\/\/eco-drinkware.com\/fr\/wp-json\/wp\/v2\/product_brand?post=356"},{"taxonomy":"product_cat","embeddable":true,"href":"https:\/\/eco-drinkware.com\/fr\/wp-json\/wp\/v2\/product_cat?post=356"},{"taxonomy":"product_tag","embeddable":true,"href":"https:\/\/eco-drinkware.com\/fr\/wp-json\/wp\/v2\/product_tag?post=356"}],"curies":[{"name":"wp","href":"https:\/\/api.w.org\/{rel}","templated":true}]}}