{"id":360,"date":"2022-11-03T09:06:02","date_gmt":"2022-11-03T09:06:02","guid":{"rendered":"https:\/\/eco-drinkware.com\/?post_type=product&#038;p=360"},"modified":"2022-11-03T14:45:46","modified_gmt":"2022-11-03T14:45:46","slug":"128-stock-colour-double-wall-stainless-steel-thermos-flask-128","status":"publish","type":"product","link":"https:\/\/eco-drinkware.com\/fr\/product\/128-stock-colour-double-wall-stainless-steel-thermos-flask-128\/","title":{"rendered":"Thermos en acier inoxydable double paroi avec couvercle en bambou Klean kanteen Stock Color powder coated"},"content":{"rendered":"<p><strong>Couleur du stock :<\/strong>Il y a 10 couleurs de stock pour cette bouteille thermos en acier inoxydable \u00e0 double paroi, bienvenue pour les logos personnalis\u00e9s.<\/p>\n\n\n\n<p><strong>Tailles disponibles :<\/strong>350ml, 500ml, 600ml, 750ml<\/p>\n\n\n\n<p><strong>Bouteille d'eau isotherme pour le sport :<\/strong>Cette grande bouteille thermos \u00e0 double paroi isolante de klean canteen garde le liquide chaud pendant 12 heures et froid pendant 14 heures. Elle convient aux activit\u00e9s sportives, \u00e0 la natation, au camping, \u00e0 l'escalade et \u00e0 d'autres activit\u00e9s.<\/p>\n\n\n\n<p><strong>Diff\u00e9rents couvercles :<\/strong>Cette bouteille thermos en acier inoxydable peut \u00eatre munie d'un couvercle en bambou, d'un couvercle \u00e0 bec, d'un couvercle \u00e0 charni\u00e8re......<\/p>\n\n\n\n<p>Option logo : laser, impression en soie, transfert thermique, impression 3D, transfert d'eau, transfert de gaz.<br>Option d'emballage : bo\u00eete blanche, bo\u00eete imprim\u00e9e personnalis\u00e9e, cylindre arrondi, bo\u00eete cadeau<br>Bienvenue aux couleurs pantone et aux emballages personnalis\u00e9s\u00a0<\/p>\n\n\n\n<p>Couleur de stock pour le thermos klean canteen avec couvercle en bambou<\/p>\n\n\n\n<figure class=\"wp-block-image size-full is-resized\"><img loading=\"lazy\" decoding=\"async\" src=\"https:\/\/eco-drinkware.com\/wp-content\/uploads\/131_2.webp\" alt=\"\" class=\"wp-image-462\" width=\"629\" height=\"629\" srcset=\"https:\/\/eco-drinkware.com\/wp-content\/uploads\/131_2.webp 839w, https:\/\/eco-drinkware.com\/wp-content\/uploads\/131_2-300x300.webp 300w, https:\/\/eco-drinkware.com\/wp-content\/uploads\/131_2-150x150.webp 150w, https:\/\/eco-drinkware.com\/wp-content\/uploads\/131_2-768x768.webp 768w, https:\/\/eco-drinkware.com\/wp-content\/uploads\/131_2-600x600.webp 600w, https:\/\/eco-drinkware.com\/wp-content\/uploads\/131_2-100x100.webp 100w\" sizes=\"auto, (max-width: 629px) 100vw, 629px\" \/><\/figure>\n\n\n\n<p>Diff\u00e9rentes tailles de thermos klean canteen avec couvercle en bambou<\/p>\n\n\n\n<figure class=\"wp-block-image size-full\"><img loading=\"lazy\" decoding=\"async\" width=\"1000\" height=\"1000\" src=\"https:\/\/eco-drinkware.com\/wp-content\/uploads\/2022-04-27-15-23-064.webp\" alt=\"\" class=\"wp-image-478\" srcset=\"https:\/\/eco-drinkware.com\/wp-content\/uploads\/2022-04-27-15-23-064.webp 1000w, https:\/\/eco-drinkware.com\/wp-content\/uploads\/2022-04-27-15-23-064-300x300.webp 300w, https:\/\/eco-drinkware.com\/wp-content\/uploads\/2022-04-27-15-23-064-150x150.webp 150w, https:\/\/eco-drinkware.com\/wp-content\/uploads\/2022-04-27-15-23-064-768x768.webp 768w, https:\/\/eco-drinkware.com\/wp-content\/uploads\/2022-04-27-15-23-064-600x600.webp 600w, https:\/\/eco-drinkware.com\/wp-content\/uploads\/2022-04-27-15-23-064-100x100.webp 100w\" sizes=\"auto, (max-width: 1000px) 100vw, 1000px\" \/><\/figure>\n\n\n\n<p>Diff\u00e9rentes tailles et diff\u00e9rents couvercles pour votre r\u00e9f\u00e9rence.<\/p>\n\n\n\n<figure class=\"wp-block-image size-full\"><img loading=\"lazy\" decoding=\"async\" width=\"1000\" height=\"1000\" src=\"https:\/\/eco-drinkware.com\/wp-content\/uploads\/2021-12-10-16-24-052.webp\" alt=\"\" class=\"wp-image-460\" srcset=\"https:\/\/eco-drinkware.com\/wp-content\/uploads\/2021-12-10-16-24-052.webp 1000w, https:\/\/eco-drinkware.com\/wp-content\/uploads\/2021-12-10-16-24-052-300x300.webp 300w, https:\/\/eco-drinkware.com\/wp-content\/uploads\/2021-12-10-16-24-052-150x150.webp 150w, https:\/\/eco-drinkware.com\/wp-content\/uploads\/2021-12-10-16-24-052-768x768.webp 768w, https:\/\/eco-drinkware.com\/wp-content\/uploads\/2021-12-10-16-24-052-600x600.webp 600w, https:\/\/eco-drinkware.com\/wp-content\/uploads\/2021-12-10-16-24-052-100x100.webp 100w\" sizes=\"auto, (max-width: 1000px) 100vw, 1000px\" \/><\/figure>\n\n\n\n<p>Cette bouteille a \u00e9t\u00e9 con\u00e7ue pour cr\u00e9er la meilleure bouteille d'eau, la meilleure tasse \u00e0 caf\u00e9 glac\u00e9, la meilleure bouteille de sport et la meilleure tasse isotherme. Le couvercle en acier et le couvercle en bambou sont totalement exempts de plastique. C'est tr\u00e8s populaire et tendance aujourd'hui. Nous esp\u00e9rons que vous souhaitez \u00e9galement r\u00e9duire l'utilisation du plastique dans notre vie quotidienne.<\/p>\n\n\n\n<p>O\u00f9 et comment utiliser la bouteille ?\u00a0<\/p>\n\n\n\n<figure class=\"wp-block-image size-full\"><img loading=\"lazy\" decoding=\"async\" width=\"750\" height=\"780\" src=\"https:\/\/eco-drinkware.com\/wp-content\/uploads\/2022-04-27-15-28-394.webp\" alt=\"\" class=\"wp-image-477\" srcset=\"https:\/\/eco-drinkware.com\/wp-content\/uploads\/2022-04-27-15-28-394.webp 750w, https:\/\/eco-drinkware.com\/wp-content\/uploads\/2022-04-27-15-28-394-288x300.webp 288w, https:\/\/eco-drinkware.com\/wp-content\/uploads\/2022-04-27-15-28-394-144x150.webp 144w, https:\/\/eco-drinkware.com\/wp-content\/uploads\/2022-04-27-15-28-394-600x624.webp 600w\" sizes=\"auto, (max-width: 750px) 100vw, 750px\" \/><\/figure>\n\n\n\n<p>Suivez la tendance, optez pour notre bouteille d'eau en acier inoxydable avec couvercle en bambou sans plastique. Notre palette vous dira \"Merci\". N'h\u00e9sitez pas \u00e0 nous contacter pour plus d'informations sur nos bouteilles.<\/p>","protected":false},"excerpt":{"rendered":"<p>Tailles disponibles : 350ml, 500ml, 600ml, 750ml. 10 couleurs de base agr\u00e9ables \u00e0 regarder, logo personnalis\u00e9 facile \u00e0 r\u00e9aliser. Logo et couleur personnalis\u00e9s bienvenus.<\/p>","protected":false},"featured_media":462,"template":"","meta":{"_acf_changed":false,"_seopress_robots_primary_cat":"none","_seopress_titles_title":"","_seopress_titles_desc":"","_seopress_robots_index":"","_uag_custom_page_level_css":""},"product_brand":[],"product_cat":[15],"product_tag":[],"class_list":{"0":"post-360","1":"product","2":"type-product","3":"status-publish","4":"has-post-thumbnail","6":"product_cat-drinkware-accessories","8":"first","9":"instock","10":"shipping-taxable","11":"product-type-simple"},"acf":[],"uagb_featured_image_src":{"full":["https:\/\/eco-drinkware.com\/wp-content\/uploads\/131_2.webp",839,839,false],"thumbnail":["https:\/\/eco-drinkware.com\/wp-content\/uploads\/131_2-150x150.webp",150,150,true],"medium":["https:\/\/eco-drinkware.com\/wp-content\/uploads\/131_2-300x300.webp",300,300,true],"medium_large":["https:\/\/eco-drinkware.com\/wp-content\/uploads\/131_2-768x768.webp",768,768,true],"large":["https:\/\/eco-drinkware.com\/wp-content\/uploads\/131_2.webp",839,839,false],"1536x1536":["https:\/\/eco-drinkware.com\/wp-content\/uploads\/131_2.webp",839,839,false],"2048x2048":["https:\/\/eco-drinkware.com\/wp-content\/uploads\/131_2.webp",839,839,false],"trp-custom-language-flag":["https:\/\/eco-drinkware.com\/wp-content\/uploads\/131_2.webp",12,12,false],"woocommerce_thumbnail":["https:\/\/eco-drinkware.com\/wp-content\/uploads\/131_2-300x300.webp",300,300,true],"woocommerce_single":["https:\/\/eco-drinkware.com\/wp-content\/uploads\/131_2-600x600.webp",600,600,true],"woocommerce_gallery_thumbnail":["https:\/\/eco-drinkware.com\/wp-content\/uploads\/131_2-100x100.webp",100,100,true]},"uagb_author_info":{"display_name":"Amy","author_link":"https:\/\/eco-drinkware.com\/fr\/author\/"},"uagb_comment_info":0,"uagb_excerpt":"Available Sizes: 350ml, 500ml, 600ml, 750ml. 10 nice look stock colors, easy to do custom logo. Custom logo and color welcome.","_links":{"self":[{"href":"https:\/\/eco-drinkware.com\/fr\/wp-json\/wp\/v2\/product\/360","targetHints":{"allow":["GET"]}}],"collection":[{"href":"https:\/\/eco-drinkware.com\/fr\/wp-json\/wp\/v2\/product"}],"about":[{"href":"https:\/\/eco-drinkware.com\/fr\/wp-json\/wp\/v2\/types\/product"}],"wp:featuredmedia":[{"embeddable":true,"href":"https:\/\/eco-drinkware.com\/fr\/wp-json\/wp\/v2\/media\/462"}],"wp:attachment":[{"href":"https:\/\/eco-drinkware.com\/fr\/wp-json\/wp\/v2\/media?parent=360"}],"wp:term":[{"taxonomy":"product_brand","embeddable":true,"href":"https:\/\/eco-drinkware.com\/fr\/wp-json\/wp\/v2\/product_brand?post=360"},{"taxonomy":"product_cat","embeddable":true,"href":"https:\/\/eco-drinkware.com\/fr\/wp-json\/wp\/v2\/product_cat?post=360"},{"taxonomy":"product_tag","embeddable":true,"href":"https:\/\/eco-drinkware.com\/fr\/wp-json\/wp\/v2\/product_tag?post=360"}],"curies":[{"name":"wp","href":"https:\/\/api.w.org\/{rel}","templated":true}]}}