{"id":364,"date":"2022-11-03T09:08:37","date_gmt":"2022-11-03T09:08:37","guid":{"rendered":"https:\/\/eco-drinkware.com\/?post_type=product&#038;p=364"},"modified":"2022-11-03T14:36:12","modified_gmt":"2022-11-03T14:36:12","slug":"00130-tasse-a-cafe-et-a-the-en-ceramique-avec-prise-usb-130","status":"publish","type":"product","link":"https:\/\/eco-drinkware.com\/fr\/product\/00130-tasse-a-cafe-et-a-the-en-ceramique-avec-prise-usb-130\/","title":{"rendered":"Tasse \u00e0 caf\u00e9 et \u00e0 th\u00e9 en c\u00e9ramique avec prise USB et chauffe-plat"},"content":{"rendered":"<p>Le chauffe-tasse est dot\u00e9 d'un module int\u00e9gr\u00e9 de contr\u00f4le de la temp\u00e9rature, qui maintient le liquide \u00e0 une temp\u00e9rature stable et la maintient toute la journ\u00e9e.<\/p>\n\n\n\n<p>Le chauffe-tasse est dot\u00e9 d'un capteur de gravit\u00e9 int\u00e9gr\u00e9 et d'une fonction de fermeture automatique. Placez la tasse \u00e0 caf\u00e9 dans la zone de chauffage et la plaque chauffante fonctionnera, retirez la tasse \u00e0 caf\u00e9 et la plaque chauffante s'\u00e9teindra automatiquement.<\/p>\n\n\n\n<p>La tasse \u00e0 caf\u00e9 est fabriqu\u00e9e en c\u00e9ramique et peut \u00eatre utilis\u00e9e pour chauffer diff\u00e9rents liquides, tels que le th\u00e9, le caf\u00e9 ou le lait.<\/p>\n\n\n\n<p>C'est un cadeau chaleureux pour les amoureux, les mamans, les papas et tous ceux que vous aimez, pour montrer que vous vous souciez d'eux \u00e0 l'occasion de Thanksgiving et d'autres occasions sp\u00e9ciales.<\/p>\n\n\n\n<p>Couleurs disponibles : blanc, vert, rouge et rose. .<br>Les couleurs et les emballages personnalis\u00e9s sont les bienvenus.<\/p>\n\n\n\n<figure class=\"wp-block-image size-large\"><img loading=\"lazy\" decoding=\"async\" width=\"709\" height=\"1024\" src=\"https:\/\/eco-drinkware.com\/wp-content\/uploads\/2021-12-02-15-49-499-709x1024.webp\" alt=\"\" class=\"wp-image-470\" srcset=\"https:\/\/eco-drinkware.com\/wp-content\/uploads\/2021-12-02-15-49-499-709x1024.webp 709w, https:\/\/eco-drinkware.com\/wp-content\/uploads\/2021-12-02-15-49-499-208x300.webp 208w, https:\/\/eco-drinkware.com\/wp-content\/uploads\/2021-12-02-15-49-499-104x150.webp 104w, https:\/\/eco-drinkware.com\/wp-content\/uploads\/2021-12-02-15-49-499-600x866.webp 600w, https:\/\/eco-drinkware.com\/wp-content\/uploads\/2021-12-02-15-49-499.webp 750w\" sizes=\"auto, (max-width: 709px) 100vw, 709px\" \/><\/figure>\n\n\n\n<figure class=\"wp-block-image size-large\"><img loading=\"lazy\" decoding=\"async\" width=\"660\" height=\"1024\" src=\"https:\/\/eco-drinkware.com\/wp-content\/uploads\/2021-12-02-15-54-135-660x1024.webp\" alt=\"\" class=\"wp-image-465\" srcset=\"https:\/\/eco-drinkware.com\/wp-content\/uploads\/2021-12-02-15-54-135-660x1024.webp 660w, https:\/\/eco-drinkware.com\/wp-content\/uploads\/2021-12-02-15-54-135-193x300.webp 193w, https:\/\/eco-drinkware.com\/wp-content\/uploads\/2021-12-02-15-54-135-97x150.webp 97w, https:\/\/eco-drinkware.com\/wp-content\/uploads\/2021-12-02-15-54-135-600x930.webp 600w, https:\/\/eco-drinkware.com\/wp-content\/uploads\/2021-12-02-15-54-135.webp 750w\" sizes=\"auto, (max-width: 660px) 100vw, 660px\" \/><\/figure>","protected":false},"excerpt":{"rendered":"<p>Plusieurs couleurs au choix. Tasse \u00e0 caf\u00e9 en c\u00e9ramique avec cuill\u00e8re et chauffe-eau. L'eau est toujours maintenue \u00e0 55 degr\u00e9s C, parfaite pour \u00eatre bue. Emballage en bo\u00eete cadeau.<\/p>","protected":false},"featured_media":466,"template":"","meta":{"_acf_changed":false,"_seopress_robots_primary_cat":"","_seopress_titles_title":"","_seopress_titles_desc":"","_seopress_robots_index":"","_uag_custom_page_level_css":""},"product_brand":[],"product_cat":[15],"product_tag":[],"class_list":{"0":"post-364","1":"product","2":"type-product","3":"status-publish","4":"has-post-thumbnail","6":"product_cat-drinkware-accessories","8":"first","9":"instock","10":"shipping-taxable","11":"product-type-simple"},"acf":[],"uagb_featured_image_src":{"full":["https:\/\/eco-drinkware.com\/wp-content\/uploads\/130_0.webp",550,550,false],"thumbnail":["https:\/\/eco-drinkware.com\/wp-content\/uploads\/130_0-150x150.webp",150,150,true],"medium":["https:\/\/eco-drinkware.com\/wp-content\/uploads\/130_0-300x300.webp",300,300,true],"medium_large":["https:\/\/eco-drinkware.com\/wp-content\/uploads\/130_0.webp",550,550,false],"large":["https:\/\/eco-drinkware.com\/wp-content\/uploads\/130_0.webp",550,550,false],"1536x1536":["https:\/\/eco-drinkware.com\/wp-content\/uploads\/130_0.webp",550,550,false],"2048x2048":["https:\/\/eco-drinkware.com\/wp-content\/uploads\/130_0.webp",550,550,false],"trp-custom-language-flag":["https:\/\/eco-drinkware.com\/wp-content\/uploads\/130_0.webp",12,12,false],"woocommerce_thumbnail":["https:\/\/eco-drinkware.com\/wp-content\/uploads\/130_0-300x300.webp",300,300,true],"woocommerce_single":["https:\/\/eco-drinkware.com\/wp-content\/uploads\/130_0.webp",550,550,false],"woocommerce_gallery_thumbnail":["https:\/\/eco-drinkware.com\/wp-content\/uploads\/130_0-100x100.webp",100,100,true]},"uagb_author_info":{"display_name":"Amy","author_link":"https:\/\/eco-drinkware.com\/fr\/author\/"},"uagb_comment_info":0,"uagb_excerpt":"Several colors for your choice. Coffee mug is made of ceramic and with spoon and warmer . Always keeps water 55 degree C, perfect for drinking . Gift box packing.","_links":{"self":[{"href":"https:\/\/eco-drinkware.com\/fr\/wp-json\/wp\/v2\/product\/364","targetHints":{"allow":["GET"]}}],"collection":[{"href":"https:\/\/eco-drinkware.com\/fr\/wp-json\/wp\/v2\/product"}],"about":[{"href":"https:\/\/eco-drinkware.com\/fr\/wp-json\/wp\/v2\/types\/product"}],"wp:featuredmedia":[{"embeddable":true,"href":"https:\/\/eco-drinkware.com\/fr\/wp-json\/wp\/v2\/media\/466"}],"wp:attachment":[{"href":"https:\/\/eco-drinkware.com\/fr\/wp-json\/wp\/v2\/media?parent=364"}],"wp:term":[{"taxonomy":"product_brand","embeddable":true,"href":"https:\/\/eco-drinkware.com\/fr\/wp-json\/wp\/v2\/product_brand?post=364"},{"taxonomy":"product_cat","embeddable":true,"href":"https:\/\/eco-drinkware.com\/fr\/wp-json\/wp\/v2\/product_cat?post=364"},{"taxonomy":"product_tag","embeddable":true,"href":"https:\/\/eco-drinkware.com\/fr\/wp-json\/wp\/v2\/product_tag?post=364"}],"curies":[{"name":"wp","href":"https:\/\/api.w.org\/{rel}","templated":true}]}}