{"id":366,"date":"2022-11-03T09:09:38","date_gmt":"2022-11-03T01:09:38","guid":{"rendered":"https:\/\/eco-drinkware.com\/?post_type=product&#038;p=366"},"modified":"2022-12-02T17:33:41","modified_gmt":"2022-12-02T09:33:41","slug":"129-bouteille-deau-en-verre-borosilicate-avec-couvercle-en-bambou-129","status":"publish","type":"product","link":"https:\/\/eco-drinkware.com\/fr\/product\/129-bouteille-deau-en-verre-borosilicate-avec-couvercle-en-bambou-129\/","title":{"rendered":"Bouteille d'eau en verre borosilicat\u00e9 avec couvercle en bambou"},"content":{"rendered":"<p><strong>Capacit\u00e9 :<\/strong>500ml<\/p>\n\n\n\n<p><strong>Couvercle en bambou naturel :<\/strong>Le couvercle de cette bouteille d'eau en verre est fait de bambou naturel, de nouveau pp, et d'acier inoxydable 304 \u00e0 l'int\u00e9rieur du couvercle.<\/p>\n\n\n\n<p><strong>Manchon en silicone :<\/strong>Le manchon de la bouteille d'eau en verre pour le th\u00e9 est fabriqu\u00e9 en silicone. Gr\u00e2ce au silicone, la bouteille d'eau en verre est prot\u00e9g\u00e9e et isol\u00e9e thermiquement. La couleur du manchon en silicone peut \u00eatre personnalis\u00e9e en fonction de la quantit\u00e9.<\/p>\n\n\n\n<p><strong>Verre borosilicat\u00e9 \u00e0 paroi simple :<\/strong>Bouteille d'eau en verre r\u00e9sistant aux temp\u00e9ratures \u00e9lev\u00e9es et basses, capable de contenir de l'eau froide et de l'eau chaude.<\/p>\n\n\n\n<figure class=\"wp-block-image size-full is-resized\"><img loading=\"lazy\" decoding=\"async\" src=\"https:\/\/eco-drinkware.com\/wp-content\/uploads\/129_0.webp\" alt=\"\" class=\"wp-image-471\" width=\"500\" height=\"500\" srcset=\"https:\/\/eco-drinkware.com\/wp-content\/uploads\/129_0.webp 1000w, https:\/\/eco-drinkware.com\/wp-content\/uploads\/129_0-300x300.webp 300w, https:\/\/eco-drinkware.com\/wp-content\/uploads\/129_0-150x150.webp 150w, https:\/\/eco-drinkware.com\/wp-content\/uploads\/129_0-768x768.webp 768w, https:\/\/eco-drinkware.com\/wp-content\/uploads\/129_0-600x600.webp 600w, https:\/\/eco-drinkware.com\/wp-content\/uploads\/129_0-100x100.webp 100w\" sizes=\"auto, (max-width: 500px) 100vw, 500px\" \/><\/figure>\n\n\n\n<figure class=\"wp-block-image size-full is-resized\"><img loading=\"lazy\" decoding=\"async\" src=\"https:\/\/eco-drinkware.com\/wp-content\/uploads\/129_1.webp\" alt=\"\" class=\"wp-image-472\" width=\"500\" height=\"500\" srcset=\"https:\/\/eco-drinkware.com\/wp-content\/uploads\/129_1.webp 750w, https:\/\/eco-drinkware.com\/wp-content\/uploads\/129_1-300x300.webp 300w, https:\/\/eco-drinkware.com\/wp-content\/uploads\/129_1-150x150.webp 150w, https:\/\/eco-drinkware.com\/wp-content\/uploads\/129_1-600x600.webp 600w, https:\/\/eco-drinkware.com\/wp-content\/uploads\/129_1-100x100.webp 100w\" sizes=\"auto, (max-width: 500px) 100vw, 500px\" \/><\/figure>\n\n\n\n<figure class=\"wp-block-image size-full is-resized\"><img loading=\"lazy\" decoding=\"async\" src=\"https:\/\/eco-drinkware.com\/wp-content\/uploads\/129_2.webp\" alt=\"\" class=\"wp-image-473\" width=\"500\" height=\"500\" srcset=\"https:\/\/eco-drinkware.com\/wp-content\/uploads\/129_2.webp 1000w, https:\/\/eco-drinkware.com\/wp-content\/uploads\/129_2-300x300.webp 300w, https:\/\/eco-drinkware.com\/wp-content\/uploads\/129_2-150x150.webp 150w, https:\/\/eco-drinkware.com\/wp-content\/uploads\/129_2-768x768.webp 768w, https:\/\/eco-drinkware.com\/wp-content\/uploads\/129_2-600x600.webp 600w, https:\/\/eco-drinkware.com\/wp-content\/uploads\/129_2-100x100.webp 100w\" sizes=\"auto, (max-width: 500px) 100vw, 500px\" \/><\/figure>","protected":false},"excerpt":{"rendered":"<p>Bouteille d'eau en verre de 500 ml. Possibilit\u00e9 de personnaliser le logo, la couleur et l'emballage. Fabriqu\u00e9e dans un mat\u00e9riau \u00e9cologique.<\/p>","protected":false},"featured_media":471,"template":"","meta":{"_acf_changed":false,"_seopress_robots_primary_cat":"","_seopress_titles_title":"","_seopress_titles_desc":"","_seopress_robots_index":"","_uag_custom_page_level_css":""},"product_brand":[],"product_cat":[42,25,22,35],"product_tag":[],"class_list":{"0":"post-366","1":"product","2":"type-product","3":"status-publish","4":"has-post-thumbnail","6":"product_cat-glass-tumbler","7":"product_cat-glass-tumbler-mugs","8":"product_cat-glass-water-bottle","9":"product_cat-single-wall-gass-bottle","11":"first","12":"instock","13":"shipping-taxable","14":"product-type-simple"},"acf":[],"uagb_featured_image_src":{"full":["https:\/\/eco-drinkware.com\/wp-content\/uploads\/129_0.webp",1000,1000,false],"thumbnail":["https:\/\/eco-drinkware.com\/wp-content\/uploads\/129_0-150x150.webp",150,150,true],"medium":["https:\/\/eco-drinkware.com\/wp-content\/uploads\/129_0-300x300.webp",300,300,true],"medium_large":["https:\/\/eco-drinkware.com\/wp-content\/uploads\/129_0-768x768.webp",768,768,true],"large":["https:\/\/eco-drinkware.com\/wp-content\/uploads\/129_0.webp",1000,1000,false],"1536x1536":["https:\/\/eco-drinkware.com\/wp-content\/uploads\/129_0.webp",1000,1000,false],"2048x2048":["https:\/\/eco-drinkware.com\/wp-content\/uploads\/129_0.webp",1000,1000,false],"trp-custom-language-flag":["https:\/\/eco-drinkware.com\/wp-content\/uploads\/129_0.webp",12,12,false],"woocommerce_thumbnail":["https:\/\/eco-drinkware.com\/wp-content\/uploads\/129_0-300x300.webp",300,300,true],"woocommerce_single":["https:\/\/eco-drinkware.com\/wp-content\/uploads\/129_0-600x600.webp",600,600,true],"woocommerce_gallery_thumbnail":["https:\/\/eco-drinkware.com\/wp-content\/uploads\/129_0-100x100.webp",100,100,true]},"uagb_author_info":{"display_name":"Amy","author_link":"https:\/\/eco-drinkware.com\/fr\/author\/"},"uagb_comment_info":0,"uagb_excerpt":"500ml glass water bottle, welcome custom logo, color, package. Made of eco friendly material.","_links":{"self":[{"href":"https:\/\/eco-drinkware.com\/fr\/wp-json\/wp\/v2\/product\/366","targetHints":{"allow":["GET"]}}],"collection":[{"href":"https:\/\/eco-drinkware.com\/fr\/wp-json\/wp\/v2\/product"}],"about":[{"href":"https:\/\/eco-drinkware.com\/fr\/wp-json\/wp\/v2\/types\/product"}],"wp:featuredmedia":[{"embeddable":true,"href":"https:\/\/eco-drinkware.com\/fr\/wp-json\/wp\/v2\/media\/471"}],"wp:attachment":[{"href":"https:\/\/eco-drinkware.com\/fr\/wp-json\/wp\/v2\/media?parent=366"}],"wp:term":[{"taxonomy":"product_brand","embeddable":true,"href":"https:\/\/eco-drinkware.com\/fr\/wp-json\/wp\/v2\/product_brand?post=366"},{"taxonomy":"product_cat","embeddable":true,"href":"https:\/\/eco-drinkware.com\/fr\/wp-json\/wp\/v2\/product_cat?post=366"},{"taxonomy":"product_tag","embeddable":true,"href":"https:\/\/eco-drinkware.com\/fr\/wp-json\/wp\/v2\/product_tag?post=366"}],"curies":[{"name":"wp","href":"https:\/\/api.w.org\/{rel}","templated":true}]}}