{"id":371,"date":"2022-11-03T09:17:36","date_gmt":"2022-11-03T01:17:36","guid":{"rendered":"https:\/\/eco-drinkware.com\/?post_type=product&#038;p=371"},"modified":"2022-12-02T17:32:55","modified_gmt":"2022-12-02T09:32:55","slug":"thermos-a-cafe-en-bambou-125-550ml-isole-en-acier-inoxydable-avec-poignee-125","status":"publish","type":"product","link":"https:\/\/eco-drinkware.com\/fr\/product\/thermos-a-cafe-en-bambou-125-550ml-isole-en-acier-inoxydable-avec-poignee-125\/","title":{"rendered":"GB8062 500ml Bouteille d'eau isotherme en bambou en acier inoxydable avec couvercle \u00e0 poign\u00e9e"},"content":{"rendered":"<p><strong>Bouteille isotherme :<\/strong>Cette bouteille thermos en bambou et en acier inoxydable \u00e0 triple paroi est isol\u00e9e sous vide et garde les liquides chauds ou froids pendant 12 \u00e0 24 heures.<br><br><strong>Mat\u00e9riau \u00e9cologique de qualit\u00e9 alimentaire :<\/strong>La paroi int\u00e9rieure de cette bouteille thermos est en acier inoxydable 18\/8, la paroi ext\u00e9rieure est en bambou naturel, le couvercle est en silicone et en acier inoxydable 18\/8. Le lavage \u00e0 la main est la meilleure solution. Le corps de la bouteille doit \u00eatre sec apr\u00e8s le lavage.<br><br><strong>5 couleurs en stock :<\/strong>La bouteille thermos isotherme a 5 couleurs en stock, les logos et couleurs personnalis\u00e9s sont les bienvenus.<br><br><strong>Avec infuseur et couvercle \u00e0 poign\u00e9e :<\/strong>La bouteille thermos en acier inoxydable comprend un infuseur amovible, un anneau en silicone dans le couvercle qui rend la bouteille thermos en bambou \u00e9tanche, de bonne qualit\u00e9. La poign\u00e9e du couvercle permet d'emporter facilement la bouteille thermos pour faire du sport, du camping ou d'autres activit\u00e9s.<br><br>Couleurs normales pour votre r\u00e9f\u00e9rence<\/p>\n\n\n\n<figure class=\"wp-block-image size-full\"><img loading=\"lazy\" decoding=\"async\" width=\"550\" height=\"550\" src=\"https:\/\/eco-drinkware.com\/wp-content\/uploads\/2022\/11\/125_0.webp\" alt=\"\" class=\"wp-image-731\" srcset=\"https:\/\/eco-drinkware.com\/wp-content\/uploads\/2022\/11\/125_0.webp 550w, https:\/\/eco-drinkware.com\/wp-content\/uploads\/2022\/11\/125_0-300x300.webp 300w, https:\/\/eco-drinkware.com\/wp-content\/uploads\/2022\/11\/125_0-150x150.webp 150w, https:\/\/eco-drinkware.com\/wp-content\/uploads\/2022\/11\/125_0-100x100.webp 100w\" sizes=\"auto, (max-width: 550px) 100vw, 550px\" \/><\/figure>\n\n\n\n<p>Photos de d\u00e9tails de la bouteille d'eau en bambou\u00a0<\/p>\n\n\n\n<figure class=\"wp-block-image size-full\"><img loading=\"lazy\" decoding=\"async\" width=\"550\" height=\"550\" src=\"https:\/\/eco-drinkware.com\/wp-content\/uploads\/2022\/11\/2021-09-03-15-34-364.webp\" alt=\"\" class=\"wp-image-729\" srcset=\"https:\/\/eco-drinkware.com\/wp-content\/uploads\/2022\/11\/2021-09-03-15-34-364.webp 550w, https:\/\/eco-drinkware.com\/wp-content\/uploads\/2022\/11\/2021-09-03-15-34-364-300x300.webp 300w, https:\/\/eco-drinkware.com\/wp-content\/uploads\/2022\/11\/2021-09-03-15-34-364-150x150.webp 150w, https:\/\/eco-drinkware.com\/wp-content\/uploads\/2022\/11\/2021-09-03-15-34-364-100x100.webp 100w\" sizes=\"auto, (max-width: 550px) 100vw, 550px\" \/><\/figure>\n\n\n\n<figure class=\"wp-block-image size-full\"><img loading=\"lazy\" decoding=\"async\" width=\"550\" height=\"550\" src=\"https:\/\/eco-drinkware.com\/wp-content\/uploads\/2022\/11\/125_3.webp\" alt=\"\" class=\"wp-image-728\" srcset=\"https:\/\/eco-drinkware.com\/wp-content\/uploads\/2022\/11\/125_3.webp 550w, https:\/\/eco-drinkware.com\/wp-content\/uploads\/2022\/11\/125_3-300x300.webp 300w, https:\/\/eco-drinkware.com\/wp-content\/uploads\/2022\/11\/125_3-150x150.webp 150w, https:\/\/eco-drinkware.com\/wp-content\/uploads\/2022\/11\/125_3-100x100.webp 100w\" sizes=\"auto, (max-width: 550px) 100vw, 550px\" \/><\/figure>\n\n\n\n<p>Options d'emballage : bo\u00eete blanche, bo\u00eete imprim\u00e9e personnalis\u00e9e, cylindre arrondi, bo\u00eete cadeau<br>Conditions :EXW, FOB, CIF, DDU et DDP<\/p>\n\n\n\n<p>Eco Drinkware est un fabricant professionnel de bouteilles d'eau en bambou et de thermos en bambou en Chine continentale. Avec 20 ans d'exp\u00e9rience de production .\u00a0<br>Elle a travaill\u00e9 avec des clients de marques c\u00e9l\u00e8bres dans le monde entier.<\/p>\n\n\n\n<figure class=\"wp-block-image size-full\"><img loading=\"lazy\" decoding=\"async\" width=\"1000\" height=\"1000\" src=\"https:\/\/eco-drinkware.com\/wp-content\/uploads\/2022\/11\/2022-04-27-18-28-030.webp\" alt=\"\" class=\"wp-image-730\" srcset=\"https:\/\/eco-drinkware.com\/wp-content\/uploads\/2022\/11\/2022-04-27-18-28-030.webp 1000w, https:\/\/eco-drinkware.com\/wp-content\/uploads\/2022\/11\/2022-04-27-18-28-030-300x300.webp 300w, https:\/\/eco-drinkware.com\/wp-content\/uploads\/2022\/11\/2022-04-27-18-28-030-150x150.webp 150w, https:\/\/eco-drinkware.com\/wp-content\/uploads\/2022\/11\/2022-04-27-18-28-030-768x768.webp 768w, https:\/\/eco-drinkware.com\/wp-content\/uploads\/2022\/11\/2022-04-27-18-28-030-600x600.webp 600w, https:\/\/eco-drinkware.com\/wp-content\/uploads\/2022\/11\/2022-04-27-18-28-030-100x100.webp 100w\" sizes=\"auto, (max-width: 1000px) 100vw, 1000px\" \/><\/figure>\n\n\n\n<figure class=\"wp-block-image size-full\"><img loading=\"lazy\" decoding=\"async\" width=\"1000\" height=\"1000\" src=\"https:\/\/eco-drinkware.com\/wp-content\/uploads\/2022\/11\/125_2.webp\" alt=\"\" class=\"wp-image-733\" srcset=\"https:\/\/eco-drinkware.com\/wp-content\/uploads\/2022\/11\/125_2.webp 1000w, https:\/\/eco-drinkware.com\/wp-content\/uploads\/2022\/11\/125_2-300x300.webp 300w, https:\/\/eco-drinkware.com\/wp-content\/uploads\/2022\/11\/125_2-150x150.webp 150w, https:\/\/eco-drinkware.com\/wp-content\/uploads\/2022\/11\/125_2-768x768.webp 768w, https:\/\/eco-drinkware.com\/wp-content\/uploads\/2022\/11\/125_2-600x600.webp 600w, https:\/\/eco-drinkware.com\/wp-content\/uploads\/2022\/11\/125_2-100x100.webp 100w\" sizes=\"auto, (max-width: 1000px) 100vw, 1000px\" \/><\/figure>\n\n\n\n<p>Veuillez noter qu'Eco Drinkware offre l'exp\u00e9dition DDP \u00e0 votre porte, c'est \u00e0 dire la livraison \u00e0 votre porte et la taxe incluse.  Choisissez Eco drinkware, l'usine de bouteilles d'eau professionnelle, vous obtiendrez plus de nouvelles conceptions et d'id\u00e9es.\u00a0<\/p>\n\n\n\n<figure class=\"wp-block-image size-full\"><img loading=\"lazy\" decoding=\"async\" width=\"1000\" height=\"1000\" src=\"https:\/\/eco-drinkware.com\/wp-content\/uploads\/2022\/11\/125_1.webp\" alt=\"\" class=\"wp-image-732\" srcset=\"https:\/\/eco-drinkware.com\/wp-content\/uploads\/2022\/11\/125_1.webp 1000w, https:\/\/eco-drinkware.com\/wp-content\/uploads\/2022\/11\/125_1-300x300.webp 300w, https:\/\/eco-drinkware.com\/wp-content\/uploads\/2022\/11\/125_1-150x150.webp 150w, https:\/\/eco-drinkware.com\/wp-content\/uploads\/2022\/11\/125_1-768x768.webp 768w, https:\/\/eco-drinkware.com\/wp-content\/uploads\/2022\/11\/125_1-600x600.webp 600w, https:\/\/eco-drinkware.com\/wp-content\/uploads\/2022\/11\/125_1-100x100.webp 100w\" sizes=\"auto, (max-width: 1000px) 100vw, 1000px\" \/><\/figure>","protected":false},"excerpt":{"rendered":"<p>Bouteille d'eau en bambou isol\u00e9e \u00e0 triple paroi, gardant l'eau chaude pendant 12 heures et froide pendant 24 heures. Les couleurs et logos personnalis\u00e9s sont les bienvenus, nous sommes sp\u00e9cialis\u00e9s dans le travail ODM et OEM. Il suffit de nous envoyer vos exigences et nous vous enverrons le design en retour. OEM votre bouteille en bambou avec nous<\/p>","protected":false},"featured_media":731,"template":"","meta":{"_acf_changed":false,"_seopress_robots_primary_cat":"","_seopress_titles_title":"","_seopress_titles_desc":"","_seopress_robots_index":"","_uag_custom_page_level_css":""},"product_brand":[],"product_cat":[33,34,21,32,19,54,20],"product_tag":[],"class_list":{"0":"post-371","1":"product","2":"type-product","3":"status-publish","4":"has-post-thumbnail","6":"product_cat-bamboo-flask","7":"product_cat-bamboo-tumbler","8":"product_cat-bamboo-water-bottle","9":"product_cat-insulated-water-bottle","10":"product_cat-stainless-steel-water-bottle","11":"product_cat-tea-bottle-coffee-tumblers","12":"product_cat-vacuum-flask","14":"first","15":"instock","16":"shipping-taxable","17":"product-type-simple"},"acf":[],"uagb_featured_image_src":{"full":["https:\/\/eco-drinkware.com\/wp-content\/uploads\/2022\/11\/125_0.webp",550,550,false],"thumbnail":["https:\/\/eco-drinkware.com\/wp-content\/uploads\/2022\/11\/125_0-150x150.webp",150,150,true],"medium":["https:\/\/eco-drinkware.com\/wp-content\/uploads\/2022\/11\/125_0-300x300.webp",300,300,true],"medium_large":["https:\/\/eco-drinkware.com\/wp-content\/uploads\/2022\/11\/125_0.webp",550,550,false],"large":["https:\/\/eco-drinkware.com\/wp-content\/uploads\/2022\/11\/125_0.webp",550,550,false],"1536x1536":["https:\/\/eco-drinkware.com\/wp-content\/uploads\/2022\/11\/125_0.webp",550,550,false],"2048x2048":["https:\/\/eco-drinkware.com\/wp-content\/uploads\/2022\/11\/125_0.webp",550,550,false],"trp-custom-language-flag":["https:\/\/eco-drinkware.com\/wp-content\/uploads\/2022\/11\/125_0.webp",12,12,false],"woocommerce_thumbnail":["https:\/\/eco-drinkware.com\/wp-content\/uploads\/2022\/11\/125_0-300x300.webp",300,300,true],"woocommerce_single":["https:\/\/eco-drinkware.com\/wp-content\/uploads\/2022\/11\/125_0.webp",550,550,false],"woocommerce_gallery_thumbnail":["https:\/\/eco-drinkware.com\/wp-content\/uploads\/2022\/11\/125_0-100x100.webp",100,100,true]},"uagb_author_info":{"display_name":"Amy","author_link":"https:\/\/eco-drinkware.com\/fr\/author\/"},"uagb_comment_info":0,"uagb_excerpt":"Triple wall insulated bamboo water bottle ,keeps water hot for 12 hours and cold for 24 hours . Custom color and logo welcome , we are profession on ODM and OEM work. Just send us your requirements ,will send you design back . OEM your bamboo bottle with us","_links":{"self":[{"href":"https:\/\/eco-drinkware.com\/fr\/wp-json\/wp\/v2\/product\/371","targetHints":{"allow":["GET"]}}],"collection":[{"href":"https:\/\/eco-drinkware.com\/fr\/wp-json\/wp\/v2\/product"}],"about":[{"href":"https:\/\/eco-drinkware.com\/fr\/wp-json\/wp\/v2\/types\/product"}],"wp:featuredmedia":[{"embeddable":true,"href":"https:\/\/eco-drinkware.com\/fr\/wp-json\/wp\/v2\/media\/731"}],"wp:attachment":[{"href":"https:\/\/eco-drinkware.com\/fr\/wp-json\/wp\/v2\/media?parent=371"}],"wp:term":[{"taxonomy":"product_brand","embeddable":true,"href":"https:\/\/eco-drinkware.com\/fr\/wp-json\/wp\/v2\/product_brand?post=371"},{"taxonomy":"product_cat","embeddable":true,"href":"https:\/\/eco-drinkware.com\/fr\/wp-json\/wp\/v2\/product_cat?post=371"},{"taxonomy":"product_tag","embeddable":true,"href":"https:\/\/eco-drinkware.com\/fr\/wp-json\/wp\/v2\/product_tag?post=371"}],"curies":[{"name":"wp","href":"https:\/\/api.w.org\/{rel}","templated":true}]}}