{"id":375,"date":"2022-11-03T09:20:29","date_gmt":"2022-11-03T01:20:29","guid":{"rendered":"https:\/\/eco-drinkware.com\/?post_type=product&#038;p=375"},"modified":"2022-12-02T17:29:57","modified_gmt":"2022-12-02T09:29:57","slug":"123-tumbler-cafe-bouteilles-deau-en-verre-avec-couvercle-paille-123","status":"publish","type":"product","link":"https:\/\/eco-drinkware.com\/fr\/product\/123-tumbler-cafe-bouteilles-deau-en-verre-avec-couvercle-paille-123\/","title":{"rendered":"Bouteille d'eau en verre pour le caf\u00e9 avec couvercle en paille"},"content":{"rendered":"<p>Bouteille d'eau en verre avec paille et bec verseur \u00e0 \u00e9coulement rapide, livr\u00e9e avec une paille en silicone. La paille situ\u00e9e au fond de la bouteille permet d'obtenir facilement du liquide. Le bouchon \u00e0 vis est facile \u00e0 ouvrir, le manchon en silicone est facile \u00e0 retirer, le verre est facile \u00e0 nettoyer.<br>La bouteille d'eau en verre sans BPA est respectueuse de l'environnement. Le mat\u00e9riau en borosilicate de haute qualit\u00e9 refuse les fissures spontan\u00e9es et n'\u00e9clate pas lors d'un refroidissement ou d'un chauffage rapide. Les bouteilles d'eau en verre pour le caf\u00e9 sont dot\u00e9es d'un manchon protecteur en silicone, doublement anti-cassure.<\/p>\n\n\n\n<p>Bouteille d'eau en verre avec ligne de temps et \u00e9chelle de mesure. Design sportif, id\u00e9al pour la randonn\u00e9e, le camping, la gymnastique.<\/p>\n\n\n\n<figure class=\"wp-block-image size-full\"><img loading=\"lazy\" decoding=\"async\" width=\"1080\" height=\"1080\" src=\"https:\/\/eco-drinkware.com\/wp-content\/uploads\/2022\/11\/123_3.webp\" alt=\"\" class=\"wp-image-743\" srcset=\"https:\/\/eco-drinkware.com\/wp-content\/uploads\/2022\/11\/123_3.webp 1080w, https:\/\/eco-drinkware.com\/wp-content\/uploads\/2022\/11\/123_3-300x300.webp 300w, https:\/\/eco-drinkware.com\/wp-content\/uploads\/2022\/11\/123_3-150x150.webp 150w, https:\/\/eco-drinkware.com\/wp-content\/uploads\/2022\/11\/123_3-768x768.webp 768w, https:\/\/eco-drinkware.com\/wp-content\/uploads\/2022\/11\/123_3-600x600.webp 600w, https:\/\/eco-drinkware.com\/wp-content\/uploads\/2022\/11\/123_3-100x100.webp 100w\" sizes=\"auto, (max-width: 1080px) 100vw, 1080px\" \/><\/figure>\n\n\n\n<figure class=\"wp-block-image size-full\"><img loading=\"lazy\" decoding=\"async\" width=\"1080\" height=\"1080\" src=\"https:\/\/eco-drinkware.com\/wp-content\/uploads\/2022\/11\/2021-08-26-11-07-388.webp\" alt=\"\" class=\"wp-image-745\" srcset=\"https:\/\/eco-drinkware.com\/wp-content\/uploads\/2022\/11\/2021-08-26-11-07-388.webp 1080w, https:\/\/eco-drinkware.com\/wp-content\/uploads\/2022\/11\/2021-08-26-11-07-388-300x300.webp 300w, https:\/\/eco-drinkware.com\/wp-content\/uploads\/2022\/11\/2021-08-26-11-07-388-150x150.webp 150w, https:\/\/eco-drinkware.com\/wp-content\/uploads\/2022\/11\/2021-08-26-11-07-388-768x768.webp 768w, https:\/\/eco-drinkware.com\/wp-content\/uploads\/2022\/11\/2021-08-26-11-07-388-600x600.webp 600w, https:\/\/eco-drinkware.com\/wp-content\/uploads\/2022\/11\/2021-08-26-11-07-388-100x100.webp 100w\" sizes=\"auto, (max-width: 1080px) 100vw, 1080px\" \/><\/figure>\n\n\n\n<figure class=\"wp-block-image size-full\"><img loading=\"lazy\" decoding=\"async\" width=\"1080\" height=\"1080\" src=\"https:\/\/eco-drinkware.com\/wp-content\/uploads\/2022\/11\/2021-08-26-11-08-065.webp\" alt=\"\" class=\"wp-image-746\" srcset=\"https:\/\/eco-drinkware.com\/wp-content\/uploads\/2022\/11\/2021-08-26-11-08-065.webp 1080w, https:\/\/eco-drinkware.com\/wp-content\/uploads\/2022\/11\/2021-08-26-11-08-065-300x300.webp 300w, https:\/\/eco-drinkware.com\/wp-content\/uploads\/2022\/11\/2021-08-26-11-08-065-150x150.webp 150w, https:\/\/eco-drinkware.com\/wp-content\/uploads\/2022\/11\/2021-08-26-11-08-065-768x768.webp 768w, https:\/\/eco-drinkware.com\/wp-content\/uploads\/2022\/11\/2021-08-26-11-08-065-600x600.webp 600w, https:\/\/eco-drinkware.com\/wp-content\/uploads\/2022\/11\/2021-08-26-11-08-065-100x100.webp 100w\" sizes=\"auto, (max-width: 1080px) 100vw, 1080px\" \/><\/figure>\n\n\n\n<figure class=\"wp-block-image size-full\"><img loading=\"lazy\" decoding=\"async\" width=\"1080\" height=\"1080\" src=\"https:\/\/eco-drinkware.com\/wp-content\/uploads\/2022\/11\/2021-08-26-11-25-469.webp\" alt=\"\" class=\"wp-image-747\" srcset=\"https:\/\/eco-drinkware.com\/wp-content\/uploads\/2022\/11\/2021-08-26-11-25-469.webp 1080w, https:\/\/eco-drinkware.com\/wp-content\/uploads\/2022\/11\/2021-08-26-11-25-469-300x300.webp 300w, https:\/\/eco-drinkware.com\/wp-content\/uploads\/2022\/11\/2021-08-26-11-25-469-150x150.webp 150w, https:\/\/eco-drinkware.com\/wp-content\/uploads\/2022\/11\/2021-08-26-11-25-469-768x768.webp 768w, https:\/\/eco-drinkware.com\/wp-content\/uploads\/2022\/11\/2021-08-26-11-25-469-600x600.webp 600w, https:\/\/eco-drinkware.com\/wp-content\/uploads\/2022\/11\/2021-08-26-11-25-469-100x100.webp 100w\" sizes=\"auto, (max-width: 1080px) 100vw, 1080px\" \/><\/figure>","protected":false},"excerpt":{"rendered":"<p>La bouteille d'eau en verre est fabriqu\u00e9e en verre borosilicat\u00e9 de haute qualit\u00e9. Vous pouvez choisir parmi plusieurs couleurs. Avec un manchon de protection en silicone et un couvercle en forme de paille. Facile \u00e0 emporter pour le sport, la randonn\u00e9e, le camping.<\/p>","protected":false},"featured_media":748,"template":"","meta":{"_acf_changed":false,"_seopress_robots_primary_cat":"","_seopress_titles_title":"","_seopress_titles_desc":"","_seopress_robots_index":"","_uag_custom_page_level_css":""},"product_brand":[],"product_cat":[42,25,22,35],"product_tag":[],"class_list":{"0":"post-375","1":"product","2":"type-product","3":"status-publish","4":"has-post-thumbnail","6":"product_cat-glass-tumbler","7":"product_cat-glass-tumbler-mugs","8":"product_cat-glass-water-bottle","9":"product_cat-single-wall-gass-bottle","11":"first","12":"instock","13":"shipping-taxable","14":"product-type-simple"},"acf":[],"uagb_featured_image_src":{"full":["https:\/\/eco-drinkware.com\/wp-content\/uploads\/2022\/11\/123_0.webp",1080,1080,false],"thumbnail":["https:\/\/eco-drinkware.com\/wp-content\/uploads\/2022\/11\/123_0-150x150.webp",150,150,true],"medium":["https:\/\/eco-drinkware.com\/wp-content\/uploads\/2022\/11\/123_0-300x300.webp",300,300,true],"medium_large":["https:\/\/eco-drinkware.com\/wp-content\/uploads\/2022\/11\/123_0-768x768.webp",768,768,true],"large":["https:\/\/eco-drinkware.com\/wp-content\/uploads\/2022\/11\/123_0.webp",1080,1080,false],"1536x1536":["https:\/\/eco-drinkware.com\/wp-content\/uploads\/2022\/11\/123_0.webp",1080,1080,false],"2048x2048":["https:\/\/eco-drinkware.com\/wp-content\/uploads\/2022\/11\/123_0.webp",1080,1080,false],"trp-custom-language-flag":["https:\/\/eco-drinkware.com\/wp-content\/uploads\/2022\/11\/123_0.webp",12,12,false],"woocommerce_thumbnail":["https:\/\/eco-drinkware.com\/wp-content\/uploads\/2022\/11\/123_0-300x300.webp",300,300,true],"woocommerce_single":["https:\/\/eco-drinkware.com\/wp-content\/uploads\/2022\/11\/123_0-600x600.webp",600,600,true],"woocommerce_gallery_thumbnail":["https:\/\/eco-drinkware.com\/wp-content\/uploads\/2022\/11\/123_0-100x100.webp",100,100,true]},"uagb_author_info":{"display_name":"Amy","author_link":"https:\/\/eco-drinkware.com\/fr\/author\/"},"uagb_comment_info":0,"uagb_excerpt":"The glass water bottle made of high borosilicate glass, some stock colors for you choose. With protective silicone sleeve and handle straw lid. Easy to take out for sporting, hiking, camping.","_links":{"self":[{"href":"https:\/\/eco-drinkware.com\/fr\/wp-json\/wp\/v2\/product\/375","targetHints":{"allow":["GET"]}}],"collection":[{"href":"https:\/\/eco-drinkware.com\/fr\/wp-json\/wp\/v2\/product"}],"about":[{"href":"https:\/\/eco-drinkware.com\/fr\/wp-json\/wp\/v2\/types\/product"}],"wp:featuredmedia":[{"embeddable":true,"href":"https:\/\/eco-drinkware.com\/fr\/wp-json\/wp\/v2\/media\/748"}],"wp:attachment":[{"href":"https:\/\/eco-drinkware.com\/fr\/wp-json\/wp\/v2\/media?parent=375"}],"wp:term":[{"taxonomy":"product_brand","embeddable":true,"href":"https:\/\/eco-drinkware.com\/fr\/wp-json\/wp\/v2\/product_brand?post=375"},{"taxonomy":"product_cat","embeddable":true,"href":"https:\/\/eco-drinkware.com\/fr\/wp-json\/wp\/v2\/product_cat?post=375"},{"taxonomy":"product_tag","embeddable":true,"href":"https:\/\/eco-drinkware.com\/fr\/wp-json\/wp\/v2\/product_tag?post=375"}],"curies":[{"name":"wp","href":"https:\/\/api.w.org\/{rel}","templated":true}]}}