{"id":381,"date":"2022-11-03T09:22:32","date_gmt":"2022-11-03T09:22:32","guid":{"rendered":"https:\/\/eco-drinkware.com\/?post_type=product&#038;p=381"},"modified":"2022-11-04T03:44:57","modified_gmt":"2022-11-04T03:44:57","slug":"120-acier-inoxydable-double-paroi-yerba-custom-mate-tasse-a-the-et-paille-120","status":"publish","type":"product","link":"https:\/\/eco-drinkware.com\/fr\/product\/120-acier-inoxydable-double-paroi-yerba-custom-mate-tasse-a-the-et-paille-120\/","title":{"rendered":"Tasse \u00e0 th\u00e9 Yerba Custom Mate en acier inoxydable \u00e0 double paroi et paille"},"content":{"rendered":"<p><strong>Conception en forme de calebasse et de gourde :<\/strong>Notre tasse \u00e0 th\u00e9 Yerba Mate Gourd en acier inoxydable est livr\u00e9e avec une paille et une brosse pour nettoyer la paille. La forme de cette tasse Yerba Mate est tr\u00e8s unique et sp\u00e9ciale, en forme de calebasse\/gourde, id\u00e9ale pour prendre des photos.<br><br><strong>Double paroi :<\/strong>Cette tasse \u00e0 double paroi est id\u00e9ale pour le th\u00e9 chaud et froid, vous pouvez la toucher directement et la tenir dans la main. Vous pouvez \u00e9galement utiliser cette tasse \u00e0 th\u00e9 Yerba Mate avec du caf\u00e9 ou toute autre boisson chaude ou froide.<br><br><strong>Facile \u00e0 nettoyer :<\/strong>Cet ensemble de tasses \u00e0 th\u00e9 Yerba Mate est tr\u00e8s facile \u00e0 utiliser et \u00e0 nettoyer. Fabriqu\u00e9 en acier inoxydable de qualit\u00e9 alimentaire, ce gobelet Yerba Mate peut \u00eatre lav\u00e9 au lave-vaisselle et est respectueux de l'environnement, il n'y a pas de plastique !<br><br><strong>Couleur et personnalisation :<\/strong>Nous avons quelques couleurs en stock pour ce gobelet Yerba Mate, les couleurs et logos personnalis\u00e9s sont \u00e9galement les bienvenus.<\/p>\n\n\n\n<figure class=\"wp-block-image size-full\"><img loading=\"lazy\" decoding=\"async\" width=\"1000\" height=\"1000\" src=\"https:\/\/eco-drinkware.com\/wp-content\/uploads\/2022\/11\/2021-06-24-17-29-089.webp\" alt=\"\" class=\"wp-image-772\" srcset=\"https:\/\/eco-drinkware.com\/wp-content\/uploads\/2022\/11\/2021-06-24-17-29-089.webp 1000w, https:\/\/eco-drinkware.com\/wp-content\/uploads\/2022\/11\/2021-06-24-17-29-089-300x300.webp 300w, https:\/\/eco-drinkware.com\/wp-content\/uploads\/2022\/11\/2021-06-24-17-29-089-150x150.webp 150w, https:\/\/eco-drinkware.com\/wp-content\/uploads\/2022\/11\/2021-06-24-17-29-089-768x768.webp 768w, https:\/\/eco-drinkware.com\/wp-content\/uploads\/2022\/11\/2021-06-24-17-29-089-600x600.webp 600w, https:\/\/eco-drinkware.com\/wp-content\/uploads\/2022\/11\/2021-06-24-17-29-089-100x100.webp 100w\" sizes=\"auto, (max-width: 1000px) 100vw, 1000px\" \/><\/figure>\n\n\n\n<figure class=\"wp-block-image size-full\"><img loading=\"lazy\" decoding=\"async\" width=\"1000\" height=\"1000\" src=\"https:\/\/eco-drinkware.com\/wp-content\/uploads\/2022\/11\/2021-06-24-17-29-535.webp\" alt=\"\" class=\"wp-image-773\" srcset=\"https:\/\/eco-drinkware.com\/wp-content\/uploads\/2022\/11\/2021-06-24-17-29-535.webp 1000w, https:\/\/eco-drinkware.com\/wp-content\/uploads\/2022\/11\/2021-06-24-17-29-535-300x300.webp 300w, https:\/\/eco-drinkware.com\/wp-content\/uploads\/2022\/11\/2021-06-24-17-29-535-150x150.webp 150w, https:\/\/eco-drinkware.com\/wp-content\/uploads\/2022\/11\/2021-06-24-17-29-535-768x768.webp 768w, https:\/\/eco-drinkware.com\/wp-content\/uploads\/2022\/11\/2021-06-24-17-29-535-600x600.webp 600w, https:\/\/eco-drinkware.com\/wp-content\/uploads\/2022\/11\/2021-06-24-17-29-535-100x100.webp 100w\" sizes=\"auto, (max-width: 1000px) 100vw, 1000px\" \/><\/figure>\n\n\n\n<figure class=\"wp-block-image size-full\"><img loading=\"lazy\" decoding=\"async\" width=\"1000\" height=\"1000\" src=\"https:\/\/eco-drinkware.com\/wp-content\/uploads\/2022\/11\/2021-06-24-17-30-345.webp\" alt=\"\" class=\"wp-image-766\" srcset=\"https:\/\/eco-drinkware.com\/wp-content\/uploads\/2022\/11\/2021-06-24-17-30-345.webp 1000w, https:\/\/eco-drinkware.com\/wp-content\/uploads\/2022\/11\/2021-06-24-17-30-345-300x300.webp 300w, https:\/\/eco-drinkware.com\/wp-content\/uploads\/2022\/11\/2021-06-24-17-30-345-150x150.webp 150w, https:\/\/eco-drinkware.com\/wp-content\/uploads\/2022\/11\/2021-06-24-17-30-345-768x768.webp 768w, https:\/\/eco-drinkware.com\/wp-content\/uploads\/2022\/11\/2021-06-24-17-30-345-600x600.webp 600w, https:\/\/eco-drinkware.com\/wp-content\/uploads\/2022\/11\/2021-06-24-17-30-345-100x100.webp 100w\" sizes=\"auto, (max-width: 1000px) 100vw, 1000px\" \/><\/figure>\n\n\n\n<figure class=\"wp-block-image size-full\"><img loading=\"lazy\" decoding=\"async\" width=\"1000\" height=\"1000\" src=\"https:\/\/eco-drinkware.com\/wp-content\/uploads\/2022\/11\/2021-06-24-17-31-030.webp\" alt=\"\" class=\"wp-image-767\" srcset=\"https:\/\/eco-drinkware.com\/wp-content\/uploads\/2022\/11\/2021-06-24-17-31-030.webp 1000w, https:\/\/eco-drinkware.com\/wp-content\/uploads\/2022\/11\/2021-06-24-17-31-030-300x300.webp 300w, https:\/\/eco-drinkware.com\/wp-content\/uploads\/2022\/11\/2021-06-24-17-31-030-150x150.webp 150w, https:\/\/eco-drinkware.com\/wp-content\/uploads\/2022\/11\/2021-06-24-17-31-030-768x768.webp 768w, https:\/\/eco-drinkware.com\/wp-content\/uploads\/2022\/11\/2021-06-24-17-31-030-600x600.webp 600w, https:\/\/eco-drinkware.com\/wp-content\/uploads\/2022\/11\/2021-06-24-17-31-030-100x100.webp 100w\" sizes=\"auto, (max-width: 1000px) 100vw, 1000px\" \/><\/figure>","protected":false},"excerpt":{"rendered":"<p>Capacit\u00e9 : 220ml. Quelques couleurs en stock pour vous permettre de choisir. Logo personnalis\u00e9 facile \u00e0 r\u00e9aliser. Livr\u00e9 avec une paille et une brosse \u00e0 paille.<\/p>","protected":false},"featured_media":768,"template":"","meta":{"_acf_changed":false,"_seopress_robots_primary_cat":"","_seopress_titles_title":"","_seopress_titles_desc":"","_seopress_robots_index":"","_uag_custom_page_level_css":""},"product_brand":[],"product_cat":[15],"product_tag":[],"class_list":{"0":"post-381","1":"product","2":"type-product","3":"status-publish","4":"has-post-thumbnail","6":"product_cat-drinkware-accessories","8":"first","9":"instock","10":"shipping-taxable","11":"product-type-simple"},"acf":[],"uagb_featured_image_src":{"full":["https:\/\/eco-drinkware.com\/wp-content\/uploads\/2022\/11\/120_0.webp",500,500,false],"thumbnail":["https:\/\/eco-drinkware.com\/wp-content\/uploads\/2022\/11\/120_0-150x150.webp",150,150,true],"medium":["https:\/\/eco-drinkware.com\/wp-content\/uploads\/2022\/11\/120_0-300x300.webp",300,300,true],"medium_large":["https:\/\/eco-drinkware.com\/wp-content\/uploads\/2022\/11\/120_0.webp",500,500,false],"large":["https:\/\/eco-drinkware.com\/wp-content\/uploads\/2022\/11\/120_0.webp",500,500,false],"1536x1536":["https:\/\/eco-drinkware.com\/wp-content\/uploads\/2022\/11\/120_0.webp",500,500,false],"2048x2048":["https:\/\/eco-drinkware.com\/wp-content\/uploads\/2022\/11\/120_0.webp",500,500,false],"trp-custom-language-flag":["https:\/\/eco-drinkware.com\/wp-content\/uploads\/2022\/11\/120_0.webp",12,12,false],"woocommerce_thumbnail":["https:\/\/eco-drinkware.com\/wp-content\/uploads\/2022\/11\/120_0-300x300.webp",300,300,true],"woocommerce_single":["https:\/\/eco-drinkware.com\/wp-content\/uploads\/2022\/11\/120_0.webp",500,500,false],"woocommerce_gallery_thumbnail":["https:\/\/eco-drinkware.com\/wp-content\/uploads\/2022\/11\/120_0-100x100.webp",100,100,true]},"uagb_author_info":{"display_name":"Amy","author_link":"https:\/\/eco-drinkware.com\/fr\/author\/"},"uagb_comment_info":0,"uagb_excerpt":"Capacity: 220ml. Some stock colors for you choose. Easy to do custom logo. Come with straw and straw brush.","_links":{"self":[{"href":"https:\/\/eco-drinkware.com\/fr\/wp-json\/wp\/v2\/product\/381","targetHints":{"allow":["GET"]}}],"collection":[{"href":"https:\/\/eco-drinkware.com\/fr\/wp-json\/wp\/v2\/product"}],"about":[{"href":"https:\/\/eco-drinkware.com\/fr\/wp-json\/wp\/v2\/types\/product"}],"wp:featuredmedia":[{"embeddable":true,"href":"https:\/\/eco-drinkware.com\/fr\/wp-json\/wp\/v2\/media\/768"}],"wp:attachment":[{"href":"https:\/\/eco-drinkware.com\/fr\/wp-json\/wp\/v2\/media?parent=381"}],"wp:term":[{"taxonomy":"product_brand","embeddable":true,"href":"https:\/\/eco-drinkware.com\/fr\/wp-json\/wp\/v2\/product_brand?post=381"},{"taxonomy":"product_cat","embeddable":true,"href":"https:\/\/eco-drinkware.com\/fr\/wp-json\/wp\/v2\/product_cat?post=381"},{"taxonomy":"product_tag","embeddable":true,"href":"https:\/\/eco-drinkware.com\/fr\/wp-json\/wp\/v2\/product_tag?post=381"}],"curies":[{"name":"wp","href":"https:\/\/api.w.org\/{rel}","templated":true}]}}