{"id":495,"date":"2022-11-03T14:52:18","date_gmt":"2022-11-03T14:52:18","guid":{"rendered":"https:\/\/eco-drinkware.com\/?post_type=product&#038;p=495"},"modified":"2022-11-04T03:59:48","modified_gmt":"2022-11-04T03:59:48","slug":"113-gobelet-a-cafe-proteine-en-acier-inoxydable-a-paroi-simple-113","status":"publish","type":"product","link":"https:\/\/eco-drinkware.com\/fr\/product\/113-gobelet-a-cafe-proteine-en-acier-inoxydable-a-paroi-simple-113\/","title":{"rendered":"Gobelet \u00e0 caf\u00e9 en acier inoxydable \u00e0 paroi simple pour le shaker de prot\u00e9ines"},"content":{"rendered":"<p>Capacit\u00e9 : 600 ml<br>Ce gobelet \u00e0 caf\u00e9 est une bouteille shaker en acier inoxydable \u00e0 paroi simple, dont la paroi int\u00e9rieure est en acier inoxydable 304.<br>Ce gobelet \u00e0 caf\u00e9 prot\u00e9in\u00e9 en acier inoxydable \u00e0 simple paroi est dot\u00e9 d'un couvercle qui s'ouvre et se referme facilement pour boire.\u00a0<br>Agitateur de prot\u00e9ines en acier inoxydable 304 dans le gobelet \u00e0 caf\u00e9, pratique pour secouer la poudre avec de l'eau.<br>Avec \u00e9tiquette de capacit\u00e9 sur le c\u00f4t\u00e9 du gobelet en acier inoxydable.<\/p>\n\n\n\n<figure class=\"wp-block-image size-full\"><img loading=\"lazy\" decoding=\"async\" width=\"1000\" height=\"1000\" src=\"https:\/\/eco-drinkware.com\/wp-content\/uploads\/2022\/11\/113_0.webp\" alt=\"\" class=\"wp-image-810\" srcset=\"https:\/\/eco-drinkware.com\/wp-content\/uploads\/2022\/11\/113_0.webp 1000w, https:\/\/eco-drinkware.com\/wp-content\/uploads\/2022\/11\/113_0-300x300.webp 300w, https:\/\/eco-drinkware.com\/wp-content\/uploads\/2022\/11\/113_0-150x150.webp 150w, https:\/\/eco-drinkware.com\/wp-content\/uploads\/2022\/11\/113_0-768x768.webp 768w, https:\/\/eco-drinkware.com\/wp-content\/uploads\/2022\/11\/113_0-600x600.webp 600w, https:\/\/eco-drinkware.com\/wp-content\/uploads\/2022\/11\/113_0-100x100.webp 100w\" sizes=\"auto, (max-width: 1000px) 100vw, 1000px\" \/><\/figure>\n\n\n\n<figure class=\"wp-block-image size-full\"><img loading=\"lazy\" decoding=\"async\" width=\"1000\" height=\"1000\" src=\"https:\/\/eco-drinkware.com\/wp-content\/uploads\/2022\/11\/113_2.webp\" alt=\"\" class=\"wp-image-813\" srcset=\"https:\/\/eco-drinkware.com\/wp-content\/uploads\/2022\/11\/113_2.webp 1000w, https:\/\/eco-drinkware.com\/wp-content\/uploads\/2022\/11\/113_2-300x300.webp 300w, https:\/\/eco-drinkware.com\/wp-content\/uploads\/2022\/11\/113_2-150x150.webp 150w, https:\/\/eco-drinkware.com\/wp-content\/uploads\/2022\/11\/113_2-768x768.webp 768w, https:\/\/eco-drinkware.com\/wp-content\/uploads\/2022\/11\/113_2-600x600.webp 600w, https:\/\/eco-drinkware.com\/wp-content\/uploads\/2022\/11\/113_2-100x100.webp 100w\" sizes=\"auto, (max-width: 1000px) 100vw, 1000px\" \/><\/figure>\n\n\n\n<p>Les couleurs et les logos personnalis\u00e9s sont les bienvenus !\u00a0<\/p>","protected":false},"excerpt":{"rendered":"<p>Ce gobelet \u00e0 caf\u00e9 est \u00e0 simple paroi, la paroi int\u00e9rieure est en acier inoxydable 304. Le gobelet contient un agitateur de prot\u00e9ines qui permet d'agiter la poudre avec de l'eau.<\/p>","protected":false},"featured_media":810,"template":"","meta":{"_acf_changed":false,"_seopress_robots_primary_cat":"","_seopress_titles_title":"","_seopress_titles_desc":"","_seopress_robots_index":"","_uag_custom_page_level_css":""},"product_brand":[],"product_cat":[15],"product_tag":[],"class_list":{"0":"post-495","1":"product","2":"type-product","3":"status-publish","4":"has-post-thumbnail","6":"product_cat-drinkware-accessories","8":"first","9":"instock","10":"shipping-taxable","11":"product-type-simple"},"acf":[],"uagb_featured_image_src":{"full":["https:\/\/eco-drinkware.com\/wp-content\/uploads\/2022\/11\/113_0.webp",1000,1000,false],"thumbnail":["https:\/\/eco-drinkware.com\/wp-content\/uploads\/2022\/11\/113_0-150x150.webp",150,150,true],"medium":["https:\/\/eco-drinkware.com\/wp-content\/uploads\/2022\/11\/113_0-300x300.webp",300,300,true],"medium_large":["https:\/\/eco-drinkware.com\/wp-content\/uploads\/2022\/11\/113_0-768x768.webp",768,768,true],"large":["https:\/\/eco-drinkware.com\/wp-content\/uploads\/2022\/11\/113_0.webp",1000,1000,false],"1536x1536":["https:\/\/eco-drinkware.com\/wp-content\/uploads\/2022\/11\/113_0.webp",1000,1000,false],"2048x2048":["https:\/\/eco-drinkware.com\/wp-content\/uploads\/2022\/11\/113_0.webp",1000,1000,false],"trp-custom-language-flag":["https:\/\/eco-drinkware.com\/wp-content\/uploads\/2022\/11\/113_0.webp",12,12,false],"woocommerce_thumbnail":["https:\/\/eco-drinkware.com\/wp-content\/uploads\/2022\/11\/113_0-300x300.webp",300,300,true],"woocommerce_single":["https:\/\/eco-drinkware.com\/wp-content\/uploads\/2022\/11\/113_0-600x600.webp",600,600,true],"woocommerce_gallery_thumbnail":["https:\/\/eco-drinkware.com\/wp-content\/uploads\/2022\/11\/113_0-100x100.webp",100,100,true]},"uagb_author_info":{"display_name":"Amy","author_link":"https:\/\/eco-drinkware.com\/fr\/author\/"},"uagb_comment_info":0,"uagb_excerpt":"This coffee tumbler is single wall, inner wall is 304 stainless steel. Protein shaker in the coffee tumbler, convenient to shake powder with water.","_links":{"self":[{"href":"https:\/\/eco-drinkware.com\/fr\/wp-json\/wp\/v2\/product\/495","targetHints":{"allow":["GET"]}}],"collection":[{"href":"https:\/\/eco-drinkware.com\/fr\/wp-json\/wp\/v2\/product"}],"about":[{"href":"https:\/\/eco-drinkware.com\/fr\/wp-json\/wp\/v2\/types\/product"}],"wp:featuredmedia":[{"embeddable":true,"href":"https:\/\/eco-drinkware.com\/fr\/wp-json\/wp\/v2\/media\/810"}],"wp:attachment":[{"href":"https:\/\/eco-drinkware.com\/fr\/wp-json\/wp\/v2\/media?parent=495"}],"wp:term":[{"taxonomy":"product_brand","embeddable":true,"href":"https:\/\/eco-drinkware.com\/fr\/wp-json\/wp\/v2\/product_brand?post=495"},{"taxonomy":"product_cat","embeddable":true,"href":"https:\/\/eco-drinkware.com\/fr\/wp-json\/wp\/v2\/product_cat?post=495"},{"taxonomy":"product_tag","embeddable":true,"href":"https:\/\/eco-drinkware.com\/fr\/wp-json\/wp\/v2\/product_tag?post=495"}],"curies":[{"name":"wp","href":"https:\/\/api.w.org\/{rel}","templated":true}]}}