{"id":502,"date":"2022-11-03T15:47:41","date_gmt":"2022-11-03T15:47:41","guid":{"rendered":"https:\/\/eco-drinkware.com\/?post_type=product&#038;p=502"},"modified":"2022-11-04T08:35:02","modified_gmt":"2022-11-04T08:35:02","slug":"110-bouteille-deau-isolee-sous-vide-en-acier-inoxydable-de-500ml-110","status":"publish","type":"product","link":"https:\/\/eco-drinkware.com\/fr\/product\/110-bouteille-deau-isolee-sous-vide-en-acier-inoxydable-de-500ml-110\/","title":{"rendered":"Bouteille d'eau isol\u00e9e sous vide en acier inoxydable de 500 ml"},"content":{"rendered":"<h3 class=\"wp-block-heading\">Caract\u00e9ristiques de la bouteille d'eau en acier inoxydable<br><\/h3>\n\n\n\n<p>1) Capacit\u00e9 : 500ml<br>2) Mat\u00e9riau : Acier inoxydable 304 pour la paroi int\u00e9rieure, acier inoxydable 201 pour la paroi ext\u00e9rieure, avec un nouveau pp et un anneau de silicone dans le couvercle.<br>3) Isolation sous vide : la bouteille d'eau en acier inoxydable peut conserver l'eau chaude pendant plus de 12 heures et l'eau froide pendant 24 heures. Avec un petit goulot, elle peut conserver la temp\u00e9rature pendant longtemps.<br>4) Peinture en couleur : Les couleurs pantone personnalis\u00e9es sont les bienvenues. La finition en caoutchouc de cette bouteille d'eau en acier inoxydable est la plus populaire, la finition est lisse et douce.<br><\/p>\n\n\n\n<h3 class=\"wp-block-heading\">Bouteille d'eau en acier inoxydable Photos<\/h3>\n\n\n\n<figure class=\"wp-block-image size-full\"><img loading=\"lazy\" decoding=\"async\" width=\"919\" height=\"909\" src=\"https:\/\/eco-drinkware.com\/wp-content\/uploads\/2022\/11\/110_0.webp\" alt=\"\" class=\"wp-image-827\" srcset=\"https:\/\/eco-drinkware.com\/wp-content\/uploads\/2022\/11\/110_0.webp 919w, https:\/\/eco-drinkware.com\/wp-content\/uploads\/2022\/11\/110_0-300x297.webp 300w, https:\/\/eco-drinkware.com\/wp-content\/uploads\/2022\/11\/110_0-150x148.webp 150w, https:\/\/eco-drinkware.com\/wp-content\/uploads\/2022\/11\/110_0-768x760.webp 768w, https:\/\/eco-drinkware.com\/wp-content\/uploads\/2022\/11\/110_0-600x593.webp 600w, https:\/\/eco-drinkware.com\/wp-content\/uploads\/2022\/11\/110_0-100x100.webp 100w\" sizes=\"auto, (max-width: 919px) 100vw, 919px\" \/><\/figure>\n\n\n\n<figure class=\"wp-block-image size-full\"><img loading=\"lazy\" decoding=\"async\" width=\"1000\" height=\"1000\" src=\"https:\/\/eco-drinkware.com\/wp-content\/uploads\/2022\/11\/2021-08-10-15-00-020.webp\" alt=\"\" class=\"wp-image-826\" srcset=\"https:\/\/eco-drinkware.com\/wp-content\/uploads\/2022\/11\/2021-08-10-15-00-020.webp 1000w, https:\/\/eco-drinkware.com\/wp-content\/uploads\/2022\/11\/2021-08-10-15-00-020-300x300.webp 300w, https:\/\/eco-drinkware.com\/wp-content\/uploads\/2022\/11\/2021-08-10-15-00-020-150x150.webp 150w, https:\/\/eco-drinkware.com\/wp-content\/uploads\/2022\/11\/2021-08-10-15-00-020-768x768.webp 768w, https:\/\/eco-drinkware.com\/wp-content\/uploads\/2022\/11\/2021-08-10-15-00-020-600x600.webp 600w, https:\/\/eco-drinkware.com\/wp-content\/uploads\/2022\/11\/2021-08-10-15-00-020-100x100.webp 100w\" sizes=\"auto, (max-width: 1000px) 100vw, 1000px\" \/><\/figure>\n\n\n\n<h3 class=\"wp-block-heading\">Bouteille d'eau en acier inoxydable Sp\u00e9cifications<\/h3>\n\n\n\n<p>MOQ : 500 pi\u00e8ces<br>Logo : logo laser personnalis\u00e9, logo en s\u00e9rigraphie<br>Couleur : couleur pantone personnalis\u00e9e<br>Finition : La finition en caoutchouc de cette bouteille d'eau en acier inoxydable est la plus populaire, la finition est lisse et douce.<br>D\u00e9lai d'\u00e9chantillonnage : 5-7 jours pour un \u00e9chantillon de bouteille d'eau en acier inoxydable.<br>Conditions de paiement : 30% d'acompte pour d\u00e9marrer la production, le solde doit \u00eatre pay\u00e9 avant l'exp\u00e9dition.<br>Mode de paiement : T\/T, Paypal, Western Union<\/p>","protected":false},"excerpt":{"rendered":"<p>1) Capacit\u00e9 : 500ml<\/p>\n<p>2) Mat\u00e9riau : Acier inoxydable 304 pour la paroi int\u00e9rieure, acier inoxydable 201 pour la paroi ext\u00e9rieure<\/p>\n<p>3) Isolation sous vide : la bouteille d'eau en acier inoxydable peut conserver l'eau chaude pendant plus de 12 heures et l'eau froide pendant 24 heures.<\/p>","protected":false},"featured_media":827,"template":"","meta":{"_acf_changed":false,"_seopress_robots_primary_cat":"","_seopress_titles_title":"","_seopress_titles_desc":"","_seopress_robots_index":"","_uag_custom_page_level_css":""},"product_brand":[],"product_cat":[15],"product_tag":[],"class_list":{"0":"post-502","1":"product","2":"type-product","3":"status-publish","4":"has-post-thumbnail","6":"product_cat-drinkware-accessories","8":"first","9":"instock","10":"shipping-taxable","11":"product-type-simple"},"acf":[],"uagb_featured_image_src":{"full":["https:\/\/eco-drinkware.com\/wp-content\/uploads\/2022\/11\/110_0.webp",919,909,false],"thumbnail":["https:\/\/eco-drinkware.com\/wp-content\/uploads\/2022\/11\/110_0-150x148.webp",150,148,true],"medium":["https:\/\/eco-drinkware.com\/wp-content\/uploads\/2022\/11\/110_0-300x297.webp",300,297,true],"medium_large":["https:\/\/eco-drinkware.com\/wp-content\/uploads\/2022\/11\/110_0-768x760.webp",768,760,true],"large":["https:\/\/eco-drinkware.com\/wp-content\/uploads\/2022\/11\/110_0.webp",919,909,false],"1536x1536":["https:\/\/eco-drinkware.com\/wp-content\/uploads\/2022\/11\/110_0.webp",919,909,false],"2048x2048":["https:\/\/eco-drinkware.com\/wp-content\/uploads\/2022\/11\/110_0.webp",919,909,false],"trp-custom-language-flag":["https:\/\/eco-drinkware.com\/wp-content\/uploads\/2022\/11\/110_0.webp",12,12,false],"woocommerce_thumbnail":["https:\/\/eco-drinkware.com\/wp-content\/uploads\/2022\/11\/110_0-300x300.webp",300,300,true],"woocommerce_single":["https:\/\/eco-drinkware.com\/wp-content\/uploads\/2022\/11\/110_0-600x593.webp",600,593,true],"woocommerce_gallery_thumbnail":["https:\/\/eco-drinkware.com\/wp-content\/uploads\/2022\/11\/110_0-100x100.webp",100,100,true]},"uagb_author_info":{"display_name":"Amy","author_link":"https:\/\/eco-drinkware.com\/fr\/author\/"},"uagb_comment_info":0,"uagb_excerpt":"1) Capacity: 500ml 2) Material: 304 stainless steel for inner wall, 201 stainless steel for outer wall 3) Vacuum Insulation: the stainless steel water bottle can keep water hot for over 12 hours, cold for 24 hours.","_links":{"self":[{"href":"https:\/\/eco-drinkware.com\/fr\/wp-json\/wp\/v2\/product\/502","targetHints":{"allow":["GET"]}}],"collection":[{"href":"https:\/\/eco-drinkware.com\/fr\/wp-json\/wp\/v2\/product"}],"about":[{"href":"https:\/\/eco-drinkware.com\/fr\/wp-json\/wp\/v2\/types\/product"}],"wp:featuredmedia":[{"embeddable":true,"href":"https:\/\/eco-drinkware.com\/fr\/wp-json\/wp\/v2\/media\/827"}],"wp:attachment":[{"href":"https:\/\/eco-drinkware.com\/fr\/wp-json\/wp\/v2\/media?parent=502"}],"wp:term":[{"taxonomy":"product_brand","embeddable":true,"href":"https:\/\/eco-drinkware.com\/fr\/wp-json\/wp\/v2\/product_brand?post=502"},{"taxonomy":"product_cat","embeddable":true,"href":"https:\/\/eco-drinkware.com\/fr\/wp-json\/wp\/v2\/product_cat?post=502"},{"taxonomy":"product_tag","embeddable":true,"href":"https:\/\/eco-drinkware.com\/fr\/wp-json\/wp\/v2\/product_tag?post=502"}],"curies":[{"name":"wp","href":"https:\/\/api.w.org\/{rel}","templated":true}]}}