{"id":518,"date":"2022-11-03T15:48:28","date_gmt":"2022-11-03T07:48:28","guid":{"rendered":"https:\/\/eco-drinkware.com\/?post_type=product&#038;p=518"},"modified":"2022-12-02T17:42:00","modified_gmt":"2022-12-02T09:42:00","slug":"109-550ml-gb8070-thermal-bamboo-lid-thermos-tea-vacuum-flasks-bottle-109","status":"publish","type":"product","link":"https:\/\/eco-drinkware.com\/fr\/product\/109-550ml-gb8070-thermal-bamboo-lid-thermos-tea-vacuum-flasks-bottle-109\/","title":{"rendered":"550ml GB8070 Thermos Bouteille \u00e0 th\u00e9 sous vide avec couvercle en bambou"},"content":{"rendered":"<p><strong>95% est fabriqu\u00e9 en bambou naturel :<\/strong>&nbsp;Le bambou utilis\u00e9 est respectueux de l'environnement. La forme du bambou a \u00e9t\u00e9 modifi\u00e9e et vous pouvez voir la peau de bambou sur cette bouteille d'eau en bambou. Facile \u00e0 graver au laser.<\/p>\n\n\n\n<p><strong>Avec poign\u00e9e pour l'emporter partout :<\/strong>Le couvercle en bambou est muni d'une poign\u00e9e, ce qui est tr\u00e8s pratique pour sortir.&nbsp;<\/p>\n\n\n\n<p><strong>Imperm\u00e9able \u00e0 l'eau :<\/strong>avec un couvercle int\u00e9rieur en silicone, emp\u00eachant les fuites d'eau de la bouteille d'eau en bambou.<\/p>\n\n\n\n<p><strong>Avec infuseur en acier inoxydable 304 :<\/strong>Cette bouteille d'eau en bambou respectueuse de l'environnement peut \u00eatre plac\u00e9e dans un panier d'infusion. Elle est fabriqu\u00e9e en acier inoxydable 304 et r\u00e9pond aux normes alimentaires. Elle peut contenir du th\u00e9, de la poudre, de la glace.<\/p>\n\n\n\n<p>La bouteille de 550 ml convient parfaitement aux personnes qui aiment les grandes contenances. En \u00e9t\u00e9, cette bouteille d'eau en bambou peut contenir de la glace et la garder froide pendant 12 heures. En hiver, offrez-vous une bouteille de th\u00e9 chaud, cette bouteille d'eau en bambou peut garder l'eau chaude pendant 8-10 heures.\u00a0<\/p>\n\n\n\n<figure class=\"wp-block-image size-full\"><img loading=\"lazy\" decoding=\"async\" width=\"1000\" height=\"1000\" src=\"https:\/\/eco-drinkware.com\/wp-content\/uploads\/2022\/11\/109_0.webp\" alt=\"\" class=\"wp-image-831\" srcset=\"https:\/\/eco-drinkware.com\/wp-content\/uploads\/2022\/11\/109_0.webp 1000w, https:\/\/eco-drinkware.com\/wp-content\/uploads\/2022\/11\/109_0-300x300.webp 300w, https:\/\/eco-drinkware.com\/wp-content\/uploads\/2022\/11\/109_0-150x150.webp 150w, https:\/\/eco-drinkware.com\/wp-content\/uploads\/2022\/11\/109_0-768x768.webp 768w, https:\/\/eco-drinkware.com\/wp-content\/uploads\/2022\/11\/109_0-600x600.webp 600w, https:\/\/eco-drinkware.com\/wp-content\/uploads\/2022\/11\/109_0-100x100.webp 100w\" sizes=\"auto, (max-width: 1000px) 100vw, 1000px\" \/><\/figure>\n\n\n\n<figure class=\"wp-block-image size-full\"><img loading=\"lazy\" decoding=\"async\" width=\"1000\" height=\"1000\" src=\"https:\/\/eco-drinkware.com\/wp-content\/uploads\/2022\/11\/109_1.webp\" alt=\"\" class=\"wp-image-832\" srcset=\"https:\/\/eco-drinkware.com\/wp-content\/uploads\/2022\/11\/109_1.webp 1000w, https:\/\/eco-drinkware.com\/wp-content\/uploads\/2022\/11\/109_1-300x300.webp 300w, https:\/\/eco-drinkware.com\/wp-content\/uploads\/2022\/11\/109_1-150x150.webp 150w, https:\/\/eco-drinkware.com\/wp-content\/uploads\/2022\/11\/109_1-768x768.webp 768w, https:\/\/eco-drinkware.com\/wp-content\/uploads\/2022\/11\/109_1-600x600.webp 600w, https:\/\/eco-drinkware.com\/wp-content\/uploads\/2022\/11\/109_1-100x100.webp 100w\" sizes=\"auto, (max-width: 1000px) 100vw, 1000px\" \/><\/figure>","protected":false},"excerpt":{"rendered":"<p>Le bambou utilis\u00e9 est respectueux de l'environnement. La forme du bambou a \u00e9t\u00e9 modifi\u00e9e et vous pouvez voir la peau de bambou sur cette bouteille d'eau en bambou. Facile \u00e0 graver au laser sur le logo personnalis\u00e9<\/p>","protected":false},"featured_media":831,"template":"","meta":{"_acf_changed":false,"_seopress_robots_primary_cat":"","_seopress_titles_title":"","_seopress_titles_desc":"","_seopress_robots_index":"","_uag_custom_page_level_css":""},"product_brand":[],"product_cat":[33,34,21,32,19,54,20],"product_tag":[],"class_list":{"0":"post-518","1":"product","2":"type-product","3":"status-publish","4":"has-post-thumbnail","6":"product_cat-bamboo-flask","7":"product_cat-bamboo-tumbler","8":"product_cat-bamboo-water-bottle","9":"product_cat-insulated-water-bottle","10":"product_cat-stainless-steel-water-bottle","11":"product_cat-tea-bottle-coffee-tumblers","12":"product_cat-vacuum-flask","14":"first","15":"instock","16":"shipping-taxable","17":"product-type-simple"},"acf":[],"uagb_featured_image_src":{"full":["https:\/\/eco-drinkware.com\/wp-content\/uploads\/2022\/11\/109_0.webp",1000,1000,false],"thumbnail":["https:\/\/eco-drinkware.com\/wp-content\/uploads\/2022\/11\/109_0-150x150.webp",150,150,true],"medium":["https:\/\/eco-drinkware.com\/wp-content\/uploads\/2022\/11\/109_0-300x300.webp",300,300,true],"medium_large":["https:\/\/eco-drinkware.com\/wp-content\/uploads\/2022\/11\/109_0-768x768.webp",768,768,true],"large":["https:\/\/eco-drinkware.com\/wp-content\/uploads\/2022\/11\/109_0.webp",1000,1000,false],"1536x1536":["https:\/\/eco-drinkware.com\/wp-content\/uploads\/2022\/11\/109_0.webp",1000,1000,false],"2048x2048":["https:\/\/eco-drinkware.com\/wp-content\/uploads\/2022\/11\/109_0.webp",1000,1000,false],"trp-custom-language-flag":["https:\/\/eco-drinkware.com\/wp-content\/uploads\/2022\/11\/109_0.webp",12,12,false],"woocommerce_thumbnail":["https:\/\/eco-drinkware.com\/wp-content\/uploads\/2022\/11\/109_0-300x300.webp",300,300,true],"woocommerce_single":["https:\/\/eco-drinkware.com\/wp-content\/uploads\/2022\/11\/109_0-600x600.webp",600,600,true],"woocommerce_gallery_thumbnail":["https:\/\/eco-drinkware.com\/wp-content\/uploads\/2022\/11\/109_0-100x100.webp",100,100,true]},"uagb_author_info":{"display_name":"Amy","author_link":"https:\/\/eco-drinkware.com\/fr\/author\/"},"uagb_comment_info":0,"uagb_excerpt":"Use eco friendly nature bamboo, just changed the bamboo shape, you can see bamboo skin on this bamboo water bottle. Easy to engrave custom laser logo on","_links":{"self":[{"href":"https:\/\/eco-drinkware.com\/fr\/wp-json\/wp\/v2\/product\/518","targetHints":{"allow":["GET"]}}],"collection":[{"href":"https:\/\/eco-drinkware.com\/fr\/wp-json\/wp\/v2\/product"}],"about":[{"href":"https:\/\/eco-drinkware.com\/fr\/wp-json\/wp\/v2\/types\/product"}],"wp:featuredmedia":[{"embeddable":true,"href":"https:\/\/eco-drinkware.com\/fr\/wp-json\/wp\/v2\/media\/831"}],"wp:attachment":[{"href":"https:\/\/eco-drinkware.com\/fr\/wp-json\/wp\/v2\/media?parent=518"}],"wp:term":[{"taxonomy":"product_brand","embeddable":true,"href":"https:\/\/eco-drinkware.com\/fr\/wp-json\/wp\/v2\/product_brand?post=518"},{"taxonomy":"product_cat","embeddable":true,"href":"https:\/\/eco-drinkware.com\/fr\/wp-json\/wp\/v2\/product_cat?post=518"},{"taxonomy":"product_tag","embeddable":true,"href":"https:\/\/eco-drinkware.com\/fr\/wp-json\/wp\/v2\/product_tag?post=518"}],"curies":[{"name":"wp","href":"https:\/\/api.w.org\/{rel}","templated":true}]}}