{"id":522,"date":"2022-11-03T15:51:13","date_gmt":"2022-11-03T07:51:13","guid":{"rendered":"https:\/\/eco-drinkware.com\/?post_type=product&#038;p=522"},"modified":"2022-12-02T17:42:43","modified_gmt":"2022-12-02T09:42:43","slug":"108-gb8016-400ml-bambou-travel-camping-coffee-mugs-cup-108","status":"publish","type":"product","link":"https:\/\/eco-drinkware.com\/fr\/product\/108-gb8016-400ml-bambou-travel-camping-coffee-mugs-cup-108\/","title":{"rendered":"GB8016 400ml Bambou Travel Camping Coffee Mugs Cup"},"content":{"rendered":"<p><strong>Tasse \u00e0 caf\u00e9 en bambou :<\/strong>Fabriqu\u00e9e en bambou naturel, en acier inoxydable 304 et en nouvelle mati\u00e8re plastique. Un logo laser personnalis\u00e9 peut \u00eatre grav\u00e9 sur le corps de la tasse \u00e0 caf\u00e9.<br><br><strong>Avec couvercle rotatif :<\/strong>Le couvercle de cette tasse \u00e0 caf\u00e9 de voyage en bambou peut pivoter pour s'ouvrir et se fermer. Un anneau en silicone emp\u00eache l'eau de s'\u00e9couler.<br><br>Cette tasse \u00e0 caf\u00e9 de voyage en bambou de 400 ml peut \u00eatre personnalis\u00e9e. Elle peut contenir du vin, du caf\u00e9, du th\u00e9, de l'eau, etc. Avec un look sp\u00e9cial et joli.\u00a0<\/p>\n\n\n\n<figure class=\"wp-block-image size-full\"><img loading=\"lazy\" decoding=\"async\" width=\"1000\" height=\"1000\" src=\"https:\/\/eco-drinkware.com\/wp-content\/uploads\/2022\/11\/108_0.webp\" alt=\"\" class=\"wp-image-838\" srcset=\"https:\/\/eco-drinkware.com\/wp-content\/uploads\/2022\/11\/108_0.webp 1000w, https:\/\/eco-drinkware.com\/wp-content\/uploads\/2022\/11\/108_0-300x300.webp 300w, https:\/\/eco-drinkware.com\/wp-content\/uploads\/2022\/11\/108_0-150x150.webp 150w, https:\/\/eco-drinkware.com\/wp-content\/uploads\/2022\/11\/108_0-768x768.webp 768w, https:\/\/eco-drinkware.com\/wp-content\/uploads\/2022\/11\/108_0-600x600.webp 600w, https:\/\/eco-drinkware.com\/wp-content\/uploads\/2022\/11\/108_0-100x100.webp 100w\" sizes=\"auto, (max-width: 1000px) 100vw, 1000px\" \/><\/figure>\n\n\n\n<figure class=\"wp-block-image size-full\"><img loading=\"lazy\" decoding=\"async\" width=\"1000\" height=\"1000\" src=\"https:\/\/eco-drinkware.com\/wp-content\/uploads\/2022\/11\/108_1.webp\" alt=\"\" class=\"wp-image-840\" srcset=\"https:\/\/eco-drinkware.com\/wp-content\/uploads\/2022\/11\/108_1.webp 1000w, https:\/\/eco-drinkware.com\/wp-content\/uploads\/2022\/11\/108_1-300x300.webp 300w, https:\/\/eco-drinkware.com\/wp-content\/uploads\/2022\/11\/108_1-150x150.webp 150w, https:\/\/eco-drinkware.com\/wp-content\/uploads\/2022\/11\/108_1-768x768.webp 768w, https:\/\/eco-drinkware.com\/wp-content\/uploads\/2022\/11\/108_1-600x600.webp 600w, https:\/\/eco-drinkware.com\/wp-content\/uploads\/2022\/11\/108_1-100x100.webp 100w\" sizes=\"auto, (max-width: 1000px) 100vw, 1000px\" \/><\/figure>\n\n\n\n<figure class=\"wp-block-table\"><table><tbody><tr><td>Taille\/ Capacit\u00e9<\/td><td>400ml<\/td><\/tr><tr><td>Mat\u00e9riau<\/td><td>Nature bambou, acier inoxydable 304, nouveau pp<\/td><\/tr><tr><td>Logo<\/td><td>Laser personnalis\u00e9<\/td><\/tr><tr><td>Temps d'\u00e9chantillonnage<\/td><td>5-7 jours<\/td><\/tr><tr><td>Paquet<\/td><td>bo\u00eete \u00e0 \u0153ufs, bo\u00eete ordinaire, bo\u00eete de couleur, cylindre rond<\/td><\/tr><tr><td>Mode de paiement<\/td><td>T\/T, Paypal, Western Union<\/td><\/tr><\/tbody><\/table><\/figure>","protected":false},"excerpt":{"rendered":"<p>Cette tasse \u00e0 caf\u00e9 de voyage en bambou de 400 ml peut \u00eatre personnalis\u00e9e. Elle peut contenir du vin, du caf\u00e9, du th\u00e9, de l'eau, etc. Avec un look sp\u00e9cial et joli.<\/p>","protected":false},"featured_media":838,"template":"","meta":{"_acf_changed":false,"_seopress_robots_primary_cat":"","_seopress_titles_title":"","_seopress_titles_desc":"","_seopress_robots_index":"","_uag_custom_page_level_css":""},"product_brand":[],"product_cat":[33,34,21],"product_tag":[],"class_list":{"0":"post-522","1":"product","2":"type-product","3":"status-publish","4":"has-post-thumbnail","6":"product_cat-bamboo-flask","7":"product_cat-bamboo-tumbler","8":"product_cat-bamboo-water-bottle","10":"first","11":"instock","12":"shipping-taxable","13":"product-type-simple"},"acf":[],"uagb_featured_image_src":{"full":["https:\/\/eco-drinkware.com\/wp-content\/uploads\/2022\/11\/108_0.webp",1000,1000,false],"thumbnail":["https:\/\/eco-drinkware.com\/wp-content\/uploads\/2022\/11\/108_0-150x150.webp",150,150,true],"medium":["https:\/\/eco-drinkware.com\/wp-content\/uploads\/2022\/11\/108_0-300x300.webp",300,300,true],"medium_large":["https:\/\/eco-drinkware.com\/wp-content\/uploads\/2022\/11\/108_0-768x768.webp",768,768,true],"large":["https:\/\/eco-drinkware.com\/wp-content\/uploads\/2022\/11\/108_0.webp",1000,1000,false],"1536x1536":["https:\/\/eco-drinkware.com\/wp-content\/uploads\/2022\/11\/108_0.webp",1000,1000,false],"2048x2048":["https:\/\/eco-drinkware.com\/wp-content\/uploads\/2022\/11\/108_0.webp",1000,1000,false],"trp-custom-language-flag":["https:\/\/eco-drinkware.com\/wp-content\/uploads\/2022\/11\/108_0.webp",12,12,false],"woocommerce_thumbnail":["https:\/\/eco-drinkware.com\/wp-content\/uploads\/2022\/11\/108_0-300x300.webp",300,300,true],"woocommerce_single":["https:\/\/eco-drinkware.com\/wp-content\/uploads\/2022\/11\/108_0-600x600.webp",600,600,true],"woocommerce_gallery_thumbnail":["https:\/\/eco-drinkware.com\/wp-content\/uploads\/2022\/11\/108_0-100x100.webp",100,100,true]},"uagb_author_info":{"display_name":"Amy","author_link":"https:\/\/eco-drinkware.com\/fr\/author\/"},"uagb_comment_info":0,"uagb_excerpt":"This 400ml bamboo travel coffee mug can be personalised, holding wine, coffee, tea, water and so on. With special and pretty look.","_links":{"self":[{"href":"https:\/\/eco-drinkware.com\/fr\/wp-json\/wp\/v2\/product\/522","targetHints":{"allow":["GET"]}}],"collection":[{"href":"https:\/\/eco-drinkware.com\/fr\/wp-json\/wp\/v2\/product"}],"about":[{"href":"https:\/\/eco-drinkware.com\/fr\/wp-json\/wp\/v2\/types\/product"}],"wp:featuredmedia":[{"embeddable":true,"href":"https:\/\/eco-drinkware.com\/fr\/wp-json\/wp\/v2\/media\/838"}],"wp:attachment":[{"href":"https:\/\/eco-drinkware.com\/fr\/wp-json\/wp\/v2\/media?parent=522"}],"wp:term":[{"taxonomy":"product_brand","embeddable":true,"href":"https:\/\/eco-drinkware.com\/fr\/wp-json\/wp\/v2\/product_brand?post=522"},{"taxonomy":"product_cat","embeddable":true,"href":"https:\/\/eco-drinkware.com\/fr\/wp-json\/wp\/v2\/product_cat?post=522"},{"taxonomy":"product_tag","embeddable":true,"href":"https:\/\/eco-drinkware.com\/fr\/wp-json\/wp\/v2\/product_tag?post=522"}],"curies":[{"name":"wp","href":"https:\/\/api.w.org\/{rel}","templated":true}]}}