{"id":524,"date":"2022-11-03T15:51:37","date_gmt":"2022-11-03T07:51:37","guid":{"rendered":"https:\/\/eco-drinkware.com\/?post_type=product&#038;p=524"},"modified":"2022-12-02T17:44:54","modified_gmt":"2022-12-02T09:44:54","slug":"106-550ml-verre-simple-paroi-eau-the-voyage-flasque-plat-bouteille-106","status":"publish","type":"product","link":"https:\/\/eco-drinkware.com\/fr\/product\/106-550ml-verre-simple-paroi-eau-the-voyage-flasque-plat-bouteille-106\/","title":{"rendered":"Bouteille de voyage en verre \u00e0 simple paroi pour l'eau et le th\u00e9 550ml"},"content":{"rendered":"<p>Cette bouteille de th\u00e9 en verre \u00e0 simple paroi est dot\u00e9e d'un infuseur inf\u00e9rieur, ce qui permet de l'ouvrir \u00e0 la fois par le haut et par le bas. L'infuseur inf\u00e9rieur est en acier inoxydable 304, conforme aux normes alimentaires.&nbsp;<\/p>\n\n\n\n<p>Plusieurs types de couvercles pour cette bouteille de th\u00e9 en verre, couvercle en acier, couvercle en acier avec ficelle.&nbsp;<\/p>\n\n\n\n<p>Fabriqu\u00e9 en verre borosilicat\u00e9, le mat\u00e9riau le plus respectueux de l'environnement pour l'eau, le th\u00e9 et le caf\u00e9.<\/p>\n\n\n\n<p>Ces bouteilles de th\u00e9 en verre \u00e0 simple paroi avec manchon sont plus faciles \u00e0 transporter et mieux isol\u00e9es.<\/p>\n\n\n\n<figure class=\"wp-block-image size-full\"><img loading=\"lazy\" decoding=\"async\" width=\"1000\" height=\"1000\" src=\"https:\/\/eco-drinkware.com\/wp-content\/uploads\/2022\/11\/2020-11-11-16-46-172.webp\" alt=\"\" class=\"wp-image-845\" srcset=\"https:\/\/eco-drinkware.com\/wp-content\/uploads\/2022\/11\/2020-11-11-16-46-172.webp 1000w, https:\/\/eco-drinkware.com\/wp-content\/uploads\/2022\/11\/2020-11-11-16-46-172-300x300.webp 300w, https:\/\/eco-drinkware.com\/wp-content\/uploads\/2022\/11\/2020-11-11-16-46-172-150x150.webp 150w, https:\/\/eco-drinkware.com\/wp-content\/uploads\/2022\/11\/2020-11-11-16-46-172-768x768.webp 768w, https:\/\/eco-drinkware.com\/wp-content\/uploads\/2022\/11\/2020-11-11-16-46-172-600x600.webp 600w, https:\/\/eco-drinkware.com\/wp-content\/uploads\/2022\/11\/2020-11-11-16-46-172-100x100.webp 100w\" sizes=\"auto, (max-width: 1000px) 100vw, 1000px\" \/><\/figure>\n\n\n\n<figure class=\"wp-block-image size-full\"><img loading=\"lazy\" decoding=\"async\" width=\"750\" height=\"750\" src=\"https:\/\/eco-drinkware.com\/wp-content\/uploads\/2022\/11\/2020-11-11-16-46-580.webp\" alt=\"\" class=\"wp-image-846\" srcset=\"https:\/\/eco-drinkware.com\/wp-content\/uploads\/2022\/11\/2020-11-11-16-46-580.webp 750w, https:\/\/eco-drinkware.com\/wp-content\/uploads\/2022\/11\/2020-11-11-16-46-580-300x300.webp 300w, https:\/\/eco-drinkware.com\/wp-content\/uploads\/2022\/11\/2020-11-11-16-46-580-150x150.webp 150w, https:\/\/eco-drinkware.com\/wp-content\/uploads\/2022\/11\/2020-11-11-16-46-580-600x600.webp 600w, https:\/\/eco-drinkware.com\/wp-content\/uploads\/2022\/11\/2020-11-11-16-46-580-100x100.webp 100w\" sizes=\"auto, (max-width: 750px) 100vw, 750px\" \/><\/figure>\n\n\n\n<figure class=\"wp-block-image size-full\"><img loading=\"lazy\" decoding=\"async\" width=\"318\" height=\"319\" src=\"https:\/\/eco-drinkware.com\/wp-content\/uploads\/2022\/11\/2020-11-11-16-47-553.webp\" alt=\"\" class=\"wp-image-847\" srcset=\"https:\/\/eco-drinkware.com\/wp-content\/uploads\/2022\/11\/2020-11-11-16-47-553.webp 318w, https:\/\/eco-drinkware.com\/wp-content\/uploads\/2022\/11\/2020-11-11-16-47-553-300x300.webp 300w, https:\/\/eco-drinkware.com\/wp-content\/uploads\/2022\/11\/2020-11-11-16-47-553-150x150.webp 150w, https:\/\/eco-drinkware.com\/wp-content\/uploads\/2022\/11\/2020-11-11-16-47-553-100x100.webp 100w\" sizes=\"auto, (max-width: 318px) 100vw, 318px\" \/><\/figure>\n\n\n\n<figure class=\"wp-block-table\"><table><tbody><tr><td>Nom<\/td><td>Bouteilles en verre \u00e0 simple paroi pour le th\u00e9 Eau 550ml Wholesale--GA5065<\/td><\/tr><tr><td>Capacit\u00e9<\/td><td>550ml<\/td><\/tr><tr><td>Mur de verre<\/td><td>Mur simple<\/td><\/tr><tr><td>Infuseur<\/td><td>Infuseur de fond<\/td><\/tr><tr><td>Logo<\/td><td>Sur mesure<\/td><\/tr><tr><td>Mat\u00e9riau<\/td><td>Verre borosilicat\u00e9 de haute qualit\u00e9, acier inoxydable 304, nouveau pp, silicone<\/td><\/tr><\/tbody><\/table><\/figure>","protected":false},"excerpt":{"rendered":"<p>Fabriqu\u00e9e en verre borosilicat\u00e9, le mat\u00e9riau le plus \u00e9cologique pour l'eau, le th\u00e9 et le caf\u00e9. Les bouteilles de th\u00e9 en verre \u00e0 simple paroi avec manchon sont plus faciles \u00e0 transporter et mieux isol\u00e9es.<\/p>","protected":false},"featured_media":848,"template":"","meta":{"_acf_changed":false,"_seopress_robots_primary_cat":"","_seopress_titles_title":"","_seopress_titles_desc":"","_seopress_robots_index":"","_uag_custom_page_level_css":""},"product_brand":[],"product_cat":[42,25,22,35,54],"product_tag":[],"class_list":{"0":"post-524","1":"product","2":"type-product","3":"status-publish","4":"has-post-thumbnail","6":"product_cat-glass-tumbler","7":"product_cat-glass-tumbler-mugs","8":"product_cat-glass-water-bottle","9":"product_cat-single-wall-gass-bottle","10":"product_cat-tea-bottle-coffee-tumblers","12":"first","13":"instock","14":"shipping-taxable","15":"product-type-simple"},"acf":[],"uagb_featured_image_src":{"full":["https:\/\/eco-drinkware.com\/wp-content\/uploads\/2022\/11\/106_0.webp",1000,1000,false],"thumbnail":["https:\/\/eco-drinkware.com\/wp-content\/uploads\/2022\/11\/106_0-150x150.webp",150,150,true],"medium":["https:\/\/eco-drinkware.com\/wp-content\/uploads\/2022\/11\/106_0-300x300.webp",300,300,true],"medium_large":["https:\/\/eco-drinkware.com\/wp-content\/uploads\/2022\/11\/106_0-768x768.webp",768,768,true],"large":["https:\/\/eco-drinkware.com\/wp-content\/uploads\/2022\/11\/106_0.webp",1000,1000,false],"1536x1536":["https:\/\/eco-drinkware.com\/wp-content\/uploads\/2022\/11\/106_0.webp",1000,1000,false],"2048x2048":["https:\/\/eco-drinkware.com\/wp-content\/uploads\/2022\/11\/106_0.webp",1000,1000,false],"trp-custom-language-flag":["https:\/\/eco-drinkware.com\/wp-content\/uploads\/2022\/11\/106_0.webp",12,12,false],"woocommerce_thumbnail":["https:\/\/eco-drinkware.com\/wp-content\/uploads\/2022\/11\/106_0-300x300.webp",300,300,true],"woocommerce_single":["https:\/\/eco-drinkware.com\/wp-content\/uploads\/2022\/11\/106_0-600x600.webp",600,600,true],"woocommerce_gallery_thumbnail":["https:\/\/eco-drinkware.com\/wp-content\/uploads\/2022\/11\/106_0-100x100.webp",100,100,true]},"uagb_author_info":{"display_name":"Amy","author_link":"https:\/\/eco-drinkware.com\/fr\/author\/"},"uagb_comment_info":0,"uagb_excerpt":"Made of high borosilicate glass, most eco friendly material for water, tea, coffee. Single wall tea glass bottles with sleeve will be easier to take and more insulated.","_links":{"self":[{"href":"https:\/\/eco-drinkware.com\/fr\/wp-json\/wp\/v2\/product\/524","targetHints":{"allow":["GET"]}}],"collection":[{"href":"https:\/\/eco-drinkware.com\/fr\/wp-json\/wp\/v2\/product"}],"about":[{"href":"https:\/\/eco-drinkware.com\/fr\/wp-json\/wp\/v2\/types\/product"}],"wp:featuredmedia":[{"embeddable":true,"href":"https:\/\/eco-drinkware.com\/fr\/wp-json\/wp\/v2\/media\/848"}],"wp:attachment":[{"href":"https:\/\/eco-drinkware.com\/fr\/wp-json\/wp\/v2\/media?parent=524"}],"wp:term":[{"taxonomy":"product_brand","embeddable":true,"href":"https:\/\/eco-drinkware.com\/fr\/wp-json\/wp\/v2\/product_brand?post=524"},{"taxonomy":"product_cat","embeddable":true,"href":"https:\/\/eco-drinkware.com\/fr\/wp-json\/wp\/v2\/product_cat?post=524"},{"taxonomy":"product_tag","embeddable":true,"href":"https:\/\/eco-drinkware.com\/fr\/wp-json\/wp\/v2\/product_tag?post=524"}],"curies":[{"name":"wp","href":"https:\/\/api.w.org\/{rel}","templated":true}]}}