{"id":526,"date":"2022-11-03T15:52:11","date_gmt":"2022-11-03T15:52:11","guid":{"rendered":"https:\/\/eco-drinkware.com\/?post_type=product&#038;p=526"},"modified":"2022-11-04T08:53:56","modified_gmt":"2022-11-04T08:53:56","slug":"103-stocke-nouveau-personnalise-double-paroi-acier-inoxydable-thermo-bouteille-deau-flask-103","status":"publish","type":"product","link":"https:\/\/eco-drinkware.com\/fr\/product\/103-stocke-nouveau-personnalise-double-paroi-acier-inoxydable-thermo-bouteille-deau-flask-103\/","title":{"rendered":"Stock\u00e9 Nouveau Personnalis\u00e9 Double Paroi Acier Inoxydable Bouteille Thermo Eau Flask"},"content":{"rendered":"<p><strong>Sans plastique :<\/strong>Int\u00e9rieur en acier inoxydable 304, ext\u00e9rieur en acier inoxydable 201, couvercle avec poign\u00e9e en acier. Pas de plastique dans la bouteille thermos.<strong><br>Design sportif :<\/strong>Cette bouteille thermos est facile \u00e0 emporter pour la gymnastique, la randonn\u00e9e, le camping et d'autres activit\u00e9s.<strong><br>Isolation sous vide :<\/strong>Cette bouteille thermos en acier inoxydable peut garder l'eau chaude pendant 12 heures et froide pendant 24 heures.<strong><br>Personnalisation :<\/strong>Nous pouvons personnaliser le logo et l'emballage. Avec la personnalisation, la gourde thermos hydro flask en acier inoxydable est tr\u00e8s belle !<\/p>\n\n\n\n<figure class=\"wp-block-image size-full\"><img loading=\"lazy\" decoding=\"async\" width=\"1000\" height=\"1000\" src=\"https:\/\/eco-drinkware.com\/wp-content\/uploads\/2022\/11\/2020-12-11-18-16-275.webp\" alt=\"\" class=\"wp-image-854\" srcset=\"https:\/\/eco-drinkware.com\/wp-content\/uploads\/2022\/11\/2020-12-11-18-16-275.webp 1000w, https:\/\/eco-drinkware.com\/wp-content\/uploads\/2022\/11\/2020-12-11-18-16-275-300x300.webp 300w, https:\/\/eco-drinkware.com\/wp-content\/uploads\/2022\/11\/2020-12-11-18-16-275-150x150.webp 150w, https:\/\/eco-drinkware.com\/wp-content\/uploads\/2022\/11\/2020-12-11-18-16-275-768x768.webp 768w, https:\/\/eco-drinkware.com\/wp-content\/uploads\/2022\/11\/2020-12-11-18-16-275-600x600.webp 600w, https:\/\/eco-drinkware.com\/wp-content\/uploads\/2022\/11\/2020-12-11-18-16-275-100x100.webp 100w\" sizes=\"auto, (max-width: 1000px) 100vw, 1000px\" \/><\/figure>\n\n\n\n<figure class=\"wp-block-image size-full\"><img loading=\"lazy\" decoding=\"async\" width=\"1000\" height=\"1000\" src=\"https:\/\/eco-drinkware.com\/wp-content\/uploads\/2022\/11\/2020-12-11-18-16-593.webp\" alt=\"\" class=\"wp-image-855\" srcset=\"https:\/\/eco-drinkware.com\/wp-content\/uploads\/2022\/11\/2020-12-11-18-16-593.webp 1000w, https:\/\/eco-drinkware.com\/wp-content\/uploads\/2022\/11\/2020-12-11-18-16-593-300x300.webp 300w, https:\/\/eco-drinkware.com\/wp-content\/uploads\/2022\/11\/2020-12-11-18-16-593-150x150.webp 150w, https:\/\/eco-drinkware.com\/wp-content\/uploads\/2022\/11\/2020-12-11-18-16-593-768x768.webp 768w, https:\/\/eco-drinkware.com\/wp-content\/uploads\/2022\/11\/2020-12-11-18-16-593-600x600.webp 600w, https:\/\/eco-drinkware.com\/wp-content\/uploads\/2022\/11\/2020-12-11-18-16-593-100x100.webp 100w\" sizes=\"auto, (max-width: 1000px) 100vw, 1000px\" \/><\/figure>\n\n\n\n<figure class=\"wp-block-image size-full\"><img loading=\"lazy\" decoding=\"async\" width=\"1000\" height=\"1000\" src=\"https:\/\/eco-drinkware.com\/wp-content\/uploads\/2022\/11\/2020-12-11-18-17-160.webp\" alt=\"\" class=\"wp-image-851\" srcset=\"https:\/\/eco-drinkware.com\/wp-content\/uploads\/2022\/11\/2020-12-11-18-17-160.webp 1000w, https:\/\/eco-drinkware.com\/wp-content\/uploads\/2022\/11\/2020-12-11-18-17-160-300x300.webp 300w, https:\/\/eco-drinkware.com\/wp-content\/uploads\/2022\/11\/2020-12-11-18-17-160-150x150.webp 150w, https:\/\/eco-drinkware.com\/wp-content\/uploads\/2022\/11\/2020-12-11-18-17-160-768x768.webp 768w, https:\/\/eco-drinkware.com\/wp-content\/uploads\/2022\/11\/2020-12-11-18-17-160-600x600.webp 600w, https:\/\/eco-drinkware.com\/wp-content\/uploads\/2022\/11\/2020-12-11-18-17-160-100x100.webp 100w\" sizes=\"auto, (max-width: 1000px) 100vw, 1000px\" \/><\/figure>\n\n\n\n<figure class=\"wp-block-table\"><table><tbody><tr><td>Capacit\u00e9<\/td><td>350ml, 500ml, 750ml, 1000ml<\/td><\/tr><tr><td>Couleur&nbsp;<\/td><td>Pantone personnalis\u00e9<\/td><\/tr><tr><td>MOQ<\/td><td>500pcs<\/td><\/tr><tr><td>Couvercle<\/td><td>acier<\/td><\/tr><tr><td>Mat\u00e9riau<\/td><td>Int\u00e9rieur en acier inoxydable 304, ext\u00e9rieur en acier inoxydable 201<\/td><\/tr><tr><td>Logo<\/td><td>Sur mesure<\/td><\/tr><tr><td>Paquet<\/td><td>Bo\u00eete blanche, bo\u00eete couleur, cylindre rond<\/td><\/tr><\/tbody><\/table><\/figure>","protected":false},"excerpt":{"rendered":"<p>Ce type de bouteille sous vide \u00e0 double paroi est de plus en plus populaire sur les march\u00e9s europ\u00e9en, australien et nord-am\u00e9ricain. La peinture color\u00e9e par poudrage est tr\u00e8s esth\u00e9tique sur cette bouteille thermo. PAS DE PLASTIQUE<\/p>","protected":false},"featured_media":854,"template":"","meta":{"_acf_changed":false,"_seopress_robots_primary_cat":"","_seopress_titles_title":"","_seopress_titles_desc":"","_seopress_robots_index":"","_uag_custom_page_level_css":""},"product_brand":[],"product_cat":[15],"product_tag":[],"class_list":{"0":"post-526","1":"product","2":"type-product","3":"status-publish","4":"has-post-thumbnail","6":"product_cat-drinkware-accessories","8":"first","9":"instock","10":"shipping-taxable","11":"product-type-simple"},"acf":[],"uagb_featured_image_src":{"full":["https:\/\/eco-drinkware.com\/wp-content\/uploads\/2022\/11\/2020-12-11-18-16-275.webp",1000,1000,false],"thumbnail":["https:\/\/eco-drinkware.com\/wp-content\/uploads\/2022\/11\/2020-12-11-18-16-275-150x150.webp",150,150,true],"medium":["https:\/\/eco-drinkware.com\/wp-content\/uploads\/2022\/11\/2020-12-11-18-16-275-300x300.webp",300,300,true],"medium_large":["https:\/\/eco-drinkware.com\/wp-content\/uploads\/2022\/11\/2020-12-11-18-16-275-768x768.webp",768,768,true],"large":["https:\/\/eco-drinkware.com\/wp-content\/uploads\/2022\/11\/2020-12-11-18-16-275.webp",1000,1000,false],"1536x1536":["https:\/\/eco-drinkware.com\/wp-content\/uploads\/2022\/11\/2020-12-11-18-16-275.webp",1000,1000,false],"2048x2048":["https:\/\/eco-drinkware.com\/wp-content\/uploads\/2022\/11\/2020-12-11-18-16-275.webp",1000,1000,false],"trp-custom-language-flag":["https:\/\/eco-drinkware.com\/wp-content\/uploads\/2022\/11\/2020-12-11-18-16-275.webp",12,12,false],"woocommerce_thumbnail":["https:\/\/eco-drinkware.com\/wp-content\/uploads\/2022\/11\/2020-12-11-18-16-275-300x300.webp",300,300,true],"woocommerce_single":["https:\/\/eco-drinkware.com\/wp-content\/uploads\/2022\/11\/2020-12-11-18-16-275-600x600.webp",600,600,true],"woocommerce_gallery_thumbnail":["https:\/\/eco-drinkware.com\/wp-content\/uploads\/2022\/11\/2020-12-11-18-16-275-100x100.webp",100,100,true]},"uagb_author_info":{"display_name":"Amy","author_link":"https:\/\/eco-drinkware.com\/fr\/author\/"},"uagb_comment_info":0,"uagb_excerpt":"This kind of double wall vacuum flask is getting more and more popular among Europe Market, Australia Market and North America Market, Colorful powder coated painting looks very well on this thermo flask. NO PLASTIC","_links":{"self":[{"href":"https:\/\/eco-drinkware.com\/fr\/wp-json\/wp\/v2\/product\/526","targetHints":{"allow":["GET"]}}],"collection":[{"href":"https:\/\/eco-drinkware.com\/fr\/wp-json\/wp\/v2\/product"}],"about":[{"href":"https:\/\/eco-drinkware.com\/fr\/wp-json\/wp\/v2\/types\/product"}],"wp:featuredmedia":[{"embeddable":true,"href":"https:\/\/eco-drinkware.com\/fr\/wp-json\/wp\/v2\/media\/854"}],"wp:attachment":[{"href":"https:\/\/eco-drinkware.com\/fr\/wp-json\/wp\/v2\/media?parent=526"}],"wp:term":[{"taxonomy":"product_brand","embeddable":true,"href":"https:\/\/eco-drinkware.com\/fr\/wp-json\/wp\/v2\/product_brand?post=526"},{"taxonomy":"product_cat","embeddable":true,"href":"https:\/\/eco-drinkware.com\/fr\/wp-json\/wp\/v2\/product_cat?post=526"},{"taxonomy":"product_tag","embeddable":true,"href":"https:\/\/eco-drinkware.com\/fr\/wp-json\/wp\/v2\/product_tag?post=526"}],"curies":[{"name":"wp","href":"https:\/\/api.w.org\/{rel}","templated":true}]}}