{"id":542,"date":"2022-11-03T15:57:12","date_gmt":"2022-11-03T15:57:12","guid":{"rendered":"https:\/\/eco-drinkware.com\/?post_type=product&#038;p=542"},"modified":"2022-11-25T08:50:03","modified_gmt":"2022-11-25T08:50:03","slug":"94-thermos-double-paroi-en-acier-inoxydable-304-carafe-a-vide-bouteille-isotherme-pot-thermique-94","status":"publish","type":"product","link":"https:\/\/eco-drinkware.com\/fr\/product\/94-thermos-double-paroi-en-acier-inoxydable-304-carafe-a-vide-bouteille-isotherme-pot-thermique-94\/","title":{"rendered":"Th\u00e9i\u00e8re \u00e0 caf\u00e9 en acier inoxydable \u00e0 double paroi avec infuseur"},"content":{"rendered":"<p><strong>Construction durable :<\/strong>Cette th\u00e9i\u00e8re en acier inoxydable est fabriqu\u00e9e en acier inoxydable 304 de qualit\u00e9 alimentaire, \u00e0 l'int\u00e9rieur comme \u00e0 l'ext\u00e9rieur. Avec le couvercle en acier inoxydable, double paroi isol\u00e9e, les liquides restent chauds et pr\u00eats pour votre prochaine tasse de caf\u00e9 ou de th\u00e9.<br><br><strong>Poign\u00e9e en bois :<\/strong>Le manche de la th\u00e9i\u00e8re en acier inoxydable est en bois naturel, facile \u00e0 tenir dans le manche et \u00e0 verser le liquide.<br><br><strong>Avec infuseur :<\/strong>Un infuseur en filet suppl\u00e9mentaire est inclus dans la th\u00e9i\u00e8re en acier inoxydable. L'infuseur peut \u00eatre d\u00e9mont\u00e9.<br><br><strong>\u00c9tanch\u00e9it\u00e9 :<\/strong>Il suffit d'appuyer sur le bouton pour que le liquide s'\u00e9coule. Cette th\u00e9i\u00e8re en acier inoxydable est \u00e9tanche.<\/p>\n\n\n\n<figure class=\"wp-block-image size-full\"><img loading=\"lazy\" decoding=\"async\" width=\"1000\" height=\"1000\" src=\"https:\/\/eco-drinkware.com\/wp-content\/uploads\/2022\/11\/2021-07-12-15-00-084.webp\" alt=\"\" class=\"wp-image-911\" srcset=\"https:\/\/eco-drinkware.com\/wp-content\/uploads\/2022\/11\/2021-07-12-15-00-084.webp 1000w, https:\/\/eco-drinkware.com\/wp-content\/uploads\/2022\/11\/2021-07-12-15-00-084-300x300.webp 300w, https:\/\/eco-drinkware.com\/wp-content\/uploads\/2022\/11\/2021-07-12-15-00-084-150x150.webp 150w, https:\/\/eco-drinkware.com\/wp-content\/uploads\/2022\/11\/2021-07-12-15-00-084-768x768.webp 768w, https:\/\/eco-drinkware.com\/wp-content\/uploads\/2022\/11\/2021-07-12-15-00-084-600x600.webp 600w, https:\/\/eco-drinkware.com\/wp-content\/uploads\/2022\/11\/2021-07-12-15-00-084-100x100.webp 100w\" sizes=\"auto, (max-width: 1000px) 100vw, 1000px\" \/><\/figure>\n\n\n\n<figure class=\"wp-block-image size-full\"><img loading=\"lazy\" decoding=\"async\" width=\"1000\" height=\"1000\" src=\"https:\/\/eco-drinkware.com\/wp-content\/uploads\/2022\/11\/2021-07-12-15-03-574.webp\" alt=\"\" class=\"wp-image-912\" srcset=\"https:\/\/eco-drinkware.com\/wp-content\/uploads\/2022\/11\/2021-07-12-15-03-574.webp 1000w, https:\/\/eco-drinkware.com\/wp-content\/uploads\/2022\/11\/2021-07-12-15-03-574-300x300.webp 300w, https:\/\/eco-drinkware.com\/wp-content\/uploads\/2022\/11\/2021-07-12-15-03-574-150x150.webp 150w, https:\/\/eco-drinkware.com\/wp-content\/uploads\/2022\/11\/2021-07-12-15-03-574-768x768.webp 768w, https:\/\/eco-drinkware.com\/wp-content\/uploads\/2022\/11\/2021-07-12-15-03-574-600x600.webp 600w, https:\/\/eco-drinkware.com\/wp-content\/uploads\/2022\/11\/2021-07-12-15-03-574-100x100.webp 100w\" sizes=\"auto, (max-width: 1000px) 100vw, 1000px\" \/><\/figure>\n\n\n\n<figure class=\"wp-block-image size-full\"><img loading=\"lazy\" decoding=\"async\" width=\"1000\" height=\"1000\" src=\"https:\/\/eco-drinkware.com\/wp-content\/uploads\/2022\/11\/2021-07-12-15-05-074.webp\" alt=\"\" class=\"wp-image-913\" srcset=\"https:\/\/eco-drinkware.com\/wp-content\/uploads\/2022\/11\/2021-07-12-15-05-074.webp 1000w, https:\/\/eco-drinkware.com\/wp-content\/uploads\/2022\/11\/2021-07-12-15-05-074-300x300.webp 300w, https:\/\/eco-drinkware.com\/wp-content\/uploads\/2022\/11\/2021-07-12-15-05-074-150x150.webp 150w, https:\/\/eco-drinkware.com\/wp-content\/uploads\/2022\/11\/2021-07-12-15-05-074-768x768.webp 768w, https:\/\/eco-drinkware.com\/wp-content\/uploads\/2022\/11\/2021-07-12-15-05-074-600x600.webp 600w, https:\/\/eco-drinkware.com\/wp-content\/uploads\/2022\/11\/2021-07-12-15-05-074-100x100.webp 100w\" sizes=\"auto, (max-width: 1000px) 100vw, 1000px\" \/><\/figure>","protected":false},"excerpt":{"rendered":"<p>Isolation \u00e0 double paroi, int\u00e9rieur et ext\u00e9rieur en acier inoxydable 304 de qualit\u00e9 alimentaire, poign\u00e9e en bois. Les couleurs, logos et emballages personnalis\u00e9s sont les bienvenus !<\/p>","protected":false},"featured_media":914,"template":"","meta":{"_acf_changed":false,"_seopress_robots_primary_cat":"","_seopress_titles_title":"","_seopress_titles_desc":"","_seopress_robots_index":"","_uag_custom_page_level_css":""},"product_brand":[],"product_cat":[54],"product_tag":[],"class_list":{"0":"post-542","1":"product","2":"type-product","3":"status-publish","4":"has-post-thumbnail","6":"product_cat-tea-bottle-coffee-tumblers","8":"first","9":"instock","10":"shipping-taxable","11":"product-type-simple"},"acf":[],"uagb_featured_image_src":{"full":["https:\/\/eco-drinkware.com\/wp-content\/uploads\/2022\/11\/94_0.webp",1000,1000,false],"thumbnail":["https:\/\/eco-drinkware.com\/wp-content\/uploads\/2022\/11\/94_0-150x150.webp",150,150,true],"medium":["https:\/\/eco-drinkware.com\/wp-content\/uploads\/2022\/11\/94_0-300x300.webp",300,300,true],"medium_large":["https:\/\/eco-drinkware.com\/wp-content\/uploads\/2022\/11\/94_0-768x768.webp",768,768,true],"large":["https:\/\/eco-drinkware.com\/wp-content\/uploads\/2022\/11\/94_0.webp",1000,1000,false],"1536x1536":["https:\/\/eco-drinkware.com\/wp-content\/uploads\/2022\/11\/94_0.webp",1000,1000,false],"2048x2048":["https:\/\/eco-drinkware.com\/wp-content\/uploads\/2022\/11\/94_0.webp",1000,1000,false],"trp-custom-language-flag":["https:\/\/eco-drinkware.com\/wp-content\/uploads\/2022\/11\/94_0.webp",12,12,false],"woocommerce_thumbnail":["https:\/\/eco-drinkware.com\/wp-content\/uploads\/2022\/11\/94_0-300x300.webp",300,300,true],"woocommerce_single":["https:\/\/eco-drinkware.com\/wp-content\/uploads\/2022\/11\/94_0-600x600.webp",600,600,true],"woocommerce_gallery_thumbnail":["https:\/\/eco-drinkware.com\/wp-content\/uploads\/2022\/11\/94_0-100x100.webp",100,100,true]},"uagb_author_info":{"display_name":"Amy","author_link":"https:\/\/eco-drinkware.com\/fr\/author\/"},"uagb_comment_info":0,"uagb_excerpt":"Double wall insulated, with 304 food-grade stainless steel inner and outer, wooden handle. Custom color, logo, package are welcome!","_links":{"self":[{"href":"https:\/\/eco-drinkware.com\/fr\/wp-json\/wp\/v2\/product\/542","targetHints":{"allow":["GET"]}}],"collection":[{"href":"https:\/\/eco-drinkware.com\/fr\/wp-json\/wp\/v2\/product"}],"about":[{"href":"https:\/\/eco-drinkware.com\/fr\/wp-json\/wp\/v2\/types\/product"}],"wp:featuredmedia":[{"embeddable":true,"href":"https:\/\/eco-drinkware.com\/fr\/wp-json\/wp\/v2\/media\/914"}],"wp:attachment":[{"href":"https:\/\/eco-drinkware.com\/fr\/wp-json\/wp\/v2\/media?parent=542"}],"wp:term":[{"taxonomy":"product_brand","embeddable":true,"href":"https:\/\/eco-drinkware.com\/fr\/wp-json\/wp\/v2\/product_brand?post=542"},{"taxonomy":"product_cat","embeddable":true,"href":"https:\/\/eco-drinkware.com\/fr\/wp-json\/wp\/v2\/product_cat?post=542"},{"taxonomy":"product_tag","embeddable":true,"href":"https:\/\/eco-drinkware.com\/fr\/wp-json\/wp\/v2\/product_tag?post=542"}],"curies":[{"name":"wp","href":"https:\/\/api.w.org\/{rel}","templated":true}]}}