{"id":547,"date":"2022-11-03T15:59:45","date_gmt":"2022-11-03T15:59:45","guid":{"rendered":"https:\/\/eco-drinkware.com\/?post_type=product&#038;p=547"},"modified":"2022-11-04T09:29:45","modified_gmt":"2022-11-04T09:29:45","slug":"91-bouteille-de-cafe-en-acier-inoxydable-350ml12oz-de-voyage-a-double-paroi-isolee-sous-vide-91","status":"publish","type":"product","link":"https:\/\/eco-drinkware.com\/fr\/product\/91-bouteille-de-cafe-en-acier-inoxydable-350ml12oz-de-voyage-a-double-paroi-isolee-sous-vide-91\/","title":{"rendered":"350ML\/12OZ Bouteille de voyage en acier inoxydable \u00e0 double paroi isol\u00e9e sous vide"},"content":{"rendered":"<p><strong>Bouteille d'eau Mat\u00e9riau m\u00e9tallique :<\/strong>Cette bouteille d'eau de sport est faite d'acier inoxydable 304 et de nouveau pp, le mat\u00e9riau entrant en contact avec l'eau est s\u00fbr et de qualit\u00e9 alimentaire. Sans BPA et respectueux de l'environnement.<\/p>\n\n\n\n<p><strong>Bouteille d'eau isol\u00e9e en acier inoxydable :<\/strong>Cette bouteille d'eau en acier est une bouteille thermos sous vide \u00e0 double paroi, qui conserve l'eau chaude et froide pendant longtemps. La fonction d'isolation thermique permet de vendre de l'eau chaude tout au long de l'ann\u00e9e. En \u00e9t\u00e9, cette bouteille d'eau en acier inoxydable est utilis\u00e9e pour le caf\u00e9 froid et l'eau. En hiver, la bouteille d'eau thermos en acier inoxydable est utilis\u00e9e pour les liquides chauds.<\/p>\n\n\n\n<p><strong>2 tailles :<\/strong>Cette bouteille d'eau en acier inoxydable existe en deux tailles : 350 ml et 500 ml. La petite contenance convient aux enfants et aux adolescents, la grande contenance convient aux adultes.<\/p>\n\n\n\n<p><strong>Couleur et personnalisation :<\/strong>Un logo et des couleurs personnalis\u00e9s sont disponibles pour cette bouteille d'eau en acier inoxydable. Les couleurs pantone et les couleurs de stock sont les bienvenues. Le logo laser et le logo couleur sont faciles \u00e0 r\u00e9aliser.<\/p>\n\n\n\n<figure class=\"wp-block-image size-full\"><img loading=\"lazy\" decoding=\"async\" width=\"550\" height=\"550\" src=\"https:\/\/eco-drinkware.com\/wp-content\/uploads\/2022\/11\/2022-01-07-16-40-133.webp\" alt=\"\" class=\"wp-image-925\" srcset=\"https:\/\/eco-drinkware.com\/wp-content\/uploads\/2022\/11\/2022-01-07-16-40-133.webp 550w, https:\/\/eco-drinkware.com\/wp-content\/uploads\/2022\/11\/2022-01-07-16-40-133-300x300.webp 300w, https:\/\/eco-drinkware.com\/wp-content\/uploads\/2022\/11\/2022-01-07-16-40-133-150x150.webp 150w, https:\/\/eco-drinkware.com\/wp-content\/uploads\/2022\/11\/2022-01-07-16-40-133-100x100.webp 100w\" sizes=\"auto, (max-width: 550px) 100vw, 550px\" \/><\/figure>\n\n\n\n<figure class=\"wp-block-image size-full\"><img loading=\"lazy\" decoding=\"async\" width=\"550\" height=\"550\" src=\"https:\/\/eco-drinkware.com\/wp-content\/uploads\/2022\/11\/2022-01-07-16-40-518.webp\" alt=\"\" class=\"wp-image-926\" srcset=\"https:\/\/eco-drinkware.com\/wp-content\/uploads\/2022\/11\/2022-01-07-16-40-518.webp 550w, https:\/\/eco-drinkware.com\/wp-content\/uploads\/2022\/11\/2022-01-07-16-40-518-300x300.webp 300w, https:\/\/eco-drinkware.com\/wp-content\/uploads\/2022\/11\/2022-01-07-16-40-518-150x150.webp 150w, https:\/\/eco-drinkware.com\/wp-content\/uploads\/2022\/11\/2022-01-07-16-40-518-100x100.webp 100w\" sizes=\"auto, (max-width: 550px) 100vw, 550px\" \/><\/figure>","protected":false},"excerpt":{"rendered":"<p>Cette bouteille d'eau en acier est une bouteille thermos sous vide \u00e0 double paroi, qui garde l'eau chaude ou froide pendant longtemps. Les couleurs pantone et les couleurs de stock sont les bienvenues. Il est facile de r\u00e9aliser des logos laser et des logos en couleur personnalis\u00e9s.<\/p>","protected":false},"featured_media":927,"template":"","meta":{"_acf_changed":false,"_seopress_robots_primary_cat":"","_seopress_titles_title":"","_seopress_titles_desc":"","_seopress_robots_index":"","_uag_custom_page_level_css":""},"product_brand":[],"product_cat":[15],"product_tag":[],"class_list":{"0":"post-547","1":"product","2":"type-product","3":"status-publish","4":"has-post-thumbnail","6":"product_cat-drinkware-accessories","8":"first","9":"instock","10":"shipping-taxable","11":"product-type-simple"},"acf":[],"uagb_featured_image_src":{"full":["https:\/\/eco-drinkware.com\/wp-content\/uploads\/2022\/11\/91_0.webp",550,550,false],"thumbnail":["https:\/\/eco-drinkware.com\/wp-content\/uploads\/2022\/11\/91_0-150x150.webp",150,150,true],"medium":["https:\/\/eco-drinkware.com\/wp-content\/uploads\/2022\/11\/91_0-300x300.webp",300,300,true],"medium_large":["https:\/\/eco-drinkware.com\/wp-content\/uploads\/2022\/11\/91_0.webp",550,550,false],"large":["https:\/\/eco-drinkware.com\/wp-content\/uploads\/2022\/11\/91_0.webp",550,550,false],"1536x1536":["https:\/\/eco-drinkware.com\/wp-content\/uploads\/2022\/11\/91_0.webp",550,550,false],"2048x2048":["https:\/\/eco-drinkware.com\/wp-content\/uploads\/2022\/11\/91_0.webp",550,550,false],"trp-custom-language-flag":["https:\/\/eco-drinkware.com\/wp-content\/uploads\/2022\/11\/91_0.webp",12,12,false],"woocommerce_thumbnail":["https:\/\/eco-drinkware.com\/wp-content\/uploads\/2022\/11\/91_0-300x300.webp",300,300,true],"woocommerce_single":["https:\/\/eco-drinkware.com\/wp-content\/uploads\/2022\/11\/91_0.webp",550,550,false],"woocommerce_gallery_thumbnail":["https:\/\/eco-drinkware.com\/wp-content\/uploads\/2022\/11\/91_0-100x100.webp",100,100,true]},"uagb_author_info":{"display_name":"Amy","author_link":"https:\/\/eco-drinkware.com\/fr\/author\/"},"uagb_comment_info":0,"uagb_excerpt":"This steel water bottle is double wall thermos vacuum flask, keeps water hot and cold for long time. Both pantone and stock colors are welcome. Custom laser logo and color logo are easy to make.","_links":{"self":[{"href":"https:\/\/eco-drinkware.com\/fr\/wp-json\/wp\/v2\/product\/547","targetHints":{"allow":["GET"]}}],"collection":[{"href":"https:\/\/eco-drinkware.com\/fr\/wp-json\/wp\/v2\/product"}],"about":[{"href":"https:\/\/eco-drinkware.com\/fr\/wp-json\/wp\/v2\/types\/product"}],"wp:featuredmedia":[{"embeddable":true,"href":"https:\/\/eco-drinkware.com\/fr\/wp-json\/wp\/v2\/media\/927"}],"wp:attachment":[{"href":"https:\/\/eco-drinkware.com\/fr\/wp-json\/wp\/v2\/media?parent=547"}],"wp:term":[{"taxonomy":"product_brand","embeddable":true,"href":"https:\/\/eco-drinkware.com\/fr\/wp-json\/wp\/v2\/product_brand?post=547"},{"taxonomy":"product_cat","embeddable":true,"href":"https:\/\/eco-drinkware.com\/fr\/wp-json\/wp\/v2\/product_cat?post=547"},{"taxonomy":"product_tag","embeddable":true,"href":"https:\/\/eco-drinkware.com\/fr\/wp-json\/wp\/v2\/product_tag?post=547"}],"curies":[{"name":"wp","href":"https:\/\/api.w.org\/{rel}","templated":true}]}}