{"id":549,"date":"2022-11-03T16:02:53","date_gmt":"2022-11-03T08:02:53","guid":{"rendered":"https:\/\/eco-drinkware.com\/?post_type=product&#038;p=549"},"modified":"2022-12-02T17:56:17","modified_gmt":"2022-12-02T09:56:17","slug":"89-logo-imprime-personnalise-eco-friendly-avec-infuseur-de-the-flasque-89","status":"publish","type":"product","link":"https:\/\/eco-drinkware.com\/fr\/product\/89-logo-imprime-personnalise-eco-friendly-avec-infuseur-de-the-flasque-89\/","title":{"rendered":"Bouteille \u00e0 th\u00e9 en verre borosilicate sous vide \u00e0 double paroi de 450ml"},"content":{"rendered":"<p>Bouteille \u00e0 th\u00e9 en verre borosilicate sous vide \u00e0 double paroi de 450ml<\/p>\n\n\n\n<p><strong>Caract\u00e9ristiques<\/strong><\/p>\n\n\n\n<p>1. petit MOQ<br>flacon en verre \u00e0 double paroi<br>2. le logo personnalis\u00e9 est le bienvenu<br>3. stock dans l'entrep\u00f4t<br>4. isolation thermique<\/p>\n\n\n\n<figure class=\"wp-block-table\"><table><tbody><tr><td>Capacit\u00e9<\/td><td>450ml<\/td><\/tr><tr><td>MOQ<\/td><td>25pcs<\/td><\/tr><tr><td>Sp\u00e9cialit\u00e9<\/td><td>Couvercle \u00e0 poign\u00e9e color\u00e9e, couvercle en bambou<\/td><\/tr><tr><td>Logo<\/td><td>personnalis\u00e9<\/td><\/tr><tr><td>Impression<\/td><td>logo personnalis\u00e9 en d\u00e9calcomanie sur le corps de la bouteille, logo personnalis\u00e9 au laser sur le couvercle en bambou<\/td><\/tr><tr><td>Emballage<\/td><td>25pcs\/CTN<\/td><\/tr><tr><td>Paquet<\/td><td>bo\u00eete blanche ordinaire, lorsque la quantit\u00e9 atteint 300pcs, une bo\u00eete de couleur et un cylindre rond sont \u00e9galement disponibles.<\/td><\/tr><\/tbody><\/table><\/figure>\n\n\n\n<figure class=\"wp-block-image size-full\"><img loading=\"lazy\" decoding=\"async\" width=\"1000\" height=\"1000\" src=\"https:\/\/eco-drinkware.com\/wp-content\/uploads\/2022\/11\/2020-08-21-11-40-263-1.webp\" alt=\"\" class=\"wp-image-944\" srcset=\"https:\/\/eco-drinkware.com\/wp-content\/uploads\/2022\/11\/2020-08-21-11-40-263-1.webp 1000w, https:\/\/eco-drinkware.com\/wp-content\/uploads\/2022\/11\/2020-08-21-11-40-263-1-300x300.webp 300w, https:\/\/eco-drinkware.com\/wp-content\/uploads\/2022\/11\/2020-08-21-11-40-263-1-150x150.webp 150w, https:\/\/eco-drinkware.com\/wp-content\/uploads\/2022\/11\/2020-08-21-11-40-263-1-768x768.webp 768w, https:\/\/eco-drinkware.com\/wp-content\/uploads\/2022\/11\/2020-08-21-11-40-263-1-600x600.webp 600w, https:\/\/eco-drinkware.com\/wp-content\/uploads\/2022\/11\/2020-08-21-11-40-263-1-100x100.webp 100w\" sizes=\"auto, (max-width: 1000px) 100vw, 1000px\" \/><\/figure>\n\n\n\n<figure class=\"wp-block-image size-full\"><img loading=\"lazy\" decoding=\"async\" width=\"750\" height=\"800\" src=\"https:\/\/eco-drinkware.com\/wp-content\/uploads\/2022\/11\/89_3.webp\" alt=\"\" class=\"wp-image-939\" srcset=\"https:\/\/eco-drinkware.com\/wp-content\/uploads\/2022\/11\/89_3.webp 750w, https:\/\/eco-drinkware.com\/wp-content\/uploads\/2022\/11\/89_3-281x300.webp 281w, https:\/\/eco-drinkware.com\/wp-content\/uploads\/2022\/11\/89_3-141x150.webp 141w, https:\/\/eco-drinkware.com\/wp-content\/uploads\/2022\/11\/89_3-600x640.webp 600w\" sizes=\"auto, (max-width: 750px) 100vw, 750px\" \/><\/figure>","protected":false},"excerpt":{"rendered":"<p>Ces 2 types de bouteilles sont des bouteilles en verre \u00e0 double paroi, avec une capacit\u00e9 de 450 ml et un infuseur \u00e0 th\u00e9 en acier inoxydable 304. Le couvercle en bambou et le couvercle color\u00e9 sont tous deux tr\u00e8s jolis. Nous esp\u00e9rons qu'elles vous plairont !<\/p>","protected":false},"featured_media":941,"template":"","meta":{"_acf_changed":false,"_seopress_robots_primary_cat":"","_seopress_titles_title":"","_seopress_titles_desc":"","_seopress_robots_index":"","_uag_custom_page_level_css":""},"product_brand":[],"product_cat":[33,34,21,36,42,25,22,54],"product_tag":[],"class_list":{"0":"post-549","1":"product","2":"type-product","3":"status-publish","4":"has-post-thumbnail","6":"product_cat-bamboo-flask","7":"product_cat-bamboo-tumbler","8":"product_cat-bamboo-water-bottle","9":"product_cat-double-wall-gass-bottle","10":"product_cat-glass-tumbler","11":"product_cat-glass-tumbler-mugs","12":"product_cat-glass-water-bottle","13":"product_cat-tea-bottle-coffee-tumblers","15":"first","16":"instock","17":"shipping-taxable","18":"product-type-simple"},"acf":[],"uagb_featured_image_src":{"full":["https:\/\/eco-drinkware.com\/wp-content\/uploads\/2022\/11\/89_0.webp",550,550,false],"thumbnail":["https:\/\/eco-drinkware.com\/wp-content\/uploads\/2022\/11\/89_0-150x150.webp",150,150,true],"medium":["https:\/\/eco-drinkware.com\/wp-content\/uploads\/2022\/11\/89_0-300x300.webp",300,300,true],"medium_large":["https:\/\/eco-drinkware.com\/wp-content\/uploads\/2022\/11\/89_0.webp",550,550,false],"large":["https:\/\/eco-drinkware.com\/wp-content\/uploads\/2022\/11\/89_0.webp",550,550,false],"1536x1536":["https:\/\/eco-drinkware.com\/wp-content\/uploads\/2022\/11\/89_0.webp",550,550,false],"2048x2048":["https:\/\/eco-drinkware.com\/wp-content\/uploads\/2022\/11\/89_0.webp",550,550,false],"trp-custom-language-flag":["https:\/\/eco-drinkware.com\/wp-content\/uploads\/2022\/11\/89_0.webp",12,12,false],"woocommerce_thumbnail":["https:\/\/eco-drinkware.com\/wp-content\/uploads\/2022\/11\/89_0-300x300.webp",300,300,true],"woocommerce_single":["https:\/\/eco-drinkware.com\/wp-content\/uploads\/2022\/11\/89_0.webp",550,550,false],"woocommerce_gallery_thumbnail":["https:\/\/eco-drinkware.com\/wp-content\/uploads\/2022\/11\/89_0-100x100.webp",100,100,true]},"uagb_author_info":{"display_name":"Amy","author_link":"https:\/\/eco-drinkware.com\/fr\/author\/"},"uagb_comment_info":0,"uagb_excerpt":"These 2 kinds bottles are best selling double wall glass bottles, with 450ml capacity and 304 stainless steel tea infuser. Bamboo lid and colorful lid both look very nice. Trust you will like them!","_links":{"self":[{"href":"https:\/\/eco-drinkware.com\/fr\/wp-json\/wp\/v2\/product\/549","targetHints":{"allow":["GET"]}}],"collection":[{"href":"https:\/\/eco-drinkware.com\/fr\/wp-json\/wp\/v2\/product"}],"about":[{"href":"https:\/\/eco-drinkware.com\/fr\/wp-json\/wp\/v2\/types\/product"}],"wp:featuredmedia":[{"embeddable":true,"href":"https:\/\/eco-drinkware.com\/fr\/wp-json\/wp\/v2\/media\/941"}],"wp:attachment":[{"href":"https:\/\/eco-drinkware.com\/fr\/wp-json\/wp\/v2\/media?parent=549"}],"wp:term":[{"taxonomy":"product_brand","embeddable":true,"href":"https:\/\/eco-drinkware.com\/fr\/wp-json\/wp\/v2\/product_brand?post=549"},{"taxonomy":"product_cat","embeddable":true,"href":"https:\/\/eco-drinkware.com\/fr\/wp-json\/wp\/v2\/product_cat?post=549"},{"taxonomy":"product_tag","embeddable":true,"href":"https:\/\/eco-drinkware.com\/fr\/wp-json\/wp\/v2\/product_tag?post=549"}],"curies":[{"name":"wp","href":"https:\/\/api.w.org\/{rel}","templated":true}]}}