{"id":550,"date":"2022-11-03T16:02:47","date_gmt":"2022-11-03T16:02:47","guid":{"rendered":"https:\/\/eco-drinkware.com\/?post_type=product&#038;p=550"},"modified":"2022-11-04T09:43:04","modified_gmt":"2022-11-04T09:43:04","slug":"88-pot-a-soupe-isolant-sous-vide-en-acier-inoxydable-pot-a-soupe-pour-enfants-88","status":"publish","type":"product","link":"https:\/\/eco-drinkware.com\/fr\/product\/88-pot-a-soupe-isolant-sous-vide-en-acier-inoxydable-pot-a-soupe-pour-enfants-88\/","title":{"rendered":"Jarre \u00e0 soupe \u00e9cologique isol\u00e9e sous vide en acier inoxydable, Jarre \u00e0 soupe pour enfants"},"content":{"rendered":"<p>Nous sommes le principal fabricant de bouteilles en verre \u00e0 double paroi, de bouteilles d'eau en acier inoxydable, de bouteilles de th\u00e9 \u00e0 double paroi, de bouteilles en verre \u00e0 double paroi de 500 ml, de bouteilles de th\u00e9, de bouteilles \u00e0 infusion, de bouteilles en verre avec couvercle en bambou, de gourdes en bambou, de thermos en bambou, de gobelets en bambou, de gobelets \u00e0 caf\u00e9, de tasses \u00e0 caf\u00e9, d'articles pour le caf\u00e9, de gobelets \u00e0 double paroi avec paille, de thermos, de bouteilles de sport, de bouteilles \u00e0 vide \u00e0 double paroi avec couvercle en bambou \u2665.<\/p>\n\n\n\n<figure class=\"wp-block-table\"><table><tbody><tr><td>Nom<\/td><td>GF002 450ML En stock Flacon \u00e0 vide 450ml<\/td><\/tr><tr><td>Mat\u00e9riau<\/td><td>Int\u00e9rieur en acier inoxydable 304, ext\u00e9rieur en acier inoxydable 201<\/td><\/tr><tr><td>Capacit\u00e9<\/td><td>450ml<\/td><\/tr><tr><td>Couleur<\/td><td>Sur mesure<\/td><\/tr><tr><td>Imprimer<\/td><td>Impression sur soie, transfert \u00e0 chaud, impression par transfert d'eau, etc.<\/td><\/tr><tr><td>Logo<\/td><td>Sur mesure<\/td><\/tr><tr><td>MOQ<\/td><td>500 pi\u00e8ces<\/td><\/tr><tr><td>Temps d'\u00e9chantillonnage<\/td><td>5-8 jours<\/td><\/tr><tr><td>D\u00e9tails de l'emballage<\/td><td>1PC\/OPP, emballage en caisse \u00e0 \u0153ufs, bo\u00eete couleur, bo\u00eete cylindrique, bo\u00eete blanche, 20PCS\/CTN<\/td><\/tr><tr><td>D\u00e9lai de paiement<\/td><td>30% d\u00e9p\u00f4t, le solde avant l'exp\u00e9dition<\/td><\/tr><\/tbody><\/table><\/figure>\n\n\n\n<figure class=\"wp-block-image size-full\"><img loading=\"lazy\" decoding=\"async\" width=\"1000\" height=\"1000\" src=\"https:\/\/eco-drinkware.com\/wp-content\/uploads\/2022\/11\/H55c4d508c1cf4265bf437d358e1fa7c6I.jpg_.webp\" alt=\"\" class=\"wp-image-953\" srcset=\"https:\/\/eco-drinkware.com\/wp-content\/uploads\/2022\/11\/H55c4d508c1cf4265bf437d358e1fa7c6I.jpg_.webp 1000w, https:\/\/eco-drinkware.com\/wp-content\/uploads\/2022\/11\/H55c4d508c1cf4265bf437d358e1fa7c6I.jpg_-300x300.webp 300w, https:\/\/eco-drinkware.com\/wp-content\/uploads\/2022\/11\/H55c4d508c1cf4265bf437d358e1fa7c6I.jpg_-150x150.webp 150w, https:\/\/eco-drinkware.com\/wp-content\/uploads\/2022\/11\/H55c4d508c1cf4265bf437d358e1fa7c6I.jpg_-768x768.webp 768w, https:\/\/eco-drinkware.com\/wp-content\/uploads\/2022\/11\/H55c4d508c1cf4265bf437d358e1fa7c6I.jpg_-600x600.webp 600w, https:\/\/eco-drinkware.com\/wp-content\/uploads\/2022\/11\/H55c4d508c1cf4265bf437d358e1fa7c6I.jpg_-100x100.webp 100w\" sizes=\"auto, (max-width: 1000px) 100vw, 1000px\" \/><\/figure>\n\n\n\n<figure class=\"wp-block-image size-full\"><img loading=\"lazy\" decoding=\"async\" width=\"1000\" height=\"1000\" src=\"https:\/\/eco-drinkware.com\/wp-content\/uploads\/2022\/11\/Hae18480483574918bcf43f8ba11236c41.jpg_.webp\" alt=\"\" class=\"wp-image-946\" srcset=\"https:\/\/eco-drinkware.com\/wp-content\/uploads\/2022\/11\/Hae18480483574918bcf43f8ba11236c41.jpg_.webp 1000w, https:\/\/eco-drinkware.com\/wp-content\/uploads\/2022\/11\/Hae18480483574918bcf43f8ba11236c41.jpg_-300x300.webp 300w, https:\/\/eco-drinkware.com\/wp-content\/uploads\/2022\/11\/Hae18480483574918bcf43f8ba11236c41.jpg_-150x150.webp 150w, https:\/\/eco-drinkware.com\/wp-content\/uploads\/2022\/11\/Hae18480483574918bcf43f8ba11236c41.jpg_-768x768.webp 768w, https:\/\/eco-drinkware.com\/wp-content\/uploads\/2022\/11\/Hae18480483574918bcf43f8ba11236c41.jpg_-600x600.webp 600w, https:\/\/eco-drinkware.com\/wp-content\/uploads\/2022\/11\/Hae18480483574918bcf43f8ba11236c41.jpg_-100x100.webp 100w\" sizes=\"auto, (max-width: 1000px) 100vw, 1000px\" \/><\/figure>\n\n\n\n<figure class=\"wp-block-image size-full\"><img loading=\"lazy\" decoding=\"async\" width=\"1000\" height=\"1000\" src=\"https:\/\/eco-drinkware.com\/wp-content\/uploads\/2022\/11\/H3e1367e10532483492db5946e9ca7c04e.jpg_.webp\" alt=\"\" class=\"wp-image-952\" srcset=\"https:\/\/eco-drinkware.com\/wp-content\/uploads\/2022\/11\/H3e1367e10532483492db5946e9ca7c04e.jpg_.webp 1000w, https:\/\/eco-drinkware.com\/wp-content\/uploads\/2022\/11\/H3e1367e10532483492db5946e9ca7c04e.jpg_-300x300.webp 300w, https:\/\/eco-drinkware.com\/wp-content\/uploads\/2022\/11\/H3e1367e10532483492db5946e9ca7c04e.jpg_-150x150.webp 150w, https:\/\/eco-drinkware.com\/wp-content\/uploads\/2022\/11\/H3e1367e10532483492db5946e9ca7c04e.jpg_-768x768.webp 768w, https:\/\/eco-drinkware.com\/wp-content\/uploads\/2022\/11\/H3e1367e10532483492db5946e9ca7c04e.jpg_-600x600.webp 600w, https:\/\/eco-drinkware.com\/wp-content\/uploads\/2022\/11\/H3e1367e10532483492db5946e9ca7c04e.jpg_-100x100.webp 100w\" sizes=\"auto, (max-width: 1000px) 100vw, 1000px\" \/><\/figure>\n\n\n\n<figure class=\"wp-block-image size-full\"><img loading=\"lazy\" decoding=\"async\" width=\"1000\" height=\"1000\" src=\"https:\/\/eco-drinkware.com\/wp-content\/uploads\/2022\/11\/H340f77c1e7954ca59c345ea0bff719c6l.jpg_.webp\" alt=\"\" class=\"wp-image-954\" srcset=\"https:\/\/eco-drinkware.com\/wp-content\/uploads\/2022\/11\/H340f77c1e7954ca59c345ea0bff719c6l.jpg_.webp 1000w, https:\/\/eco-drinkware.com\/wp-content\/uploads\/2022\/11\/H340f77c1e7954ca59c345ea0bff719c6l.jpg_-300x300.webp 300w, https:\/\/eco-drinkware.com\/wp-content\/uploads\/2022\/11\/H340f77c1e7954ca59c345ea0bff719c6l.jpg_-150x150.webp 150w, https:\/\/eco-drinkware.com\/wp-content\/uploads\/2022\/11\/H340f77c1e7954ca59c345ea0bff719c6l.jpg_-768x768.webp 768w, https:\/\/eco-drinkware.com\/wp-content\/uploads\/2022\/11\/H340f77c1e7954ca59c345ea0bff719c6l.jpg_-600x600.webp 600w, https:\/\/eco-drinkware.com\/wp-content\/uploads\/2022\/11\/H340f77c1e7954ca59c345ea0bff719c6l.jpg_-100x100.webp 100w\" sizes=\"auto, (max-width: 1000px) 100vw, 1000px\" \/><\/figure>\n\n\n\n<figure class=\"wp-block-image size-full\"><img loading=\"lazy\" decoding=\"async\" width=\"750\" height=\"777\" src=\"https:\/\/eco-drinkware.com\/wp-content\/uploads\/2022\/11\/HTB1RxS4CWSWBuNjSsrbq6y0mVXaS.jpg_.webp\" alt=\"\" class=\"wp-image-949\" srcset=\"https:\/\/eco-drinkware.com\/wp-content\/uploads\/2022\/11\/HTB1RxS4CWSWBuNjSsrbq6y0mVXaS.jpg_.webp 750w, https:\/\/eco-drinkware.com\/wp-content\/uploads\/2022\/11\/HTB1RxS4CWSWBuNjSsrbq6y0mVXaS.jpg_-290x300.webp 290w, https:\/\/eco-drinkware.com\/wp-content\/uploads\/2022\/11\/HTB1RxS4CWSWBuNjSsrbq6y0mVXaS.jpg_-145x150.webp 145w, https:\/\/eco-drinkware.com\/wp-content\/uploads\/2022\/11\/HTB1RxS4CWSWBuNjSsrbq6y0mVXaS.jpg_-600x622.webp 600w\" sizes=\"auto, (max-width: 750px) 100vw, 750px\" \/><\/figure>\n\n\n\n<figure class=\"wp-block-image size-full\"><img loading=\"lazy\" decoding=\"async\" width=\"750\" height=\"946\" src=\"https:\/\/eco-drinkware.com\/wp-content\/uploads\/2022\/11\/HTB1fpEnCYSYBuNjSspiq6xNzpXaG.jpg_.webp\" alt=\"\" class=\"wp-image-948\" srcset=\"https:\/\/eco-drinkware.com\/wp-content\/uploads\/2022\/11\/HTB1fpEnCYSYBuNjSspiq6xNzpXaG.jpg_.webp 750w, https:\/\/eco-drinkware.com\/wp-content\/uploads\/2022\/11\/HTB1fpEnCYSYBuNjSspiq6xNzpXaG.jpg_-238x300.webp 238w, https:\/\/eco-drinkware.com\/wp-content\/uploads\/2022\/11\/HTB1fpEnCYSYBuNjSspiq6xNzpXaG.jpg_-119x150.webp 119w, https:\/\/eco-drinkware.com\/wp-content\/uploads\/2022\/11\/HTB1fpEnCYSYBuNjSspiq6xNzpXaG.jpg_-600x757.webp 600w\" sizes=\"auto, (max-width: 750px) 100vw, 750px\" \/><\/figure>\n\n\n\n<p><strong>Q : \u00cates-vous une soci\u00e9t\u00e9 commerciale ou un fabricant ?\u00a0<\/strong><br>R : Nous sommes une usine.<\/p>\n\n\n\n<p><strong>Q : Quel est le d\u00e9lai de livraison ?<\/strong><br>R : En g\u00e9n\u00e9ral, le d\u00e9lai est de 5 \u00e0 10 jours si les marchandises sont en stock, ou de 15 \u00e0 20 jours si les marchandises ne sont pas en stock, en fonction de la quantit\u00e9.<\/p>\n\n\n\n<p><strong>Q : Fournissez-vous des \u00e9chantillons ? Est-ce gratuit ou en suppl\u00e9ment ?<\/strong><br>R : Oui, nous pouvons offrir l'\u00e9chantillon gratuitement, mais nous ne prenons pas en charge les frais de transport.<\/p>\n\n\n\n<p><strong>Q : Quelles sont vos conditions de paiement ?<\/strong><br>A : Paiement=1000USD, 30% T\/T \u00e0 l'avance, solde avant exp\u00e9dition.<\/p>\n\n\n\n<figure class=\"wp-block-image size-full\"><img loading=\"lazy\" decoding=\"async\" width=\"750\" height=\"494\" src=\"https:\/\/eco-drinkware.com\/wp-content\/uploads\/2022\/11\/HTB1aQ7LC49YBuNjy0Ffq6xIsVXaQ.jpg_.webp\" alt=\"\" class=\"wp-image-947\" srcset=\"https:\/\/eco-drinkware.com\/wp-content\/uploads\/2022\/11\/HTB1aQ7LC49YBuNjy0Ffq6xIsVXaQ.jpg_.webp 750w, https:\/\/eco-drinkware.com\/wp-content\/uploads\/2022\/11\/HTB1aQ7LC49YBuNjy0Ffq6xIsVXaQ.jpg_-300x198.webp 300w, https:\/\/eco-drinkware.com\/wp-content\/uploads\/2022\/11\/HTB1aQ7LC49YBuNjy0Ffq6xIsVXaQ.jpg_-150x99.webp 150w, https:\/\/eco-drinkware.com\/wp-content\/uploads\/2022\/11\/HTB1aQ7LC49YBuNjy0Ffq6xIsVXaQ.jpg_-600x395.webp 600w\" sizes=\"auto, (max-width: 750px) 100vw, 750px\" \/><\/figure>\n\n\n\n<p>Action Now Contactez-nous pour le CATALOGUE COMPLET<\/p>\n\n\n\n<p>PLUS DE 30000 MOD\u00c8LES VOUS ATTENDENT.<\/p>\n\n\n\n<p>VEUILLEZ NOUS CONTACTER POUR OBTENIR LE CATALOGUE COMPLET.<\/p>\n\n\n\n<p>NOUS ESP\u00c9RONS QUE VOUS APPR\u00c9CIEREZ NOS DESIGNS ET NOS PRIX.<\/p>\n\n\n\n<p>WHATSAPP : 008613567428830<\/p>\n\n\n\n<p>Si vous avez besoin d'un \u00e9chantillon gratuit, veuillez cliquer sur \"envoyer\" dans le champ ci-dessous.<\/p>","protected":false},"excerpt":{"rendered":"<p>Avec 15 ans d'exp\u00e9rience dans la production de bouteilles, nous avons r\u00e9alis\u00e9 des travaux OEM et ODM pour de nombreuses marques c\u00e9l\u00e8bres dans le monde entier. Nous produisons principalement des bouteilles \u00e0 infusion, des gobelets \u00e0 caf\u00e9 et des thermos. La qualit\u00e9 est notre culture. Notre mission est de rendre la terre plus propre et meilleure.<\/p>","protected":false},"featured_media":950,"template":"","meta":{"_acf_changed":false,"_seopress_robots_primary_cat":"","_seopress_titles_title":"","_seopress_titles_desc":"","_seopress_robots_index":"","_uag_custom_page_level_css":""},"product_brand":[],"product_cat":[15],"product_tag":[],"class_list":{"0":"post-550","1":"product","2":"type-product","3":"status-publish","4":"has-post-thumbnail","6":"product_cat-drinkware-accessories","8":"first","9":"instock","10":"shipping-taxable","11":"product-type-simple"},"acf":[],"uagb_featured_image_src":{"full":["https:\/\/eco-drinkware.com\/wp-content\/uploads\/2022\/11\/88_0.webp",1000,1000,false],"thumbnail":["https:\/\/eco-drinkware.com\/wp-content\/uploads\/2022\/11\/88_0-150x150.webp",150,150,true],"medium":["https:\/\/eco-drinkware.com\/wp-content\/uploads\/2022\/11\/88_0-300x300.webp",300,300,true],"medium_large":["https:\/\/eco-drinkware.com\/wp-content\/uploads\/2022\/11\/88_0-768x768.webp",768,768,true],"large":["https:\/\/eco-drinkware.com\/wp-content\/uploads\/2022\/11\/88_0.webp",1000,1000,false],"1536x1536":["https:\/\/eco-drinkware.com\/wp-content\/uploads\/2022\/11\/88_0.webp",1000,1000,false],"2048x2048":["https:\/\/eco-drinkware.com\/wp-content\/uploads\/2022\/11\/88_0.webp",1000,1000,false],"trp-custom-language-flag":["https:\/\/eco-drinkware.com\/wp-content\/uploads\/2022\/11\/88_0.webp",12,12,false],"woocommerce_thumbnail":["https:\/\/eco-drinkware.com\/wp-content\/uploads\/2022\/11\/88_0-300x300.webp",300,300,true],"woocommerce_single":["https:\/\/eco-drinkware.com\/wp-content\/uploads\/2022\/11\/88_0-600x600.webp",600,600,true],"woocommerce_gallery_thumbnail":["https:\/\/eco-drinkware.com\/wp-content\/uploads\/2022\/11\/88_0-100x100.webp",100,100,true]},"uagb_author_info":{"display_name":"Amy","author_link":"https:\/\/eco-drinkware.com\/fr\/author\/"},"uagb_comment_info":0,"uagb_excerpt":"With 15 years bottle production experience ,have done OEM and ODM work for many famous brand all over the world . Main production line is tea infuser bottle ,coffee tumbler , thermos . Quality is our culture . Our mission is make the earth cleaner and bet","_links":{"self":[{"href":"https:\/\/eco-drinkware.com\/fr\/wp-json\/wp\/v2\/product\/550","targetHints":{"allow":["GET"]}}],"collection":[{"href":"https:\/\/eco-drinkware.com\/fr\/wp-json\/wp\/v2\/product"}],"about":[{"href":"https:\/\/eco-drinkware.com\/fr\/wp-json\/wp\/v2\/types\/product"}],"wp:featuredmedia":[{"embeddable":true,"href":"https:\/\/eco-drinkware.com\/fr\/wp-json\/wp\/v2\/media\/950"}],"wp:attachment":[{"href":"https:\/\/eco-drinkware.com\/fr\/wp-json\/wp\/v2\/media?parent=550"}],"wp:term":[{"taxonomy":"product_brand","embeddable":true,"href":"https:\/\/eco-drinkware.com\/fr\/wp-json\/wp\/v2\/product_brand?post=550"},{"taxonomy":"product_cat","embeddable":true,"href":"https:\/\/eco-drinkware.com\/fr\/wp-json\/wp\/v2\/product_cat?post=550"},{"taxonomy":"product_tag","embeddable":true,"href":"https:\/\/eco-drinkware.com\/fr\/wp-json\/wp\/v2\/product_tag?post=550"}],"curies":[{"name":"wp","href":"https:\/\/api.w.org\/{rel}","templated":true}]}}