{"id":574,"date":"2022-11-03T16:03:24","date_gmt":"2022-11-03T16:03:24","guid":{"rendered":"https:\/\/eco-drinkware.com\/?post_type=product&#038;p=574"},"modified":"2022-11-04T10:07:07","modified_gmt":"2022-11-04T10:07:07","slug":"82-stocke-haute-qualite-thermos-de-voyage-en-acier-inoxydable-500ml-188-cola-double-paroi-bouteille-deau-82","status":"publish","type":"product","link":"https:\/\/eco-drinkware.com\/fr\/product\/82-stocke-haute-qualite-thermos-de-voyage-en-acier-inoxydable-500ml-188-cola-double-paroi-bouteille-deau-82\/","title":{"rendered":"Bouteille d'eau de voyage thermos de haute qualit\u00e9 en acier inoxydable 500ml 18\/8 Cola double paroi"},"content":{"rendered":"<figure class=\"wp-block-image size-full\"><img loading=\"lazy\" decoding=\"async\" width=\"809\" height=\"654\" src=\"https:\/\/eco-drinkware.com\/wp-content\/uploads\/2022\/11\/HTB1xyLmbr1YBuNjSszhq6AUsFXap.jpg_.webp\" alt=\"\" class=\"wp-image-1004\" srcset=\"https:\/\/eco-drinkware.com\/wp-content\/uploads\/2022\/11\/HTB1xyLmbr1YBuNjSszhq6AUsFXap.jpg_.webp 809w, https:\/\/eco-drinkware.com\/wp-content\/uploads\/2022\/11\/HTB1xyLmbr1YBuNjSszhq6AUsFXap.jpg_-300x243.webp 300w, https:\/\/eco-drinkware.com\/wp-content\/uploads\/2022\/11\/HTB1xyLmbr1YBuNjSszhq6AUsFXap.jpg_-150x121.webp 150w, https:\/\/eco-drinkware.com\/wp-content\/uploads\/2022\/11\/HTB1xyLmbr1YBuNjSszhq6AUsFXap.jpg_-768x621.webp 768w, https:\/\/eco-drinkware.com\/wp-content\/uploads\/2022\/11\/HTB1xyLmbr1YBuNjSszhq6AUsFXap.jpg_-600x485.webp 600w\" sizes=\"auto, (max-width: 809px) 100vw, 809px\" \/><\/figure>\n\n\n\n<figure class=\"wp-block-image size-full\"><img loading=\"lazy\" decoding=\"async\" width=\"750\" height=\"731\" src=\"https:\/\/eco-drinkware.com\/wp-content\/uploads\/2022\/11\/HTB1Y8jXbCCWBuNjy0Fhq6z6EVXac.jpg_.webp\" alt=\"\" class=\"wp-image-1005\" srcset=\"https:\/\/eco-drinkware.com\/wp-content\/uploads\/2022\/11\/HTB1Y8jXbCCWBuNjy0Fhq6z6EVXac.jpg_.webp 750w, https:\/\/eco-drinkware.com\/wp-content\/uploads\/2022\/11\/HTB1Y8jXbCCWBuNjy0Fhq6z6EVXac.jpg_-300x292.webp 300w, https:\/\/eco-drinkware.com\/wp-content\/uploads\/2022\/11\/HTB1Y8jXbCCWBuNjy0Fhq6z6EVXac.jpg_-150x146.webp 150w, https:\/\/eco-drinkware.com\/wp-content\/uploads\/2022\/11\/HTB1Y8jXbCCWBuNjy0Fhq6z6EVXac.jpg_-600x585.webp 600w\" sizes=\"auto, (max-width: 750px) 100vw, 750px\" \/><\/figure>\n\n\n\n<figure class=\"wp-block-image size-full\"><img loading=\"lazy\" decoding=\"async\" width=\"750\" height=\"855\" src=\"https:\/\/eco-drinkware.com\/wp-content\/uploads\/2022\/11\/HTB1pI73a_qWBKNjSZFAq6ynSpXaU.jpg_.webp\" alt=\"\" class=\"wp-image-1006\" srcset=\"https:\/\/eco-drinkware.com\/wp-content\/uploads\/2022\/11\/HTB1pI73a_qWBKNjSZFAq6ynSpXaU.jpg_.webp 750w, https:\/\/eco-drinkware.com\/wp-content\/uploads\/2022\/11\/HTB1pI73a_qWBKNjSZFAq6ynSpXaU.jpg_-263x300.webp 263w, https:\/\/eco-drinkware.com\/wp-content\/uploads\/2022\/11\/HTB1pI73a_qWBKNjSZFAq6ynSpXaU.jpg_-132x150.webp 132w, https:\/\/eco-drinkware.com\/wp-content\/uploads\/2022\/11\/HTB1pI73a_qWBKNjSZFAq6ynSpXaU.jpg_-600x684.webp 600w\" sizes=\"auto, (max-width: 750px) 100vw, 750px\" \/><\/figure>\n\n\n\n<figure class=\"wp-block-image size-full\"><img loading=\"lazy\" decoding=\"async\" width=\"800\" height=\"800\" src=\"https:\/\/eco-drinkware.com\/wp-content\/uploads\/2022\/11\/82_3-1.webp\" alt=\"\" class=\"wp-image-1007\" srcset=\"https:\/\/eco-drinkware.com\/wp-content\/uploads\/2022\/11\/82_3-1.webp 800w, https:\/\/eco-drinkware.com\/wp-content\/uploads\/2022\/11\/82_3-1-300x300.webp 300w, https:\/\/eco-drinkware.com\/wp-content\/uploads\/2022\/11\/82_3-1-150x150.webp 150w, https:\/\/eco-drinkware.com\/wp-content\/uploads\/2022\/11\/82_3-1-768x768.webp 768w, https:\/\/eco-drinkware.com\/wp-content\/uploads\/2022\/11\/82_3-1-600x600.webp 600w, https:\/\/eco-drinkware.com\/wp-content\/uploads\/2022\/11\/82_3-1-100x100.webp 100w\" sizes=\"auto, (max-width: 800px) 100vw, 800px\" \/><\/figure>\n\n\n\n<figure class=\"wp-block-image size-full\"><img loading=\"lazy\" decoding=\"async\" width=\"800\" height=\"800\" src=\"https:\/\/eco-drinkware.com\/wp-content\/uploads\/2022\/11\/HTB114T2euySBuNjy1zdq6xPxFXa4.jpg_.webp\" alt=\"\" class=\"wp-image-1008\" srcset=\"https:\/\/eco-drinkware.com\/wp-content\/uploads\/2022\/11\/HTB114T2euySBuNjy1zdq6xPxFXa4.jpg_.webp 800w, https:\/\/eco-drinkware.com\/wp-content\/uploads\/2022\/11\/HTB114T2euySBuNjy1zdq6xPxFXa4.jpg_-300x300.webp 300w, https:\/\/eco-drinkware.com\/wp-content\/uploads\/2022\/11\/HTB114T2euySBuNjy1zdq6xPxFXa4.jpg_-150x150.webp 150w, https:\/\/eco-drinkware.com\/wp-content\/uploads\/2022\/11\/HTB114T2euySBuNjy1zdq6xPxFXa4.jpg_-768x768.webp 768w, https:\/\/eco-drinkware.com\/wp-content\/uploads\/2022\/11\/HTB114T2euySBuNjy1zdq6xPxFXa4.jpg_-600x600.webp 600w, https:\/\/eco-drinkware.com\/wp-content\/uploads\/2022\/11\/HTB114T2euySBuNjy1zdq6xPxFXa4.jpg_-100x100.webp 100w\" sizes=\"auto, (max-width: 800px) 100vw, 800px\" \/><\/figure>","protected":false},"excerpt":{"rendered":"<p>Avec 15 ans d'exp\u00e9rience dans la production de bouteilles, nous avons r\u00e9alis\u00e9 des travaux OEM et ODM pour de nombreuses marques c\u00e9l\u00e8bres dans le monde entier. Nous produisons principalement des bouteilles \u00e0 infusion, des gobelets \u00e0 caf\u00e9 et des thermos. La qualit\u00e9 est notre culture. Notre mission est de rendre la terre plus propre et meilleure.<\/p>","protected":false},"featured_media":1002,"template":"","meta":{"_acf_changed":false,"_seopress_robots_primary_cat":"","_seopress_titles_title":"","_seopress_titles_desc":"","_seopress_robots_index":"","_uag_custom_page_level_css":""},"product_brand":[],"product_cat":[15],"product_tag":[],"class_list":{"0":"post-574","1":"product","2":"type-product","3":"status-publish","4":"has-post-thumbnail","6":"product_cat-drinkware-accessories","8":"first","9":"instock","10":"shipping-taxable","11":"product-type-simple"},"acf":[],"uagb_featured_image_src":{"full":["https:\/\/eco-drinkware.com\/wp-content\/uploads\/2022\/11\/82_0.webp",750,762,false],"thumbnail":["https:\/\/eco-drinkware.com\/wp-content\/uploads\/2022\/11\/82_0-148x150.webp",148,150,true],"medium":["https:\/\/eco-drinkware.com\/wp-content\/uploads\/2022\/11\/82_0-295x300.webp",295,300,true],"medium_large":["https:\/\/eco-drinkware.com\/wp-content\/uploads\/2022\/11\/82_0.webp",750,762,false],"large":["https:\/\/eco-drinkware.com\/wp-content\/uploads\/2022\/11\/82_0.webp",750,762,false],"1536x1536":["https:\/\/eco-drinkware.com\/wp-content\/uploads\/2022\/11\/82_0.webp",750,762,false],"2048x2048":["https:\/\/eco-drinkware.com\/wp-content\/uploads\/2022\/11\/82_0.webp",750,762,false],"trp-custom-language-flag":["https:\/\/eco-drinkware.com\/wp-content\/uploads\/2022\/11\/82_0.webp",12,12,false],"woocommerce_thumbnail":["https:\/\/eco-drinkware.com\/wp-content\/uploads\/2022\/11\/82_0-300x300.webp",300,300,true],"woocommerce_single":["https:\/\/eco-drinkware.com\/wp-content\/uploads\/2022\/11\/82_0-600x610.webp",600,610,true],"woocommerce_gallery_thumbnail":["https:\/\/eco-drinkware.com\/wp-content\/uploads\/2022\/11\/82_0-100x100.webp",100,100,true]},"uagb_author_info":{"display_name":"Amy","author_link":"https:\/\/eco-drinkware.com\/fr\/author\/"},"uagb_comment_info":0,"uagb_excerpt":"With 15 years bottle production experience ,have done OEM and ODM work for many famous brand all over the world . Main production line is tea infuser bottle ,coffee tumbler , thermos . Quality is our culture . Our mission is make the earth cleaner and bet","_links":{"self":[{"href":"https:\/\/eco-drinkware.com\/fr\/wp-json\/wp\/v2\/product\/574","targetHints":{"allow":["GET"]}}],"collection":[{"href":"https:\/\/eco-drinkware.com\/fr\/wp-json\/wp\/v2\/product"}],"about":[{"href":"https:\/\/eco-drinkware.com\/fr\/wp-json\/wp\/v2\/types\/product"}],"wp:featuredmedia":[{"embeddable":true,"href":"https:\/\/eco-drinkware.com\/fr\/wp-json\/wp\/v2\/media\/1002"}],"wp:attachment":[{"href":"https:\/\/eco-drinkware.com\/fr\/wp-json\/wp\/v2\/media?parent=574"}],"wp:term":[{"taxonomy":"product_brand","embeddable":true,"href":"https:\/\/eco-drinkware.com\/fr\/wp-json\/wp\/v2\/product_brand?post=574"},{"taxonomy":"product_cat","embeddable":true,"href":"https:\/\/eco-drinkware.com\/fr\/wp-json\/wp\/v2\/product_cat?post=574"},{"taxonomy":"product_tag","embeddable":true,"href":"https:\/\/eco-drinkware.com\/fr\/wp-json\/wp\/v2\/product_tag?post=574"}],"curies":[{"name":"wp","href":"https:\/\/api.w.org\/{rel}","templated":true}]}}