{"id":579,"date":"2022-11-03T16:04:45","date_gmt":"2022-11-03T08:04:45","guid":{"rendered":"https:\/\/eco-drinkware.com\/?post_type=product&#038;p=579"},"modified":"2022-12-02T17:55:37","modified_gmt":"2022-12-02T09:55:37","slug":"78-pas-de-minimum-acier-inoxydable-naturel-bambou-infuseur-de-cafe-en-bambou-isole-sous-vide-78","status":"publish","type":"product","link":"https:\/\/eco-drinkware.com\/fr\/product\/78-pas-de-minimum-acier-inoxydable-naturel-bambou-infuseur-de-cafe-en-bambou-isole-sous-vide-78\/","title":{"rendered":"Pas de minimum Tasse \u00e0 caf\u00e9 en bambou en acier inoxydable naturel avec isolation sous vide."},"content":{"rendered":"<figure class=\"wp-block-table\"><table><tbody><tr><td>Nom<\/td><td>Wholesales 500ml custom logo thermos bambou stainless tumbler wooden lid<\/td><\/tr><tr><td>Mat\u00e9riau<\/td><td>Bambou\uff0cacier inoxydable<\/td><\/tr><tr><td>Capacit\u00e9<\/td><td>500ml<\/td><\/tr><tr><td>Couleur<\/td><td>Sur mesure<\/td><\/tr><tr><td>Imprimer<\/td><td>Impression sur soie, transfert \u00e0 chaud, impression par transfert d'eau, etc.<\/td><\/tr><tr><td>Logo<\/td><td>Sur mesure<\/td><\/tr><tr><td>MOQ<\/td><td>30 pi\u00e8ces<\/td><\/tr><tr><td>Temps d'\u00e9chantillonnage<\/td><td>5-8 jours<\/td><\/tr><tr><td>D\u00e9tails de l'emballage<\/td><td>1PC\/OPP, emballage en caisse \u00e0 \u0153ufs, bo\u00eete couleur, bo\u00eete cylindrique, bo\u00eete blanche, 30PCS\/CTN<\/td><\/tr><tr><td>D\u00e9lai de paiement<\/td><td>30% d\u00e9p\u00f4t, le solde avant l'exp\u00e9dition<\/td><\/tr><\/tbody><\/table><\/figure>\n\n\n\n<figure class=\"wp-block-image size-full\"><img loading=\"lazy\" decoding=\"async\" width=\"800\" height=\"800\" src=\"https:\/\/eco-drinkware.com\/wp-content\/uploads\/2022\/11\/HTB1pCClhFmWBuNjSspdq6zugXXa5.jpg_.webp\" alt=\"\" class=\"wp-image-1038\" srcset=\"https:\/\/eco-drinkware.com\/wp-content\/uploads\/2022\/11\/HTB1pCClhFmWBuNjSspdq6zugXXa5.jpg_.webp 800w, https:\/\/eco-drinkware.com\/wp-content\/uploads\/2022\/11\/HTB1pCClhFmWBuNjSspdq6zugXXa5.jpg_-300x300.webp 300w, https:\/\/eco-drinkware.com\/wp-content\/uploads\/2022\/11\/HTB1pCClhFmWBuNjSspdq6zugXXa5.jpg_-150x150.webp 150w, https:\/\/eco-drinkware.com\/wp-content\/uploads\/2022\/11\/HTB1pCClhFmWBuNjSspdq6zugXXa5.jpg_-768x768.webp 768w, https:\/\/eco-drinkware.com\/wp-content\/uploads\/2022\/11\/HTB1pCClhFmWBuNjSspdq6zugXXa5.jpg_-600x600.webp 600w, https:\/\/eco-drinkware.com\/wp-content\/uploads\/2022\/11\/HTB1pCClhFmWBuNjSspdq6zugXXa5.jpg_-100x100.webp 100w\" sizes=\"auto, (max-width: 800px) 100vw, 800px\" \/><\/figure>\n\n\n\n<figure class=\"wp-block-image size-full\"><img loading=\"lazy\" decoding=\"async\" width=\"734\" height=\"736\" src=\"https:\/\/eco-drinkware.com\/wp-content\/uploads\/2022\/11\/HTB1a57ibVooBKNjSZFPq6xa2XXas.jpg_.webp\" alt=\"\" class=\"wp-image-1039\" srcset=\"https:\/\/eco-drinkware.com\/wp-content\/uploads\/2022\/11\/HTB1a57ibVooBKNjSZFPq6xa2XXas.jpg_.webp 734w, https:\/\/eco-drinkware.com\/wp-content\/uploads\/2022\/11\/HTB1a57ibVooBKNjSZFPq6xa2XXas.jpg_-300x300.webp 300w, https:\/\/eco-drinkware.com\/wp-content\/uploads\/2022\/11\/HTB1a57ibVooBKNjSZFPq6xa2XXas.jpg_-150x150.webp 150w, https:\/\/eco-drinkware.com\/wp-content\/uploads\/2022\/11\/HTB1a57ibVooBKNjSZFPq6xa2XXas.jpg_-600x602.webp 600w, https:\/\/eco-drinkware.com\/wp-content\/uploads\/2022\/11\/HTB1a57ibVooBKNjSZFPq6xa2XXas.jpg_-100x100.webp 100w\" sizes=\"auto, (max-width: 734px) 100vw, 734px\" \/><\/figure>\n\n\n\n<figure class=\"wp-block-image size-full\"><img loading=\"lazy\" decoding=\"async\" width=\"750\" height=\"908\" src=\"https:\/\/eco-drinkware.com\/wp-content\/uploads\/2022\/11\/2019-05-09-16-50-185.jpg\" alt=\"\" class=\"wp-image-1040\" srcset=\"https:\/\/eco-drinkware.com\/wp-content\/uploads\/2022\/11\/2019-05-09-16-50-185.jpg 750w, https:\/\/eco-drinkware.com\/wp-content\/uploads\/2022\/11\/2019-05-09-16-50-185-248x300.jpg 248w, https:\/\/eco-drinkware.com\/wp-content\/uploads\/2022\/11\/2019-05-09-16-50-185-124x150.jpg 124w, https:\/\/eco-drinkware.com\/wp-content\/uploads\/2022\/11\/2019-05-09-16-50-185-600x726.jpg 600w\" sizes=\"auto, (max-width: 750px) 100vw, 750px\" \/><\/figure>\n\n\n\n<figure class=\"wp-block-image size-full\"><img loading=\"lazy\" decoding=\"async\" width=\"750\" height=\"908\" src=\"https:\/\/eco-drinkware.com\/wp-content\/uploads\/2022\/11\/2019-05-09-16-49-436.jpg\" alt=\"\" class=\"wp-image-1041\" srcset=\"https:\/\/eco-drinkware.com\/wp-content\/uploads\/2022\/11\/2019-05-09-16-49-436.jpg 750w, https:\/\/eco-drinkware.com\/wp-content\/uploads\/2022\/11\/2019-05-09-16-49-436-248x300.jpg 248w, https:\/\/eco-drinkware.com\/wp-content\/uploads\/2022\/11\/2019-05-09-16-49-436-124x150.jpg 124w, https:\/\/eco-drinkware.com\/wp-content\/uploads\/2022\/11\/2019-05-09-16-49-436-600x726.jpg 600w\" sizes=\"auto, (max-width: 750px) 100vw, 750px\" \/><\/figure>\n\n\n\n<figure class=\"wp-block-image size-full\"><img loading=\"lazy\" decoding=\"async\" width=\"750\" height=\"760\" src=\"https:\/\/eco-drinkware.com\/wp-content\/uploads\/2022\/11\/2019-05-09-16-51-153.jpg\" alt=\"\" class=\"wp-image-1042\" srcset=\"https:\/\/eco-drinkware.com\/wp-content\/uploads\/2022\/11\/2019-05-09-16-51-153.jpg 750w, https:\/\/eco-drinkware.com\/wp-content\/uploads\/2022\/11\/2019-05-09-16-51-153-296x300.jpg 296w, https:\/\/eco-drinkware.com\/wp-content\/uploads\/2022\/11\/2019-05-09-16-51-153-148x150.jpg 148w, https:\/\/eco-drinkware.com\/wp-content\/uploads\/2022\/11\/2019-05-09-16-51-153-600x608.jpg 600w, https:\/\/eco-drinkware.com\/wp-content\/uploads\/2022\/11\/2019-05-09-16-51-153-100x100.jpg 100w\" sizes=\"auto, (max-width: 750px) 100vw, 750px\" \/><\/figure>","protected":false},"excerpt":{"rendered":"<p>Avec 15 ans d'exp\u00e9rience dans la production de bouteilles, nous avons r\u00e9alis\u00e9 des travaux OEM et ODM pour de nombreuses marques c\u00e9l\u00e8bres dans le monde entier. Nous produisons principalement des bouteilles \u00e0 infusion, des gobelets \u00e0 caf\u00e9 et des thermos. La qualit\u00e9 est notre culture. Notre mission est de rendre la terre plus propre et meilleure.<\/p>","protected":false},"featured_media":1034,"template":"","meta":{"_acf_changed":false,"_seopress_robots_primary_cat":"","_seopress_titles_title":"","_seopress_titles_desc":"","_seopress_robots_index":"","_uag_custom_page_level_css":""},"product_brand":[],"product_cat":[33,34,21,32,40,19,54,24,20],"product_tag":[],"class_list":{"0":"post-579","1":"product","2":"type-product","3":"status-publish","4":"has-post-thumbnail","6":"product_cat-bamboo-flask","7":"product_cat-bamboo-tumbler","8":"product_cat-bamboo-water-bottle","9":"product_cat-insulated-water-bottle","10":"product_cat-stainless-steel-tumbler","11":"product_cat-stainless-steel-water-bottle","12":"product_cat-tea-bottle-coffee-tumblers","13":"product_cat-tumblers-mugs","14":"product_cat-vacuum-flask","16":"first","17":"instock","18":"shipping-taxable","19":"product-type-simple"},"acf":[],"uagb_featured_image_src":{"full":["https:\/\/eco-drinkware.com\/wp-content\/uploads\/2022\/11\/78_0.webp",750,750,false],"thumbnail":["https:\/\/eco-drinkware.com\/wp-content\/uploads\/2022\/11\/78_0-150x150.webp",150,150,true],"medium":["https:\/\/eco-drinkware.com\/wp-content\/uploads\/2022\/11\/78_0-300x300.webp",300,300,true],"medium_large":["https:\/\/eco-drinkware.com\/wp-content\/uploads\/2022\/11\/78_0.webp",750,750,false],"large":["https:\/\/eco-drinkware.com\/wp-content\/uploads\/2022\/11\/78_0.webp",750,750,false],"1536x1536":["https:\/\/eco-drinkware.com\/wp-content\/uploads\/2022\/11\/78_0.webp",750,750,false],"2048x2048":["https:\/\/eco-drinkware.com\/wp-content\/uploads\/2022\/11\/78_0.webp",750,750,false],"trp-custom-language-flag":["https:\/\/eco-drinkware.com\/wp-content\/uploads\/2022\/11\/78_0.webp",12,12,false],"woocommerce_thumbnail":["https:\/\/eco-drinkware.com\/wp-content\/uploads\/2022\/11\/78_0-300x300.webp",300,300,true],"woocommerce_single":["https:\/\/eco-drinkware.com\/wp-content\/uploads\/2022\/11\/78_0-600x600.webp",600,600,true],"woocommerce_gallery_thumbnail":["https:\/\/eco-drinkware.com\/wp-content\/uploads\/2022\/11\/78_0-100x100.webp",100,100,true]},"uagb_author_info":{"display_name":"Amy","author_link":"https:\/\/eco-drinkware.com\/fr\/author\/"},"uagb_comment_info":0,"uagb_excerpt":"With 15 years bottle production experience ,have done OEM and ODM work for many famous brand all over the world . Main production line is tea infuser bottle ,coffee tumbler , thermos . Quality is our culture . Our mission is make the earth cleaner and better.","_links":{"self":[{"href":"https:\/\/eco-drinkware.com\/fr\/wp-json\/wp\/v2\/product\/579","targetHints":{"allow":["GET"]}}],"collection":[{"href":"https:\/\/eco-drinkware.com\/fr\/wp-json\/wp\/v2\/product"}],"about":[{"href":"https:\/\/eco-drinkware.com\/fr\/wp-json\/wp\/v2\/types\/product"}],"wp:featuredmedia":[{"embeddable":true,"href":"https:\/\/eco-drinkware.com\/fr\/wp-json\/wp\/v2\/media\/1034"}],"wp:attachment":[{"href":"https:\/\/eco-drinkware.com\/fr\/wp-json\/wp\/v2\/media?parent=579"}],"wp:term":[{"taxonomy":"product_brand","embeddable":true,"href":"https:\/\/eco-drinkware.com\/fr\/wp-json\/wp\/v2\/product_brand?post=579"},{"taxonomy":"product_cat","embeddable":true,"href":"https:\/\/eco-drinkware.com\/fr\/wp-json\/wp\/v2\/product_cat?post=579"},{"taxonomy":"product_tag","embeddable":true,"href":"https:\/\/eco-drinkware.com\/fr\/wp-json\/wp\/v2\/product_tag?post=579"}],"curies":[{"name":"wp","href":"https:\/\/api.w.org\/{rel}","templated":true}]}}