{"id":589,"date":"2022-11-03T16:09:29","date_gmt":"2022-11-03T08:09:29","guid":{"rendered":"https:\/\/eco-drinkware.com\/?post_type=product&#038;p=589"},"modified":"2022-12-02T17:55:08","modified_gmt":"2022-12-02T09:55:08","slug":"77-personzlied-logo-personnalise-pas-de-minimum-the-fruit-infuseur-bouteille-deau-verre-borosilicate-77","status":"publish","type":"product","link":"https:\/\/eco-drinkware.com\/fr\/product\/77-personzlied-logo-personnalise-pas-de-minimum-the-fruit-infuseur-bouteille-deau-verre-borosilicate-77\/","title":{"rendered":"Bouteille d'eau en verre double paroi personnalis\u00e9e avec logo pour le th\u00e9 et les fruits"},"content":{"rendered":"<p>Bouteille infuseur de th\u00e9 de marque personnalis\u00e9e, bouteille infuseur de fruits, toutes fabriqu\u00e9es \u00e0 partir de mat\u00e9riaux respectueux de l'environnement. Des bo\u00eetes et des emballages cylindriques personnalis\u00e9s sont disponibles. Les commandes OEM et ODM sont les bienvenues. Votre meilleur fournisseur de bouteilles d'eau en verre en Chine !<\/p>\n\n\n\n<figure class=\"wp-block-table\"><table><tbody><tr><td>Capacit\u00e9<\/td><td>450ml<\/td><\/tr><tr><td>MOQ<\/td><td>25pcs<\/td><\/tr><tr><td>Taille<\/td><td>7*24cm<\/td><\/tr><tr><td>Mat\u00e9riau<\/td><td>Mat\u00e9riau \u00e9cologique<\/td><\/tr><tr><td>Certification<\/td><td>FDA<\/td><\/tr><tr><td>Temps d'\u00e9chantillonnage<\/td><td>5-8 jours<\/td><\/tr><tr><td>Logo<\/td><td>Sur mesure<\/td><\/tr><\/tbody><\/table><\/figure>\n\n\n\n<figure class=\"wp-block-image size-full\"><img loading=\"lazy\" decoding=\"async\" width=\"1000\" height=\"1000\" src=\"https:\/\/eco-drinkware.com\/wp-content\/uploads\/2022\/11\/2020-04-09-14-41-252.webp\" alt=\"\" class=\"wp-image-1044\" srcset=\"https:\/\/eco-drinkware.com\/wp-content\/uploads\/2022\/11\/2020-04-09-14-41-252.webp 1000w, https:\/\/eco-drinkware.com\/wp-content\/uploads\/2022\/11\/2020-04-09-14-41-252-300x300.webp 300w, https:\/\/eco-drinkware.com\/wp-content\/uploads\/2022\/11\/2020-04-09-14-41-252-150x150.webp 150w, https:\/\/eco-drinkware.com\/wp-content\/uploads\/2022\/11\/2020-04-09-14-41-252-768x768.webp 768w, https:\/\/eco-drinkware.com\/wp-content\/uploads\/2022\/11\/2020-04-09-14-41-252-600x600.webp 600w, https:\/\/eco-drinkware.com\/wp-content\/uploads\/2022\/11\/2020-04-09-14-41-252-100x100.webp 100w\" sizes=\"auto, (max-width: 1000px) 100vw, 1000px\" \/><\/figure>","protected":false},"excerpt":{"rendered":"<p>Bouteille infuseur de th\u00e9 de marque personnalis\u00e9e, bouteille infuseur de fruits, toutes fabriqu\u00e9es \u00e0 partir de mat\u00e9riaux respectueux de l'environnement. Des bo\u00eetes et des emballages cylindriques personnalis\u00e9s sont disponibles. Les commandes OEM et ODM sont les bienvenues. Votre meilleur fournisseur de bouteilles d'eau en verre en Chine !<\/p>","protected":false},"featured_media":300,"template":"","meta":{"_acf_changed":false,"_seopress_robots_primary_cat":"","_seopress_titles_title":"","_seopress_titles_desc":"","_seopress_robots_index":"","_uag_custom_page_level_css":""},"product_brand":[],"product_cat":[33,34,21,36,43,42,25,22,54],"product_tag":[],"class_list":{"0":"post-589","1":"product","2":"type-product","3":"status-publish","4":"has-post-thumbnail","6":"product_cat-bamboo-flask","7":"product_cat-bamboo-tumbler","8":"product_cat-bamboo-water-bottle","9":"product_cat-double-wall-gass-bottle","10":"product_cat-glass-mugs","11":"product_cat-glass-tumbler","12":"product_cat-glass-tumbler-mugs","13":"product_cat-glass-water-bottle","14":"product_cat-tea-bottle-coffee-tumblers","16":"first","17":"instock","18":"shipping-taxable","19":"product-type-simple"},"acf":[],"uagb_featured_image_src":{"full":["https:\/\/eco-drinkware.com\/wp-content\/uploads\/2019-8-21-16-2-57.webp",800,800,false],"thumbnail":["https:\/\/eco-drinkware.com\/wp-content\/uploads\/2019-8-21-16-2-57-150x150.webp",150,150,true],"medium":["https:\/\/eco-drinkware.com\/wp-content\/uploads\/2019-8-21-16-2-57-300x300.webp",300,300,true],"medium_large":["https:\/\/eco-drinkware.com\/wp-content\/uploads\/2019-8-21-16-2-57-768x768.webp",768,768,true],"large":["https:\/\/eco-drinkware.com\/wp-content\/uploads\/2019-8-21-16-2-57.webp",800,800,false],"1536x1536":["https:\/\/eco-drinkware.com\/wp-content\/uploads\/2019-8-21-16-2-57.webp",800,800,false],"2048x2048":["https:\/\/eco-drinkware.com\/wp-content\/uploads\/2019-8-21-16-2-57.webp",800,800,false],"trp-custom-language-flag":["https:\/\/eco-drinkware.com\/wp-content\/uploads\/2019-8-21-16-2-57.webp",12,12,false],"woocommerce_thumbnail":["https:\/\/eco-drinkware.com\/wp-content\/uploads\/2019-8-21-16-2-57-300x300.webp",300,300,true],"woocommerce_single":["https:\/\/eco-drinkware.com\/wp-content\/uploads\/2019-8-21-16-2-57-600x600.webp",600,600,true],"woocommerce_gallery_thumbnail":["https:\/\/eco-drinkware.com\/wp-content\/uploads\/2019-8-21-16-2-57-100x100.webp",100,100,true]},"uagb_author_info":{"display_name":"Amy","author_link":"https:\/\/eco-drinkware.com\/fr\/author\/"},"uagb_comment_info":0,"uagb_excerpt":"Custom brand tea infuser bottle fruit infuser bottle flask, all made from eco friendly material. Custom box and cylinder package are available. OEM and ODM orders welcome. Your best glass water bottle supplier in China!","_links":{"self":[{"href":"https:\/\/eco-drinkware.com\/fr\/wp-json\/wp\/v2\/product\/589","targetHints":{"allow":["GET"]}}],"collection":[{"href":"https:\/\/eco-drinkware.com\/fr\/wp-json\/wp\/v2\/product"}],"about":[{"href":"https:\/\/eco-drinkware.com\/fr\/wp-json\/wp\/v2\/types\/product"}],"wp:featuredmedia":[{"embeddable":true,"href":"https:\/\/eco-drinkware.com\/fr\/wp-json\/wp\/v2\/media\/300"}],"wp:attachment":[{"href":"https:\/\/eco-drinkware.com\/fr\/wp-json\/wp\/v2\/media?parent=589"}],"wp:term":[{"taxonomy":"product_brand","embeddable":true,"href":"https:\/\/eco-drinkware.com\/fr\/wp-json\/wp\/v2\/product_brand?post=589"},{"taxonomy":"product_cat","embeddable":true,"href":"https:\/\/eco-drinkware.com\/fr\/wp-json\/wp\/v2\/product_cat?post=589"},{"taxonomy":"product_tag","embeddable":true,"href":"https:\/\/eco-drinkware.com\/fr\/wp-json\/wp\/v2\/product_tag?post=589"}],"curies":[{"name":"wp","href":"https:\/\/api.w.org\/{rel}","templated":true}]}}