{"id":620,"date":"2022-11-03T16:14:19","date_gmt":"2022-11-03T16:14:19","guid":{"rendered":"https:\/\/eco-drinkware.com\/?post_type=product&#038;p=620"},"modified":"2022-11-25T08:55:32","modified_gmt":"2022-11-25T08:55:32","slug":"56-pas-de-minimum-en-stock-188-sports-stainless-steel-water-bottle-56","status":"publish","type":"product","link":"https:\/\/eco-drinkware.com\/fr\/product\/56-pas-de-minimum-en-stock-188-sports-stainless-steel-water-bottle-56\/","title":{"rendered":"Pas de minimum en stock Bouteille d'eau en acier inoxydable 18\/8 pour le sport"},"content":{"rendered":"<p><strong>Facile \u00e0 prendre :<\/strong>Cette bouteille d'eau en acier inoxydable est l\u00e9g\u00e8re et munie d'une poign\u00e9e, facile \u00e0 emporter pour la gymnastique, l'escalade, la conduite, la randonn\u00e9e, le camping et d'autres activit\u00e9s. Il est \u00e9galement possible de la mettre dans un sac, car elle est \u00e9tanche.<\/p>\n\n\n\n<p><strong>Pas de plastique :<\/strong>Avec un couvercle en acier et un couvercle en bambou, la bouteille d'eau en acier inoxydable n'est pas en plastique. Le couvercle est entour\u00e9 d'un anneau en silicone pour emp\u00eacher l'eau de s'\u00e9couler. En acier inoxydable 304, mat\u00e9riau de qualit\u00e9 alimentaire. Utilise le mat\u00e9riau le plus respectueux de l'environnement.<\/p>\n\n\n\n<p><strong>Tenir l'eau froide :<\/strong>Cette bouteille d'eau en acier inoxydable est \u00e0 simple paroi, elle peut contenir de l'eau froide et de l'eau chaude sans probl\u00e8me. Elle convient parfaitement au printemps, \u00e0 l'\u00e9t\u00e9 et \u00e0 l'automne.&nbsp;<\/p>\n\n\n\n<p><strong>Taille :<\/strong>350ml, 500ml, 750ml, 1000ml<\/p>\n\n\n\n<figure class=\"wp-block-image size-full\"><img loading=\"lazy\" decoding=\"async\" width=\"700\" height=\"700\" src=\"https:\/\/eco-drinkware.com\/wp-content\/uploads\/2022\/11\/56_1.webp\" alt=\"\" class=\"wp-image-1143\" srcset=\"https:\/\/eco-drinkware.com\/wp-content\/uploads\/2022\/11\/56_1.webp 700w, https:\/\/eco-drinkware.com\/wp-content\/uploads\/2022\/11\/56_1-300x300.webp 300w, https:\/\/eco-drinkware.com\/wp-content\/uploads\/2022\/11\/56_1-150x150.webp 150w, https:\/\/eco-drinkware.com\/wp-content\/uploads\/2022\/11\/56_1-600x600.webp 600w, https:\/\/eco-drinkware.com\/wp-content\/uploads\/2022\/11\/56_1-100x100.webp 100w\" sizes=\"auto, (max-width: 700px) 100vw, 700px\" \/><\/figure>\n\n\n\n<figure class=\"wp-block-image size-full\"><img loading=\"lazy\" decoding=\"async\" width=\"800\" height=\"800\" src=\"https:\/\/eco-drinkware.com\/wp-content\/uploads\/2022\/11\/2020-10-30-18-11-525.webp\" alt=\"\" class=\"wp-image-1144\" srcset=\"https:\/\/eco-drinkware.com\/wp-content\/uploads\/2022\/11\/2020-10-30-18-11-525.webp 800w, https:\/\/eco-drinkware.com\/wp-content\/uploads\/2022\/11\/2020-10-30-18-11-525-300x300.webp 300w, https:\/\/eco-drinkware.com\/wp-content\/uploads\/2022\/11\/2020-10-30-18-11-525-150x150.webp 150w, https:\/\/eco-drinkware.com\/wp-content\/uploads\/2022\/11\/2020-10-30-18-11-525-768x768.webp 768w, https:\/\/eco-drinkware.com\/wp-content\/uploads\/2022\/11\/2020-10-30-18-11-525-600x600.webp 600w, https:\/\/eco-drinkware.com\/wp-content\/uploads\/2022\/11\/2020-10-30-18-11-525-100x100.webp 100w\" sizes=\"auto, (max-width: 800px) 100vw, 800px\" \/><\/figure>\n\n\n\n<figure class=\"wp-block-image size-full\"><img loading=\"lazy\" decoding=\"async\" width=\"1000\" height=\"1000\" src=\"https:\/\/eco-drinkware.com\/wp-content\/uploads\/2022\/11\/2020-10-30-18-12-524.webp\" alt=\"\" class=\"wp-image-1145\" srcset=\"https:\/\/eco-drinkware.com\/wp-content\/uploads\/2022\/11\/2020-10-30-18-12-524.webp 1000w, https:\/\/eco-drinkware.com\/wp-content\/uploads\/2022\/11\/2020-10-30-18-12-524-300x300.webp 300w, https:\/\/eco-drinkware.com\/wp-content\/uploads\/2022\/11\/2020-10-30-18-12-524-150x150.webp 150w, https:\/\/eco-drinkware.com\/wp-content\/uploads\/2022\/11\/2020-10-30-18-12-524-768x768.webp 768w, https:\/\/eco-drinkware.com\/wp-content\/uploads\/2022\/11\/2020-10-30-18-12-524-600x600.webp 600w, https:\/\/eco-drinkware.com\/wp-content\/uploads\/2022\/11\/2020-10-30-18-12-524-100x100.webp 100w\" sizes=\"auto, (max-width: 1000px) 100vw, 1000px\" \/><\/figure>\n\n\n\n<figure class=\"wp-block-table\"><table><tbody><tr><td>Nom<\/td><td>Bouteille d'eau en acier inoxydable pour le sport--GS001<\/td><\/tr><tr><td>Mat\u00e9riau<\/td><td>Acier inoxydable 18\/8 304<\/td><\/tr><tr><td>Couleur&nbsp;<\/td><td>Pantone personnalis\u00e9&nbsp;<\/td><\/tr><tr><td>Logo<\/td><td>Sur mesure<\/td><\/tr><tr><td>Paquet<\/td><td>bo\u00eete \u00e0 \u0153ufs, bo\u00eete blanche, bo\u00eete personnalis\u00e9e, cylindre rond<\/td><\/tr><tr><td>\u00c9chantillon<\/td><td>Disponible<\/td><\/tr><tr><td>Sp\u00e9cial<\/td><td>Cadeau de promotion<\/td><\/tr><\/tbody><\/table><\/figure>\n\n\n\n<p><\/p>","protected":false},"excerpt":{"rendered":"<p>Facile \u00e0 emporter : cette bouteille d'eau en acier inoxydable est l\u00e9g\u00e8re et munie d'une poign\u00e9e, facile \u00e0 emporter pour faire du sport, de l'escalade, de la conduite, de la randonn\u00e9e, du camping et d'autres activit\u00e9s. Il est \u00e9galement possible de la mettre dans un sac, car elle est \u00e9tanche.<\/p>","protected":false},"featured_media":1145,"template":"","meta":{"_acf_changed":false,"_seopress_robots_primary_cat":"","_seopress_titles_title":"","_seopress_titles_desc":"","_seopress_robots_index":"","_uag_custom_page_level_css":""},"product_brand":[],"product_cat":[31,19],"product_tag":[],"class_list":{"0":"post-620","1":"product","2":"type-product","3":"status-publish","4":"has-post-thumbnail","6":"product_cat-sports-water-bottle","7":"product_cat-stainless-steel-water-bottle","9":"first","10":"instock","11":"shipping-taxable","12":"product-type-simple"},"acf":[],"uagb_featured_image_src":{"full":["https:\/\/eco-drinkware.com\/wp-content\/uploads\/2022\/11\/2020-10-30-18-12-524.webp",1000,1000,false],"thumbnail":["https:\/\/eco-drinkware.com\/wp-content\/uploads\/2022\/11\/2020-10-30-18-12-524-150x150.webp",150,150,true],"medium":["https:\/\/eco-drinkware.com\/wp-content\/uploads\/2022\/11\/2020-10-30-18-12-524-300x300.webp",300,300,true],"medium_large":["https:\/\/eco-drinkware.com\/wp-content\/uploads\/2022\/11\/2020-10-30-18-12-524-768x768.webp",768,768,true],"large":["https:\/\/eco-drinkware.com\/wp-content\/uploads\/2022\/11\/2020-10-30-18-12-524.webp",1000,1000,false],"1536x1536":["https:\/\/eco-drinkware.com\/wp-content\/uploads\/2022\/11\/2020-10-30-18-12-524.webp",1000,1000,false],"2048x2048":["https:\/\/eco-drinkware.com\/wp-content\/uploads\/2022\/11\/2020-10-30-18-12-524.webp",1000,1000,false],"trp-custom-language-flag":["https:\/\/eco-drinkware.com\/wp-content\/uploads\/2022\/11\/2020-10-30-18-12-524.webp",12,12,false],"woocommerce_thumbnail":["https:\/\/eco-drinkware.com\/wp-content\/uploads\/2022\/11\/2020-10-30-18-12-524-300x300.webp",300,300,true],"woocommerce_single":["https:\/\/eco-drinkware.com\/wp-content\/uploads\/2022\/11\/2020-10-30-18-12-524-600x600.webp",600,600,true],"woocommerce_gallery_thumbnail":["https:\/\/eco-drinkware.com\/wp-content\/uploads\/2022\/11\/2020-10-30-18-12-524-100x100.webp",100,100,true]},"uagb_author_info":{"display_name":"Amy","author_link":"https:\/\/eco-drinkware.com\/fr\/author\/"},"uagb_comment_info":0,"uagb_excerpt":"Easy to take: this stainless steel water bottle is light and with handle, easy to take to gyming, climbing, driving, hiking, camping and other activities. Putting it in bag is also ok, because it is water proof.","_links":{"self":[{"href":"https:\/\/eco-drinkware.com\/fr\/wp-json\/wp\/v2\/product\/620","targetHints":{"allow":["GET"]}}],"collection":[{"href":"https:\/\/eco-drinkware.com\/fr\/wp-json\/wp\/v2\/product"}],"about":[{"href":"https:\/\/eco-drinkware.com\/fr\/wp-json\/wp\/v2\/types\/product"}],"wp:featuredmedia":[{"embeddable":true,"href":"https:\/\/eco-drinkware.com\/fr\/wp-json\/wp\/v2\/media\/1145"}],"wp:attachment":[{"href":"https:\/\/eco-drinkware.com\/fr\/wp-json\/wp\/v2\/media?parent=620"}],"wp:term":[{"taxonomy":"product_brand","embeddable":true,"href":"https:\/\/eco-drinkware.com\/fr\/wp-json\/wp\/v2\/product_brand?post=620"},{"taxonomy":"product_cat","embeddable":true,"href":"https:\/\/eco-drinkware.com\/fr\/wp-json\/wp\/v2\/product_cat?post=620"},{"taxonomy":"product_tag","embeddable":true,"href":"https:\/\/eco-drinkware.com\/fr\/wp-json\/wp\/v2\/product_tag?post=620"}],"curies":[{"name":"wp","href":"https:\/\/api.w.org\/{rel}","templated":true}]}}