{"id":627,"date":"2022-11-03T16:14:45","date_gmt":"2022-11-03T08:14:45","guid":{"rendered":"https:\/\/eco-drinkware.com\/?post_type=product&#038;p=627"},"modified":"2022-12-02T18:16:38","modified_gmt":"2022-12-02T10:16:38","slug":"54-pas-de-minimum-bouteille-en-verre-a-double-paroi-sans-bpa-54","status":"publish","type":"product","link":"https:\/\/eco-drinkware.com\/fr\/product\/54-pas-de-minimum-bouteille-en-verre-a-double-paroi-sans-bpa-54\/","title":{"rendered":"Bouteille en verre \u00e0 double paroi sans BPA avec infuseur de th\u00e9."},"content":{"rendered":"<p>Nous sommes le principal fabricant de bouteilles sous vide en bambou, de bouteilles d'eau filtrantes, de gobelets en acier inoxydable, de bouteilles d'eau en verre \u00e0 double bouchon m\u00e9tallique, de bouteilles d'eau en verre \u00e0 poign\u00e9e, de bouteilles thermos en bambou, de bouteilles de th\u00e9 en c\u00e9ramique, de bouteilles de th\u00e9 \u00e0 infusion, de gobelets \u00e0 caf\u00e9 en acier inoxydable, de gobelets \u00e0 double paroi en acier inoxydable, de gobelets en acier inoxydable avec paille, de gobelets en acier inoxydable en gros, de gobelets \u00e0 isolation sous vide en acier inoxydable, de bouteilles \u00e0 isolation sous vide en acier inoxydable, de tasses \u00e0 caf\u00e9 en gros, de bouteilles d'eau de voyage sous vide, de tasses thermos en acier inoxydable et en c\u00e9ramique. \u2665<\/p>\n\n\n\n<figure class=\"wp-block-table\"><table><tbody><tr><td>Nom<\/td><td>Bouteille d'eau r\u00e9utilisable en verre \u00e0 double paroi pour boissons et th\u00e9, 400ml, avec couvercle ouvert en bas et en haut&nbsp;<\/td><\/tr><tr><td>Mat\u00e9riau<\/td><td>verre borosilicat\u00e9, verre \u00e0 double paroi, couvercle en bambou<\/td><\/tr><tr><td>Capacit\u00e9<\/td><td>400ml<\/td><\/tr><tr><td>Couleur<\/td><td>Sur mesure<\/td><\/tr><tr><td>Imprimer<\/td><td>Impression sur soie, transfert \u00e0 chaud, transfert \u00e0 l'eau, etc.<\/td><\/tr><tr><td>Logo<\/td><td>Sur mesure<\/td><\/tr><tr><td>MOQ<\/td><td>20 pi\u00e8ces<\/td><\/tr><tr><td>Temps d'\u00e9chantillonnage<\/td><td>5-8 jours<\/td><\/tr><tr><td>D\u00e9tails de l'emballage<\/td><td>1PC\/OPP, emballage en caisse \u00e0 \u0153ufs, bo\u00eete couleur, bo\u00eete cylindrique, bo\u00eete blanche, 25PCS\/CTN<\/td><\/tr><tr><td>D\u00e9lai de paiement<\/td><td>30% d\u00e9p\u00f4t, le solde avant l'exp\u00e9dition<\/td><\/tr><\/tbody><\/table><\/figure>\n\n\n\n<figure class=\"wp-block-image size-full\"><img loading=\"lazy\" decoding=\"async\" width=\"1000\" height=\"1000\" src=\"https:\/\/eco-drinkware.com\/wp-content\/uploads\/2022\/11\/HTB1io4tB4uTBuNkHFNRq6A9qpXaB.jpg_.webp\" alt=\"\" class=\"wp-image-1156\" srcset=\"https:\/\/eco-drinkware.com\/wp-content\/uploads\/2022\/11\/HTB1io4tB4uTBuNkHFNRq6A9qpXaB.jpg_.webp 1000w, https:\/\/eco-drinkware.com\/wp-content\/uploads\/2022\/11\/HTB1io4tB4uTBuNkHFNRq6A9qpXaB.jpg_-300x300.webp 300w, https:\/\/eco-drinkware.com\/wp-content\/uploads\/2022\/11\/HTB1io4tB4uTBuNkHFNRq6A9qpXaB.jpg_-150x150.webp 150w, https:\/\/eco-drinkware.com\/wp-content\/uploads\/2022\/11\/HTB1io4tB4uTBuNkHFNRq6A9qpXaB.jpg_-768x768.webp 768w, https:\/\/eco-drinkware.com\/wp-content\/uploads\/2022\/11\/HTB1io4tB4uTBuNkHFNRq6A9qpXaB.jpg_-600x600.webp 600w, https:\/\/eco-drinkware.com\/wp-content\/uploads\/2022\/11\/HTB1io4tB4uTBuNkHFNRq6A9qpXaB.jpg_-100x100.webp 100w\" sizes=\"auto, (max-width: 1000px) 100vw, 1000px\" \/><\/figure>\n\n\n\n<figure class=\"wp-block-image size-full\"><img loading=\"lazy\" decoding=\"async\" width=\"1000\" height=\"1000\" src=\"https:\/\/eco-drinkware.com\/wp-content\/uploads\/2022\/11\/HTB1n1xLB5CYBuNkSnaVq6AMsVXaq.jpg_.webp\" alt=\"\" class=\"wp-image-1157\" srcset=\"https:\/\/eco-drinkware.com\/wp-content\/uploads\/2022\/11\/HTB1n1xLB5CYBuNkSnaVq6AMsVXaq.jpg_.webp 1000w, https:\/\/eco-drinkware.com\/wp-content\/uploads\/2022\/11\/HTB1n1xLB5CYBuNkSnaVq6AMsVXaq.jpg_-300x300.webp 300w, https:\/\/eco-drinkware.com\/wp-content\/uploads\/2022\/11\/HTB1n1xLB5CYBuNkSnaVq6AMsVXaq.jpg_-150x150.webp 150w, https:\/\/eco-drinkware.com\/wp-content\/uploads\/2022\/11\/HTB1n1xLB5CYBuNkSnaVq6AMsVXaq.jpg_-768x768.webp 768w, https:\/\/eco-drinkware.com\/wp-content\/uploads\/2022\/11\/HTB1n1xLB5CYBuNkSnaVq6AMsVXaq.jpg_-600x600.webp 600w, https:\/\/eco-drinkware.com\/wp-content\/uploads\/2022\/11\/HTB1n1xLB5CYBuNkSnaVq6AMsVXaq.jpg_-100x100.webp 100w\" sizes=\"auto, (max-width: 1000px) 100vw, 1000px\" \/><\/figure>\n\n\n\n<figure class=\"wp-block-image size-full\"><img loading=\"lazy\" decoding=\"async\" width=\"1000\" height=\"1000\" src=\"https:\/\/eco-drinkware.com\/wp-content\/uploads\/2022\/11\/55_2.webp\" alt=\"\" class=\"wp-image-1153\" srcset=\"https:\/\/eco-drinkware.com\/wp-content\/uploads\/2022\/11\/55_2.webp 1000w, https:\/\/eco-drinkware.com\/wp-content\/uploads\/2022\/11\/55_2-300x300.webp 300w, https:\/\/eco-drinkware.com\/wp-content\/uploads\/2022\/11\/55_2-150x150.webp 150w, https:\/\/eco-drinkware.com\/wp-content\/uploads\/2022\/11\/55_2-768x768.webp 768w, https:\/\/eco-drinkware.com\/wp-content\/uploads\/2022\/11\/55_2-600x600.webp 600w, https:\/\/eco-drinkware.com\/wp-content\/uploads\/2022\/11\/55_2-100x100.webp 100w\" sizes=\"auto, (max-width: 1000px) 100vw, 1000px\" \/><\/figure>\n\n\n\n<figure class=\"wp-block-image size-full\"><img loading=\"lazy\" decoding=\"async\" width=\"1000\" height=\"1000\" src=\"https:\/\/eco-drinkware.com\/wp-content\/uploads\/2022\/11\/55_1.webp\" alt=\"\" class=\"wp-image-1150\" srcset=\"https:\/\/eco-drinkware.com\/wp-content\/uploads\/2022\/11\/55_1.webp 1000w, https:\/\/eco-drinkware.com\/wp-content\/uploads\/2022\/11\/55_1-300x300.webp 300w, https:\/\/eco-drinkware.com\/wp-content\/uploads\/2022\/11\/55_1-150x150.webp 150w, https:\/\/eco-drinkware.com\/wp-content\/uploads\/2022\/11\/55_1-768x768.webp 768w, https:\/\/eco-drinkware.com\/wp-content\/uploads\/2022\/11\/55_1-600x600.webp 600w, https:\/\/eco-drinkware.com\/wp-content\/uploads\/2022\/11\/55_1-100x100.webp 100w\" sizes=\"auto, (max-width: 1000px) 100vw, 1000px\" \/><\/figure>\n\n\n\n<figure class=\"wp-block-image size-full\"><img loading=\"lazy\" decoding=\"async\" width=\"800\" height=\"800\" src=\"https:\/\/eco-drinkware.com\/wp-content\/uploads\/2022\/11\/2021-03-05-15-39-020.webp\" alt=\"\" class=\"wp-image-1151\" srcset=\"https:\/\/eco-drinkware.com\/wp-content\/uploads\/2022\/11\/2021-03-05-15-39-020.webp 800w, https:\/\/eco-drinkware.com\/wp-content\/uploads\/2022\/11\/2021-03-05-15-39-020-300x300.webp 300w, https:\/\/eco-drinkware.com\/wp-content\/uploads\/2022\/11\/2021-03-05-15-39-020-150x150.webp 150w, https:\/\/eco-drinkware.com\/wp-content\/uploads\/2022\/11\/2021-03-05-15-39-020-768x768.webp 768w, https:\/\/eco-drinkware.com\/wp-content\/uploads\/2022\/11\/2021-03-05-15-39-020-600x600.webp 600w, https:\/\/eco-drinkware.com\/wp-content\/uploads\/2022\/11\/2021-03-05-15-39-020-100x100.webp 100w\" sizes=\"auto, (max-width: 800px) 100vw, 800px\" \/><\/figure>","protected":false},"excerpt":{"rendered":"<p>Avec 15 ans d'exp\u00e9rience dans la production de bouteilles, nous avons r\u00e9alis\u00e9 des travaux OEM et ODM pour de nombreuses marques c\u00e9l\u00e8bres dans le monde entier. Nous produisons principalement des bouteilles \u00e0 infusion, des gobelets \u00e0 caf\u00e9 et des thermos. La qualit\u00e9 est notre culture. Notre mission est de rendre la terre plus propre et meilleure.<\/p>","protected":false},"featured_media":1158,"template":"","meta":{"_acf_changed":false,"_seopress_robots_primary_cat":"","_seopress_titles_title":"","_seopress_titles_desc":"","_seopress_robots_index":"","_uag_custom_page_level_css":""},"product_brand":[],"product_cat":[36,42,25,22,54],"product_tag":[],"class_list":{"0":"post-627","1":"product","2":"type-product","3":"status-publish","4":"has-post-thumbnail","6":"product_cat-double-wall-gass-bottle","7":"product_cat-glass-tumbler","8":"product_cat-glass-tumbler-mugs","9":"product_cat-glass-water-bottle","10":"product_cat-tea-bottle-coffee-tumblers","12":"first","13":"instock","14":"shipping-taxable","15":"product-type-simple"},"acf":[],"uagb_featured_image_src":{"full":["https:\/\/eco-drinkware.com\/wp-content\/uploads\/2022\/11\/54_0.webp",750,750,false],"thumbnail":["https:\/\/eco-drinkware.com\/wp-content\/uploads\/2022\/11\/54_0-150x150.webp",150,150,true],"medium":["https:\/\/eco-drinkware.com\/wp-content\/uploads\/2022\/11\/54_0-300x300.webp",300,300,true],"medium_large":["https:\/\/eco-drinkware.com\/wp-content\/uploads\/2022\/11\/54_0.webp",750,750,false],"large":["https:\/\/eco-drinkware.com\/wp-content\/uploads\/2022\/11\/54_0.webp",750,750,false],"1536x1536":["https:\/\/eco-drinkware.com\/wp-content\/uploads\/2022\/11\/54_0.webp",750,750,false],"2048x2048":["https:\/\/eco-drinkware.com\/wp-content\/uploads\/2022\/11\/54_0.webp",750,750,false],"trp-custom-language-flag":["https:\/\/eco-drinkware.com\/wp-content\/uploads\/2022\/11\/54_0.webp",12,12,false],"woocommerce_thumbnail":["https:\/\/eco-drinkware.com\/wp-content\/uploads\/2022\/11\/54_0-300x300.webp",300,300,true],"woocommerce_single":["https:\/\/eco-drinkware.com\/wp-content\/uploads\/2022\/11\/54_0-600x600.webp",600,600,true],"woocommerce_gallery_thumbnail":["https:\/\/eco-drinkware.com\/wp-content\/uploads\/2022\/11\/54_0-100x100.webp",100,100,true]},"uagb_author_info":{"display_name":"Amy","author_link":"https:\/\/eco-drinkware.com\/fr\/author\/"},"uagb_comment_info":0,"uagb_excerpt":"With 15 years bottle production experience ,have done OEM and ODM work for many famous brand all over the world . Main production line is tea infuser bottle ,coffee tumbler , thermos . Quality is our culture . Our mission is make the earth cleaner and better.","_links":{"self":[{"href":"https:\/\/eco-drinkware.com\/fr\/wp-json\/wp\/v2\/product\/627","targetHints":{"allow":["GET"]}}],"collection":[{"href":"https:\/\/eco-drinkware.com\/fr\/wp-json\/wp\/v2\/product"}],"about":[{"href":"https:\/\/eco-drinkware.com\/fr\/wp-json\/wp\/v2\/types\/product"}],"wp:featuredmedia":[{"embeddable":true,"href":"https:\/\/eco-drinkware.com\/fr\/wp-json\/wp\/v2\/media\/1158"}],"wp:attachment":[{"href":"https:\/\/eco-drinkware.com\/fr\/wp-json\/wp\/v2\/media?parent=627"}],"wp:term":[{"taxonomy":"product_brand","embeddable":true,"href":"https:\/\/eco-drinkware.com\/fr\/wp-json\/wp\/v2\/product_brand?post=627"},{"taxonomy":"product_cat","embeddable":true,"href":"https:\/\/eco-drinkware.com\/fr\/wp-json\/wp\/v2\/product_cat?post=627"},{"taxonomy":"product_tag","embeddable":true,"href":"https:\/\/eco-drinkware.com\/fr\/wp-json\/wp\/v2\/product_tag?post=627"}],"curies":[{"name":"wp","href":"https:\/\/api.w.org\/{rel}","templated":true}]}}