{"id":631,"date":"2022-11-03T16:15:28","date_gmt":"2022-11-03T08:15:28","guid":{"rendered":"https:\/\/eco-drinkware.com\/?post_type=product&#038;p=631"},"modified":"2022-12-02T18:13:14","modified_gmt":"2022-12-02T10:13:14","slug":"52-logo-personnalise-forme-doeuf-bouteille-en-verre-double-paroi-infuseur-de-the-52","status":"publish","type":"product","link":"https:\/\/eco-drinkware.com\/fr\/product\/52-logo-personnalise-forme-doeuf-bouteille-en-verre-double-paroi-infuseur-de-the-52\/","title":{"rendered":"Bouteille en verre \u00e0 double paroi en forme d'\u0153uf pour infuser le th\u00e9, avec logo personnalis\u00e9"},"content":{"rendered":"<ul class=\"wp-block-list\">\n<li>Non Quantit\u00e9 minimale de commande<\/li>\n\n\n\n<li>Facilit\u00e9 d'insertion d'un logo personnalis\u00e9<\/li>\n\n\n\n<li>Paquet personnalis\u00e9 disponible<\/li>\n\n\n\n<li>Livraison rapide<\/li>\n\n\n\n<li>La qualit\u00e9 est notre culture<\/li>\n\n\n\n<li>Remboursement int\u00e9gral en cas de mauvaise qualit\u00e9<\/li>\n<\/ul>\n\n\n\n<p>Nous sommes leader dans la fabrication de bouteilles sous vide en bambou, de bouteilles d'eau filtrantes, de gobelets en acier inoxydable, de bouteilles d'eau en verre \u00e0 double bouchon en m\u00e9tal, de bouteilles d'eau en verre \u00e0 poign\u00e9e, de bouteilles thermos en bambou, de bouteilles de th\u00e9 en c\u00e9ramique, de bouteilles de th\u00e9 \u00e0 infusion, de gobelets \u00e0 caf\u00e9 en acier inoxydable, de gobelets \u00e0 double paroi en acier inoxydable, de gobelets en acier inoxydable avec paille, de gobelets en acier inoxydable en gros, de gobelets \u00e0 isolation sous vide en acier inoxydable, de bouteilles \u00e0 isolation sous vide en acier inoxydable, de tasses \u00e0 caf\u00e9 en gros, de bouteilles d'eau de voyage sous vide, de tasses thermos en acier inoxydable et en c\u00e9ramique.\u2665<\/p>\n\n\n\n<figure class=\"wp-block-table\"><table><tbody><tr><td>Nom<\/td><td>GA5010 400ML\/14OZ Bouteille d'eau en verre \u00e0 double paroi avec couvercle en cuir de qualit\u00e9 alimentaire<\/td><\/tr><tr><td>Mat\u00e9riau<\/td><td>verre borosilicat\u00e9, verre \u00e0 double paroi, couvercle en bambou<\/td><\/tr><tr><td>Capacit\u00e9<\/td><td>400ml<\/td><\/tr><tr><td>Couleur<\/td><td>Sur mesure<\/td><\/tr><tr><td>Imprimer<\/td><td>Impression sur soie, transfert \u00e0 chaud, transfert \u00e0 l'eau, etc.<\/td><\/tr><tr><td>Logo<\/td><td>Sur mesure<\/td><\/tr><tr><td>MOQ<\/td><td>20 pi\u00e8ces<\/td><\/tr><tr><td>Temps d'\u00e9chantillonnage<\/td><td>5-8 jours<\/td><\/tr><tr><td>D\u00e9tails de l'emballage<\/td><td>1PC\/OPP, emballage en caisse \u00e0 \u0153ufs, bo\u00eete couleur, bo\u00eete cylindrique, bo\u00eete blanche, 25PCS\/CTN<\/td><\/tr><tr><td>D\u00e9lai de paiement<\/td><td>30% d\u00e9p\u00f4t, le solde avant l'exp\u00e9dition<\/td><\/tr><\/tbody><\/table><\/figure>\n\n\n\n<figure class=\"wp-block-image size-full\"><img loading=\"lazy\" decoding=\"async\" width=\"1000\" height=\"1000\" src=\"https:\/\/eco-drinkware.com\/wp-content\/uploads\/2022\/11\/HTB1Knt9X4WYBuNjy1zkq6xGGpXag.jpg_.webp\" alt=\"\" class=\"wp-image-1168\" srcset=\"https:\/\/eco-drinkware.com\/wp-content\/uploads\/2022\/11\/HTB1Knt9X4WYBuNjy1zkq6xGGpXag.jpg_.webp 1000w, https:\/\/eco-drinkware.com\/wp-content\/uploads\/2022\/11\/HTB1Knt9X4WYBuNjy1zkq6xGGpXag.jpg_-300x300.webp 300w, https:\/\/eco-drinkware.com\/wp-content\/uploads\/2022\/11\/HTB1Knt9X4WYBuNjy1zkq6xGGpXag.jpg_-150x150.webp 150w, https:\/\/eco-drinkware.com\/wp-content\/uploads\/2022\/11\/HTB1Knt9X4WYBuNjy1zkq6xGGpXag.jpg_-768x768.webp 768w, https:\/\/eco-drinkware.com\/wp-content\/uploads\/2022\/11\/HTB1Knt9X4WYBuNjy1zkq6xGGpXag.jpg_-600x600.webp 600w, https:\/\/eco-drinkware.com\/wp-content\/uploads\/2022\/11\/HTB1Knt9X4WYBuNjy1zkq6xGGpXag.jpg_-100x100.webp 100w\" sizes=\"auto, (max-width: 1000px) 100vw, 1000px\" \/><\/figure>\n\n\n\n<figure class=\"wp-block-image size-full\"><img loading=\"lazy\" decoding=\"async\" width=\"820\" height=\"820\" src=\"https:\/\/eco-drinkware.com\/wp-content\/uploads\/2022\/11\/HTB1NbqXX1OSBuNjy0Fdq6zDnVXav.jpg_.webp\" alt=\"\" class=\"wp-image-1169\" srcset=\"https:\/\/eco-drinkware.com\/wp-content\/uploads\/2022\/11\/HTB1NbqXX1OSBuNjy0Fdq6zDnVXav.jpg_.webp 820w, https:\/\/eco-drinkware.com\/wp-content\/uploads\/2022\/11\/HTB1NbqXX1OSBuNjy0Fdq6zDnVXav.jpg_-300x300.webp 300w, https:\/\/eco-drinkware.com\/wp-content\/uploads\/2022\/11\/HTB1NbqXX1OSBuNjy0Fdq6zDnVXav.jpg_-150x150.webp 150w, https:\/\/eco-drinkware.com\/wp-content\/uploads\/2022\/11\/HTB1NbqXX1OSBuNjy0Fdq6zDnVXav.jpg_-768x768.webp 768w, https:\/\/eco-drinkware.com\/wp-content\/uploads\/2022\/11\/HTB1NbqXX1OSBuNjy0Fdq6zDnVXav.jpg_-600x600.webp 600w, https:\/\/eco-drinkware.com\/wp-content\/uploads\/2022\/11\/HTB1NbqXX1OSBuNjy0Fdq6zDnVXav.jpg_-100x100.webp 100w\" sizes=\"auto, (max-width: 820px) 100vw, 820px\" \/><\/figure>\n\n\n\n<figure class=\"wp-block-image size-full\"><img loading=\"lazy\" decoding=\"async\" width=\"750\" height=\"750\" src=\"https:\/\/eco-drinkware.com\/wp-content\/uploads\/2022\/11\/HTB1_Bcmd6gy_uJjSZKbq6xXkXXa8.jpg_.webp\" alt=\"\" class=\"wp-image-1170\" srcset=\"https:\/\/eco-drinkware.com\/wp-content\/uploads\/2022\/11\/HTB1_Bcmd6gy_uJjSZKbq6xXkXXa8.jpg_.webp 750w, https:\/\/eco-drinkware.com\/wp-content\/uploads\/2022\/11\/HTB1_Bcmd6gy_uJjSZKbq6xXkXXa8.jpg_-300x300.webp 300w, https:\/\/eco-drinkware.com\/wp-content\/uploads\/2022\/11\/HTB1_Bcmd6gy_uJjSZKbq6xXkXXa8.jpg_-150x150.webp 150w, https:\/\/eco-drinkware.com\/wp-content\/uploads\/2022\/11\/HTB1_Bcmd6gy_uJjSZKbq6xXkXXa8.jpg_-600x600.webp 600w, https:\/\/eco-drinkware.com\/wp-content\/uploads\/2022\/11\/HTB1_Bcmd6gy_uJjSZKbq6xXkXXa8.jpg_-100x100.webp 100w\" sizes=\"auto, (max-width: 750px) 100vw, 750px\" \/><\/figure>\n\n\n\n<figure class=\"wp-block-image size-full\"><img loading=\"lazy\" decoding=\"async\" width=\"750\" height=\"506\" src=\"https:\/\/eco-drinkware.com\/wp-content\/uploads\/2022\/11\/HTB13J0veWLN8KJjSZFKq6z7NVXaM.jpg_.webp\" alt=\"\" class=\"wp-image-1171\" srcset=\"https:\/\/eco-drinkware.com\/wp-content\/uploads\/2022\/11\/HTB13J0veWLN8KJjSZFKq6z7NVXaM.jpg_.webp 750w, https:\/\/eco-drinkware.com\/wp-content\/uploads\/2022\/11\/HTB13J0veWLN8KJjSZFKq6z7NVXaM.jpg_-300x202.webp 300w, https:\/\/eco-drinkware.com\/wp-content\/uploads\/2022\/11\/HTB13J0veWLN8KJjSZFKq6z7NVXaM.jpg_-150x101.webp 150w, https:\/\/eco-drinkware.com\/wp-content\/uploads\/2022\/11\/HTB13J0veWLN8KJjSZFKq6z7NVXaM.jpg_-600x405.webp 600w\" sizes=\"auto, (max-width: 750px) 100vw, 750px\" \/><\/figure>\n\n\n\n<figure class=\"wp-block-image size-full\"><img loading=\"lazy\" decoding=\"async\" width=\"750\" height=\"750\" src=\"https:\/\/eco-drinkware.com\/wp-content\/uploads\/2022\/11\/HTB1lE7qd7fb_uJkSnhJq6zdDVXap.jpg_.webp\" alt=\"\" class=\"wp-image-1172\" srcset=\"https:\/\/eco-drinkware.com\/wp-content\/uploads\/2022\/11\/HTB1lE7qd7fb_uJkSnhJq6zdDVXap.jpg_.webp 750w, https:\/\/eco-drinkware.com\/wp-content\/uploads\/2022\/11\/HTB1lE7qd7fb_uJkSnhJq6zdDVXap.jpg_-300x300.webp 300w, https:\/\/eco-drinkware.com\/wp-content\/uploads\/2022\/11\/HTB1lE7qd7fb_uJkSnhJq6zdDVXap.jpg_-150x150.webp 150w, https:\/\/eco-drinkware.com\/wp-content\/uploads\/2022\/11\/HTB1lE7qd7fb_uJkSnhJq6zdDVXap.jpg_-600x600.webp 600w, https:\/\/eco-drinkware.com\/wp-content\/uploads\/2022\/11\/HTB1lE7qd7fb_uJkSnhJq6zdDVXap.jpg_-100x100.webp 100w\" sizes=\"auto, (max-width: 750px) 100vw, 750px\" \/><\/figure>\n\n\n\n<p><\/p>","protected":false},"excerpt":{"rendered":"<p>Avec 15 ans d'exp\u00e9rience dans la production de bouteilles, nous avons r\u00e9alis\u00e9 des travaux OEM et ODM pour de nombreuses marques c\u00e9l\u00e8bres dans le monde entier. Nous produisons principalement des bouteilles \u00e0 infusion, des gobelets \u00e0 caf\u00e9 et des thermos. La qualit\u00e9 est notre culture. Notre mission est de rendre la terre plus propre et meilleure.<\/p>","protected":false},"featured_media":1169,"template":"","meta":{"_acf_changed":false,"_seopress_robots_primary_cat":"","_seopress_titles_title":"","_seopress_titles_desc":"","_seopress_robots_index":"","_uag_custom_page_level_css":""},"product_brand":[],"product_cat":[36,42,25,22,54],"product_tag":[],"class_list":{"0":"post-631","1":"product","2":"type-product","3":"status-publish","4":"has-post-thumbnail","6":"product_cat-double-wall-gass-bottle","7":"product_cat-glass-tumbler","8":"product_cat-glass-tumbler-mugs","9":"product_cat-glass-water-bottle","10":"product_cat-tea-bottle-coffee-tumblers","12":"first","13":"instock","14":"shipping-taxable","15":"product-type-simple"},"acf":[],"uagb_featured_image_src":{"full":["https:\/\/eco-drinkware.com\/wp-content\/uploads\/2022\/11\/HTB1NbqXX1OSBuNjy0Fdq6zDnVXav.jpg_.webp",820,820,false],"thumbnail":["https:\/\/eco-drinkware.com\/wp-content\/uploads\/2022\/11\/HTB1NbqXX1OSBuNjy0Fdq6zDnVXav.jpg_-150x150.webp",150,150,true],"medium":["https:\/\/eco-drinkware.com\/wp-content\/uploads\/2022\/11\/HTB1NbqXX1OSBuNjy0Fdq6zDnVXav.jpg_-300x300.webp",300,300,true],"medium_large":["https:\/\/eco-drinkware.com\/wp-content\/uploads\/2022\/11\/HTB1NbqXX1OSBuNjy0Fdq6zDnVXav.jpg_-768x768.webp",768,768,true],"large":["https:\/\/eco-drinkware.com\/wp-content\/uploads\/2022\/11\/HTB1NbqXX1OSBuNjy0Fdq6zDnVXav.jpg_.webp",820,820,false],"1536x1536":["https:\/\/eco-drinkware.com\/wp-content\/uploads\/2022\/11\/HTB1NbqXX1OSBuNjy0Fdq6zDnVXav.jpg_.webp",820,820,false],"2048x2048":["https:\/\/eco-drinkware.com\/wp-content\/uploads\/2022\/11\/HTB1NbqXX1OSBuNjy0Fdq6zDnVXav.jpg_.webp",820,820,false],"trp-custom-language-flag":["https:\/\/eco-drinkware.com\/wp-content\/uploads\/2022\/11\/HTB1NbqXX1OSBuNjy0Fdq6zDnVXav.jpg_.webp",12,12,false],"woocommerce_thumbnail":["https:\/\/eco-drinkware.com\/wp-content\/uploads\/2022\/11\/HTB1NbqXX1OSBuNjy0Fdq6zDnVXav.jpg_-300x300.webp",300,300,true],"woocommerce_single":["https:\/\/eco-drinkware.com\/wp-content\/uploads\/2022\/11\/HTB1NbqXX1OSBuNjy0Fdq6zDnVXav.jpg_-600x600.webp",600,600,true],"woocommerce_gallery_thumbnail":["https:\/\/eco-drinkware.com\/wp-content\/uploads\/2022\/11\/HTB1NbqXX1OSBuNjy0Fdq6zDnVXav.jpg_-100x100.webp",100,100,true]},"uagb_author_info":{"display_name":"Amy","author_link":"https:\/\/eco-drinkware.com\/fr\/author\/"},"uagb_comment_info":0,"uagb_excerpt":"With 15 years bottle production experience ,have done OEM and ODM work for many famous brand all over the world . Main production line is tea infuser bottle ,coffee tumbler , thermos . Quality is our culture . Our mission is make the earth cleaner and better.","_links":{"self":[{"href":"https:\/\/eco-drinkware.com\/fr\/wp-json\/wp\/v2\/product\/631","targetHints":{"allow":["GET"]}}],"collection":[{"href":"https:\/\/eco-drinkware.com\/fr\/wp-json\/wp\/v2\/product"}],"about":[{"href":"https:\/\/eco-drinkware.com\/fr\/wp-json\/wp\/v2\/types\/product"}],"wp:featuredmedia":[{"embeddable":true,"href":"https:\/\/eco-drinkware.com\/fr\/wp-json\/wp\/v2\/media\/1169"}],"wp:attachment":[{"href":"https:\/\/eco-drinkware.com\/fr\/wp-json\/wp\/v2\/media?parent=631"}],"wp:term":[{"taxonomy":"product_brand","embeddable":true,"href":"https:\/\/eco-drinkware.com\/fr\/wp-json\/wp\/v2\/product_brand?post=631"},{"taxonomy":"product_cat","embeddable":true,"href":"https:\/\/eco-drinkware.com\/fr\/wp-json\/wp\/v2\/product_cat?post=631"},{"taxonomy":"product_tag","embeddable":true,"href":"https:\/\/eco-drinkware.com\/fr\/wp-json\/wp\/v2\/product_tag?post=631"}],"curies":[{"name":"wp","href":"https:\/\/api.w.org\/{rel}","templated":true}]}}