{"id":647,"date":"2022-11-03T16:17:20","date_gmt":"2022-11-03T16:17:20","guid":{"rendered":"https:\/\/eco-drinkware.com\/?post_type=product&#038;p=647"},"modified":"2022-11-25T08:53:49","modified_gmt":"2022-11-25T08:53:49","slug":"45-bouteille-deau-potable-en-verre-ecologique-a-double-paroi-de-350ml-avec-votre-propre-logo-45","status":"publish","type":"product","link":"https:\/\/eco-drinkware.com\/fr\/product\/45-bouteille-deau-potable-en-verre-ecologique-a-double-paroi-de-350ml-avec-votre-propre-logo-45\/","title":{"rendered":"Bouteille d'eau filtr\u00e9e \u00e0 double paroi en verre \u00e9cologique de 350ml avec votre propre logo"},"content":{"rendered":"<figure class=\"wp-block-table\"><table><tbody><tr><td>Mat\u00e9riau<\/td><td>verre borosilicat\u00e9, verre \u00e0 double paroi, couvercle en bambou<\/td><\/tr><tr><td>Capacit\u00e9<\/td><td>350ml<\/td><\/tr><tr><td>Couleur<\/td><td>Sur mesure<\/td><\/tr><tr><td>Imprimer<\/td><td>Impression sur soie, transfert \u00e0 chaud, transfert \u00e0 l'eau, etc.<\/td><\/tr><tr><td>Logo<\/td><td>Sur mesure<\/td><\/tr><tr><td>MOQ<\/td><td>25 pi\u00e8ces<\/td><\/tr><tr><td>Temps d'\u00e9chantillonnage<\/td><td>5-8 jours<\/td><\/tr><tr><td>D\u00e9tails de l'emballage<\/td><td>1PC\/OPP, emballage en caisse \u00e0 \u0153ufs, bo\u00eete couleur, bo\u00eete cylindrique, bo\u00eete blanche, 25PCS\/CTN<\/td><\/tr><tr><td>D\u00e9lai de paiement<\/td><td>30% d\u00e9p\u00f4t, le solde avant l'exp\u00e9dition<\/td><\/tr><\/tbody><\/table><\/figure>\n\n\n\n<figure class=\"wp-block-image size-full\"><img loading=\"lazy\" decoding=\"async\" width=\"638\" height=\"1920\" src=\"https:\/\/eco-drinkware.com\/wp-content\/uploads\/2022\/11\/HTB1_ak0phSYBuNjSsphq6zGvVXaM.jpg_-scaled.webp\" alt=\"\" class=\"wp-image-1203\" srcset=\"https:\/\/eco-drinkware.com\/wp-content\/uploads\/2022\/11\/HTB1_ak0phSYBuNjSsphq6zGvVXaM.jpg_-scaled.webp 638w, https:\/\/eco-drinkware.com\/wp-content\/uploads\/2022\/11\/HTB1_ak0phSYBuNjSsphq6zGvVXaM.jpg_-100x300.webp 100w, https:\/\/eco-drinkware.com\/wp-content\/uploads\/2022\/11\/HTB1_ak0phSYBuNjSsphq6zGvVXaM.jpg_-50x150.webp 50w, https:\/\/eco-drinkware.com\/wp-content\/uploads\/2022\/11\/HTB1_ak0phSYBuNjSsphq6zGvVXaM.jpg_-681x2048.webp 681w, https:\/\/eco-drinkware.com\/wp-content\/uploads\/2022\/11\/HTB1_ak0phSYBuNjSsphq6zGvVXaM.jpg_-600x1805.webp 600w\" sizes=\"auto, (max-width: 638px) 100vw, 638px\" \/><\/figure>\n\n\n\n<figure class=\"wp-block-image size-full\"><img loading=\"lazy\" decoding=\"async\" width=\"750\" height=\"1749\" src=\"https:\/\/eco-drinkware.com\/wp-content\/uploads\/2022\/11\/HTB1iLz4C1GSBuNjSspbq6AiipXaK.jpg_.webp\" alt=\"\" class=\"wp-image-1204\" srcset=\"https:\/\/eco-drinkware.com\/wp-content\/uploads\/2022\/11\/HTB1iLz4C1GSBuNjSspbq6AiipXaK.jpg_.webp 750w, https:\/\/eco-drinkware.com\/wp-content\/uploads\/2022\/11\/HTB1iLz4C1GSBuNjSspbq6AiipXaK.jpg_-129x300.webp 129w, https:\/\/eco-drinkware.com\/wp-content\/uploads\/2022\/11\/HTB1iLz4C1GSBuNjSspbq6AiipXaK.jpg_-64x150.webp 64w, https:\/\/eco-drinkware.com\/wp-content\/uploads\/2022\/11\/HTB1iLz4C1GSBuNjSspbq6AiipXaK.jpg_-659x1536.webp 659w, https:\/\/eco-drinkware.com\/wp-content\/uploads\/2022\/11\/HTB1iLz4C1GSBuNjSspbq6AiipXaK.jpg_-600x1399.webp 600w\" sizes=\"auto, (max-width: 750px) 100vw, 750px\" \/><\/figure>","protected":false},"excerpt":{"rendered":"<p>Avec 15 ans d'exp\u00e9rience dans la production de bouteilles, nous avons r\u00e9alis\u00e9 des travaux OEM et ODM pour de nombreuses marques c\u00e9l\u00e8bres dans le monde entier. Notre ligne de production principale est la bouteille infuseur de th\u00e9, le gobelet \u00e0 caf\u00e9, le thermos. La qualit\u00e9 est notre culture. Notre mission est de rendre la terre plus propre et meilleure.<\/p>","protected":false},"featured_media":1215,"template":"","meta":{"_acf_changed":false,"_seopress_robots_primary_cat":"","_seopress_titles_title":"","_seopress_titles_desc":"","_seopress_robots_index":"","_uag_custom_page_level_css":""},"product_brand":[],"product_cat":[22],"product_tag":[],"class_list":{"0":"post-647","1":"product","2":"type-product","3":"status-publish","4":"has-post-thumbnail","6":"product_cat-glass-water-bottle","8":"first","9":"instock","10":"shipping-taxable","11":"product-type-simple"},"acf":[],"uagb_featured_image_src":{"full":["https:\/\/eco-drinkware.com\/wp-content\/uploads\/2022\/11\/45_0.webp",800,800,false],"thumbnail":["https:\/\/eco-drinkware.com\/wp-content\/uploads\/2022\/11\/45_0-150x150.webp",150,150,true],"medium":["https:\/\/eco-drinkware.com\/wp-content\/uploads\/2022\/11\/45_0-300x300.webp",300,300,true],"medium_large":["https:\/\/eco-drinkware.com\/wp-content\/uploads\/2022\/11\/45_0-768x768.webp",768,768,true],"large":["https:\/\/eco-drinkware.com\/wp-content\/uploads\/2022\/11\/45_0.webp",800,800,false],"1536x1536":["https:\/\/eco-drinkware.com\/wp-content\/uploads\/2022\/11\/45_0.webp",800,800,false],"2048x2048":["https:\/\/eco-drinkware.com\/wp-content\/uploads\/2022\/11\/45_0.webp",800,800,false],"trp-custom-language-flag":["https:\/\/eco-drinkware.com\/wp-content\/uploads\/2022\/11\/45_0.webp",12,12,false],"woocommerce_thumbnail":["https:\/\/eco-drinkware.com\/wp-content\/uploads\/2022\/11\/45_0-300x300.webp",300,300,true],"woocommerce_single":["https:\/\/eco-drinkware.com\/wp-content\/uploads\/2022\/11\/45_0-600x600.webp",600,600,true],"woocommerce_gallery_thumbnail":["https:\/\/eco-drinkware.com\/wp-content\/uploads\/2022\/11\/45_0-100x100.webp",100,100,true]},"uagb_author_info":{"display_name":"Amy","author_link":"https:\/\/eco-drinkware.com\/fr\/author\/"},"uagb_comment_info":0,"uagb_excerpt":"With 15 years bottle production experience ,have done OEM and ODM work for many famous brand all over th world . Main poduction line is tea infuser bottle ,coffee tumbler , thermos . Quality is our culture . Our mission is make the earth cleaner and better.","_links":{"self":[{"href":"https:\/\/eco-drinkware.com\/fr\/wp-json\/wp\/v2\/product\/647","targetHints":{"allow":["GET"]}}],"collection":[{"href":"https:\/\/eco-drinkware.com\/fr\/wp-json\/wp\/v2\/product"}],"about":[{"href":"https:\/\/eco-drinkware.com\/fr\/wp-json\/wp\/v2\/types\/product"}],"wp:featuredmedia":[{"embeddable":true,"href":"https:\/\/eco-drinkware.com\/fr\/wp-json\/wp\/v2\/media\/1215"}],"wp:attachment":[{"href":"https:\/\/eco-drinkware.com\/fr\/wp-json\/wp\/v2\/media?parent=647"}],"wp:term":[{"taxonomy":"product_brand","embeddable":true,"href":"https:\/\/eco-drinkware.com\/fr\/wp-json\/wp\/v2\/product_brand?post=647"},{"taxonomy":"product_cat","embeddable":true,"href":"https:\/\/eco-drinkware.com\/fr\/wp-json\/wp\/v2\/product_cat?post=647"},{"taxonomy":"product_tag","embeddable":true,"href":"https:\/\/eco-drinkware.com\/fr\/wp-json\/wp\/v2\/product_tag?post=647"}],"curies":[{"name":"wp","href":"https:\/\/api.w.org\/{rel}","templated":true}]}}