{"id":651,"date":"2022-11-03T16:17:44","date_gmt":"2022-11-03T16:17:44","guid":{"rendered":"https:\/\/eco-drinkware.com\/?post_type=product&#038;p=651"},"modified":"2022-11-04T15:04:23","modified_gmt":"2022-11-04T15:04:23","slug":"43-ga6015-logo-personnalise-double-paroi-verre-borosilicate-infuseur-bouteille-de-the-avec-infuseur-couvercle-en-cuir-43","status":"publish","type":"product","link":"https:\/\/eco-drinkware.com\/fr\/product\/43-ga6015-logo-personnalise-double-paroi-verre-borosilicate-infuseur-bouteille-de-the-avec-infuseur-couvercle-en-cuir-43\/","title":{"rendered":"GA6015 Bouteille \u00e0 th\u00e9 en verre borosilicat\u00e9 \u00e0 double paroi avec couvercle en cuir pour infuser du th\u00e9"},"content":{"rendered":"<p>Nous sommes le principal fabricant de bouteilles en verre \u00e0 double paroi, de bouteilles \u00e0 th\u00e9 \u00e0 double paroi, de bouteilles \u00e0 th\u00e9, de bouteilles \u00e0 infusion, de bouteilles en verre avec couvercle en bambou, de gourdes en bambou, de thermos en bambou, de gobelets en bambou, de gobelets \u00e0 caf\u00e9, de tasses \u00e0 caf\u00e9, de gobelets \u00e0 double paroi avec paille, de thermos, de bouteilles de sport, de bouteilles \u00e0 vide \u00e0 double paroi avec couvercle en bambou \u2665.<\/p>\n\n\n\n<figure class=\"wp-block-table\"><table><tbody><tr><td>Nom<\/td><td>GA6015 Bouteille \u00e0 th\u00e9 en verre borosilicate \u00e0 double paroi avec couvercle en cuir et logo personnalis\u00e9<\/td><\/tr><tr><td>Mat\u00e9riau<\/td><td>verre borosilicat\u00e9, verre \u00e0 double paroi<\/td><\/tr><tr><td>Capacit\u00e9<\/td><td>450ml<\/td><\/tr><tr><td>Couleur<\/td><td>Sur mesure<\/td><\/tr><tr><td>Imprimer<\/td><td>Impression sur soie, transfert \u00e0 chaud, transfert \u00e0 l'eau, etc.<\/td><\/tr><tr><td>Logo<\/td><td>Sur mesure<\/td><\/tr><tr><td>MOQ<\/td><td>20 pi\u00e8ces<\/td><\/tr><tr><td>Temps d'\u00e9chantillonnage<\/td><td>5-8 jours<\/td><\/tr><tr><td>D\u00e9tails de l'emballage<\/td><td>1PC\/OPP, emballage en caisse \u00e0 \u0153ufs, bo\u00eete couleur, bo\u00eete cylindrique, bo\u00eete blanche, 25PCS\/CTN<\/td><\/tr><tr><td>D\u00e9lai de paiement<\/td><td>30% d\u00e9p\u00f4t, le solde avant l'exp\u00e9dition<\/td><\/tr><\/tbody><\/table><\/figure>\n\n\n\n<figure class=\"wp-block-image size-full\"><img loading=\"lazy\" decoding=\"async\" width=\"750\" height=\"750\" src=\"https:\/\/eco-drinkware.com\/wp-content\/uploads\/2022\/11\/HTB1k85tnwDD8KJjy0Fdq6AjvXXat.jpg_.webp\" alt=\"\" class=\"wp-image-1223\" srcset=\"https:\/\/eco-drinkware.com\/wp-content\/uploads\/2022\/11\/HTB1k85tnwDD8KJjy0Fdq6AjvXXat.jpg_.webp 750w, https:\/\/eco-drinkware.com\/wp-content\/uploads\/2022\/11\/HTB1k85tnwDD8KJjy0Fdq6AjvXXat.jpg_-300x300.webp 300w, https:\/\/eco-drinkware.com\/wp-content\/uploads\/2022\/11\/HTB1k85tnwDD8KJjy0Fdq6AjvXXat.jpg_-150x150.webp 150w, https:\/\/eco-drinkware.com\/wp-content\/uploads\/2022\/11\/HTB1k85tnwDD8KJjy0Fdq6AjvXXat.jpg_-600x600.webp 600w, https:\/\/eco-drinkware.com\/wp-content\/uploads\/2022\/11\/HTB1k85tnwDD8KJjy0Fdq6AjvXXat.jpg_-100x100.webp 100w\" sizes=\"auto, (max-width: 750px) 100vw, 750px\" \/><\/figure>\n\n\n\n<figure class=\"wp-block-image size-full\"><img loading=\"lazy\" decoding=\"async\" width=\"750\" height=\"750\" src=\"https:\/\/eco-drinkware.com\/wp-content\/uploads\/2022\/11\/43_2.webp\" alt=\"\" class=\"wp-image-1222\" srcset=\"https:\/\/eco-drinkware.com\/wp-content\/uploads\/2022\/11\/43_2.webp 750w, https:\/\/eco-drinkware.com\/wp-content\/uploads\/2022\/11\/43_2-300x300.webp 300w, https:\/\/eco-drinkware.com\/wp-content\/uploads\/2022\/11\/43_2-150x150.webp 150w, https:\/\/eco-drinkware.com\/wp-content\/uploads\/2022\/11\/43_2-600x600.webp 600w, https:\/\/eco-drinkware.com\/wp-content\/uploads\/2022\/11\/43_2-100x100.webp 100w\" sizes=\"auto, (max-width: 750px) 100vw, 750px\" \/><\/figure>\n\n\n\n<figure class=\"wp-block-image size-full\"><img loading=\"lazy\" decoding=\"async\" width=\"750\" height=\"750\" src=\"https:\/\/eco-drinkware.com\/wp-content\/uploads\/2022\/11\/54_0.webp\" alt=\"\" class=\"wp-image-1158\" srcset=\"https:\/\/eco-drinkware.com\/wp-content\/uploads\/2022\/11\/54_0.webp 750w, https:\/\/eco-drinkware.com\/wp-content\/uploads\/2022\/11\/54_0-300x300.webp 300w, https:\/\/eco-drinkware.com\/wp-content\/uploads\/2022\/11\/54_0-150x150.webp 150w, https:\/\/eco-drinkware.com\/wp-content\/uploads\/2022\/11\/54_0-600x600.webp 600w, https:\/\/eco-drinkware.com\/wp-content\/uploads\/2022\/11\/54_0-100x100.webp 100w\" sizes=\"auto, (max-width: 750px) 100vw, 750px\" \/><\/figure>\n\n\n\n<figure class=\"wp-block-image size-full\"><img loading=\"lazy\" decoding=\"async\" width=\"750\" height=\"750\" src=\"https:\/\/eco-drinkware.com\/wp-content\/uploads\/2022\/11\/HTB10QzRm_nI8KJjy0Ffq6AdoVXa1.jpg_.webp\" alt=\"\" class=\"wp-image-1224\" srcset=\"https:\/\/eco-drinkware.com\/wp-content\/uploads\/2022\/11\/HTB10QzRm_nI8KJjy0Ffq6AdoVXa1.jpg_.webp 750w, https:\/\/eco-drinkware.com\/wp-content\/uploads\/2022\/11\/HTB10QzRm_nI8KJjy0Ffq6AdoVXa1.jpg_-300x300.webp 300w, https:\/\/eco-drinkware.com\/wp-content\/uploads\/2022\/11\/HTB10QzRm_nI8KJjy0Ffq6AdoVXa1.jpg_-150x150.webp 150w, https:\/\/eco-drinkware.com\/wp-content\/uploads\/2022\/11\/HTB10QzRm_nI8KJjy0Ffq6AdoVXa1.jpg_-600x600.webp 600w, https:\/\/eco-drinkware.com\/wp-content\/uploads\/2022\/11\/HTB10QzRm_nI8KJjy0Ffq6AdoVXa1.jpg_-100x100.webp 100w\" sizes=\"auto, (max-width: 750px) 100vw, 750px\" \/><\/figure>\n\n\n\n<figure class=\"wp-block-image size-full\"><img loading=\"lazy\" decoding=\"async\" width=\"750\" height=\"750\" src=\"https:\/\/eco-drinkware.com\/wp-content\/uploads\/2022\/11\/HTB1ybyem9YH8KJjSspdq6ARgVXal.jpg_.webp\" alt=\"\" class=\"wp-image-1225\" srcset=\"https:\/\/eco-drinkware.com\/wp-content\/uploads\/2022\/11\/HTB1ybyem9YH8KJjSspdq6ARgVXal.jpg_.webp 750w, https:\/\/eco-drinkware.com\/wp-content\/uploads\/2022\/11\/HTB1ybyem9YH8KJjSspdq6ARgVXal.jpg_-300x300.webp 300w, https:\/\/eco-drinkware.com\/wp-content\/uploads\/2022\/11\/HTB1ybyem9YH8KJjSspdq6ARgVXal.jpg_-150x150.webp 150w, https:\/\/eco-drinkware.com\/wp-content\/uploads\/2022\/11\/HTB1ybyem9YH8KJjSspdq6ARgVXal.jpg_-600x600.webp 600w, https:\/\/eco-drinkware.com\/wp-content\/uploads\/2022\/11\/HTB1ybyem9YH8KJjSspdq6ARgVXal.jpg_-100x100.webp 100w\" sizes=\"auto, (max-width: 750px) 100vw, 750px\" \/><\/figure>\n\n\n\n<figure class=\"wp-block-image size-full\"><img loading=\"lazy\" decoding=\"async\" width=\"750\" height=\"760\" src=\"https:\/\/eco-drinkware.com\/wp-content\/uploads\/2022\/11\/HTB16X3AU7zoK1RjSZFlq6yi4VXaB.webp\" alt=\"\" class=\"wp-image-1058\" srcset=\"https:\/\/eco-drinkware.com\/wp-content\/uploads\/2022\/11\/HTB16X3AU7zoK1RjSZFlq6yi4VXaB.webp 750w, https:\/\/eco-drinkware.com\/wp-content\/uploads\/2022\/11\/HTB16X3AU7zoK1RjSZFlq6yi4VXaB-296x300.webp 296w, https:\/\/eco-drinkware.com\/wp-content\/uploads\/2022\/11\/HTB16X3AU7zoK1RjSZFlq6yi4VXaB-148x150.webp 148w, https:\/\/eco-drinkware.com\/wp-content\/uploads\/2022\/11\/HTB16X3AU7zoK1RjSZFlq6yi4VXaB-600x608.webp 600w, https:\/\/eco-drinkware.com\/wp-content\/uploads\/2022\/11\/HTB16X3AU7zoK1RjSZFlq6yi4VXaB-100x100.webp 100w\" sizes=\"auto, (max-width: 750px) 100vw, 750px\" \/><\/figure>","protected":false},"excerpt":{"rendered":"<p>Bouteille d'infusion de th\u00e9 de marque personnalis\u00e9e, bouteille d'infusion de fruits, toutes fabriqu\u00e9es \u00e0 partir de mat\u00e9riaux respectueux de l'environnement. Les commandes OEM et ODM sont les bienvenues. Votre meilleur fournisseur de bouteilles d'eau en verre en Chine<\/p>","protected":false},"featured_media":1220,"template":"","meta":{"_acf_changed":false,"_seopress_robots_primary_cat":"","_seopress_titles_title":"","_seopress_titles_desc":"","_seopress_robots_index":"","_uag_custom_page_level_css":""},"product_brand":[],"product_cat":[15],"product_tag":[],"class_list":{"0":"post-651","1":"product","2":"type-product","3":"status-publish","4":"has-post-thumbnail","6":"product_cat-drinkware-accessories","8":"first","9":"instock","10":"shipping-taxable","11":"product-type-simple"},"acf":[],"uagb_featured_image_src":{"full":["https:\/\/eco-drinkware.com\/wp-content\/uploads\/2022\/11\/43_0.webp",1000,1000,false],"thumbnail":["https:\/\/eco-drinkware.com\/wp-content\/uploads\/2022\/11\/43_0-150x150.webp",150,150,true],"medium":["https:\/\/eco-drinkware.com\/wp-content\/uploads\/2022\/11\/43_0-300x300.webp",300,300,true],"medium_large":["https:\/\/eco-drinkware.com\/wp-content\/uploads\/2022\/11\/43_0-768x768.webp",768,768,true],"large":["https:\/\/eco-drinkware.com\/wp-content\/uploads\/2022\/11\/43_0.webp",1000,1000,false],"1536x1536":["https:\/\/eco-drinkware.com\/wp-content\/uploads\/2022\/11\/43_0.webp",1000,1000,false],"2048x2048":["https:\/\/eco-drinkware.com\/wp-content\/uploads\/2022\/11\/43_0.webp",1000,1000,false],"trp-custom-language-flag":["https:\/\/eco-drinkware.com\/wp-content\/uploads\/2022\/11\/43_0.webp",12,12,false],"woocommerce_thumbnail":["https:\/\/eco-drinkware.com\/wp-content\/uploads\/2022\/11\/43_0-300x300.webp",300,300,true],"woocommerce_single":["https:\/\/eco-drinkware.com\/wp-content\/uploads\/2022\/11\/43_0-600x600.webp",600,600,true],"woocommerce_gallery_thumbnail":["https:\/\/eco-drinkware.com\/wp-content\/uploads\/2022\/11\/43_0-100x100.webp",100,100,true]},"uagb_author_info":{"display_name":"Amy","author_link":"https:\/\/eco-drinkware.com\/fr\/author\/"},"uagb_comment_info":0,"uagb_excerpt":"Custom brand tea infuser bottle fruit infuser bottle flask ,all made from eco friendly matrial . Custom box and cylinder package available .OEM and ODM order welcome. Your best glass water bottle supplier in China","_links":{"self":[{"href":"https:\/\/eco-drinkware.com\/fr\/wp-json\/wp\/v2\/product\/651","targetHints":{"allow":["GET"]}}],"collection":[{"href":"https:\/\/eco-drinkware.com\/fr\/wp-json\/wp\/v2\/product"}],"about":[{"href":"https:\/\/eco-drinkware.com\/fr\/wp-json\/wp\/v2\/types\/product"}],"wp:featuredmedia":[{"embeddable":true,"href":"https:\/\/eco-drinkware.com\/fr\/wp-json\/wp\/v2\/media\/1220"}],"wp:attachment":[{"href":"https:\/\/eco-drinkware.com\/fr\/wp-json\/wp\/v2\/media?parent=651"}],"wp:term":[{"taxonomy":"product_brand","embeddable":true,"href":"https:\/\/eco-drinkware.com\/fr\/wp-json\/wp\/v2\/product_brand?post=651"},{"taxonomy":"product_cat","embeddable":true,"href":"https:\/\/eco-drinkware.com\/fr\/wp-json\/wp\/v2\/product_cat?post=651"},{"taxonomy":"product_tag","embeddable":true,"href":"https:\/\/eco-drinkware.com\/fr\/wp-json\/wp\/v2\/product_tag?post=651"}],"curies":[{"name":"wp","href":"https:\/\/api.w.org\/{rel}","templated":true}]}}