{"id":656,"date":"2022-11-03T16:19:13","date_gmt":"2022-11-03T16:19:13","guid":{"rendered":"https:\/\/eco-drinkware.com\/?post_type=product&#038;p=656"},"modified":"2022-11-25T08:55:30","modified_gmt":"2022-11-25T08:55:30","slug":"41-en-stock-gourde-de-voyage-sous-vide-en-acier-inoxydable-double-paroi-thermos-41","status":"publish","type":"product","link":"https:\/\/eco-drinkware.com\/fr\/product\/41-en-stock-gourde-de-voyage-sous-vide-en-acier-inoxydable-double-paroi-thermos-41\/","title":{"rendered":"En stock Bouteille de voyage sous vide thermos en acier inoxydable \u00e0 double paroi"},"content":{"rendered":"<p><strong>Bouteille thermos Caract\u00e9ristiques :<\/strong><\/p>\n\n\n\n<p><strong>Mat\u00e9riau :<\/strong>\u00a0La paroi int\u00e9rieure de la bouteille thermos est en acier inoxydable 304, la paroi ext\u00e9rieure de la bouteille thermos est en acier inoxydable 201.<br><strong>Diverses capsules :<\/strong>Diff\u00e9rents styles de casquettes, style sportif, style bureautique et style simple. Les casquettes sont munies d'une poign\u00e9e, ce qui facilite le transport de l'eau thermos.<br>avec vous lorsque vous sortez. La bouteille thermos avec couvercle en bambou est la plus populaire et la plus \u00e9cologique.<br><strong>Belle isolation :<\/strong>Cette bouteille thermos en acier inoxydable \u00e0 double paroi peut \u00eatre lav\u00e9e au lave-vaisselle. Elle peut garder l'eau chaude pendant plus de 12 heures et l'eau froide pendant 24 heures. Tr\u00e8s bonne option de thermos pour l'\u00e9t\u00e9 et l'hiver.<br><strong>Capacit\u00e9 :<\/strong>350ml, 500ml, 600ml, 750ml, 1000ml<\/p>\n\n\n\n<figure class=\"wp-block-image size-full\"><img loading=\"lazy\" decoding=\"async\" width=\"1000\" height=\"1000\" src=\"https:\/\/eco-drinkware.com\/wp-content\/uploads\/2022\/11\/41_0.webp\" alt=\"\" class=\"wp-image-1229\" srcset=\"https:\/\/eco-drinkware.com\/wp-content\/uploads\/2022\/11\/41_0.webp 1000w, https:\/\/eco-drinkware.com\/wp-content\/uploads\/2022\/11\/41_0-300x300.webp 300w, https:\/\/eco-drinkware.com\/wp-content\/uploads\/2022\/11\/41_0-150x150.webp 150w, https:\/\/eco-drinkware.com\/wp-content\/uploads\/2022\/11\/41_0-768x768.webp 768w, https:\/\/eco-drinkware.com\/wp-content\/uploads\/2022\/11\/41_0-600x600.webp 600w, https:\/\/eco-drinkware.com\/wp-content\/uploads\/2022\/11\/41_0-100x100.webp 100w\" sizes=\"auto, (max-width: 1000px) 100vw, 1000px\" \/><\/figure>\n\n\n\n<figure class=\"wp-block-image size-full\"><img loading=\"lazy\" decoding=\"async\" width=\"800\" height=\"800\" src=\"https:\/\/eco-drinkware.com\/wp-content\/uploads\/2022\/11\/2021-04-09-17-50-527.webp\" alt=\"\" class=\"wp-image-1230\" srcset=\"https:\/\/eco-drinkware.com\/wp-content\/uploads\/2022\/11\/2021-04-09-17-50-527.webp 800w, https:\/\/eco-drinkware.com\/wp-content\/uploads\/2022\/11\/2021-04-09-17-50-527-300x300.webp 300w, https:\/\/eco-drinkware.com\/wp-content\/uploads\/2022\/11\/2021-04-09-17-50-527-150x150.webp 150w, https:\/\/eco-drinkware.com\/wp-content\/uploads\/2022\/11\/2021-04-09-17-50-527-768x768.webp 768w, https:\/\/eco-drinkware.com\/wp-content\/uploads\/2022\/11\/2021-04-09-17-50-527-600x600.webp 600w, https:\/\/eco-drinkware.com\/wp-content\/uploads\/2022\/11\/2021-04-09-17-50-527-100x100.webp 100w\" sizes=\"auto, (max-width: 800px) 100vw, 800px\" \/><\/figure>\n\n\n\n<p><\/p>","protected":false},"excerpt":{"rendered":"<p>Capacit\u00e9 : 350 ml, 500 ml, 600 ml, 750 ml, 1000 ml. Diff\u00e9rents styles de bouchons, style sportif, style bureautique et style simple. Les bouchons sont munis d'une poign\u00e9e, ce qui permet d'emporter facilement la bouteille thermos lors d'une sortie.<\/p>","protected":false},"featured_media":1229,"template":"","meta":{"_acf_changed":false,"_seopress_robots_primary_cat":"","_seopress_titles_title":"","_seopress_titles_desc":"","_seopress_robots_index":"","_uag_custom_page_level_css":""},"product_brand":[],"product_cat":[31,19],"product_tag":[],"class_list":{"0":"post-656","1":"product","2":"type-product","3":"status-publish","4":"has-post-thumbnail","6":"product_cat-sports-water-bottle","7":"product_cat-stainless-steel-water-bottle","9":"first","10":"instock","11":"shipping-taxable","12":"product-type-simple"},"acf":[],"uagb_featured_image_src":{"full":["https:\/\/eco-drinkware.com\/wp-content\/uploads\/2022\/11\/41_0.webp",1000,1000,false],"thumbnail":["https:\/\/eco-drinkware.com\/wp-content\/uploads\/2022\/11\/41_0-150x150.webp",150,150,true],"medium":["https:\/\/eco-drinkware.com\/wp-content\/uploads\/2022\/11\/41_0-300x300.webp",300,300,true],"medium_large":["https:\/\/eco-drinkware.com\/wp-content\/uploads\/2022\/11\/41_0-768x768.webp",768,768,true],"large":["https:\/\/eco-drinkware.com\/wp-content\/uploads\/2022\/11\/41_0.webp",1000,1000,false],"1536x1536":["https:\/\/eco-drinkware.com\/wp-content\/uploads\/2022\/11\/41_0.webp",1000,1000,false],"2048x2048":["https:\/\/eco-drinkware.com\/wp-content\/uploads\/2022\/11\/41_0.webp",1000,1000,false],"trp-custom-language-flag":["https:\/\/eco-drinkware.com\/wp-content\/uploads\/2022\/11\/41_0.webp",12,12,false],"woocommerce_thumbnail":["https:\/\/eco-drinkware.com\/wp-content\/uploads\/2022\/11\/41_0-300x300.webp",300,300,true],"woocommerce_single":["https:\/\/eco-drinkware.com\/wp-content\/uploads\/2022\/11\/41_0-600x600.webp",600,600,true],"woocommerce_gallery_thumbnail":["https:\/\/eco-drinkware.com\/wp-content\/uploads\/2022\/11\/41_0-100x100.webp",100,100,true]},"uagb_author_info":{"display_name":"Amy","author_link":"https:\/\/eco-drinkware.com\/fr\/author\/"},"uagb_comment_info":0,"uagb_excerpt":"Capacity: 350ml, 500ml, 600ml, 750ml, 1000ml. Different style caps, sports style, office style and simple style. Caps with handle, it is easy to take the thermos water bottle with you when going out.","_links":{"self":[{"href":"https:\/\/eco-drinkware.com\/fr\/wp-json\/wp\/v2\/product\/656","targetHints":{"allow":["GET"]}}],"collection":[{"href":"https:\/\/eco-drinkware.com\/fr\/wp-json\/wp\/v2\/product"}],"about":[{"href":"https:\/\/eco-drinkware.com\/fr\/wp-json\/wp\/v2\/types\/product"}],"wp:featuredmedia":[{"embeddable":true,"href":"https:\/\/eco-drinkware.com\/fr\/wp-json\/wp\/v2\/media\/1229"}],"wp:attachment":[{"href":"https:\/\/eco-drinkware.com\/fr\/wp-json\/wp\/v2\/media?parent=656"}],"wp:term":[{"taxonomy":"product_brand","embeddable":true,"href":"https:\/\/eco-drinkware.com\/fr\/wp-json\/wp\/v2\/product_brand?post=656"},{"taxonomy":"product_cat","embeddable":true,"href":"https:\/\/eco-drinkware.com\/fr\/wp-json\/wp\/v2\/product_cat?post=656"},{"taxonomy":"product_tag","embeddable":true,"href":"https:\/\/eco-drinkware.com\/fr\/wp-json\/wp\/v2\/product_tag?post=656"}],"curies":[{"name":"wp","href":"https:\/\/api.w.org\/{rel}","templated":true}]}}