{"id":662,"date":"2022-11-03T16:21:55","date_gmt":"2022-11-03T16:21:55","guid":{"rendered":"https:\/\/eco-drinkware.com\/?post_type=product&#038;p=662"},"modified":"2022-11-25T12:49:09","modified_gmt":"2022-11-25T12:49:09","slug":"34-gobelets-personnalises-ecologiques-a-double-paroi-en-acier-inoxydable-isoles-sous-vide-34","status":"publish","type":"product","link":"https:\/\/eco-drinkware.com\/fr\/product\/34-gobelets-personnalises-ecologiques-a-double-paroi-en-acier-inoxydable-isoles-sous-vide-34\/","title":{"rendered":"Tumbers \u00e9cologiques personnalis\u00e9s double paroi en acier inoxydable isol\u00e9s sous vide"},"content":{"rendered":"<p>Nous sommes le principal fabricant de bouteilles en verre \u00e0 double paroi, de bouteilles \u00e0 th\u00e9 \u00e0 double paroi, de bouteilles \u00e0 th\u00e9, de bouteilles \u00e0 infusion, de bouteilles en verre avec couvercle en bambou, de gourdes en bambou, de thermos en bambou, de gobelets en bambou, de gobelets \u00e0 caf\u00e9, de tasses \u00e0 caf\u00e9, de gobelets \u00e0 double paroi avec paille, de thermos, de bouteilles de sport, de bouteilles \u00e0 vide \u00e0 double paroi avec couvercle en bambou \u2665.<\/p>\n\n\n\n<figure class=\"wp-block-image size-full\"><img loading=\"lazy\" decoding=\"async\" width=\"720\" height=\"1920\" src=\"https:\/\/eco-drinkware.com\/wp-content\/uploads\/2022\/11\/HTB1Q.tKq7SWBuNjSszdq6zeSpXaP.jpg_-scaled.webp\" alt=\"\" class=\"wp-image-1260\" srcset=\"https:\/\/eco-drinkware.com\/wp-content\/uploads\/2022\/11\/HTB1Q.tKq7SWBuNjSszdq6zeSpXaP.jpg_-scaled.webp 720w, https:\/\/eco-drinkware.com\/wp-content\/uploads\/2022\/11\/HTB1Q.tKq7SWBuNjSszdq6zeSpXaP.jpg_-113x300.webp 113w, https:\/\/eco-drinkware.com\/wp-content\/uploads\/2022\/11\/HTB1Q.tKq7SWBuNjSszdq6zeSpXaP.jpg_-56x150.webp 56w, https:\/\/eco-drinkware.com\/wp-content\/uploads\/2022\/11\/HTB1Q.tKq7SWBuNjSszdq6zeSpXaP.jpg_-576x1536.webp 576w, https:\/\/eco-drinkware.com\/wp-content\/uploads\/2022\/11\/HTB1Q.tKq7SWBuNjSszdq6zeSpXaP.jpg_-600x1600.webp 600w\" sizes=\"auto, (max-width: 720px) 100vw, 720px\" \/><\/figure>\n\n\n\n<figure class=\"wp-block-image size-full\"><img loading=\"lazy\" decoding=\"async\" width=\"799\" height=\"798\" src=\"https:\/\/eco-drinkware.com\/wp-content\/uploads\/2022\/11\/HTB1a4D1XyfrK1RjSspb7634pFXad.png_.webp\" alt=\"\" class=\"wp-image-1261\" srcset=\"https:\/\/eco-drinkware.com\/wp-content\/uploads\/2022\/11\/HTB1a4D1XyfrK1RjSspb7634pFXad.png_.webp 799w, https:\/\/eco-drinkware.com\/wp-content\/uploads\/2022\/11\/HTB1a4D1XyfrK1RjSspb7634pFXad.png_-300x300.webp 300w, https:\/\/eco-drinkware.com\/wp-content\/uploads\/2022\/11\/HTB1a4D1XyfrK1RjSspb7634pFXad.png_-150x150.webp 150w, https:\/\/eco-drinkware.com\/wp-content\/uploads\/2022\/11\/HTB1a4D1XyfrK1RjSspb7634pFXad.png_-768x767.webp 768w, https:\/\/eco-drinkware.com\/wp-content\/uploads\/2022\/11\/HTB1a4D1XyfrK1RjSspb7634pFXad.png_-600x599.webp 600w, https:\/\/eco-drinkware.com\/wp-content\/uploads\/2022\/11\/HTB1a4D1XyfrK1RjSspb7634pFXad.png_-100x100.webp 100w\" sizes=\"auto, (max-width: 799px) 100vw, 799px\" \/><\/figure>\n\n\n\n<figure class=\"wp-block-image size-full\"><img loading=\"lazy\" decoding=\"async\" width=\"750\" height=\"760\" src=\"https:\/\/eco-drinkware.com\/wp-content\/uploads\/2022\/11\/HTB16X3AU7zoK1RjSZFlq6yi4VXaB.webp\" alt=\"\" class=\"wp-image-1058\" srcset=\"https:\/\/eco-drinkware.com\/wp-content\/uploads\/2022\/11\/HTB16X3AU7zoK1RjSZFlq6yi4VXaB.webp 750w, https:\/\/eco-drinkware.com\/wp-content\/uploads\/2022\/11\/HTB16X3AU7zoK1RjSZFlq6yi4VXaB-296x300.webp 296w, https:\/\/eco-drinkware.com\/wp-content\/uploads\/2022\/11\/HTB16X3AU7zoK1RjSZFlq6yi4VXaB-148x150.webp 148w, https:\/\/eco-drinkware.com\/wp-content\/uploads\/2022\/11\/HTB16X3AU7zoK1RjSZFlq6yi4VXaB-600x608.webp 600w, https:\/\/eco-drinkware.com\/wp-content\/uploads\/2022\/11\/HTB16X3AU7zoK1RjSZFlq6yi4VXaB-100x100.webp 100w\" sizes=\"auto, (max-width: 750px) 100vw, 750px\" \/><\/figure>","protected":false},"excerpt":{"rendered":"<p>Avec 15 ans d'exp\u00e9rience dans la production de bouteilles, nous avons r\u00e9alis\u00e9 des travaux OEM et ODM pour de nombreuses marques c\u00e9l\u00e8bres dans le monde entier. Nous produisons principalement des bouteilles \u00e0 infusion, des gobelets \u00e0 caf\u00e9 et des thermos. La qualit\u00e9 est notre culture. Notre mission est de rendre la terre plus propre et meilleure.<\/p>","protected":false},"featured_media":1262,"template":"","meta":{"_acf_changed":false,"_seopress_robots_primary_cat":"","_seopress_titles_title":"","_seopress_titles_desc":"","_seopress_robots_index":"","_uag_custom_page_level_css":""},"product_brand":[],"product_cat":[20],"product_tag":[],"class_list":{"0":"post-662","1":"product","2":"type-product","3":"status-publish","4":"has-post-thumbnail","6":"product_cat-vacuum-flask","8":"first","9":"instock","10":"shipping-taxable","11":"product-type-simple"},"acf":[],"uagb_featured_image_src":{"full":["https:\/\/eco-drinkware.com\/wp-content\/uploads\/2022\/11\/34_0.webp",800,800,false],"thumbnail":["https:\/\/eco-drinkware.com\/wp-content\/uploads\/2022\/11\/34_0-150x150.webp",150,150,true],"medium":["https:\/\/eco-drinkware.com\/wp-content\/uploads\/2022\/11\/34_0-300x300.webp",300,300,true],"medium_large":["https:\/\/eco-drinkware.com\/wp-content\/uploads\/2022\/11\/34_0-768x768.webp",768,768,true],"large":["https:\/\/eco-drinkware.com\/wp-content\/uploads\/2022\/11\/34_0.webp",800,800,false],"1536x1536":["https:\/\/eco-drinkware.com\/wp-content\/uploads\/2022\/11\/34_0.webp",800,800,false],"2048x2048":["https:\/\/eco-drinkware.com\/wp-content\/uploads\/2022\/11\/34_0.webp",800,800,false],"trp-custom-language-flag":["https:\/\/eco-drinkware.com\/wp-content\/uploads\/2022\/11\/34_0.webp",12,12,false],"woocommerce_thumbnail":["https:\/\/eco-drinkware.com\/wp-content\/uploads\/2022\/11\/34_0-300x300.webp",300,300,true],"woocommerce_single":["https:\/\/eco-drinkware.com\/wp-content\/uploads\/2022\/11\/34_0-600x600.webp",600,600,true],"woocommerce_gallery_thumbnail":["https:\/\/eco-drinkware.com\/wp-content\/uploads\/2022\/11\/34_0-100x100.webp",100,100,true]},"uagb_author_info":{"display_name":"Amy","author_link":"https:\/\/eco-drinkware.com\/fr\/author\/"},"uagb_comment_info":0,"uagb_excerpt":"With 15 years bottle production experience ,have done OEM and ODM work for many famous brand all over the world . Main production line is tea infuser bottle ,coffee tumbler , thermos . Quality is our culture . Our mission is make the earth cleaner and better.","_links":{"self":[{"href":"https:\/\/eco-drinkware.com\/fr\/wp-json\/wp\/v2\/product\/662","targetHints":{"allow":["GET"]}}],"collection":[{"href":"https:\/\/eco-drinkware.com\/fr\/wp-json\/wp\/v2\/product"}],"about":[{"href":"https:\/\/eco-drinkware.com\/fr\/wp-json\/wp\/v2\/types\/product"}],"wp:featuredmedia":[{"embeddable":true,"href":"https:\/\/eco-drinkware.com\/fr\/wp-json\/wp\/v2\/media\/1262"}],"wp:attachment":[{"href":"https:\/\/eco-drinkware.com\/fr\/wp-json\/wp\/v2\/media?parent=662"}],"wp:term":[{"taxonomy":"product_brand","embeddable":true,"href":"https:\/\/eco-drinkware.com\/fr\/wp-json\/wp\/v2\/product_brand?post=662"},{"taxonomy":"product_cat","embeddable":true,"href":"https:\/\/eco-drinkware.com\/fr\/wp-json\/wp\/v2\/product_cat?post=662"},{"taxonomy":"product_tag","embeddable":true,"href":"https:\/\/eco-drinkware.com\/fr\/wp-json\/wp\/v2\/product_tag?post=662"}],"curies":[{"name":"wp","href":"https:\/\/api.w.org\/{rel}","templated":true}]}}