{"id":700,"date":"2022-11-03T16:30:40","date_gmt":"2022-11-03T16:30:40","guid":{"rendered":"https:\/\/eco-drinkware.com\/?post_type=product&#038;p=700"},"modified":"2022-11-25T08:30:50","modified_gmt":"2022-11-25T08:30:50","slug":"19-en-stock-flacon-sous-vide-a-double-paroi-en-acier-inoxydable-arc-en-ciel-brillant-pour-le-cola-19","status":"publish","type":"product","link":"https:\/\/eco-drinkware.com\/fr\/product\/19-en-stock-flacon-sous-vide-a-double-paroi-en-acier-inoxydable-arc-en-ciel-brillant-pour-le-cola-19\/","title":{"rendered":"Bouteille d'eau isol\u00e9e en acier inoxydable Swell"},"content":{"rendered":"<p><strong>Taille des bouteilles de Swell :<\/strong>350ml, 500ml, 750ml, 1000ml<br><br><strong>2 types de couvercles :<\/strong>Le couvercle normal est en plastique, avec une bague en silicone pour rendre la bouteille d'eau \u00e9tanche. De nos jours, de plus en plus de clients pr\u00e9f\u00e8rent les couvercles sans plastique. Nous avons donc cr\u00e9\u00e9 un nouveau couvercle en acier et en silicone, sans plastique, tr\u00e8s respectueux de l'environnement.<br><\/p>\n\n\n\n<p><strong>Comment nettoyer le flacon de Swell :<\/strong>La bouteille d'eau swell peut \u00eatre lav\u00e9e au lave-vaisselle et au goupillon.<br><\/p>\n\n\n\n<p><strong>Bouteille personnalis\u00e9e :<\/strong>Les couleurs, logos et emballages personnalis\u00e9s sont les bienvenus. Nous pouvons r\u00e9aliser un rev\u00eatement par poudre, une peinture par pulv\u00e9risation et une peinture en caoutchouc pour cette bouteille d'eau. L'impression par transfert d'air, l'impression par transfert de chaleur et l'\u00e9lectrod\u00e9position sont \u00e9galement possibles.<br><\/p>\n\n\n\n<p><strong>Double paroi isol\u00e9e :<\/strong>Bouteille d'eau sans BPA, paroi int\u00e9rieure en acier inoxydable 304, paroi ext\u00e9rieure en acier inoxydable 201. Conserve l'eau chaude et froide pendant 12 \u00e0 24 heures.<\/p>\n\n\n\n<figure class=\"wp-block-image size-full\"><img loading=\"lazy\" decoding=\"async\" width=\"750\" height=\"859\" src=\"https:\/\/eco-drinkware.com\/wp-content\/uploads\/2022\/11\/2022-01-14-15-57-513.webp\" alt=\"\" class=\"wp-image-1357\" srcset=\"https:\/\/eco-drinkware.com\/wp-content\/uploads\/2022\/11\/2022-01-14-15-57-513.webp 750w, https:\/\/eco-drinkware.com\/wp-content\/uploads\/2022\/11\/2022-01-14-15-57-513-262x300.webp 262w, https:\/\/eco-drinkware.com\/wp-content\/uploads\/2022\/11\/2022-01-14-15-57-513-131x150.webp 131w, https:\/\/eco-drinkware.com\/wp-content\/uploads\/2022\/11\/2022-01-14-15-57-513-600x687.webp 600w\" sizes=\"auto, (max-width: 750px) 100vw, 750px\" \/><\/figure>\n\n\n\n<figure class=\"wp-block-image size-full\"><img loading=\"lazy\" decoding=\"async\" width=\"800\" height=\"950\" src=\"https:\/\/eco-drinkware.com\/wp-content\/uploads\/2022\/11\/2022-01-14-15-58-178.webp\" alt=\"\" class=\"wp-image-1358\" srcset=\"https:\/\/eco-drinkware.com\/wp-content\/uploads\/2022\/11\/2022-01-14-15-58-178.webp 800w, https:\/\/eco-drinkware.com\/wp-content\/uploads\/2022\/11\/2022-01-14-15-58-178-253x300.webp 253w, https:\/\/eco-drinkware.com\/wp-content\/uploads\/2022\/11\/2022-01-14-15-58-178-126x150.webp 126w, https:\/\/eco-drinkware.com\/wp-content\/uploads\/2022\/11\/2022-01-14-15-58-178-768x912.webp 768w, https:\/\/eco-drinkware.com\/wp-content\/uploads\/2022\/11\/2022-01-14-15-58-178-600x713.webp 600w\" sizes=\"auto, (max-width: 800px) 100vw, 800px\" \/><\/figure>\n\n\n\n<figure class=\"wp-block-image size-full\"><img loading=\"lazy\" decoding=\"async\" width=\"750\" height=\"749\" src=\"https:\/\/eco-drinkware.com\/wp-content\/uploads\/2022\/11\/2022-01-14-15-59-322.webp\" alt=\"\" class=\"wp-image-1359\" srcset=\"https:\/\/eco-drinkware.com\/wp-content\/uploads\/2022\/11\/2022-01-14-15-59-322.webp 750w, https:\/\/eco-drinkware.com\/wp-content\/uploads\/2022\/11\/2022-01-14-15-59-322-300x300.webp 300w, https:\/\/eco-drinkware.com\/wp-content\/uploads\/2022\/11\/2022-01-14-15-59-322-150x150.webp 150w, https:\/\/eco-drinkware.com\/wp-content\/uploads\/2022\/11\/2022-01-14-15-59-322-600x599.webp 600w, https:\/\/eco-drinkware.com\/wp-content\/uploads\/2022\/11\/2022-01-14-15-59-322-100x100.webp 100w\" sizes=\"auto, (max-width: 750px) 100vw, 750px\" \/><\/figure>","protected":false},"excerpt":{"rendered":"<p>Bouteille d'eau en acier inoxydable en gros, facile \u00e0 personnaliser. Sans BPA et respectueuse de l'environnement. Garde l'eau chaude ou froide pendant 12-24 heures.<\/p>","protected":false},"featured_media":1360,"template":"","meta":{"_acf_changed":false,"_seopress_robots_primary_cat":"","_seopress_titles_title":"","_seopress_titles_desc":"","_seopress_robots_index":"","_uag_custom_page_level_css":""},"product_brand":[],"product_cat":[19],"product_tag":[],"class_list":{"0":"post-700","1":"product","2":"type-product","3":"status-publish","4":"has-post-thumbnail","6":"product_cat-stainless-steel-water-bottle","8":"first","9":"instock","10":"shipping-taxable","11":"product-type-simple"},"acf":[],"uagb_featured_image_src":{"full":["https:\/\/eco-drinkware.com\/wp-content\/uploads\/2022\/11\/19_0.webp",1000,1000,false],"thumbnail":["https:\/\/eco-drinkware.com\/wp-content\/uploads\/2022\/11\/19_0-150x150.webp",150,150,true],"medium":["https:\/\/eco-drinkware.com\/wp-content\/uploads\/2022\/11\/19_0-300x300.webp",300,300,true],"medium_large":["https:\/\/eco-drinkware.com\/wp-content\/uploads\/2022\/11\/19_0-768x768.webp",768,768,true],"large":["https:\/\/eco-drinkware.com\/wp-content\/uploads\/2022\/11\/19_0.webp",1000,1000,false],"1536x1536":["https:\/\/eco-drinkware.com\/wp-content\/uploads\/2022\/11\/19_0.webp",1000,1000,false],"2048x2048":["https:\/\/eco-drinkware.com\/wp-content\/uploads\/2022\/11\/19_0.webp",1000,1000,false],"trp-custom-language-flag":["https:\/\/eco-drinkware.com\/wp-content\/uploads\/2022\/11\/19_0.webp",12,12,false],"woocommerce_thumbnail":["https:\/\/eco-drinkware.com\/wp-content\/uploads\/2022\/11\/19_0-300x300.webp",300,300,true],"woocommerce_single":["https:\/\/eco-drinkware.com\/wp-content\/uploads\/2022\/11\/19_0-600x600.webp",600,600,true],"woocommerce_gallery_thumbnail":["https:\/\/eco-drinkware.com\/wp-content\/uploads\/2022\/11\/19_0-100x100.webp",100,100,true]},"uagb_author_info":{"display_name":"Amy","author_link":"https:\/\/eco-drinkware.com\/fr\/author\/"},"uagb_comment_info":0,"uagb_excerpt":"Stainless steel water bottle wholesale, easy to do customization. BPA free and eco friendly. Keep water hot and cold for 12-24 hours.","_links":{"self":[{"href":"https:\/\/eco-drinkware.com\/fr\/wp-json\/wp\/v2\/product\/700","targetHints":{"allow":["GET"]}}],"collection":[{"href":"https:\/\/eco-drinkware.com\/fr\/wp-json\/wp\/v2\/product"}],"about":[{"href":"https:\/\/eco-drinkware.com\/fr\/wp-json\/wp\/v2\/types\/product"}],"wp:featuredmedia":[{"embeddable":true,"href":"https:\/\/eco-drinkware.com\/fr\/wp-json\/wp\/v2\/media\/1360"}],"wp:attachment":[{"href":"https:\/\/eco-drinkware.com\/fr\/wp-json\/wp\/v2\/media?parent=700"}],"wp:term":[{"taxonomy":"product_brand","embeddable":true,"href":"https:\/\/eco-drinkware.com\/fr\/wp-json\/wp\/v2\/product_brand?post=700"},{"taxonomy":"product_cat","embeddable":true,"href":"https:\/\/eco-drinkware.com\/fr\/wp-json\/wp\/v2\/product_cat?post=700"},{"taxonomy":"product_tag","embeddable":true,"href":"https:\/\/eco-drinkware.com\/fr\/wp-json\/wp\/v2\/product_tag?post=700"}],"curies":[{"name":"wp","href":"https:\/\/api.w.org\/{rel}","templated":true}]}}