{"id":703,"date":"2022-11-03T16:32:26","date_gmt":"2022-11-03T16:32:26","guid":{"rendered":"https:\/\/eco-drinkware.com\/?post_type=product&#038;p=703"},"modified":"2023-06-02T22:35:55","modified_gmt":"2023-06-02T14:35:55","slug":"17-bouteilles-thermos-en-acier-inoxydable-sans-minimum-respectueuses-de-lenvironnement-17","status":"publish","type":"product","link":"https:\/\/eco-drinkware.com\/fr\/product\/17-bouteilles-thermos-en-acier-inoxydable-sans-minimum-respectueuses-de-lenvironnement-17\/","title":{"rendered":"Gourde en acier inoxydable double paroi de 500 ml \u00e0 ouverture par bouton, de qualit\u00e9 alimentaire, de type Contigo"},"content":{"rendered":"<h2 class=\"wp-block-heading\">Caract\u00e9ristiques du produit :<\/h2>\n\n\n\n<p><a><\/a>\u25cf Mat\u00e9riau :acier inoxydable 18\/8 ,nous l'appelons aussi acier inoxydable 304 . Couvercle :pp, silicone . Paille :pp . 100% Sans BPA et sans danger pour la sant\u00e9. Tous les mat\u00e9riaux sont non toxiques. La tendance est d'utiliser des bouteilles d'eau durables au lieu de bouteilles en plastique jetables, ce qui rendra le monde plus propre et plus beau.<\/p>\n\n\n\n<p class=\"has-black-color has-text-color\">\u25cf <a>Le couvercle est \u00e9tanche, ce qui permet de mettre cette bouteille dans un sac ou un sac \u00e0 dos. Pas de fuite.<\/a><\/p>\n\n\n\n<p><a><\/a>\u25cf Ce thermos en acier inoxydable est double paroi isol\u00e9e avec rev\u00eatement en cuivre , bouteille d'eau r\u00e9utilisable . La construction isol\u00e9e \u00e0 double paroi garde l'eau chaude pendant 12 heures et froide pendant 24 heures.Utilisez cette bouteille d'eau r\u00e9utilisable et sentez-vous hydrat\u00e9 tout au long de la journ\u00e9e. Avec notre gobelet 40OZ, vous vous sentirez au frais toute la journ\u00e9e. .<\/p>\n\n\n\n<p><a><\/a>\u25cf La taille de 16OZ \/500ml est parfaite pour notre utilisation quotidienne. Facile \u00e0 emporter ou \u00e0 mettre dans un sac \u00e0 dos ou un sac \u00e0 main.<\/p>\n\n\n\n<p><a><\/a>\u25cfCouleur : Nous pouvons r\u00e9aliser n'importe quelle couleur pour les clients. Les couleurs PMS sont les bienvenues. Le corps et le couvercle peuvent \u00eatre color\u00e9s en PMS.<\/p>\n\n\n\n<p class=\"has-black-color has-text-color\">\u25cf <a>Ce gobelet est id\u00e9al pour les adultes et peut \u00eatre utilis\u00e9 pour le camping, les promenades, la course \u00e0 pied, etc.<\/a><\/p>\n\n\n\n<p>\u25cf<strong>Rev\u00eatement :&nbsp;<\/strong>pas de rev\u00eatement (acier inoxydable bross\u00e9), peinture par pulv\u00e9risation, rev\u00eatement en poudre, cuivrage, etc.<\/p>\n\n\n\n<p><a><\/a>\u25cf<strong>Mod\u00e8le :&nbsp;<\/strong>Les motifs personnalis\u00e9s peuvent \u00eatre imprim\u00e9s et peuvent \u00eatre r\u00e9alis\u00e9s par diff\u00e9rentes techniques d'impression : s\u00e9rigraphie, transfert thermique, transfert \u00e0 l'eau, transfert par sublimation, etc.<\/p>\n\n\n\n<p>\u25cf<strong>Logo :&nbsp;<\/strong>Facile \u00e0 travailler sur un logo personnalis\u00e9. Les options de logo comprennent : logo d\u00e9calcomanie, impression en soie, transfert thermique, sublimation, etc. N'h\u00e9sitez pas \u00e0 nous faire part de votre logo. Notre \u00e9quipe vous renverra une maquette.<\/p>\n\n\n\n<p>\u25cf<strong>Bo\u00eete d'emballage :&nbsp;<\/strong>bo\u00eete blanche, bo\u00eete imprim\u00e9e personnalis\u00e9e, bo\u00eete cylindrique, sac \u00e0 bulles, bo\u00eete cadeau, tout emballage personnalis\u00e9 est le bienvenu, etc.<\/p>\n\n\n\n<p>\u25cfGobelet en acier inoxydable r\u00e9sistant au lave-vaisselle et au micro-ondes.<\/p>\n\n\n\n<p>\u25cfL'espace scell\u00e9 sous vide entre les parois agit comme une barri\u00e8re pour emp\u00eacher la chaleur de p\u00e9n\u00e9trer dans la bouteille ou de s'en \u00e9chapper. Cela permet de conserver les boissons chaudes comme le caf\u00e9, le th\u00e9 ou la soupe pendant plusieurs heures, tandis que les boissons froides comme l'eau, le jus ou le soda restent froides pendant une p\u00e9riode prolong\u00e9e.<\/p>\n\n\n\n<p><a><\/a>\u25cfLes bouteilles isothermes constituent un excellent choix pour les personnes qui souhaitent conserver leurs boissons \u00e0 une temp\u00e9rature constante lorsqu'elles sont en d\u00e9placement, que ce soit en randonn\u00e9e, en camping, en voyage ou simplement pour se rendre au travail.<\/p>\n\n\n\n<p class=\"has-black-color has-text-color\"><a>\u25cf<\/a>Sp\u00e9cialis\u00e9 dans la fabrication et l'exportation de toutes sortes d'articles pour boissons, tels que bouteilles d'eau, gobelets en gros, r\u00e9cipients pour aliments, \u00e9cuelles pour chiens, saladiers, glaci\u00e8res. Eco Drinkware poss\u00e8de des lignes de production automatis\u00e9es et tr\u00e8s efficaces. Nous adoptons l'industrie 4.0 et restons comp\u00e9titifs dans l'industrie. La production automatis\u00e9e rend nos produits moins co\u00fbteux et plus comp\u00e9titifs en termes de prix.<\/p>\n\n\n\n<p><a><\/a>\u25cfEco Drinkware fait de l'OEM et de l'ODM. Avec des ing\u00e9nieurs professionnels de haut niveau ayant plus de 10 ans d'exp\u00e9rience dans l'industrie de la fabrication de bouteilles d'eau, il est facile de transformer votre id\u00e9e en produits r\u00e9els, et nous vous invitons chaleureusement \u00e0 partager votre id\u00e9e avec nous.<\/p>\n\n\n\n<p><a><\/a>\u25cf Nous effectuons des contr\u00f4les de qualit\u00e9 en ligne pour nous assurer que la production se d\u00e9roule correctement et qu'il n'y a pas d'erreur. S'il y a une erreur, nous pouvons la corriger \u00e0 temps pour r\u00e9duire les co\u00fbts. La qualit\u00e9 est notre culture. Nous croyons que la qualit\u00e9 apporte plus aux clients et aux fabricants. Si vous optez pour Eco Drinkware, vous obtiendrez plus de clients et plus de march\u00e9s, et vous jouirez d'une bonne r\u00e9putation aupr\u00e8s de vos clients. Parce que notre \u00e9quipe est heureuse de s'am\u00e9liorer et d'am\u00e9liorer ses produits afin d'\u00eatre excellente dans notre secteur d'activit\u00e9.<\/p>\n\n\n\n<p>\u25cfM\u00e9thode d'exp\u00e9dition : FOB, CIF, DDU, DDP par train ou par bateau pour les clients du monde entier.<\/p>\n\n\n\n<figure class=\"wp-block-image size-full\"><img loading=\"lazy\" decoding=\"async\" width=\"800\" height=\"800\" src=\"https:\/\/eco-drinkware.com\/wp-content\/uploads\/2022\/11\/gv001-main-pic-2.jpg\" alt=\"500ml contigo travel coffee mug flask water bottle\" class=\"wp-image-1889\" srcset=\"https:\/\/eco-drinkware.com\/wp-content\/uploads\/2022\/11\/gv001-main-pic-2.jpg 800w, https:\/\/eco-drinkware.com\/wp-content\/uploads\/2022\/11\/gv001-main-pic-2-300x300.jpg 300w, https:\/\/eco-drinkware.com\/wp-content\/uploads\/2022\/11\/gv001-main-pic-2-150x150.jpg 150w, https:\/\/eco-drinkware.com\/wp-content\/uploads\/2022\/11\/gv001-main-pic-2-768x768.jpg 768w, https:\/\/eco-drinkware.com\/wp-content\/uploads\/2022\/11\/gv001-main-pic-2-600x600.jpg 600w, https:\/\/eco-drinkware.com\/wp-content\/uploads\/2022\/11\/gv001-main-pic-2-100x100.jpg 100w\" sizes=\"auto, (max-width: 800px) 100vw, 800px\" \/><\/figure>\n\n\n\n<h2 class=\"wp-block-heading\">Sp\u00e9cifications du produit :<\/h2>\n\n\n\n<p><\/p>\n\n\n\n<div class=\"wp-block-columns is-layout-flex wp-container-core-columns-is-layout-9d6595d7 wp-block-columns-is-layout-flex\">\n<div class=\"wp-block-column is-layout-flow wp-block-column-is-layout-flow\"><\/div>\n\n\n\n<div class=\"wp-block-column is-layout-flow wp-block-column-is-layout-flow\"><\/div>\n<\/div>\n\n\n\n<div class=\"wp-block-columns is-layout-flex wp-container-core-columns-is-layout-9d6595d7 wp-block-columns-is-layout-flex\">\n<div class=\"wp-block-column is-layout-flow wp-block-column-is-layout-flow\" style=\"flex-basis:100%\">\n<p><\/p>\n\n\n\n<figure class=\"wp-block-table is-style-stripes\"><table><tbody><tr><td>Num\u00e9ro de CItem<\/td><td>GV001<\/td><\/tr><tr><td>Capacit\u00e9<\/td><td>17OZ \/500ml<\/td><\/tr><tr><td>Diam\u00e8tre<\/td><td>73 mm (2,87 pouces) &nbsp;&nbsp;&nbsp;&nbsp;&nbsp;&nbsp;&nbsp;&nbsp;&nbsp;&nbsp;&nbsp;&nbsp;&nbsp;&nbsp;&nbsp;&nbsp;&nbsp;&nbsp;&nbsp;&nbsp;&nbsp;<\/td><\/tr><tr><td>Hauteur<\/td><td>250 mm (13,8 pouces)<\/td><\/tr><tr><td>Couleur<\/td><td>Rouge, argent, vert, bleu, blanc, noir, or rose, couleur personnalis\u00e9e, couleur PMS<\/td><\/tr><tr><td>Mat\u00e9riau<\/td><td>Int\u00e9rieur en acier inoxydable 304 et ext\u00e9rieur en acier inoxydable 201<\/td><\/tr><tr><td>Fonctionnalit\u00e9<\/td><td>Bouteille sous vide \u00e0 double paroi, grande capacit\u00e9, design personnalis\u00e9 <\/td><\/tr><tr><td>Logo<\/td><td>Laser, impression en soie, transfert thermique, transfert d'eau, transfert de gaz, impression 3D, sublimation, etc.<\/td><\/tr><tr><td>Paquet<\/td><td>bo\u00eete blanche, bo\u00eete imprim\u00e9e personnalis\u00e9e, bo\u00eete cylindrique, sac \u00e0 bulles, bo\u00eete cadeau<\/td><\/tr><tr><td>Temps d'\u00e9chantillonnage<\/td><td>3 jours pour un \u00e9chantillon de stock, 7 jours pour un \u00e9chantillon de logo personnalis\u00e9<\/td><\/tr><tr><td>Temps de production<\/td><td>10-35 jours en fonction de la quantit\u00e9 et des besoins<\/td><\/tr><tr><td>A propos du paiement<\/td><td>Transfert bancaire, paypal, western union, assurance commerciale<\/td><\/tr><tr><td>Pays d'origine<\/td><td>Fabriqu\u00e9 en Chine<\/td><\/tr><\/tbody><\/table><\/figure>\n<\/div>\n<\/div>","protected":false},"excerpt":{"rendered":"<ul>\n<li>Mat\u00e9riau en acier inoxydable 18\/8 sans BPA et respectueux de l'environnement, r\u00e9sistant aux rayures. Bon pour la sant\u00e9.<\/li>\n<li>Grande ouverture : Pratique pour mettre des gla\u00e7ons et boire<\/li>\n<li>Cliquez sur le bouton pour lib\u00e9rer l'eau et la bloquer. Conception pratique .<\/li>\n<li>Garde l'eau chaude pendant 12 heures et froide pendant 24 heures<\/li>\n<li><strong><b>Antirouille et <\/b><\/strong><strong><b>d\u00e9versement <\/b><\/strong><strong><b>preuve<\/b><\/strong><\/li>\n<li><strong><b>Capuchon<\/b><\/strong>acit\u00e9:17OZ\/500ml \u00a0<\/li>\n<li>Grande poign\u00e9e sur le c\u00f4t\u00e9 pour faciliter le transport.<\/li>\n<li>Les couleurs et les dessins personnalis\u00e9s sont les bienvenus.<\/li>\n<li><strong><b>Sans transpiration :<\/b><\/strong>\u00a0Cette gourde en acier inoxydable ne transpire jamais lorsqu'elle est remplie d'eau glac\u00e9e et ne br\u00fble pas les mains lorsqu'elle est remplie d'eau chaude.<\/li>\n<\/ul>","protected":false},"featured_media":1368,"template":"","meta":{"_acf_changed":false,"_seopress_robots_primary_cat":"none","_seopress_titles_title":"","_seopress_titles_desc":"","_seopress_robots_index":"","_uag_custom_page_level_css":""},"product_brand":[],"product_cat":[40,54,20],"product_tag":[66,64,62,63,65],"class_list":{"0":"post-703","1":"product","2":"type-product","3":"status-publish","4":"has-post-thumbnail","6":"product_cat-stainless-steel-tumbler","7":"product_cat-tea-bottle-coffee-tumblers","8":"product_cat-vacuum-flask","9":"product_tag-500ml-bottle","10":"product_tag-coffee-tumbler","11":"product_tag-contigo","12":"product_tag-double-wall-thermos","13":"product_tag-thermos","15":"first","16":"instock","17":"shipping-taxable","18":"product-type-simple"},"acf":[],"uagb_featured_image_src":{"full":["https:\/\/eco-drinkware.com\/wp-content\/uploads\/2022\/11\/17_0.webp",800,800,false],"thumbnail":["https:\/\/eco-drinkware.com\/wp-content\/uploads\/2022\/11\/17_0-150x150.webp",150,150,true],"medium":["https:\/\/eco-drinkware.com\/wp-content\/uploads\/2022\/11\/17_0-300x300.webp",300,300,true],"medium_large":["https:\/\/eco-drinkware.com\/wp-content\/uploads\/2022\/11\/17_0-768x768.webp",768,768,true],"large":["https:\/\/eco-drinkware.com\/wp-content\/uploads\/2022\/11\/17_0.webp",800,800,false],"1536x1536":["https:\/\/eco-drinkware.com\/wp-content\/uploads\/2022\/11\/17_0.webp",800,800,false],"2048x2048":["https:\/\/eco-drinkware.com\/wp-content\/uploads\/2022\/11\/17_0.webp",800,800,false],"trp-custom-language-flag":["https:\/\/eco-drinkware.com\/wp-content\/uploads\/2022\/11\/17_0.webp",12,12,false],"woocommerce_thumbnail":["https:\/\/eco-drinkware.com\/wp-content\/uploads\/2022\/11\/17_0-300x300.webp",300,300,true],"woocommerce_single":["https:\/\/eco-drinkware.com\/wp-content\/uploads\/2022\/11\/17_0-600x600.webp",600,600,true],"woocommerce_gallery_thumbnail":["https:\/\/eco-drinkware.com\/wp-content\/uploads\/2022\/11\/17_0-100x100.webp",100,100,true]},"uagb_author_info":{"display_name":"Amy","author_link":"https:\/\/eco-drinkware.com\/fr\/author\/"},"uagb_comment_info":0,"uagb_excerpt":"BPA Free eco friendly 18\/8 stainless steel material. scratching resistance. Good for our healthy. Big mouth opening: Convenient for putting ice cubes and drinking Click the button to release water and lock water. Use Convenient Design . Keeps water hot for 12 hours and cold for 24 hours Rust-proof and spill proof Capacity:17OZ\/500ml \u00a0 Big\u2026","_links":{"self":[{"href":"https:\/\/eco-drinkware.com\/fr\/wp-json\/wp\/v2\/product\/703","targetHints":{"allow":["GET"]}}],"collection":[{"href":"https:\/\/eco-drinkware.com\/fr\/wp-json\/wp\/v2\/product"}],"about":[{"href":"https:\/\/eco-drinkware.com\/fr\/wp-json\/wp\/v2\/types\/product"}],"wp:featuredmedia":[{"embeddable":true,"href":"https:\/\/eco-drinkware.com\/fr\/wp-json\/wp\/v2\/media\/1368"}],"wp:attachment":[{"href":"https:\/\/eco-drinkware.com\/fr\/wp-json\/wp\/v2\/media?parent=703"}],"wp:term":[{"taxonomy":"product_brand","embeddable":true,"href":"https:\/\/eco-drinkware.com\/fr\/wp-json\/wp\/v2\/product_brand?post=703"},{"taxonomy":"product_cat","embeddable":true,"href":"https:\/\/eco-drinkware.com\/fr\/wp-json\/wp\/v2\/product_cat?post=703"},{"taxonomy":"product_tag","embeddable":true,"href":"https:\/\/eco-drinkware.com\/fr\/wp-json\/wp\/v2\/product_tag?post=703"}],"curies":[{"name":"wp","href":"https:\/\/api.w.org\/{rel}","templated":true}]}}