{"id":1635,"date":"2023-02-20T09:00:27","date_gmt":"2023-02-20T01:00:27","guid":{"rendered":"https:\/\/eco-drinkware.com\/?page_id=1635"},"modified":"2023-04-10T22:06:13","modified_gmt":"2023-04-10T14:06:13","slug":"copo-stanley-cup-40-oz-com-pega","status":"publish","type":"page","link":"https:\/\/eco-drinkware.com\/pt\/copo-stanley-cup-40-oz-com-pega\/","title":{"rendered":"Stanley Cup 40oz Tumbler with Handle"},"content":{"rendered":"<h3 class=\"wp-block-heading\">\u00c9 uma empresa comercial ou um fabricante?<\/h3>\n\n\n\n<p>A Eco Drinkware \u00e9 um fabricante.<br>Temos 120 trabalhadores e 10 funcion\u00e1rios de escrit\u00f3rio. Equipa profissional de QC para garantir que cada copo \u00e9 de boa qualidade e suficientemente bom para os nossos clientes.<\/p>\n\n\n\n<h3 class=\"wp-block-heading\">Qual \u00e9 a cor do acabamento deste copo?<\/h3>\n\n\n\n<p>A maioria dos clientes prefere o revestimento em p\u00f3, porque \u00e9 muito dur\u00e1vel. Por isso, as nossas cores de stock s\u00e3o o revestimento a p\u00f3. A pintura em spray normal tamb\u00e9m \u00e9 adequada para este copo e economizar\u00e1 custos. Se o cliente preferir outro acabamento, tamb\u00e9m o podemos fazer. N\u00e3o se preocupe.<\/p>\n\n\n\n<h3 class=\"wp-block-heading\">Se eu quiser alterar a forma do copo, \u00e9 poss\u00edvel faz\u00ea-lo?<\/h3>\n\n\n\n<p>Sim, n\u00e3o h\u00e1 problema para a Eco Drinkware Team.<br>Com a equipa de desenvolvimento de novos produtos da profiss\u00e3o, \u00e9 f\u00e1cil.<br>H\u00e1 apenas o custo do molde e MOQ 3000 pcs. Quanto ao custo do molde, depende do desenho exato. Por favor, sinta-se \u00e0 vontade para partilhar a sua ideia.<\/p>\n\n\n\n<h3 class=\"wp-block-heading\">Podem efetuar envios porta-a-porta?<\/h3>\n\n\n\n<p>Sim, temos o nosso pr\u00f3prio agente de transporte que pode enviar as garrafas para todo o mundo.<\/p>\n\n\n\n<h3 class=\"wp-block-heading\">Se eu tiver um agente de transporte em Yiwu ou Guangzhou. Pode entregar os copos l\u00e1?<\/h3>\n\n\n\n<p>Sim, \u00e9 muito f\u00e1cil. S\u00f3 h\u00e1 um pequeno custo de envio.<\/p>\n\n\n\n<h3 class=\"wp-block-heading\">E quanto ao seu pagamento?<\/h3>\n\n\n\n<p>Para encomendas de pequenas quantidades, 100% de adiantamento. Para pedidos personalizados normais, dep\u00f3sito de 30% e 70% antes do envio. Mostrar\u00e1 fotos a granel prontas para verifica\u00e7\u00e3o antes do pagamento do saldo.<\/p>\n\n\n\n<h3 class=\"wp-block-heading\">Quais s\u00e3o os m\u00e9todos de pagamento aceites?<\/h3>\n\n\n\n<p>Transfer\u00eancia banc\u00e1ria, PayPal, Western Union.<\/p>","protected":false},"excerpt":{"rendered":"<p>Are you trading company or manufacturer? Eco Drinkware is manufacturer.We have 120 workers and 10 office staffs. Professional QC team to ensure every tumbler in good quality and good enough for our customers. What's the color finishing for this tumbler? Most customers prefer powder coating ,because it's very durable . So, our stock colors are [&hellip;]<\/p>","protected":false},"author":1,"featured_media":0,"parent":0,"menu_order":0,"comment_status":"closed","ping_status":"closed","template":"","meta":{"_acf_changed":false,"_seopress_robots_primary_cat":"","_seopress_titles_title":"Wholesale Adventure Stanney Double Wall Insulated Vacuum 40oz Stainless Steel Travle Tumbler Manufacturer, China Factory 40oz Travel Mug Supplier - %%sitetitle%%","_seopress_titles_desc":"Get wholesale price and customized 40oz tumbler catalog and 40oz tumbler manufacturer, ideal supplier for 40oz brand owners, Wholesale Adventure Stanney Double Wall Insulated Vacuum 40oz Stainless Steel Travle Tumbler with Handle and Straw, China Sublimination Tumbler and Travel Mug  - %%sitetitle%%","_seopress_robots_index":"","_uag_custom_page_level_css":"","footnotes":""},"class_list":["post-1635","page","type-page","status-publish","hentry"],"acf":[],"uagb_featured_image_src":{"full":false,"thumbnail":false,"medium":false,"medium_large":false,"large":false,"1536x1536":false,"2048x2048":false,"trp-custom-language-flag":false,"woocommerce_thumbnail":false,"woocommerce_single":false,"woocommerce_gallery_thumbnail":false},"uagb_author_info":{"display_name":"Amy","author_link":"https:\/\/eco-drinkware.com\/pt\/author\/ecooo\/"},"uagb_comment_info":0,"uagb_excerpt":"Are you trading company or manufacturer? Eco Drinkware is manufacturer.We have 120 workers and 10 office staffs. Professional QC team to ensure every tumbler in good quality and good enough for our customers. What's the color finishing for this tumbler? Most customers prefer powder coating ,because it's very durable . So, our stock colors are&hellip;","_links":{"self":[{"href":"https:\/\/eco-drinkware.com\/pt\/wp-json\/wp\/v2\/pages\/1635","targetHints":{"allow":["GET"]}}],"collection":[{"href":"https:\/\/eco-drinkware.com\/pt\/wp-json\/wp\/v2\/pages"}],"about":[{"href":"https:\/\/eco-drinkware.com\/pt\/wp-json\/wp\/v2\/types\/page"}],"author":[{"embeddable":true,"href":"https:\/\/eco-drinkware.com\/pt\/wp-json\/wp\/v2\/users\/1"}],"replies":[{"embeddable":true,"href":"https:\/\/eco-drinkware.com\/pt\/wp-json\/wp\/v2\/comments?post=1635"}],"version-history":[{"count":0,"href":"https:\/\/eco-drinkware.com\/pt\/wp-json\/wp\/v2\/pages\/1635\/revisions"}],"wp:attachment":[{"href":"https:\/\/eco-drinkware.com\/pt\/wp-json\/wp\/v2\/media?parent=1635"}],"curies":[{"name":"wp","href":"https:\/\/api.w.org\/{rel}","templated":true}]}}