{"id":1487,"date":"2022-11-30T20:45:56","date_gmt":"2022-11-30T12:45:56","guid":{"rendered":"https:\/\/eco-drinkware.com\/?post_type=product&#038;p=1487"},"modified":"2022-12-01T09:44:55","modified_gmt":"2022-12-01T01:44:55","slug":"garrafa-de-agua-de-vidro-borossilicato-de-650-ml-e-22-oz-sem-bpa-em-forma-de-cola","status":"publish","type":"product","link":"https:\/\/eco-drinkware.com\/pt\/product\/garrafa-de-agua-de-vidro-borossilicato-de-650-ml-e-22-oz-sem-bpa-em-forma-de-cola\/","title":{"rendered":"Garrafa de \u00e1gua de vidro borossilicato em forma de cola 650ml \/22OZ BPA FREE"},"content":{"rendered":"<h2 class=\"wp-block-heading\">Carater\u00edsticas do produto:<\/h2>\n\n\n\n<p><strong>Material<\/strong>: corpo em vidro borossilicato de alto brilho e transparente, tampa: pl\u00e1stico pp novo, a\u00e7o inoxid\u00e1vel e silicone<\/p>\n\n\n\n<p>Com uma manga de neopreno com pega de transporte f\u00e1cil, o cliente pode retirar esta manga se n\u00e3o gostar dela.<\/p>\n\n\n\n<p><strong>Cor<\/strong>Garrafa de vidro: normalmente em cor clara. A Eco Drinkware pode fazer garrafas coloridas atrav\u00e9s de pintura por pulveriza\u00e7\u00e3o, galvanoplastia UV.<\/p>\n\n\n\n<p><strong>Padr\u00e3o:&nbsp;<\/strong>O padr\u00e3o personalizado pode ser impresso e pode ser feito atrav\u00e9s de v\u00e1rias t\u00e9cnicas de impress\u00e3o: serigrafia, impress\u00e3o por transfer\u00eancia t\u00e9rmica, impress\u00e3o por transfer\u00eancia de \u00e1gua, transfer\u00eancia por sublima\u00e7\u00e3o, etc.<\/p>\n\n\n\n<p><strong>Log\u00f3tipo:&nbsp;<\/strong>F\u00e1cil de trabalhar com o log\u00f3tipo personalizado. As op\u00e7\u00f5es de log\u00f3tipo incluem: log\u00f3tipo de decalque, impress\u00e3o em seda, transfer\u00eancia de calor, sublima\u00e7\u00e3o, etc<\/p>\n\n\n\n<p>Pode ser lavado na m\u00e1quina de lavar lou\u00e7a e no micro-ondas.<\/p>\n\n\n\n<p><strong>Caixa de embalagem:&nbsp;<\/strong>caixa branca, caixa impressa personalizada, caixa cil\u00edndrica, saco de bolhas, caixa de presente, qualquer pacote de design personalizado \u00e9 bem-vindo, etc<\/p>\n\n\n\n<p><strong>M\u00e9todo de envio<\/strong>: FOB, CIF, DDU, DDP por comboio ou mar para clientes globais.<\/p>\n\n\n\n<p>F\u00e1cil de fazer uma garrafa de forma personalizada, n\u00e3o hesite em partilhar a sua ideia.<\/p>\n\n\n\n<figure class=\"wp-block-image size-full\"><img loading=\"lazy\" decoding=\"async\" width=\"1000\" height=\"1000\" src=\"https:\/\/eco-drinkware.com\/wp-content\/uploads\/2022\/11\/GA0001-ECO-DRINKWARE-Glass-Water-Bottle-5.webp\" alt=\"\" class=\"wp-image-1494\" srcset=\"https:\/\/eco-drinkware.com\/wp-content\/uploads\/2022\/11\/GA0001-ECO-DRINKWARE-Glass-Water-Bottle-5.webp 1000w, https:\/\/eco-drinkware.com\/wp-content\/uploads\/2022\/11\/GA0001-ECO-DRINKWARE-Glass-Water-Bottle-5-300x300.webp 300w, https:\/\/eco-drinkware.com\/wp-content\/uploads\/2022\/11\/GA0001-ECO-DRINKWARE-Glass-Water-Bottle-5-150x150.webp 150w, https:\/\/eco-drinkware.com\/wp-content\/uploads\/2022\/11\/GA0001-ECO-DRINKWARE-Glass-Water-Bottle-5-768x768.webp 768w, https:\/\/eco-drinkware.com\/wp-content\/uploads\/2022\/11\/GA0001-ECO-DRINKWARE-Glass-Water-Bottle-5-600x600.webp 600w, https:\/\/eco-drinkware.com\/wp-content\/uploads\/2022\/11\/GA0001-ECO-DRINKWARE-Glass-Water-Bottle-5-100x100.webp 100w\" sizes=\"auto, (max-width: 1000px) 100vw, 1000px\" \/><\/figure>\n\n\n\n<h2 class=\"wp-block-heading\">Especifica\u00e7\u00f5es do produto:<\/h2>\n\n\n\n<figure class=\"wp-block-table\"><table><tbody><tr><td>Capacidade<\/td><td>650ml\/18OZ<\/td><\/tr><tr><td>MOQ<\/td><td>100 unidades para impress\u00e3o do log\u00f3tipo personalizado<\/td><\/tr><tr><td>Di\u00e2metro<\/td><td>Di\u00e2metro: 70 mm (2,76 polegadas)&nbsp;&nbsp;&nbsp;&nbsp;&nbsp;&nbsp;&nbsp;&nbsp;&nbsp;&nbsp;&nbsp;&nbsp;&nbsp;&nbsp;&nbsp;&nbsp;&nbsp;&nbsp;&nbsp;&nbsp;&nbsp;<\/td><\/tr><tr><td>Altura<\/td><td>260 mm (10,24 polegadas)<\/td><\/tr><tr><td>Cor<\/td><td>Transparente, cor personalizada<\/td><\/tr><tr><td>Log\u00f3tipo<\/td><td>log\u00f3tipo decalcado, impress\u00e3o em seda, transfer\u00eancia t\u00e9rmica, sublima\u00e7\u00e3o, etc.<\/td><\/tr><tr><td>Embalagem<\/td><td>caixa branca, caixa impressa personalizada, caixa cil\u00edndrica, saco de bolhas, caixa de oferta<\/td><\/tr><tr><td>Tempo de amostragem<\/td><td>3 dias para amostra de stock, 7 dias para amostra de log\u00f3tipo personalizado<\/td><\/tr><tr><td>Tempo de produ\u00e7\u00e3o<\/td><td>10-35 dias, dependendo da quantidade e dos requisitos<\/td><\/tr><tr><td>Sobre o pagamento<\/td><td>Transfer\u00eancia banc\u00e1ria, paypal, western union<\/td><\/tr><tr><td>Pa\u00eds de origem<\/td><td>Fabricado na China<\/td><\/tr><\/tbody><\/table><\/figure>","protected":false},"excerpt":{"rendered":"<p>Garrafa de vidro de borosilicato sem BPA em forma de cola, vem com manga de neoprene. f\u00e1cil de levar. garrafa em forma de cola que parece muito especial. Padr\u00e3o e design personalizados s\u00e3o bem-vindos.<\/p>\n<ul>\n<li>Sem BPA, aprovado nos testes da FDA e LFGB<\/li>\n<li>\u00c0 prova de fugas<\/li>\n<li>Reutiliz\u00e1vel<\/li>\n<li>Seguro para congelador<\/li>\n<\/ul>\n<p>Capacidade: 650ml\/22OZ<\/p>\n<p>Material de alto brilho e alta transpar\u00eancia. Ok para suportar -20 \u2103 a 500 \u2103 diferen\u00e7a de temperatura repentina.<\/p>\n<p>Adequado para todos os suportes, suporte de carro, suporte de mochila e suporte de bicicleta.<\/p>","protected":false},"featured_media":1490,"template":"","meta":{"_acf_changed":false,"_seopress_robots_primary_cat":"","_seopress_titles_title":"","_seopress_titles_desc":"","_seopress_robots_index":"","_uag_custom_page_level_css":""},"product_brand":[],"product_cat":[22,35],"product_tag":[59,58,60],"class_list":{"0":"post-1487","1":"product","2":"type-product","3":"status-publish","4":"has-post-thumbnail","6":"product_cat-glass-water-bottle","7":"product_cat-single-wall-gass-bottle","8":"product_tag-bpa-free","9":"product_tag-glass-water-bottle","10":"product_tag-water-bottle","12":"first","13":"instock","14":"featured","15":"shipping-taxable","16":"product-type-simple"},"acf":[],"uagb_featured_image_src":{"full":["https:\/\/eco-drinkware.com\/wp-content\/uploads\/2022\/11\/GA0001-ECO-DRINKWARE-Glass-Water-Bottle-1.webp",600,600,false],"thumbnail":["https:\/\/eco-drinkware.com\/wp-content\/uploads\/2022\/11\/GA0001-ECO-DRINKWARE-Glass-Water-Bottle-1-150x150.webp",150,150,true],"medium":["https:\/\/eco-drinkware.com\/wp-content\/uploads\/2022\/11\/GA0001-ECO-DRINKWARE-Glass-Water-Bottle-1-300x300.webp",300,300,true],"medium_large":["https:\/\/eco-drinkware.com\/wp-content\/uploads\/2022\/11\/GA0001-ECO-DRINKWARE-Glass-Water-Bottle-1.webp",600,600,false],"large":["https:\/\/eco-drinkware.com\/wp-content\/uploads\/2022\/11\/GA0001-ECO-DRINKWARE-Glass-Water-Bottle-1.webp",600,600,false],"1536x1536":["https:\/\/eco-drinkware.com\/wp-content\/uploads\/2022\/11\/GA0001-ECO-DRINKWARE-Glass-Water-Bottle-1.webp",600,600,false],"2048x2048":["https:\/\/eco-drinkware.com\/wp-content\/uploads\/2022\/11\/GA0001-ECO-DRINKWARE-Glass-Water-Bottle-1.webp",600,600,false],"trp-custom-language-flag":["https:\/\/eco-drinkware.com\/wp-content\/uploads\/2022\/11\/GA0001-ECO-DRINKWARE-Glass-Water-Bottle-1.webp",12,12,false],"woocommerce_thumbnail":["https:\/\/eco-drinkware.com\/wp-content\/uploads\/2022\/11\/GA0001-ECO-DRINKWARE-Glass-Water-Bottle-1-300x300.webp",300,300,true],"woocommerce_single":["https:\/\/eco-drinkware.com\/wp-content\/uploads\/2022\/11\/GA0001-ECO-DRINKWARE-Glass-Water-Bottle-1.webp",600,600,false],"woocommerce_gallery_thumbnail":["https:\/\/eco-drinkware.com\/wp-content\/uploads\/2022\/11\/GA0001-ECO-DRINKWARE-Glass-Water-Bottle-1-100x100.webp",100,100,true]},"uagb_author_info":{"display_name":"Amy","author_link":"https:\/\/eco-drinkware.com\/pt\/author\/"},"uagb_comment_info":0,"uagb_excerpt":"BPA free borosilicate glass bottlein cola shape, comes with neoprene sleeve .Easy to take away .Cola shaped bottle which looks very special . Custom pattern and design are welcome . BPA Free, okay to pass FDA and LFGB testing Leak proof Reusable Freezer Safe Capacity: 650ml\/22OZ High bright and high transparent material .Okay to stand&hellip;","_links":{"self":[{"href":"https:\/\/eco-drinkware.com\/pt\/wp-json\/wp\/v2\/product\/1487","targetHints":{"allow":["GET"]}}],"collection":[{"href":"https:\/\/eco-drinkware.com\/pt\/wp-json\/wp\/v2\/product"}],"about":[{"href":"https:\/\/eco-drinkware.com\/pt\/wp-json\/wp\/v2\/types\/product"}],"wp:featuredmedia":[{"embeddable":true,"href":"https:\/\/eco-drinkware.com\/pt\/wp-json\/wp\/v2\/media\/1490"}],"wp:attachment":[{"href":"https:\/\/eco-drinkware.com\/pt\/wp-json\/wp\/v2\/media?parent=1487"}],"wp:term":[{"taxonomy":"product_brand","embeddable":true,"href":"https:\/\/eco-drinkware.com\/pt\/wp-json\/wp\/v2\/product_brand?post=1487"},{"taxonomy":"product_cat","embeddable":true,"href":"https:\/\/eco-drinkware.com\/pt\/wp-json\/wp\/v2\/product_cat?post=1487"},{"taxonomy":"product_tag","embeddable":true,"href":"https:\/\/eco-drinkware.com\/pt\/wp-json\/wp\/v2\/product_tag?post=1487"}],"curies":[{"name":"wp","href":"https:\/\/api.w.org\/{rel}","templated":true}]}}