{"id":1507,"date":"2022-12-01T10:03:05","date_gmt":"2022-12-01T02:03:05","guid":{"rendered":"https:\/\/eco-drinkware.com\/?post_type=product&#038;p=1507"},"modified":"2023-07-04T15:46:50","modified_gmt":"2023-07-04T07:46:50","slug":"logotipo-personalizado-caneca-de-viagem-em-bambu-de-aco-de-400-ml-copo-de-bambu","status":"publish","type":"product","link":"https:\/\/eco-drinkware.com\/pt\/product\/logotipo-personalizado-caneca-de-viagem-em-bambu-de-aco-de-400-ml-copo-de-bambu\/","title":{"rendered":"Caneca de viagem em bambu de a\u00e7o de 400 ml com log\u00f3tipo personalizado Copo de bambu"},"content":{"rendered":"<h2 class=\"wp-block-heading\">Especifica\u00e7\u00f5es do produto<\/h2>\n\n\n\n<figure class=\"wp-block-table is-style-stripes\"><table><tbody><tr><td>N\u00famero do artigo<\/td><td>GB8016<\/td><\/tr><tr><td>Capacidade<\/td><td>400ml\/14OZ<\/td><\/tr><tr><td>MOQ<\/td><td>100 unidades para impress\u00e3o de log\u00f3tipo personalizado, 50 unidades para log\u00f3tipo a laser<\/td><\/tr><tr><td>Di\u00e2metro<\/td><td>Di\u00e2metro: 90 mm (3,5 polegadas)&nbsp;&nbsp;&nbsp;&nbsp;&nbsp;&nbsp;&nbsp;&nbsp;&nbsp;&nbsp;&nbsp;&nbsp;&nbsp;&nbsp;&nbsp;&nbsp;&nbsp;&nbsp;&nbsp;&nbsp;&nbsp;<\/td><\/tr><tr><td>Altura<\/td><td>150 mm (5,9 polegadas)<\/td><\/tr><tr><td>Cor<\/td><td>Cor de bambu natural<\/td><\/tr><tr><td>Log\u00f3tipo<\/td><td>impress\u00e3o de seda, transfer\u00eancia de calor, laser, etc.<\/td><\/tr><tr><td>Embalagem<\/td><td>caixa branca, caixa impressa personalizada, caixa cil\u00edndrica, saco de bolhas, caixa de oferta<\/td><\/tr><tr><td>Tempo de amostragem<\/td><td>3 dias para amostra de stock, 7 dias para amostra de log\u00f3tipo personalizado<\/td><\/tr><tr><td>Tempo de produ\u00e7\u00e3o<\/td><td>10-35 dias, dependendo da quantidade e dos requisitos<\/td><\/tr><tr><td>Sobre o pagamento<\/td><td>Transfer\u00eancia banc\u00e1ria, paypal, western union<\/td><\/tr><tr><td>Pa\u00eds de origem<\/td><td>Fabricado na China<\/td><\/tr><tr><td>Certificado de origem<\/td><td>Sim, podemos oferecer<\/td><\/tr><tr><td>Novo design personalizado<\/td><td>Sim, podemos trabalhar nesse sentido<\/td><\/tr><tr><td>Corte de caneca<\/td><td>Dispon\u00edvel<\/td><\/tr><tr><td>Modelo de pacote<\/td><td>Dispon\u00edvel<\/td><\/tr><\/tbody><\/table><\/figure>\n\n\n\n<h2 class=\"wp-block-heading\">Carater\u00edsticas do produto<\/h2>\n\n\n\n<p><strong>Material <\/strong>: tampa: pl\u00e1stico pp novo e silicone, corpo da caneca: a\u00e7o inoxid\u00e1vel 304 e bambu natural<br><strong>Cor <\/strong>: Cor de bambu natural, com pele de bambu, estilo de vida muito ecol\u00f3gico.<\/p>\n\n\n\n<p>[Fabricada \u00e0 m\u00e3o com bambu cultivado organicamente] - Bonita, natural e amiga do ambiente, esta caneca combina dois materiais sempre verdes para criar uma caneca robusta e excecional, perfeita para quem bebe caf\u00e9 ou ch\u00e1. Este \u00e9 o tipo de caneca que \u00e9 sempre elogiada e notada onde quer que v\u00e1.<\/p>\n\n\n\n<p>[Tampa \u00e0 prova de salpicos - Leve a sua bebida em viagem, com seguran\u00e7a] - Com uma pega robusta que a torna f\u00e1cil de segurar, esta caneca \u00e9 perfeita para levar a sua bebida quente para a estrada. A tampa garante que a bebida n\u00e3o salpica e proporciona uma experi\u00eancia de consumo confort\u00e1vel.<\/p>\n\n\n\n<p>[Dur\u00e1vel, mas leve] - A nossa caneca ecol\u00f3gica \u00e9 frequentemente a primeira escolha para acampamentos e caminhadas. A constru\u00e7\u00e3o robusta e o tamanho m\u00e9dio fazem dela uma \u00f3ptima companheira de viagem para aquela pausa para caf\u00e9 com vista. Com o a\u00e7o inoxid\u00e1vel 18\/8 de grau alimentar 100% e o bambu limpo, esta \u00e9 uma \u00f3ptima escolha para uma caneca de caf\u00e9.<br>Padr\u00e3o: o padr\u00e3o personalizado pode ser impresso e pode ser feito atrav\u00e9s de v\u00e1rias t\u00e9cnicas de impress\u00e3o: serigrafia, impress\u00e3o por transfer\u00eancia t\u00e9rmica<\/p>\n\n\n\n<p><strong>Tamanho<\/strong>: 90*150mm , <strong>capacidade<\/strong>: 400ml\/14OZ . F\u00e1cil de segurar com a m\u00e3o. Tamanho perfeito para beber.<\/p>\n\n\n\n<p><strong>Log\u00f3tipo<\/strong>: F\u00e1cil de trabalhar com o log\u00f3tipo personalizado. Mas o log\u00f3tipo a laser fica melhor no bambu. Porque esta habilidade queima a superf\u00edcie, parece de alta qualidade.<br>Pode ser lavado na m\u00e1quina de lavar lou\u00e7a .<strong>Sem micro-ondas<\/strong><\/p>\n\n\n\n<p><strong>Caixa de embalagem<\/strong>: caixa branca, caixa impressa personalizada, caixa cil\u00edndrica, saco de bolhas, caixa de presente, qualquer pacote de design personalizado \u00e9 bem-vindo, etc<br>F\u00e1cil de fazer uma garrafa de forma personalizada, n\u00e3o hesite em partilhar a sua ideia.<\/p>\n\n\n\n<p>[Ofere\u00e7a a d\u00e1diva de ser diferente] - Fa\u00e7a com que os seus entes queridos se sintam especiais todos os dias. D\u00ea-lhes alegria e um peda\u00e7o de madeira artesanal na sua caneca de caf\u00e9 de viagem preferida.<br>Eco Drinkware faz OEM &amp;ODM. Com engenheiros profissionais de topo com mais de 10 anos de experi\u00eancia na ind\u00fastria de fabrico de garrafas de \u00e1gua, \u00e9 f\u00e1cil transformar a sua ideia em produtos reais.<br>Fazemos inspe\u00e7\u00e3o de qualidade em linha para garantir que a produ\u00e7\u00e3o corre bem e n\u00e3o h\u00e1 qualquer erro. Se houver um erro, podemos corrigi-lo a tempo de poupar custos. A qualidade \u00e9 a nossa cultura, confiamos que a qualidade traz mais para os clientes e fabricantes.<br>F\u00e1cil de fazer uma garrafa de forma personalizada, n\u00e3o hesite em partilhar a sua ideia.<\/p>\n\n\n\n<p><strong>M\u00e9todo de envio<\/strong> : FOB, CIF, DDU, DDP por comboio ou mar para clientes globais.<\/p>\n\n\n\n<p>A ECO DRINKWARE \u00e9 especializada no fabrico e exporta\u00e7\u00e3o de todo o tipo de artigos para beber, tais como garrafas de \u00e1gua, copos para venda por grosso, recipientes para alimentos, tigelas para c\u00e3es, tigelas para saladas, refrigeradores de latas. A Eco Drinkware possui linhas de produ\u00e7\u00e3o automatizadas e altamente eficientes. Abra\u00e7amos a Ind\u00fastria4.0 e mantemo-nos competitivos na ind\u00fastria. A produ\u00e7\u00e3o automatizada torna os nossos produtos mais baratos e mais competitivos em termos de pre\u00e7o.<\/p>\n\n\n\n<p>O pessoal de vendas da Profession fala fluentemente ingl\u00eas. O seu pedido ser\u00e1 respondido em 24 horas.<\/p>","protected":false},"excerpt":{"rendered":"<p>BPA livre 400ml personalizado logotipo personalizado a\u00e7o inoxid\u00e1vel bambu caneca de viagem copo de bambu, vem com pacote personalizado .Profiss\u00e3o OEM e ODM fornecedor caneca de bambu.<\/p>\n<ul>\n<li>Sem BPA, aprovado nos testes da FDA e LFGB. Todos os materiais s\u00e3o amigos do ambiente e seguros para os alimentos.<\/li>\n<li>As nossas canecas de alta capacidade de 400 ml s\u00e3o feitas de bambu e a\u00e7o inoxid\u00e1vel, o que lhes confere um aspeto \u00fanico e elegante. Como se trata de bambu verdadeiro, n\u00e3o h\u00e1 duas iguais, e cada uma que compra \u00e9 \u00daNICA para si!<\/li>\n<li>Simples de limpar: A tampa desenrosca-se para facilitar a limpeza. Lavar apenas \u00e0 m\u00e3o<\/li>\n<li>Vire a tampa para obter \u00e1gua ou feche a tampa para beber \u00e1gua diretamente.<\/li>\n<li>Capacidade: 400ml\/14OZ<\/li>\n<li>\u00d3timo para fazer ch\u00e1 ou caf\u00e9<\/li>\n<li>Pode ser colocado no congelador. Pode ser lavado na m\u00e1quina de lavar loi\u00e7a.<\/li>\n<li>Adequado para todos os suportes, suporte de carro, suporte de mochila e suporte de bicicleta.<\/li>\n<\/ul>","protected":false},"featured_media":1511,"template":"","meta":{"_acf_changed":false,"_seopress_robots_primary_cat":"","_seopress_titles_title":"","_seopress_titles_desc":"BPA free 400ml personalized custom logo Stainless Steel Bamboo Travel mug bamboo tumbler, comes with custom package .Profession OEM and ODM bamboo mug supplier.","_seopress_robots_index":"","_uag_custom_page_level_css":""},"product_brand":[],"product_cat":[34,21],"product_tag":[],"class_list":{"0":"post-1507","1":"product","2":"type-product","3":"status-publish","4":"has-post-thumbnail","6":"product_cat-bamboo-tumbler","7":"product_cat-bamboo-water-bottle","9":"first","10":"instock","11":"featured","12":"shipping-taxable","13":"product-type-simple"},"acf":[],"uagb_featured_image_src":{"full":["https:\/\/eco-drinkware.com\/wp-content\/uploads\/2022\/12\/400ml-Steel-Bamboo-Travel-Mug-4.webp",1000,1000,false],"thumbnail":["https:\/\/eco-drinkware.com\/wp-content\/uploads\/2022\/12\/400ml-Steel-Bamboo-Travel-Mug-4-150x150.webp",150,150,true],"medium":["https:\/\/eco-drinkware.com\/wp-content\/uploads\/2022\/12\/400ml-Steel-Bamboo-Travel-Mug-4-300x300.webp",300,300,true],"medium_large":["https:\/\/eco-drinkware.com\/wp-content\/uploads\/2022\/12\/400ml-Steel-Bamboo-Travel-Mug-4-768x768.webp",768,768,true],"large":["https:\/\/eco-drinkware.com\/wp-content\/uploads\/2022\/12\/400ml-Steel-Bamboo-Travel-Mug-4.webp",1000,1000,false],"1536x1536":["https:\/\/eco-drinkware.com\/wp-content\/uploads\/2022\/12\/400ml-Steel-Bamboo-Travel-Mug-4.webp",1000,1000,false],"2048x2048":["https:\/\/eco-drinkware.com\/wp-content\/uploads\/2022\/12\/400ml-Steel-Bamboo-Travel-Mug-4.webp",1000,1000,false],"trp-custom-language-flag":["https:\/\/eco-drinkware.com\/wp-content\/uploads\/2022\/12\/400ml-Steel-Bamboo-Travel-Mug-4.webp",12,12,false],"woocommerce_thumbnail":["https:\/\/eco-drinkware.com\/wp-content\/uploads\/2022\/12\/400ml-Steel-Bamboo-Travel-Mug-4-300x300.webp",300,300,true],"woocommerce_single":["https:\/\/eco-drinkware.com\/wp-content\/uploads\/2022\/12\/400ml-Steel-Bamboo-Travel-Mug-4-600x600.webp",600,600,true],"woocommerce_gallery_thumbnail":["https:\/\/eco-drinkware.com\/wp-content\/uploads\/2022\/12\/400ml-Steel-Bamboo-Travel-Mug-4-100x100.webp",100,100,true]},"uagb_author_info":{"display_name":"Amy","author_link":"https:\/\/eco-drinkware.com\/pt\/author\/"},"uagb_comment_info":0,"uagb_excerpt":"BPA free 400ml personalized custom logo Stainless Steel Bamboo Travel mug bamboo tumbler, comes with custom package .Profession OEM and ODM bamboo mug supplier. BPA Free, okay to pass FDA and LFGB testing.All materials are eco friendly and food safe. Unique nature bamboo design ,eco friendly life style.Our high capacity 400ml mugs are made of&hellip;","_links":{"self":[{"href":"https:\/\/eco-drinkware.com\/pt\/wp-json\/wp\/v2\/product\/1507","targetHints":{"allow":["GET"]}}],"collection":[{"href":"https:\/\/eco-drinkware.com\/pt\/wp-json\/wp\/v2\/product"}],"about":[{"href":"https:\/\/eco-drinkware.com\/pt\/wp-json\/wp\/v2\/types\/product"}],"wp:featuredmedia":[{"embeddable":true,"href":"https:\/\/eco-drinkware.com\/pt\/wp-json\/wp\/v2\/media\/1511"}],"wp:attachment":[{"href":"https:\/\/eco-drinkware.com\/pt\/wp-json\/wp\/v2\/media?parent=1507"}],"wp:term":[{"taxonomy":"product_brand","embeddable":true,"href":"https:\/\/eco-drinkware.com\/pt\/wp-json\/wp\/v2\/product_brand?post=1507"},{"taxonomy":"product_cat","embeddable":true,"href":"https:\/\/eco-drinkware.com\/pt\/wp-json\/wp\/v2\/product_cat?post=1507"},{"taxonomy":"product_tag","embeddable":true,"href":"https:\/\/eco-drinkware.com\/pt\/wp-json\/wp\/v2\/product_tag?post=1507"}],"curies":[{"name":"wp","href":"https:\/\/api.w.org\/{rel}","templated":true}]}}