{"id":1528,"date":"2022-12-01T10:41:15","date_gmt":"2022-12-01T02:41:15","guid":{"rendered":"https:\/\/eco-drinkware.com\/?post_type=product&#038;p=1528"},"modified":"2022-12-01T11:18:46","modified_gmt":"2022-12-01T03:18:46","slug":"500-ml-380-ml-330-ml-garrafa-termica-de-bambu-premium-com-isolamento-de-parede-tripla-e-coador-de-infusor-de-cha","status":"publish","type":"product","link":"https:\/\/eco-drinkware.com\/pt\/product\/500-ml-380-ml-330-ml-garrafa-termica-de-bambu-premium-com-isolamento-de-parede-tripla-e-coador-de-infusor-de-cha\/","title":{"rendered":"500 ml 380 ml 330 ml Garrafa t\u00e9rmica de bambu Premium com isolamento de parede tripla, infusor de ch\u00e1 e coador"},"content":{"rendered":"<h2 class=\"wp-block-heading\">Especifica\u00e7\u00e3o do produto<\/h2>\n\n\n\n<figure class=\"wp-block-table is-style-stripes\"><table><tbody><tr><td>N\u00famero do artigo<\/td><td>GB8060<\/td><\/tr><tr><td>Capacidade<\/td><td>330ml\/12OZ 380ml\/14OZ 500ml\/17OZ<\/td><\/tr><tr><td>MOQ<\/td><td>100 unidades para impress\u00e3o de log\u00f3tipo personalizado, 50 unidades para log\u00f3tipo a laser<\/td><\/tr><tr><td>Tamanho 330ml<\/td><td>Di\u00e2metro: 66 mm (2,6 polegadas), altura: 200 mm (7,87 polegadas)&nbsp;&nbsp;&nbsp;&nbsp;&nbsp;&nbsp;&nbsp;&nbsp;&nbsp;&nbsp;&nbsp;&nbsp;&nbsp;&nbsp;&nbsp;<\/td><\/tr><tr><td>Tamanho 380ml<\/td><td>Di\u00e2metro: 70 mm (2,76 polegadas), altura: 200 mm (7,87 polegadas)<\/td><\/tr><tr><td>Tamanho 500ml<\/td><td>Di\u00e2metro: 70 mm (2,76 polegadas), altura 230 mm (9,06 polegadas)<\/td><\/tr><tr><td>Cor<\/td><td>Cor de bambu natural<\/td><\/tr><tr><td>Log\u00f3tipo<\/td><td>Impress\u00e3o em seda, transfer\u00eancia t\u00e9rmica, laser, etc.<\/td><\/tr><tr><td>Embalagem<\/td><td>caixa branca, caixa impressa personalizada, caixa cil\u00edndrica, saco de bolhas, caixa de oferta<\/td><\/tr><tr><td>Tempo de amostragem<\/td><td>3 dias para amostra de stock, 7 dias para amostra de log\u00f3tipo personalizado<\/td><\/tr><tr><td>Tempo de produ\u00e7\u00e3o<\/td><td>10-35 dias, dependendo da quantidade e dos requisitos<\/td><\/tr><\/tbody><\/table><\/figure>\n\n\n\n<h2 class=\"wp-block-heading\">Carater\u00edsticas do produto<\/h2>\n\n\n\n<p><strong>Material<\/strong>: tampa: pl\u00e1stico pp novo e silicone, corpo da caneca: a\u00e7o inoxid\u00e1vel 304 e bambu natural<br><strong>Cor<\/strong>: Cor de bambu natural, com pele de bambu, estilo de vida muito ecol\u00f3gico. A parte em a\u00e7o inoxid\u00e1vel pode ser de qualquer cor.<br>Materiais n\u00e3o t\u00f3xicos - a garrafa infusora de ch\u00e1 de bambu \u00e9 uma escolha inteligente e amiga do ambiente, pois ajuda a diminuir o impacto ambiental dos res\u00edduos de pl\u00e1stico. Economize centenas de copos e garrafas de pl\u00e1stico usando esta caneca infusora de ch\u00e1 diariamente! N\u00e3o t\u00f3xica, esta garrafa infusora n\u00e3o cont\u00e9m pl\u00e1stico nocivo, odores qu\u00edmicos ou toxinas que entrem em contacto com as suas bebidas. Cada caneca de viagem \u00e9 testada segundo os mais elevados padr\u00f5es e \u00e9 certificada como isenta de BPA e chumbo.<\/p>\n\n\n\n<p>[Fabricada \u00e0 m\u00e3o com bambu cultivado organicamente] - Bonita, natural e amiga do ambiente, esta caneca combina dois materiais sempre verdes para criar uma caneca robusta e excecional, perfeita para quem bebe caf\u00e9 ou ch\u00e1. Este \u00e9 o tipo de caneca que \u00e9 sempre elogiada e notada onde quer que v\u00e1.<\/p>\n\n\n\n<p><strong>Padr\u00e3o<\/strong>: o padr\u00e3o personalizado pode ser impresso e pode ser feito atrav\u00e9s de v\u00e1rias t\u00e9cnicas de impress\u00e3o: serigrafia, impress\u00e3o por transfer\u00eancia t\u00e9rmica<br><strong>Sem suor<\/strong>: esta garrafa reutiliz\u00e1vel nunca transpira quando cheia com \u00e1gua gelada e n\u00e3o queima as m\u00e3os quando cheia com \u00e1gua quente<br><strong>Tamanho<\/strong>: 330ml\/ 66<em>200mm ,380ml\/70<\/em>200mm, 500ml\/70*230 mm. f\u00e1cil de segurar com a m\u00e3o. Tamanho perfeito para beber.<br><strong>Log\u00f3tipo<\/strong>: F\u00e1cil de trabalhar com o log\u00f3tipo personalizado. Mas o log\u00f3tipo a laser fica melhor no bambu. Porque esta habilidade queima a superf\u00edcie, parece de alta qualidade.<br>Pode ser lavado na m\u00e1quina de lavar lou\u00e7a e n\u00e3o pode ir ao micro-ondas<br><strong>Caixa de embalagem<\/strong>: caixa branca, caixa impressa personalizada, caixa cil\u00edndrica, saco de bolhas, caixa de presente, qualquer pacote de design personalizado \u00e9 bem-vindo, etc<br>F\u00e1cil de fazer uma garrafa de forma personalizada, n\u00e3o hesite em partilhar a sua ideia.<\/p>\n\n\n\n<p>[Ofere\u00e7a a d\u00e1diva de ser diferente] - Fa\u00e7a com que os seus entes queridos se sintam especiais todos os dias. D\u00ea-lhes alegria e um peda\u00e7o de madeira artesanal na sua caneca de caf\u00e9 de viagem preferida.<br>Eco Drinkware faz OEM &amp;ODM. Com engenheiros profissionais de topo com mais de 10 anos de experi\u00eancia na ind\u00fastria de fabrico de garrafas de \u00e1gua, \u00e9 f\u00e1cil transformar a sua ideia em produtos reais.<br>Fazemos inspe\u00e7\u00e3o de qualidade em linha para garantir que a produ\u00e7\u00e3o corre bem e n\u00e3o h\u00e1 qualquer erro. Se houver um erro, podemos corrigi-lo a tempo de poupar custos. A qualidade \u00e9 a nossa cultura, confiamos que a qualidade traz mais para os clientes e fabricantes.<br>F\u00e1cil de fazer uma garrafa de forma personalizada, n\u00e3o hesite em partilhar a sua ideia.<\/p>\n\n\n\n<p><strong>M\u00e9todo de envio<\/strong>: FOB, CIF, DDU, DDP por comboio ou mar para clientes globais.<br>Especializada no fabrico e exporta\u00e7\u00e3o de todos os tipos de artigos para beber, tais como garrafas de \u00e1gua, copos por atacado, recipientes para alimentos, tigelas para c\u00e3es, tigelas para saladas, refrigeradores de latas. A Eco Drinkware possui linhas de produ\u00e7\u00e3o automatizadas e altamente eficientes. Abra\u00e7amos a Ind\u00fastria4.0 e mantemo-nos competitivos na ind\u00fastria. A produ\u00e7\u00e3o automatizada torna os nossos produtos mais baratos e mais competitivos em termos de pre\u00e7o.<\/p>\n\n\n\n<p>O seu pedido ser\u00e1 respondido em 24 horas.<\/p>","protected":false},"excerpt":{"rendered":"<ul>\n<li>Sem BPA, aprovado nos testes da FDA e LFGB. Todos os materiais s\u00e3o amigos do ambiente e seguros para os alimentos.<\/li>\n<li>Design \u00fanico de bambu natural, estilo de vida ecol\u00f3gico. Feito de bambu e a\u00e7o inoxid\u00e1vel, dando-lhes um aspeto \u00fanico e elegante. Como se trata de bambu verdadeiro, n\u00e3o h\u00e1 duas iguais, e cada uma que compra \u00e9 \u00daNICA para SI!<\/li>\n<li>O infusor pequeno e o infusor de cesto s\u00e3o opcionais, basta escolher o que preferir. <\/li>\n<li>O design do termo isolado de parede dupla mant\u00e9m a \u00e1gua quente durante 24 horas e fria durante 12 horas. Por isso, se colocar caf\u00e9 frio no interior, o caf\u00e9 estar\u00e1 sempre frio durante o dia.<br \/>A palha de a\u00e7o inoxid\u00e1vel e a escova de palha podem ser combinadas e embaladas na caixa. Se precisar, diga-nos.<\/li>\n<li>Simples de limpar: A tampa desenrosca-se para facilitar a limpeza. Lavar apenas \u00e0 m\u00e3o<\/li>\n<li>Vire a tampa para obter \u00e1gua ou feche a tampa para beber \u00e1gua diretamente.<\/li>\n<li>Capacidade:330ml\/12OZ 380ml\/14OZ 500ml\/17OZ<\/li>\n<li>\u00d3timo para fazer ch\u00e1 ou caf\u00e9 <\/li>\n<li>\u00c0 prova de ferrugem e de fugas<\/li>\n<li>Pode ser colocado no congelador. Pode ser lavado na m\u00e1quina de lavar loi\u00e7a.<\/li>\n<li>Adequado para todos os suportes, suporte de carro, suporte de mochila e suporte de bicicleta.<\/li>\n<\/ul>","protected":false},"featured_media":1534,"template":"","meta":{"_acf_changed":false,"_seopress_robots_primary_cat":"none","_seopress_titles_title":"","_seopress_titles_desc":"Eco friendly bamboo flask from China, made of nature bamboo .Multi capacity available.Custom logo and package welcome . DDP shipping to final customer.More than 10 years expert experience.","_seopress_robots_index":"","_uag_custom_page_level_css":""},"product_brand":[],"product_cat":[34,21],"product_tag":[],"class_list":{"0":"post-1528","1":"product","2":"type-product","3":"status-publish","4":"has-post-thumbnail","6":"product_cat-bamboo-tumbler","7":"product_cat-bamboo-water-bottle","9":"first","10":"instock","11":"featured","12":"shipping-taxable","13":"product-type-simple"},"acf":[],"uagb_featured_image_src":{"full":["https:\/\/eco-drinkware.com\/wp-content\/uploads\/2022\/12\/Bamboo-Thermos-with-Tea-Infuser-Strainer-1.webp",800,800,false],"thumbnail":["https:\/\/eco-drinkware.com\/wp-content\/uploads\/2022\/12\/Bamboo-Thermos-with-Tea-Infuser-Strainer-1-150x150.webp",150,150,true],"medium":["https:\/\/eco-drinkware.com\/wp-content\/uploads\/2022\/12\/Bamboo-Thermos-with-Tea-Infuser-Strainer-1-300x300.webp",300,300,true],"medium_large":["https:\/\/eco-drinkware.com\/wp-content\/uploads\/2022\/12\/Bamboo-Thermos-with-Tea-Infuser-Strainer-1-768x768.webp",768,768,true],"large":["https:\/\/eco-drinkware.com\/wp-content\/uploads\/2022\/12\/Bamboo-Thermos-with-Tea-Infuser-Strainer-1.webp",800,800,false],"1536x1536":["https:\/\/eco-drinkware.com\/wp-content\/uploads\/2022\/12\/Bamboo-Thermos-with-Tea-Infuser-Strainer-1.webp",800,800,false],"2048x2048":["https:\/\/eco-drinkware.com\/wp-content\/uploads\/2022\/12\/Bamboo-Thermos-with-Tea-Infuser-Strainer-1.webp",800,800,false],"trp-custom-language-flag":["https:\/\/eco-drinkware.com\/wp-content\/uploads\/2022\/12\/Bamboo-Thermos-with-Tea-Infuser-Strainer-1.webp",12,12,false],"woocommerce_thumbnail":["https:\/\/eco-drinkware.com\/wp-content\/uploads\/2022\/12\/Bamboo-Thermos-with-Tea-Infuser-Strainer-1-300x300.webp",300,300,true],"woocommerce_single":["https:\/\/eco-drinkware.com\/wp-content\/uploads\/2022\/12\/Bamboo-Thermos-with-Tea-Infuser-Strainer-1-600x600.webp",600,600,true],"woocommerce_gallery_thumbnail":["https:\/\/eco-drinkware.com\/wp-content\/uploads\/2022\/12\/Bamboo-Thermos-with-Tea-Infuser-Strainer-1-100x100.webp",100,100,true]},"uagb_author_info":{"display_name":"Amy","author_link":"https:\/\/eco-drinkware.com\/pt\/author\/"},"uagb_comment_info":0,"uagb_excerpt":"BPA Free, okay to pass FDA and LFGB testing.All materials are eco friendly and food safe. Unique nature bamboo design ,eco friendly life style.Made of bamboo and stainless steel, giving them a unique and stylish look. Because it's real bamboo, no two are exactly the same, and each one you buy is UNIQUE to YOU!&hellip;","_links":{"self":[{"href":"https:\/\/eco-drinkware.com\/pt\/wp-json\/wp\/v2\/product\/1528","targetHints":{"allow":["GET"]}}],"collection":[{"href":"https:\/\/eco-drinkware.com\/pt\/wp-json\/wp\/v2\/product"}],"about":[{"href":"https:\/\/eco-drinkware.com\/pt\/wp-json\/wp\/v2\/types\/product"}],"wp:featuredmedia":[{"embeddable":true,"href":"https:\/\/eco-drinkware.com\/pt\/wp-json\/wp\/v2\/media\/1534"}],"wp:attachment":[{"href":"https:\/\/eco-drinkware.com\/pt\/wp-json\/wp\/v2\/media?parent=1528"}],"wp:term":[{"taxonomy":"product_brand","embeddable":true,"href":"https:\/\/eco-drinkware.com\/pt\/wp-json\/wp\/v2\/product_brand?post=1528"},{"taxonomy":"product_cat","embeddable":true,"href":"https:\/\/eco-drinkware.com\/pt\/wp-json\/wp\/v2\/product_cat?post=1528"},{"taxonomy":"product_tag","embeddable":true,"href":"https:\/\/eco-drinkware.com\/pt\/wp-json\/wp\/v2\/product_tag?post=1528"}],"curies":[{"name":"wp","href":"https:\/\/api.w.org\/{rel}","templated":true}]}}