{"id":1658,"date":"2023-02-19T23:44:25","date_gmt":"2023-02-19T15:44:25","guid":{"rendered":"https:\/\/eco-drinkware.com\/?post_type=product&#038;p=1658"},"modified":"2023-07-04T15:46:25","modified_gmt":"2023-07-04T07:46:25","slug":"copo-de-aco-inoxidavel-de-40-oz-personalizado-por-atacado-stanley-the-quencher-flowstate-adventure","status":"publish","type":"product","link":"https:\/\/eco-drinkware.com\/pt\/product\/copo-de-aco-inoxidavel-de-40-oz-personalizado-por-atacado-stanley-the-quencher-flowstate-adventure\/","title":{"rendered":"Wholesale Custom GV074 Stanley THE QUENCHER FLOWSTATE Adventure Copo de a\u00e7o inoxid\u00e1vel de 40 oz com pega"},"content":{"rendered":"<p><\/p>\n\n\n\n<div class=\"wp-block-cover\"><span aria-hidden=\"true\" class=\"wp-block-cover__background has-black-background-color has-background-dim-60 has-background-dim\"><\/span><img loading=\"lazy\" decoding=\"async\" width=\"1000\" height=\"1000\" class=\"wp-block-cover__image-background wp-image-1640\" alt=\"\" src=\"https:\/\/eco-drinkware.com\/wp-content\/uploads\/2023\/02\/Stanley-QUENCHER-FLOWSTATE-Adventure-40-oz-Tumbler-with-handle-4.jpg\" style=\"object-position:51% 56%\" data-object-fit=\"cover\" data-object-position=\"51% 56%\" srcset=\"https:\/\/eco-drinkware.com\/wp-content\/uploads\/2023\/02\/Stanley-QUENCHER-FLOWSTATE-Adventure-40-oz-Tumbler-with-handle-4.jpg 1000w, https:\/\/eco-drinkware.com\/wp-content\/uploads\/2023\/02\/Stanley-QUENCHER-FLOWSTATE-Adventure-40-oz-Tumbler-with-handle-4-300x300.jpg 300w, https:\/\/eco-drinkware.com\/wp-content\/uploads\/2023\/02\/Stanley-QUENCHER-FLOWSTATE-Adventure-40-oz-Tumbler-with-handle-4-150x150.jpg 150w, https:\/\/eco-drinkware.com\/wp-content\/uploads\/2023\/02\/Stanley-QUENCHER-FLOWSTATE-Adventure-40-oz-Tumbler-with-handle-4-768x768.jpg 768w, https:\/\/eco-drinkware.com\/wp-content\/uploads\/2023\/02\/Stanley-QUENCHER-FLOWSTATE-Adventure-40-oz-Tumbler-with-handle-4-600x600.jpg 600w, https:\/\/eco-drinkware.com\/wp-content\/uploads\/2023\/02\/Stanley-QUENCHER-FLOWSTATE-Adventure-40-oz-Tumbler-with-handle-4-100x100.jpg 100w\" sizes=\"auto, (max-width: 1000px) 100vw, 1000px\" \/><div class=\"wp-block-cover__inner-container is-layout-flow wp-block-cover-is-layout-flow\">\n<h2 class=\"has-text-align-center has-white-color has-text-color has-x-large-font-size wp-block-heading\">CORES<\/h2>\n\n\n\n<p class=\"has-text-align-center has-white-color has-text-color has-large-font-size\">Todas as cores PMS s\u00e3o poss\u00edveis.<\/p>\n\n\n\n<p class=\"has-text-align-center has-white-color has-text-color\">N\u00f3s podemos fazer qualquer cor para os clientes. A cor PMS \u00e9 bem-vinda. . <br>Tanto o corpo como a tampa podem ser coloridos com PMS<\/p>\n<\/div><\/div>\n\n\n\n<p><\/p>\n\n\n\n<p><\/p>\n\n\n\n<div class=\"wp-block-media-text alignwide is-stacked-on-mobile\"><figure class=\"wp-block-media-text__media\"><img loading=\"lazy\" decoding=\"async\" width=\"1000\" height=\"1000\" src=\"https:\/\/eco-drinkware.com\/wp-content\/uploads\/2023\/02\/Stanley-QUENCHER-FLOWSTATE-Adventure-40-oz-Tumbler-with-handle-3.jpg\" alt=\"\" class=\"wp-image-1643 size-full\" srcset=\"https:\/\/eco-drinkware.com\/wp-content\/uploads\/2023\/02\/Stanley-QUENCHER-FLOWSTATE-Adventure-40-oz-Tumbler-with-handle-3.jpg 1000w, https:\/\/eco-drinkware.com\/wp-content\/uploads\/2023\/02\/Stanley-QUENCHER-FLOWSTATE-Adventure-40-oz-Tumbler-with-handle-3-300x300.jpg 300w, https:\/\/eco-drinkware.com\/wp-content\/uploads\/2023\/02\/Stanley-QUENCHER-FLOWSTATE-Adventure-40-oz-Tumbler-with-handle-3-150x150.jpg 150w, https:\/\/eco-drinkware.com\/wp-content\/uploads\/2023\/02\/Stanley-QUENCHER-FLOWSTATE-Adventure-40-oz-Tumbler-with-handle-3-768x768.jpg 768w, https:\/\/eco-drinkware.com\/wp-content\/uploads\/2023\/02\/Stanley-QUENCHER-FLOWSTATE-Adventure-40-oz-Tumbler-with-handle-3-600x600.jpg 600w, https:\/\/eco-drinkware.com\/wp-content\/uploads\/2023\/02\/Stanley-QUENCHER-FLOWSTATE-Adventure-40-oz-Tumbler-with-handle-3-100x100.jpg 100w\" sizes=\"auto, (max-width: 1000px) 100vw, 1000px\" \/><\/figure><div class=\"wp-block-media-text__content\">\n<h2 class=\"wp-block-heading\">100% Material seguro e sem BPA<\/h2>\n\n\n\n<p><strong>Copo<\/strong>: A\u00e7o inoxid\u00e1vel 18\/8, tamb\u00e9m lhe chamamos a\u00e7o inoxid\u00e1vel 304. . <\/p>\n\n\n\n<p><strong>Tampa<\/strong>: pp, silicone . <\/p>\n\n\n\n<p><strong>Palha<\/strong>: PP . <\/p>\n\n\n\n<p>Todos os materiais n\u00e3o s\u00e3o t\u00f3xicos. <\/p>\n\n\n\n<p>A tend\u00eancia \u00e9 utilizar garrafas de \u00e1gua duradouras em vez de garrafas de pl\u00e1stico descart\u00e1veis, para que o mundo seja mais limpo e bonito.<\/p>\n<\/div><\/div>\n\n\n\n<div class=\"wp-block-columns is-layout-flex wp-container-core-columns-is-layout-9d6595d7 wp-block-columns-is-layout-flex\">\n<div class=\"wp-block-column is-vertically-aligned-center is-layout-flow wp-block-column-is-layout-flow\">\n<figure class=\"wp-block-image size-full\"><img loading=\"lazy\" decoding=\"async\" width=\"1000\" height=\"1000\" src=\"https:\/\/eco-drinkware.com\/wp-content\/uploads\/2022\/12\/16OZ-double-wall-insulated-bamboo-tumbler-1.webp\" alt=\"\" class=\"wp-image-1525\" srcset=\"https:\/\/eco-drinkware.com\/wp-content\/uploads\/2022\/12\/16OZ-double-wall-insulated-bamboo-tumbler-1.webp 1000w, https:\/\/eco-drinkware.com\/wp-content\/uploads\/2022\/12\/16OZ-double-wall-insulated-bamboo-tumbler-1-300x300.webp 300w, https:\/\/eco-drinkware.com\/wp-content\/uploads\/2022\/12\/16OZ-double-wall-insulated-bamboo-tumbler-1-150x150.webp 150w, https:\/\/eco-drinkware.com\/wp-content\/uploads\/2022\/12\/16OZ-double-wall-insulated-bamboo-tumbler-1-768x768.webp 768w, https:\/\/eco-drinkware.com\/wp-content\/uploads\/2022\/12\/16OZ-double-wall-insulated-bamboo-tumbler-1-600x600.webp 600w, https:\/\/eco-drinkware.com\/wp-content\/uploads\/2022\/12\/16OZ-double-wall-insulated-bamboo-tumbler-1-100x100.webp 100w\" sizes=\"auto, (max-width: 1000px) 100vw, 1000px\" \/><\/figure>\n\n\n\n<h2 class=\"has-text-align-center wp-block-heading\">LOGO<\/h2>\n\n\n\n<p class=\"has-text-align-center\">F\u00e1cil de trabalhar com o log\u00f3tipo personalizado. <br>Op\u00e7\u00f5es de log\u00f3tipo: <br>- log\u00f3tipo decalcado ,<br>- impress\u00e3o em seda ,<br>- transfer\u00eancia de calor , <br>- sublima\u00e7\u00e3o, etc. <\/p>\n\n\n\n<p class=\"has-text-align-center\">Bem-vindo a partilhar o seu log\u00f3tipo. <br>A nossa equipa enviar\u00e1 o modelo de volta<\/p>\n<\/div>\n\n\n\n<div class=\"wp-block-column is-vertically-aligned-center is-layout-flow wp-block-column-is-layout-flow\">\n<figure class=\"wp-block-image size-full\"><img loading=\"lazy\" decoding=\"async\" width=\"750\" height=\"762\" src=\"https:\/\/eco-drinkware.com\/wp-content\/uploads\/2022\/11\/82_0.webp\" alt=\"\" class=\"wp-image-1002\" srcset=\"https:\/\/eco-drinkware.com\/wp-content\/uploads\/2022\/11\/82_0.webp 750w, https:\/\/eco-drinkware.com\/wp-content\/uploads\/2022\/11\/82_0-295x300.webp 295w, https:\/\/eco-drinkware.com\/wp-content\/uploads\/2022\/11\/82_0-148x150.webp 148w, https:\/\/eco-drinkware.com\/wp-content\/uploads\/2022\/11\/82_0-600x610.webp 600w\" sizes=\"auto, (max-width: 750px) 100vw, 750px\" \/><\/figure>\n\n\n\n<h2 class=\"has-text-align-center wp-block-heading\">Padr\u00e3o<\/h2>\n\n\n\n<p class=\"has-text-align-center\">O padr\u00e3o personalizado pode ser impresso e pode ser efectuado atrav\u00e9s de v\u00e1rias t\u00e9cnicas de impress\u00e3o: <br>- serigrafia, <br>- impress\u00e3o por transfer\u00eancia t\u00e9rmica, <br>- impress\u00e3o por transfer\u00eancia de \u00e1gua, <br>- transfer\u00eancia por sublima\u00e7\u00e3o, etc<\/p>\n<\/div>\n<\/div>\n\n\n\n<div class=\"wp-block-columns is-layout-flex wp-container-core-columns-is-layout-9d6595d7 wp-block-columns-is-layout-flex\">\n<div class=\"wp-block-column is-vertically-aligned-center is-layout-flow wp-block-column-is-layout-flow\">\n<figure class=\"wp-block-image size-full\"><img loading=\"lazy\" decoding=\"async\" width=\"750\" height=\"551\" src=\"https:\/\/eco-drinkware.com\/wp-content\/uploads\/2022\/11\/4-1.webp\" alt=\"\" class=\"wp-image-1480\" srcset=\"https:\/\/eco-drinkware.com\/wp-content\/uploads\/2022\/11\/4-1.webp 750w, https:\/\/eco-drinkware.com\/wp-content\/uploads\/2022\/11\/4-1-300x220.webp 300w, https:\/\/eco-drinkware.com\/wp-content\/uploads\/2022\/11\/4-1-150x110.webp 150w, https:\/\/eco-drinkware.com\/wp-content\/uploads\/2022\/11\/4-1-600x441.webp 600w\" sizes=\"auto, (max-width: 750px) 100vw, 750px\" \/><\/figure>\n\n\n\n<h2 class=\"has-text-align-center wp-block-heading\">Embalagem<\/h2>\n\n\n\n<p class=\"has-text-align-center\">caixa branca, caixa impressa personalizada, caixa cil\u00edndrica, saco de bolhas, caixa de presente, qualquer pacote de design personalizado \u00e9 bem-vindo, etc<\/p>\n<\/div>\n\n\n\n<div class=\"wp-block-column is-vertically-aligned-top is-layout-flow wp-block-column-is-layout-flow\">\n<figure class=\"wp-block-image size-full\"><img loading=\"lazy\" decoding=\"async\" width=\"581\" height=\"210\" src=\"https:\/\/eco-drinkware.com\/wp-content\/uploads\/2023\/02\/image-1.png\" alt=\"\" class=\"wp-image-1669\" srcset=\"https:\/\/eco-drinkware.com\/wp-content\/uploads\/2023\/02\/image-1.png 581w, https:\/\/eco-drinkware.com\/wp-content\/uploads\/2023\/02\/image-1-300x108.png 300w, https:\/\/eco-drinkware.com\/wp-content\/uploads\/2023\/02\/image-1-150x54.png 150w\" sizes=\"auto, (max-width: 581px) 100vw, 581px\" \/><\/figure>\n\n\n\n<figure class=\"wp-block-image size-full\"><img loading=\"lazy\" decoding=\"async\" width=\"581\" height=\"210\" src=\"https:\/\/eco-drinkware.com\/wp-content\/uploads\/2023\/02\/image.png\" alt=\"\" class=\"wp-image-1668\" srcset=\"https:\/\/eco-drinkware.com\/wp-content\/uploads\/2023\/02\/image.png 581w, https:\/\/eco-drinkware.com\/wp-content\/uploads\/2023\/02\/image-300x108.png 300w, https:\/\/eco-drinkware.com\/wp-content\/uploads\/2023\/02\/image-150x54.png 150w\" sizes=\"auto, (max-width: 581px) 100vw, 581px\" \/><\/figure>\n\n\n\n<h2 class=\"has-text-align-center wp-block-heading\">Revestimento<\/h2>\n\n\n\n<p class=\"has-text-align-center\">sem revestimento (a\u00e7o inoxid\u00e1vel escovado), pintura por pulveriza\u00e7\u00e3o, revestimento em p\u00f3, revestimento em cobre, etc.<\/p>\n<\/div>\n<\/div>","protected":false},"excerpt":{"rendered":"<p>LFGB e FDA aprovado venda quente stanley 40OZ copo de a\u00e7o inoxid\u00e1vel com al\u00e7a ao lado, BPA Free eco friendly 18\/8 material de a\u00e7o inoxid\u00e1vel. resist\u00eancia a arranh\u00f5es. Bom para a nossa sa\u00fade. <br \/><strong>Grande abertura da boca<\/strong>: Pr\u00e1tico para colocar cubos de gelo e beber Mant\u00e9m a \u00e1gua quente durante 12 horas e fria durante 24 horas<\/p>\n<p><strong>\u00c0 prova de ferrugem e de derrames<\/strong> <br \/><strong>Capacidade<\/strong>:40OZ\/1200ml <br \/>Acabamento dur\u00e1vel revestido a p\u00f3 com log\u00f3tipo personalizado gravado a laser ou impresso. <br \/>Pega grande na lateral para facilitar o transporte. <br \/>Com palhinha adaptada para beber facilmente <br \/><strong>Sem suor:<\/strong>\u00a0Esta garrafa de \u00e1gua em a\u00e7o inoxid\u00e1vel nunca transpira quando cheia com \u00e1gua gelada e n\u00e3o queima as m\u00e3os quando cheia com \u00e1gua quente. <strong>Dur\u00e1vel e resistente:\u00a0<\/strong>esta garrafa de \u00e1gua de a\u00e7o inoxid\u00e1vel com isolamento \u00e9 feita de uma estrutura de a\u00e7o inoxid\u00e1vel de parede dupla, que \u00e9 forte e dur\u00e1vel. <br \/>lav\u00e1vel na m\u00e1quina de lavar lou\u00e7a, adequado para todos os suportes, suporte para carro, suporte para mochila e suporte para bicicleta.<\/p>","protected":false},"featured_media":1643,"template":"","meta":{"_acf_changed":false,"_seopress_robots_primary_cat":"none","_seopress_titles_title":"","_seopress_titles_desc":"","_seopress_robots_index":"","_uag_custom_page_level_css":""},"product_brand":[],"product_cat":[40,19,24],"product_tag":[],"class_list":{"0":"post-1658","1":"product","2":"type-product","3":"status-publish","4":"has-post-thumbnail","6":"product_cat-stainless-steel-tumbler","7":"product_cat-stainless-steel-water-bottle","8":"product_cat-tumblers-mugs","10":"first","11":"instock","12":"shipping-taxable","13":"product-type-simple"},"acf":[],"uagb_featured_image_src":{"full":["https:\/\/eco-drinkware.com\/wp-content\/uploads\/2023\/02\/Stanley-QUENCHER-FLOWSTATE-Adventure-40-oz-Tumbler-with-handle-3.jpg",1000,1000,false],"thumbnail":["https:\/\/eco-drinkware.com\/wp-content\/uploads\/2023\/02\/Stanley-QUENCHER-FLOWSTATE-Adventure-40-oz-Tumbler-with-handle-3-150x150.jpg",150,150,true],"medium":["https:\/\/eco-drinkware.com\/wp-content\/uploads\/2023\/02\/Stanley-QUENCHER-FLOWSTATE-Adventure-40-oz-Tumbler-with-handle-3-300x300.jpg",300,300,true],"medium_large":["https:\/\/eco-drinkware.com\/wp-content\/uploads\/2023\/02\/Stanley-QUENCHER-FLOWSTATE-Adventure-40-oz-Tumbler-with-handle-3-768x768.jpg",768,768,true],"large":["https:\/\/eco-drinkware.com\/wp-content\/uploads\/2023\/02\/Stanley-QUENCHER-FLOWSTATE-Adventure-40-oz-Tumbler-with-handle-3.jpg",1000,1000,false],"1536x1536":["https:\/\/eco-drinkware.com\/wp-content\/uploads\/2023\/02\/Stanley-QUENCHER-FLOWSTATE-Adventure-40-oz-Tumbler-with-handle-3.jpg",1000,1000,false],"2048x2048":["https:\/\/eco-drinkware.com\/wp-content\/uploads\/2023\/02\/Stanley-QUENCHER-FLOWSTATE-Adventure-40-oz-Tumbler-with-handle-3.jpg",1000,1000,false],"trp-custom-language-flag":["https:\/\/eco-drinkware.com\/wp-content\/uploads\/2023\/02\/Stanley-QUENCHER-FLOWSTATE-Adventure-40-oz-Tumbler-with-handle-3.jpg",12,12,false],"woocommerce_thumbnail":["https:\/\/eco-drinkware.com\/wp-content\/uploads\/2023\/02\/Stanley-QUENCHER-FLOWSTATE-Adventure-40-oz-Tumbler-with-handle-3-300x300.jpg",300,300,true],"woocommerce_single":["https:\/\/eco-drinkware.com\/wp-content\/uploads\/2023\/02\/Stanley-QUENCHER-FLOWSTATE-Adventure-40-oz-Tumbler-with-handle-3-600x600.jpg",600,600,true],"woocommerce_gallery_thumbnail":["https:\/\/eco-drinkware.com\/wp-content\/uploads\/2023\/02\/Stanley-QUENCHER-FLOWSTATE-Adventure-40-oz-Tumbler-with-handle-3-100x100.jpg",100,100,true]},"uagb_author_info":{"display_name":"Amy","author_link":"https:\/\/eco-drinkware.com\/pt\/author\/"},"uagb_comment_info":0,"uagb_excerpt":"LFGB and FDA approved hot selling stanley 40OZ stainless steel tumbler with handle at side, BPA Free eco friendly 18\/8 stainless steel material. scratching resistance. Good for our healthy. Big mouth opening: Convenient for putting ice cubes and drinking Keeps water hot for 12 hours and cold for 24 hours Rust-proof and spill proof Capacity:40OZ\/1200ml&hellip;","_links":{"self":[{"href":"https:\/\/eco-drinkware.com\/pt\/wp-json\/wp\/v2\/product\/1658","targetHints":{"allow":["GET"]}}],"collection":[{"href":"https:\/\/eco-drinkware.com\/pt\/wp-json\/wp\/v2\/product"}],"about":[{"href":"https:\/\/eco-drinkware.com\/pt\/wp-json\/wp\/v2\/types\/product"}],"wp:featuredmedia":[{"embeddable":true,"href":"https:\/\/eco-drinkware.com\/pt\/wp-json\/wp\/v2\/media\/1643"}],"wp:attachment":[{"href":"https:\/\/eco-drinkware.com\/pt\/wp-json\/wp\/v2\/media?parent=1658"}],"wp:term":[{"taxonomy":"product_brand","embeddable":true,"href":"https:\/\/eco-drinkware.com\/pt\/wp-json\/wp\/v2\/product_brand?post=1658"},{"taxonomy":"product_cat","embeddable":true,"href":"https:\/\/eco-drinkware.com\/pt\/wp-json\/wp\/v2\/product_cat?post=1658"},{"taxonomy":"product_tag","embeddable":true,"href":"https:\/\/eco-drinkware.com\/pt\/wp-json\/wp\/v2\/product_tag?post=1658"}],"curies":[{"name":"wp","href":"https:\/\/api.w.org\/{rel}","templated":true}]}}