{"id":1909,"date":"2023-06-04T21:49:43","date_gmt":"2023-06-04T13:49:43","guid":{"rendered":"https:\/\/eco-drinkware.com\/?post_type=product&#038;p=1909"},"modified":"2023-07-04T15:46:11","modified_gmt":"2023-07-04T07:46:11","slug":"gv024-frasco-de-parede-dupla-isolado-seguro-para-alimentos-de-12-oz-18-oz-22-oz-25-oz-32-oz-hidro-frasco-com-muitas-tampas-disponiveis","status":"publish","type":"product","link":"https:\/\/eco-drinkware.com\/pt\/product\/gv024-frasco-de-parede-dupla-isolado-seguro-para-alimentos-de-12-oz-18-oz-22-oz-25-oz-32-oz-hidro-frasco-com-muitas-tampas-disponiveis\/","title":{"rendered":"GV024 frasco de parede dupla isolado, seguro para alimentos 12OZ 18oZ 22OZ 25OZ 32OZ hydro flask com muitas tampas dispon\u00edveis"},"content":{"rendered":"<h2 class=\"wp-block-heading\">Carater\u00edsticas do produto:<\/h2>\n\n\n\n<p>Material: a\u00e7o inoxid\u00e1vel 18\/8, tamb\u00e9m designado por a\u00e7o inoxid\u00e1vel 304. Tampa: pp, silicone .<br>100% Sem BPA e com seguran\u00e7a para a sa\u00fade. Todos os materiais n\u00e3o s\u00e3o t\u00f3xicos. A tend\u00eancia \u00e9 utilizar garrafas de \u00e1gua duradouras em vez de garrafas de pl\u00e1stico descart\u00e1veis, para que o mundo seja mais limpo e bonito.<br>As tampas s\u00e3o \u00e0 prova de fugas. N\u00e3o h\u00e1 fugas. O cliente pode colocar esta caneca de caf\u00e9 no saco ou em qualquer outro lugar.<br>Este frasco de a\u00e7o inoxid\u00e1vel \u00e9 isolado com parede dupla e revestido a cobre, \u00e9 uma garrafa de \u00e1gua reutiliz\u00e1vel. A sua constru\u00e7\u00e3o com isolamento de parede dupla mant\u00e9m a \u00e1gua quente durante 12 horas e fria durante 24 horas. Use esta garrafa de \u00e1gua reutiliz\u00e1vel e sinta-se hidratado durante todo o dia. Use esta garrafa de \u00e1gua reutiliz\u00e1vel e sinta-se hidratado durante todo o dia. .<br>Est\u00e3o dispon\u00edveis v\u00e1rias op\u00e7\u00f5es de tampas. O cliente pode escolher 2 ou 3 tampas para combinar com uma garrafa. Assim, o cliente pode mudar a tampa por dia. Algumas com palhinha no interior, outras com tampa basculante para beber facilmente com uma m\u00e3o. De qualquer forma, encontrar\u00e1 uma excelente para si.<br>Cor: N\u00f3s podemos fazer qualquer cor para os clientes. A cor PMS \u00e9 bem-vinda. Tanto o corpo como a tampa podem fazer a cor PMS.<br>Esta garrafa t\u00e9rmica em forma de bala \u00e9 boa para adultos, f\u00e1cil de levar para acampar, caminhar, correr e assim por diante, perfeita para beber \u00e1gua, sumo e caf\u00e9.<br>Revestimento: sem revestimento (a\u00e7o inoxid\u00e1vel escovado), pintura por pulveriza\u00e7\u00e3o, revestimento em p\u00f3, revestimento de cobre, etc.<br>Padr\u00e3o: o padr\u00e3o personalizado pode ser impresso e pode ser feito atrav\u00e9s de v\u00e1rias t\u00e9cnicas de impress\u00e3o: impress\u00e3o serigr\u00e1fica, impress\u00e3o por transfer\u00eancia de calor, impress\u00e3o por transfer\u00eancia de \u00e1gua, transfer\u00eancia por sublima\u00e7\u00e3o, etc.<br>Log\u00f3tipo: F\u00e1cil de trabalhar com o log\u00f3tipo personalizado. As op\u00e7\u00f5es de log\u00f3tipo incluem: log\u00f3tipo de decalque, impress\u00e3o em seda, transfer\u00eancia de calor, sublima\u00e7\u00e3o, etc. Bem-vindo a partilhar o seu log\u00f3tipo. A nossa equipa enviar\u00e1 um modelo de volta.<br>Caixa de embalagem: caixa branca, caixa impressa personalizada, caixa de cilindro, saco de bolha, caixa de presente, qualquer pacote de design personalizado \u00e9 bem-vindo, etc<br>Copo de a\u00e7o inoxid\u00e1vel seguro para a m\u00e1quina de lavar loi\u00e7a. Pode ser lavado na m\u00e1quina de lavar.<br>Uma garrafa de cola com isolamento de parede dupla \u00e9 um recipiente concebido para manter as bebidas gaseificadas, como refrigerantes ou cola, a uma temperatura constante enquanto se desloca. A garrafa apresenta normalmente uma constru\u00e7\u00e3o de parede dupla com um espa\u00e7o selado a v\u00e1cuo entre as paredes interior e exterior, o que proporciona excelentes propriedades de isolamento.<br>O espa\u00e7o selado a v\u00e1cuo entre as paredes actua como uma barreira para evitar que o calor entre ou saia da garrafa. Isto ajuda a manter as bebidas quentes, como caf\u00e9, ch\u00e1 ou sopa, quentes durante v\u00e1rias horas, enquanto as bebidas frias, como \u00e1gua, sumo ou refrigerante, permanecem frias durante um per\u00edodo prolongado.<br>As garrafas isoladas s\u00e3o uma excelente escolha para pessoas que querem manter as suas bebidas a uma temperatura constante enquanto est\u00e3o em movimento, quer estejam a fazer caminhadas, a acampar, a viajar ou simplesmente a deslocar-se para o trabalho.<br>Especializada no fabrico e exporta\u00e7\u00e3o de todos os tipos de artigos para beber, como garrafas de \u00e1gua, copos por atacado, recipientes para alimentos, tigelas para c\u00e3es, tigelas para salada, refrigeradores de latas. A Eco Drinkware possui linhas de produ\u00e7\u00e3o automatizadas e de alta efici\u00eancia. Abra\u00e7amos a Ind\u00fastria4.0 e mantemo-nos competitivos na ind\u00fastria. A produ\u00e7\u00e3o automatizada torna os nossos produtos mais baratos e mais competitivos em termos de pre\u00e7o.<br>Os produtos Eco Drinkware s\u00e3o fabricados por OEM e ODM. Com os melhores engenheiros profissionais com mais de 10 anos de experi\u00eancia na ind\u00fastria de fabrica\u00e7\u00e3o de garrafas de \u00e1gua, \u00e9 f\u00e1cil transformar sua ideia em produtos reais.<br>Fazemos inspe\u00e7\u00e3o de qualidade em linha para garantir que a produ\u00e7\u00e3o corre bem e n\u00e3o h\u00e1 qualquer erro. Se houver algum erro, podemos corrigi-lo a tempo de poupar custos. A qualidade \u00e9 a nossa cultura, confiamos que a qualidade traz mais para os clientes e fabricantes. Se optar pela Eco Drinkware, obter\u00e1 mais clientes e mais mercado, bem como uma boa reputa\u00e7\u00e3o junto dos clientes. Porque a nossa equipa tem o prazer de se aperfei\u00e7oar e de melhorar os produtos para ser excelente na nossa ind\u00fastria.<br>M\u00e9todo de envio: FOB, CIF, DDU, DDP por comboio ou mar para clientes globais.<\/p>\n\n\n\n<figure class=\"wp-block-image\"><img loading=\"lazy\" decoding=\"async\" width=\"1000\" height=\"1000\" src=\"https:\/\/eco-drinkware.com\/wp-content\/uploads\/2023\/06\/gv024-1-2.png\" alt=\"gv024 frasco de parede dupla isolado, seguro para alimentos, de 12 oz 18 oz 22 oz 25 oz 32 oz hidro frasco com muitas tampas dispon\u00edveis\" class=\"wp-image-1914\" srcset=\"https:\/\/eco-drinkware.com\/wp-content\/uploads\/2023\/06\/gv024-1-2.png 1000w, https:\/\/eco-drinkware.com\/wp-content\/uploads\/2023\/06\/gv024-1-2-300x300.png 300w, https:\/\/eco-drinkware.com\/wp-content\/uploads\/2023\/06\/gv024-1-2-150x150.png 150w, https:\/\/eco-drinkware.com\/wp-content\/uploads\/2023\/06\/gv024-1-2-768x768.png 768w, https:\/\/eco-drinkware.com\/wp-content\/uploads\/2023\/06\/gv024-1-2-600x600.png 600w, https:\/\/eco-drinkware.com\/wp-content\/uploads\/2023\/06\/gv024-1-2-100x100.png 100w\" sizes=\"auto, (max-width: 1000px) 100vw, 1000px\" \/><\/figure>\n\n\n\n<div class=\"wp-block-cover is-light\"><span aria-hidden=\"true\" class=\"wp-block-cover__background has-background-dim\"><\/span><img loading=\"lazy\" decoding=\"async\" width=\"500\" height=\"456\" class=\"wp-block-cover__image-background wp-image-1915\" alt=\"gv024 frasco de parede dupla isolado, seguro para alimentos, de 12 oz 18 oz 22 oz 25 oz 32 oz hidro frasco com muitas tampas dispon\u00edveis\" src=\"https:\/\/eco-drinkware.com\/wp-content\/uploads\/2023\/06\/watm7et75i1dkz1i47.jpg\" data-object-fit=\"cover\" srcset=\"https:\/\/eco-drinkware.com\/wp-content\/uploads\/2023\/06\/watm7et75i1dkz1i47.jpg 500w, https:\/\/eco-drinkware.com\/wp-content\/uploads\/2023\/06\/watm7et75i1dkz1i47-300x274.jpg 300w, https:\/\/eco-drinkware.com\/wp-content\/uploads\/2023\/06\/watm7et75i1dkz1i47-150x137.jpg 150w\" sizes=\"auto, (max-width: 500px) 100vw, 500px\" \/><div class=\"wp-block-cover__inner-container is-layout-flow wp-block-cover-is-layout-flow\">\n<p class=\"has-text-align-center has-large-font-size\"><strong>Op\u00e7\u00f5es de tampa<\/strong><\/p>\n<\/div><\/div>\n\n\n\n<h2 class=\"wp-block-heading\">Especifica\u00e7\u00f5es do produto:<\/h2>\n\n\n\n<p><\/p>\n\n\n\n<div class=\"wp-block-columns is-layout-flex wp-container-core-columns-is-layout-9d6595d7 wp-block-columns-is-layout-flex\">\n<div class=\"wp-block-column is-layout-flow wp-block-column-is-layout-flow\"><\/div>\n\n\n\n<div class=\"wp-block-column is-layout-flow wp-block-column-is-layout-flow\"><\/div>\n<\/div>\n\n\n\n<div class=\"wp-block-columns is-layout-flex wp-container-core-columns-is-layout-9d6595d7 wp-block-columns-is-layout-flex\">\n<div class=\"wp-block-column is-layout-flow wp-block-column-is-layout-flow\" style=\"flex-basis:100%\">\n<p><\/p>\n\n\n\n<figure class=\"wp-block-table is-style-stripes\"><table><tbody><tr><td>N\u00famero do item<\/td><td>GV024<\/td><\/tr><tr><td>Capacidade<\/td><td>\u00a012OZ 18oZ 22OZ 25OZ 32OZ 64OZ<\/td><\/tr><tr><td>Isolado<\/td><td>Sim\u00a0\u00a0\u00a0\u00a0\u00a0\u00a0\u00a0\u00a0\u00a0\u00a0\u00a0\u00a0\u00a0<\/td><\/tr><tr><td>MOQ para tampa de cor personalizada<\/td><td>1000 unidades<\/td><\/tr><tr><td>Cor<\/td><td>Vermelho, prata, verde, azul, branco, preto, ouro rosa. Cor personalizada, cor PMS<\/td><\/tr><tr><td>Material<\/td><td>Interior em a\u00e7o inoxid\u00e1vel 304 e exterior em a\u00e7o inoxid\u00e1vel 201<\/td><\/tr><tr><td>Carater\u00edstica<\/td><td>Frasco de v\u00e1cuo de parede dupla, grande capacidade, design personalizado <\/td><\/tr><tr><td>MOQ<\/td><td>100 unidades<\/td><\/tr><tr><td>Log\u00f3tipo<\/td><td>Laser, impress\u00e3o de seda, transfer\u00eancia de calor, transfer\u00eancia de \u00e1gua, transfer\u00eancia de g\u00e1s, impress\u00e3o 3D, sublima\u00e7\u00e3o, etc.<\/td><\/tr><tr><td>Embalagem<\/td><td>caixa branca, caixa impressa personalizada, caixa cil\u00edndrica, saco de bolhas, caixa de oferta<\/td><\/tr><tr><td>Tempo de amostragem<\/td><td>3 dias para amostra de stock, 7 dias para amostra de log\u00f3tipo personalizado<\/td><\/tr><tr><td>Tempo de produ\u00e7\u00e3o<\/td><td>10-35 dias, dependendo da quantidade e dos requisitos<\/td><\/tr><tr><td>Sobre o pagamento<\/td><td>Transfer\u00eancia banc\u00e1ria, paypal, western union, garantia comercial<\/td><\/tr><tr><td>Pa\u00eds de origem<\/td><td>Fabricado na China<\/td><\/tr><tr><td>Origem do certificado<\/td><td>Sim, podemos oferecer<\/td><\/tr><tr><td>Nova garrafa de molde<\/td><td>Sim, temos uma nova equipa de desenvolvimento de moldes<\/td><\/tr><tr><td>Condi\u00e7\u00f5es<\/td><td>EXW,FOB,CIF, DDU, DDP<\/td><\/tr><\/tbody><\/table><\/figure>\n<\/div>\n<\/div>","protected":false},"excerpt":{"rendered":"<p>Garrafa isolada de a\u00e7o inoxid\u00e1vel de parede dupla com r\u00f3tulo personalizado aprovado pela LFGB e FDA. F\u00e1cil de fazer o design de cores e padr\u00f5es personalizados.<\/p>\n<ul>\n<li>Material de a\u00e7o inoxid\u00e1vel 18\/8 sem BPA e amigo do ambiente. Resist\u00eancia a riscos. Bom para a nossa sa\u00fade.<\/li>\n<li>Boca larga para beber facilmente. Pode colocar gelo no interior.<\/li>\n<li>Design com isolamento de parede dupla<\/li>\n<li>A tampa pode ser retirada e utilizada como um pequeno copo<\/li>\n<li>Com pega grande para f\u00e1cil transporte<\/li>\n<li>\u00c0 prova de ferrugem e de derrames<\/li>\n<li>Capacidade: 17OZ\/500ml<\/li>\n<li>Cores e desenhos personalizados s\u00e3o bem-vindos.<\/li>\n<li>Sem suor: Esta garrafa de \u00e1gua em a\u00e7o inoxid\u00e1vel nunca transpira quando cheia com \u00e1gua gelada e n\u00e3o queima as m\u00e3os quando cheia com \u00e1gua quente.<\/li>\n<li>Dur\u00e1vel e forte: esta garrafa de \u00e1gua de a\u00e7o inoxid\u00e1vel isolada \u00e9 feita de estrutura de a\u00e7o inoxid\u00e1vel de parede dupla, que \u00e9 forte e dur\u00e1vel.<\/li>\n<li>Est\u00e3o dispon\u00edveis v\u00e1rias cores<\/li>\n<li>lav\u00e1vel na m\u00e1quina de lavar lou\u00e7a, adequado para todos os suportes, suporte para carro, suporte para mochila e suporte para bicicleta.<\/li>\n<\/ul>","protected":false},"featured_media":1910,"template":"","meta":{"_acf_changed":false,"_seopress_robots_primary_cat":"none","_seopress_titles_title":"","_seopress_titles_desc":"","_seopress_robots_index":"","_uag_custom_page_level_css":""},"product_brand":[],"product_cat":[32,40,38,54,20],"product_tag":[73,66,68,71,70,72,74,69],"class_list":{"0":"post-1909","1":"product","2":"type-product","3":"status-publish","4":"has-post-thumbnail","6":"product_cat-insulated-water-bottle","7":"product_cat-stainless-steel-tumbler","8":"product_cat-sublimation-tumbler","9":"product_cat-tea-bottle-coffee-tumblers","10":"product_cat-vacuum-flask","11":"product_tag-22oz-aquaflask","12":"product_tag-500ml-bottle","13":"product_tag-500ml-thermos","14":"product_tag-bpa-free-vacuum-flask","15":"product_tag-double-wall-insulated-flask","16":"product_tag-hydro-flask","17":"product_tag-ironflask","18":"product_tag-stainless-steel-flask","20":"first","21":"instock","22":"shipping-taxable","23":"product-type-simple"},"acf":[],"uagb_featured_image_src":{"full":["https:\/\/eco-drinkware.com\/wp-content\/uploads\/2023\/06\/gv024-2-colors.jpg",1920,1920,false],"thumbnail":["https:\/\/eco-drinkware.com\/wp-content\/uploads\/2023\/06\/gv024-2-colors-150x150.jpg",150,150,true],"medium":["https:\/\/eco-drinkware.com\/wp-content\/uploads\/2023\/06\/gv024-2-colors-300x300.jpg",300,300,true],"medium_large":["https:\/\/eco-drinkware.com\/wp-content\/uploads\/2023\/06\/gv024-2-colors-768x768.jpg",768,768,true],"large":["https:\/\/eco-drinkware.com\/wp-content\/uploads\/2023\/06\/gv024-2-colors.jpg",1920,1920,false],"1536x1536":["https:\/\/eco-drinkware.com\/wp-content\/uploads\/2023\/06\/gv024-2-colors-1536x1536.jpg",1536,1536,true],"2048x2048":["https:\/\/eco-drinkware.com\/wp-content\/uploads\/2023\/06\/gv024-2-colors.jpg",1920,1920,false],"trp-custom-language-flag":["https:\/\/eco-drinkware.com\/wp-content\/uploads\/2023\/06\/gv024-2-colors.jpg",12,12,false],"woocommerce_thumbnail":["https:\/\/eco-drinkware.com\/wp-content\/uploads\/2023\/06\/gv024-2-colors-300x300.jpg",300,300,true],"woocommerce_single":["https:\/\/eco-drinkware.com\/wp-content\/uploads\/2023\/06\/gv024-2-colors-600x600.jpg",600,600,true],"woocommerce_gallery_thumbnail":["https:\/\/eco-drinkware.com\/wp-content\/uploads\/2023\/06\/gv024-2-colors-100x100.jpg",100,100,true]},"uagb_author_info":{"display_name":"Amy","author_link":"https:\/\/eco-drinkware.com\/pt\/author\/"},"uagb_comment_info":0,"uagb_excerpt":"LFGB and FDA approved custom label 500ml double wall stainless steel insulated bottle. Easy to make custtom color and pattern design. BPA Free eco friendly 18\/8 stainless steel material. scratching resistance. Good for our healthy. Wide mouth for easy drinking. Okay to put ice inside. Double wall insulated design The lid can take off use&hellip;","_links":{"self":[{"href":"https:\/\/eco-drinkware.com\/pt\/wp-json\/wp\/v2\/product\/1909","targetHints":{"allow":["GET"]}}],"collection":[{"href":"https:\/\/eco-drinkware.com\/pt\/wp-json\/wp\/v2\/product"}],"about":[{"href":"https:\/\/eco-drinkware.com\/pt\/wp-json\/wp\/v2\/types\/product"}],"wp:featuredmedia":[{"embeddable":true,"href":"https:\/\/eco-drinkware.com\/pt\/wp-json\/wp\/v2\/media\/1910"}],"wp:attachment":[{"href":"https:\/\/eco-drinkware.com\/pt\/wp-json\/wp\/v2\/media?parent=1909"}],"wp:term":[{"taxonomy":"product_brand","embeddable":true,"href":"https:\/\/eco-drinkware.com\/pt\/wp-json\/wp\/v2\/product_brand?post=1909"},{"taxonomy":"product_cat","embeddable":true,"href":"https:\/\/eco-drinkware.com\/pt\/wp-json\/wp\/v2\/product_cat?post=1909"},{"taxonomy":"product_tag","embeddable":true,"href":"https:\/\/eco-drinkware.com\/pt\/wp-json\/wp\/v2\/product_tag?post=1909"}],"curies":[{"name":"wp","href":"https:\/\/api.w.org\/{rel}","templated":true}]}}