{"id":1947,"date":"2023-07-04T17:09:11","date_gmt":"2023-07-04T09:09:11","guid":{"rendered":"https:\/\/eco-drinkware.com\/?post_type=product&#038;p=1947"},"modified":"2023-08-14T14:25:38","modified_gmt":"2023-08-14T06:25:38","slug":"gv030-custom16-oz-davids-tea-insulated-infuser-bottle-with-handle-lid","status":"publish","type":"product","link":"https:\/\/eco-drinkware.com\/pt\/product\/gv030-custom16-oz-davids-tea-insulated-infuser-bottle-with-handle-lid\/","title":{"rendered":"GV030 Custom16 OZ David's tea garrafa de infus\u00e3o isolada com tampa com pega"},"content":{"rendered":"<h2 class=\"wp-block-heading\">Carater\u00edsticas do produto:<\/h2>\n\n\n\n<p>Material: a\u00e7o inoxid\u00e1vel 18\/8, tamb\u00e9m designado por a\u00e7o inoxid\u00e1vel 304. Tampa: pp, silicone .<br>100% Sem BPA e com seguran\u00e7a para a sa\u00fade. Todos os materiais n\u00e3o s\u00e3o t\u00f3xicos. A tend\u00eancia \u00e9 utilizar garrafas de \u00e1gua duradouras em vez de garrafas de pl\u00e1stico descart\u00e1veis, para que o mundo seja mais limpo e bonito.<br>A tampa \u00e9 \u00e0 prova de fugas. N\u00e3o h\u00e1 fugas.<br>Esta garrafa de ch\u00e1 em a\u00e7o inoxid\u00e1vel \u00e9 isolada com parede dupla e revestida a cobre, \u00e9 uma garrafa de \u00e1gua reutiliz\u00e1vel. A sua constru\u00e7\u00e3o com isolamento de parede dupla mant\u00e9m a \u00e1gua quente durante 12 horas e fria durante 24 horas. Use esta garrafa de \u00e1gua reutiliz\u00e1vel e sinta-se hidratado durante todo o dia. Use esta garrafa de \u00e1gua reutiliz\u00e1vel e sinta-se hidratado durante todo o dia.<br>A tampa com pega \u00e9 perfeita para levar. \u00c9 bom para gin\u00e1sio, caminhadas e assim por diante. <br>Design simples e forma cl\u00e1ssica, perfeito para a vida moderna simples. Garrafa de ch\u00e1 muito boa para promo\u00e7\u00f5es de marca.<\/p>\n\n\n\n<p>Com parafuso infusor na tampa. Perfeito para fazer ch\u00e1. Basta colocar o ch\u00e1 dentro do infusor. Enroscar na tampa e colocar na garrafa. Poucos minutos depois, \u00e9 s\u00f3 desfrutar da sua equipa.<br>Cor: N\u00f3s podemos fazer qualquer cor para os clientes. A cor PMS \u00e9 bem-vinda. Tanto o corpo como a tampa podem fazer a cor PMS.<br>Esta garrafa de ch\u00e1 de forma reta \u00e9 boa para adultos, f\u00e1cil de levar para acampar, caminhar, correr, etc. Perfeita para beber \u00e1gua, ch\u00e1, sumo e caf\u00e9.<br>Revestimento: sem revestimento (a\u00e7o inoxid\u00e1vel escovado), pintura por pulveriza\u00e7\u00e3o, revestimento em p\u00f3, revestimento de cobre, etc.<br>Padr\u00e3o: o padr\u00e3o personalizado pode ser impresso e pode ser feito atrav\u00e9s de v\u00e1rias t\u00e9cnicas de impress\u00e3o: impress\u00e3o serigr\u00e1fica, impress\u00e3o por transfer\u00eancia de calor, impress\u00e3o por transfer\u00eancia de \u00e1gua, transfer\u00eancia por sublima\u00e7\u00e3o, etc.<br>Log\u00f3tipo: F\u00e1cil de trabalhar com o log\u00f3tipo personalizado. As op\u00e7\u00f5es de log\u00f3tipo incluem: log\u00f3tipo de decalque, impress\u00e3o em seda, transfer\u00eancia de calor, sublima\u00e7\u00e3o, etc. Bem-vindo a partilhar o seu log\u00f3tipo. A nossa equipa enviar\u00e1 um modelo de volta.<br>Caixa de embalagem: caixa branca, caixa impressa personalizada, caixa de cilindro, saco de bolha, caixa de presente, qualquer pacote de design personalizado \u00e9 bem-vindo, etc<br>Garrafa de ch\u00e1 em a\u00e7o inoxid\u00e1vel lav\u00e1vel na m\u00e1quina de lavar loi\u00e7a. Pode ser lavada na m\u00e1quina de lavar roupa.<br>Uma garrafa de ch\u00e1 isolada de parede dupla \u00e9 um recipiente concebido para manter as bebidas gaseificadas, como refrigerantes ou cola, a uma temperatura constante enquanto se est\u00e1 em viagem. A garrafa apresenta normalmente uma constru\u00e7\u00e3o de parede dupla com um espa\u00e7o selado a v\u00e1cuo entre as paredes interior e exterior, o que proporciona excelentes propriedades de isolamento.<br>O espa\u00e7o selado a v\u00e1cuo entre as paredes actua como uma barreira para evitar que o calor entre ou saia da garrafa. Isto ajuda a manter as bebidas quentes, como caf\u00e9, ch\u00e1 ou sopa, quentes durante v\u00e1rias horas, enquanto as bebidas frias, como \u00e1gua, sumo ou refrigerante, permanecem frias durante um per\u00edodo prolongado.<br>As garrafas isoladas s\u00e3o uma excelente escolha para pessoas que querem manter as suas bebidas a uma temperatura constante enquanto est\u00e3o em movimento, quer estejam a fazer caminhadas, a acampar, a viajar ou simplesmente a deslocar-se para o trabalho.<br>Especializada no fabrico e exporta\u00e7\u00e3o de todos os tipos de artigos para beber, como garrafas de \u00e1gua, copos por atacado, recipientes para alimentos, tigelas para c\u00e3es, tigelas para salada, refrigeradores de latas. A Eco Drinkware possui linhas de produ\u00e7\u00e3o automatizadas e de alta efici\u00eancia. Abra\u00e7amos a Ind\u00fastria4.0 e mantemo-nos competitivos na ind\u00fastria. A produ\u00e7\u00e3o automatizada torna os nossos produtos mais baratos e mais competitivos em termos de pre\u00e7o.<br>Os produtos Eco Drinkware s\u00e3o fabricados por OEM e ODM. Com os melhores engenheiros profissionais com mais de 10 anos de experi\u00eancia na ind\u00fastria de fabrica\u00e7\u00e3o de garrafas de \u00e1gua, \u00e9 f\u00e1cil transformar sua ideia em produtos reais.<br>Fazemos inspe\u00e7\u00e3o de qualidade em linha para garantir que a produ\u00e7\u00e3o corre bem e n\u00e3o h\u00e1 qualquer erro. Se houver algum erro, podemos corrigi-lo a tempo de poupar custos. A qualidade \u00e9 a nossa cultura, confiamos que a qualidade traz mais para os clientes e fabricantes. Se optar pela Eco Drinkware, obter\u00e1 mais clientes e mais mercado, bem como uma boa reputa\u00e7\u00e3o junto dos clientes. Porque a nossa equipa tem o prazer de se aperfei\u00e7oar e de melhorar os produtos para ser excelente na nossa ind\u00fastria.<br>M\u00e9todo de envio: FOB, CIF, DDU, DDP por comboio ou mar para clientes globais.<\/p>\n\n\n\n<div class=\"wp-block-uagb-image uagb-block-2ec4c5db wp-block-uagb-image--layout-default wp-block-uagb-image--effect-static wp-block-uagb-image--align-none\"><figure class=\"wp-block-uagb-image__figure\"><img decoding=\"async\" src=\"https:\/\/eco-drinkware.com\/wp-content\/uploads\/2023\/07\/gv030-5.jpg\" alt=\"\" width=\"1000\" height=\"1000\" title=\"\" loading=\"lazy\" \/><\/figure><\/div>\n\n\n\n<h2 class=\"wp-block-heading\">Especifica\u00e7\u00f5es do produto:<\/h2>\n\n\n\n<p><\/p>\n\n\n\n<div class=\"wp-block-columns is-layout-flex wp-container-core-columns-is-layout-9d6595d7 wp-block-columns-is-layout-flex\">\n<div class=\"wp-block-column is-layout-flow wp-block-column-is-layout-flow\"><\/div>\n\n\n\n<div class=\"wp-block-column is-layout-flow wp-block-column-is-layout-flow\"><\/div>\n<\/div>\n\n\n\n<div class=\"wp-block-columns is-layout-flex wp-container-core-columns-is-layout-9d6595d7 wp-block-columns-is-layout-flex\">\n<div class=\"wp-block-column is-layout-flow wp-block-column-is-layout-flow\" style=\"flex-basis:100%\">\n<p><\/p>\n\n\n\n<figure class=\"wp-block-table is-style-stripes\"><table><tbody><tr><td>N\u00famero do item<\/td><td>GV030<\/td><\/tr><tr><td>Capacidade<\/td><td>16OZ \/450ml<\/td><\/tr><tr><td>Isolado<\/td><td>Sim&nbsp;&nbsp;&nbsp;&nbsp;&nbsp;&nbsp;&nbsp;&nbsp;&nbsp;&nbsp;&nbsp;&nbsp;&nbsp;<\/td><\/tr><tr><td>Posi\u00e7\u00e3o do log\u00f3tipo<\/td><td>Corpo da garrafa<\/td><\/tr><tr><td>Cor<\/td><td>Vermelho, prata, verde, azul, branco, preto, ouro rosa. Cor personalizada, cor PMS<\/td><\/tr><tr><td>Material<\/td><td>Interior e exterior em a\u00e7o inoxid\u00e1vel 304, tampa de pl\u00e1stico pp nova, anel de veda\u00e7\u00e3o de silicone<\/td><\/tr><tr><td>Carater\u00edstica<\/td><td>Frasco de v\u00e1cuo de parede dupla, grande capacidade, design personalizado <\/td><\/tr><tr><td>MOQ<\/td><td>2000 unidades<\/td><\/tr><tr><td>Log\u00f3tipo<\/td><td>Laser, impress\u00e3o de seda, transfer\u00eancia de calor, transfer\u00eancia de \u00e1gua, transfer\u00eancia de g\u00e1s, impress\u00e3o 3D, sublima\u00e7\u00e3o, etc.<\/td><\/tr><tr><td>Embalagem<\/td><td>caixa branca, caixa impressa personalizada, caixa cil\u00edndrica, saco de bolhas, caixa de oferta<\/td><\/tr><tr><td>Tempo de amostragem<\/td><td>3 dias para amostra de stock, 7 dias para amostra de log\u00f3tipo personalizado<\/td><\/tr><tr><td>Tempo de produ\u00e7\u00e3o<\/td><td>10-35 dias, dependendo da quantidade e dos requisitos<\/td><\/tr><tr><td>Sobre o pagamento<\/td><td>Transfer\u00eancia banc\u00e1ria, paypal, western union, garantia comercial<\/td><\/tr><tr><td>Pa\u00eds de origem<\/td><td>Fabricado na China<\/td><\/tr><tr><td>Origem do certificado<\/td><td>Sim, podemos oferecer<\/td><\/tr><tr><td>Nova garrafa de molde<\/td><td>Sim, temos uma nova equipa de desenvolvimento de moldes<\/td><\/tr><tr><td>Condi\u00e7\u00f5es<\/td><td>EXW,FOB,CIF, DDU, DDP<\/td><\/tr><\/tbody><\/table><\/figure>\n<\/div>\n<\/div>","protected":false},"excerpt":{"rendered":"<p>Garrafa de ch\u00e1 de qualidade a um pre\u00e7o competitivo, design elegante com infusor, ideal para marcas de ch\u00e1 por grosso<\/p>\n<ul>\n<li>Material de a\u00e7o inoxid\u00e1vel 18\/8 sem BPA e amigo do ambiente. Resist\u00eancia a riscos. Bom para a nossa sa\u00fade.<\/li>\n<li>Boca larga para beber facilmente. Pode colocar gelo no interior.<\/li>\n<li>Design isolado de parede dupla, mant\u00e9m o seu ch\u00e1 fresco ou quente durante muito tempo.<\/li>\n<li>A tampa com pega \u00e9 perfeita para levar. \u00c9 ideal para gin\u00e1sio, caminhadas, etc.<\/li>\n<li>Com infusor para fazer ch\u00e1, perfeito para vender com ch\u00e1 ou outros produtos<\/li>\n<li>\u00c0 prova de ferrugem e de derrames.\u00a0<\/li>\n<li>Tamanho de 450 ml, perfeito para fazer ch\u00e1.<\/li>\n<li>Cores e desenhos personalizados s\u00e3o bem-vindos.<\/li>\n<li>Suporte a pacotes personalizados<\/li>\n<li>Sem suor: Esta garrafa de \u00e1gua em a\u00e7o inoxid\u00e1vel nunca transpira quando cheia com \u00e1gua gelada e n\u00e3o queima as m\u00e3os quando cheia com \u00e1gua quente.<\/li>\n<li>Dur\u00e1vel e forte: esta garrafa de \u00e1gua de a\u00e7o inoxid\u00e1vel isolada \u00e9 feita de estrutura de a\u00e7o inoxid\u00e1vel de parede dupla, que \u00e9 forte e dur\u00e1vel.<\/li>\n<li>Est\u00e3o dispon\u00edveis v\u00e1rias cores, apoio ao trabalho com cores personalizadas<\/li>\n<li>lav\u00e1vel na m\u00e1quina de lavar lou\u00e7a, adequado para todos os suportes, suporte para carro, suporte para mochila e suporte para bicicleta.<\/li>\n<\/ul>","protected":false},"featured_media":1948,"template":"","meta":{"_acf_changed":false,"_seopress_robots_primary_cat":"none","_seopress_titles_title":"","_seopress_titles_desc":"","_seopress_robots_index":"","_uag_custom_page_level_css":""},"product_brand":[],"product_cat":[32,40,38,54,20],"product_tag":[68,81,70,83,82],"class_list":{"0":"post-1947","1":"product","2":"type-product","3":"status-publish","4":"has-post-thumbnail","6":"product_cat-insulated-water-bottle","7":"product_cat-stainless-steel-tumbler","8":"product_cat-sublimation-tumbler","9":"product_cat-tea-bottle-coffee-tumblers","10":"product_cat-vacuum-flask","11":"product_tag-500ml-thermos","12":"product_tag-davidstea-bottle","13":"product_tag-double-wall-insulated-flask","14":"product_tag-infused-water-bottle","15":"product_tag-tea-infuser-bottle","17":"first","18":"instock","19":"shipping-taxable","20":"product-type-simple"},"acf":[],"uagb_featured_image_src":{"full":["https:\/\/eco-drinkware.com\/wp-content\/uploads\/2023\/07\/gv030-2.jpg",1000,1000,false],"thumbnail":["https:\/\/eco-drinkware.com\/wp-content\/uploads\/2023\/07\/gv030-2-150x150.jpg",150,150,true],"medium":["https:\/\/eco-drinkware.com\/wp-content\/uploads\/2023\/07\/gv030-2-300x300.jpg",300,300,true],"medium_large":["https:\/\/eco-drinkware.com\/wp-content\/uploads\/2023\/07\/gv030-2-768x768.jpg",768,768,true],"large":["https:\/\/eco-drinkware.com\/wp-content\/uploads\/2023\/07\/gv030-2.jpg",1000,1000,false],"1536x1536":["https:\/\/eco-drinkware.com\/wp-content\/uploads\/2023\/07\/gv030-2.jpg",1000,1000,false],"2048x2048":["https:\/\/eco-drinkware.com\/wp-content\/uploads\/2023\/07\/gv030-2.jpg",1000,1000,false],"trp-custom-language-flag":["https:\/\/eco-drinkware.com\/wp-content\/uploads\/2023\/07\/gv030-2.jpg",12,12,false],"woocommerce_thumbnail":["https:\/\/eco-drinkware.com\/wp-content\/uploads\/2023\/07\/gv030-2-300x300.jpg",300,300,true],"woocommerce_single":["https:\/\/eco-drinkware.com\/wp-content\/uploads\/2023\/07\/gv030-2-600x600.jpg",600,600,true],"woocommerce_gallery_thumbnail":["https:\/\/eco-drinkware.com\/wp-content\/uploads\/2023\/07\/gv030-2-100x100.jpg",100,100,true]},"uagb_author_info":{"display_name":"Amy","author_link":"https:\/\/eco-drinkware.com\/pt\/author\/"},"uagb_comment_info":0,"uagb_excerpt":"Quality tea bottle with competitive price, Elegent design with infuser.Perfect for tea brand wholesale BPA Free eco friendly 18\/8 stainless steel material. scratching resistance. Good for our healthy. Wide mouth for easy drinking. Okay to put ice inside. Double wall insulated design,keeps your tea cool or hot for long time. Handle lid is perfect to&hellip;","_links":{"self":[{"href":"https:\/\/eco-drinkware.com\/pt\/wp-json\/wp\/v2\/product\/1947","targetHints":{"allow":["GET"]}}],"collection":[{"href":"https:\/\/eco-drinkware.com\/pt\/wp-json\/wp\/v2\/product"}],"about":[{"href":"https:\/\/eco-drinkware.com\/pt\/wp-json\/wp\/v2\/types\/product"}],"wp:featuredmedia":[{"embeddable":true,"href":"https:\/\/eco-drinkware.com\/pt\/wp-json\/wp\/v2\/media\/1948"}],"wp:attachment":[{"href":"https:\/\/eco-drinkware.com\/pt\/wp-json\/wp\/v2\/media?parent=1947"}],"wp:term":[{"taxonomy":"product_brand","embeddable":true,"href":"https:\/\/eco-drinkware.com\/pt\/wp-json\/wp\/v2\/product_brand?post=1947"},{"taxonomy":"product_cat","embeddable":true,"href":"https:\/\/eco-drinkware.com\/pt\/wp-json\/wp\/v2\/product_cat?post=1947"},{"taxonomy":"product_tag","embeddable":true,"href":"https:\/\/eco-drinkware.com\/pt\/wp-json\/wp\/v2\/product_tag?post=1947"}],"curies":[{"name":"wp","href":"https:\/\/api.w.org\/{rel}","templated":true}]}}