{"id":2584,"date":"2024-10-31T15:22:16","date_gmt":"2024-10-31T07:22:16","guid":{"rendered":"https:\/\/eco-drinkware.com\/?post_type=product&#038;p=2584"},"modified":"2025-08-20T15:15:12","modified_gmt":"2025-08-20T07:15:12","slug":"gt010-gotejador-de-fundo-de-plastico-pratico-para-preparar-cha-de-folhas-soltas-perfeito-para-a-maquina-de-cha","status":"publish","type":"product","link":"https:\/\/eco-drinkware.com\/pt\/product\/gt010-gotejador-de-fundo-de-plastico-pratico-para-preparar-cha-de-folhas-soltas-perfeito-para-a-maquina-de-cha\/","title":{"rendered":"GT010 gotejador de fundo Pl\u00e1stico Handy Brew Loose Leaf Perfect Tea Steeper m\u00e1quina de ch\u00e1 Bottom Dispensing"},"content":{"rendered":"<h2 class=\"wp-block-heading\">Carater\u00edsticas do produto:<\/h2>\n\n\n\n<p>Material: pl\u00e1stico PC, peneira de a\u00e7o inoxid\u00e1vel 304<br>100% Sem BPA e com seguran\u00e7a para a sa\u00fade. Todos os materiais n\u00e3o s\u00e3o t\u00f3xicos. <br>Como utilizar este vaporizador de ch\u00e1? M\u00e1quina de ch\u00e1 perfeita para fazer ch\u00e1. Colocar ch\u00e1 e \u00e1gua dentro da m\u00e1quina de ch\u00e1. Esperar alguns minutos. Quando achar que o ch\u00e1 est\u00e1 bom. Basta colocar a m\u00e1quina de ch\u00e1 sobre a caneca de ch\u00e1. O ch\u00e1 ser\u00e1 libertado do fundo da m\u00e1quina de ch\u00e1 para a ch\u00e1vena de ch\u00e1. Retire a chaleira e desfrute do seu ch\u00e1. <br>Com pega grande, f\u00e1cil de levar a m\u00e1quina de ch\u00e1 para qualquer lado. Muito conveniente para segurar a m\u00e3o e os dedos.<br>\u25cf Design simples e forma cl\u00e1ssica, perfeito para a vida moderna e simples.<\/p>\n\n\n\n<p>Com um suporte para infusor na parte inferior. Perfeito para fazer ch\u00e1. \u00c9 uma malha de orif\u00edcio muito pequeno para infundir o ch\u00e1, basta deixar a \u00e1gua do ch\u00e1 dentro da caneca. <br>Cor: N\u00f3s podemos fazer qualquer cor para os clientes. A cor PMS \u00e9 bem-vinda. Tanto o corpo quanto a tampa podem fazer a cor PMS. A equipe da Eco Drinkware pode oferecer um modelo com design personalizado. Cor de stock: transparente, preto, castanho.<br>Padr\u00e3o: o padr\u00e3o personalizado pode ser impresso e pode ser feito por v\u00e1rias t\u00e9cnicas de impress\u00e3o: impress\u00e3o de tela de seda, impress\u00e3o de transfer\u00eancia de caloretc.<br>Log\u00f3tipo: F\u00e1cil de trabalhar com o log\u00f3tipo personalizado. As op\u00e7\u00f5es de log\u00f3tipo incluem: impress\u00e3o em seda, transfer\u00eancia de calor, sublima\u00e7\u00e3o, etc. Bem-vindo a partilhar o seu log\u00f3tipo. A nossa equipa enviar\u00e1 um modelo de volta.<br>Caixa de embalagem: caixa branca, caixa impressa personalizada, caixa de cilindro, saco de bolha, caixa de presente, qualquer pacote de design personalizado \u00e9 bem-vindo, etc<br>Pode ser lavado na m\u00e1quina de lavar loi\u00e7a e na m\u00e1quina de lavar roupa.<br>Uma garrafa de ch\u00e1 isolada de parede dupla \u00e9 um recipiente concebido para manter as bebidas gaseificadas, como refrigerantes ou cola, a uma temperatura constante enquanto se est\u00e1 em viagem. A garrafa apresenta normalmente uma constru\u00e7\u00e3o de parede dupla com um espa\u00e7o selado a v\u00e1cuo entre as paredes interior e exterior, o que proporciona excelentes propriedades de isolamento.<br>Esta m\u00e1quina de ch\u00e1 tem um design muito agrad\u00e1vel para fazer ch\u00e1, aproveite a vida do ch\u00e1. \u00c9 muito boa para vender numa loja de ch\u00e1. Bom acess\u00f3rio para a marca de ch\u00e1. Imprima a sua marca nela e ofere\u00e7a mais op\u00e7\u00f5es para o cliente final.<br>Especializada no fabrico e exporta\u00e7\u00e3o de todos os tipos de bebidas, tais como garrafas de \u00e1gua, copos por atacado, recipientes para alimentos, tigelas para c\u00e3es, tigelas de salada, refrigeradores de latas, garrafas de vidro, garrafas de bambu. A Eco Drinkware possui linhas de produ\u00e7\u00e3o automatizadas e altamente eficientes. Abra\u00e7amos a Ind\u00fastria4.0 e mantemo-nos competitivos na ind\u00fastria. A produ\u00e7\u00e3o automatizada torna os nossos produtos mais baratos e mais competitivos em termos de pre\u00e7o.<br>Os produtos Eco Drinkware s\u00e3o fabricados por OEM e ODM. Com os melhores engenheiros profissionais com mais de 10 anos de experi\u00eancia na ind\u00fastria de fabrica\u00e7\u00e3o de garrafas de \u00e1gua, \u00e9 f\u00e1cil transformar sua ideia em produtos reais.<br>Fazemos inspe\u00e7\u00e3o de qualidade em linha para garantir que a produ\u00e7\u00e3o corre bem e n\u00e3o h\u00e1 qualquer erro. Se houver algum erro, podemos corrigi-lo a tempo de poupar custos. A qualidade \u00e9 a nossa cultura, confiamos que a qualidade traz mais para os clientes e fabricantes. Se optar pela Eco Drinkware, obter\u00e1 mais clientes e mais mercado, bem como uma boa reputa\u00e7\u00e3o junto dos clientes. Porque a nossa equipa tem o prazer de se aperfei\u00e7oar e de melhorar os produtos para ser excelente na nossa ind\u00fastria.<br>M\u00e9todo de envio: FOB, CIF, DDU, DDP por comboio ou mar para clientes globais.<\/p>\n\n\n\n<div class=\"wp-block-uagb-image uagb-block-ebf0aa1f wp-block-uagb-image--layout-default wp-block-uagb-image--effect-static wp-block-uagb-image--align-none\"><figure class=\"wp-block-uagb-image__figure\"><img decoding=\"async\" srcset=\"https:\/\/eco-drinkware.com\/wp-content\/uploads\/2024\/10\/bottom-dripper-tea-steeper-2.jpg ,https:\/\/eco-drinkware.com\/wp-content\/uploads\/2024\/10\/bottom-dripper-tea-steeper-2.jpg 780w, https:\/\/eco-drinkware.com\/wp-content\/uploads\/2024\/10\/bottom-dripper-tea-steeper-2.jpg 360w\" sizes=\"auto, (max-width: 480px) 150px\" src=\"https:\/\/eco-drinkware.com\/wp-content\/uploads\/2024\/10\/bottom-dripper-tea-steeper-2.jpg\" alt=\"gt010 gotejador de fundo de pl\u00e1stico pr\u00e1tico para preparar ch\u00e1 de folhas soltas perfeito para a m\u00e1quina de ch\u00e1\" class=\"uag-image-2585\" width=\"1000\" height=\"1000\" title=\"gt010 gotejador de fundo de pl\u00e1stico pr\u00e1tico para preparar ch\u00e1 de folhas soltas perfeito para a m\u00e1quina de ch\u00e1\" loading=\"lazy\" role=\"img\"\/><\/figure><\/div>\n\n\n\n<figure class=\"wp-block-table\"><table class=\"has-fixed-layout\"><tbody><tr><td>N\u00famero do item<\/td><td>GT010<\/td><\/tr><tr><td>Capacidade<\/td><td>20OZ \/600ml<\/td><\/tr><tr><td>Isolado<\/td><td>n\u00e3o&nbsp;&nbsp;&nbsp;&nbsp;&nbsp;&nbsp;&nbsp;&nbsp;&nbsp;&nbsp;&nbsp;&nbsp;<\/td><\/tr><tr><td>Posi\u00e7\u00e3o do log\u00f3tipo<\/td><td>Corpo da garrafa<\/td><\/tr><tr><td>Cor<\/td><td>transparente, preto, castanho .cor personalizada, cor PMS<\/td><\/tr><tr><td>Material<\/td><td>Pl\u00e1stico, a\u00e7o inoxid\u00e1vel 304 <\/td><\/tr><tr><td>Carater\u00edstica<\/td><td>Com design de gotejador inferior para libertar o ch\u00e1<\/td><\/tr><tr><td>MOQ<\/td><td>100 unidades<\/td><\/tr><tr><td>Log\u00f3tipo<\/td><td>impress\u00e3o de seda, transfer\u00eancia de calor, etc<\/td><\/tr><tr><td>Embalagem<\/td><td>caixa branca, caixa impressa personalizada, caixa cil\u00edndrica, saco de bolhas, caixa de oferta<\/td><\/tr><tr><td>Tempo de amostragem<\/td><td>3 dias para amostra de stock, 7 dias para amostra de log\u00f3tipo personalizado<\/td><\/tr><tr><td>Tempo de produ\u00e7\u00e3o<\/td><td>10-35 dias, dependendo da quantidade e dos requisitos<\/td><\/tr><tr><td>Sobre o pagamento<\/td><td>Transfer\u00eancia banc\u00e1ria, paypal, western union, garantia comercial<\/td><\/tr><tr><td>Pa\u00eds de origem<\/td><td>Fabricado na China<\/td><\/tr><tr><td>Origem do certificado<\/td><td>Sim, podemos oferecer<\/td><\/tr><tr><td>Nova garrafa de molde<\/td><td>Sim, temos uma nova equipa de desenvolvimento de moldes<\/td><\/tr><tr><td>Condi\u00e7\u00f5es<\/td><td>EXW,FOB,CIF, DDU, DDP<\/td><\/tr><\/tbody><\/table><\/figure>\n\n\n\n<p><\/p>","protected":false},"excerpt":{"rendered":"<p>M\u00e1quina de ch\u00e1 de gotejamento de qualidade para marca de ch\u00e1 por atacado<\/p>\n<ul>\n<li>Material ecol\u00f3gico sem BPA, seguro para alimentos. Resist\u00eancia a riscos. Bom para a nossa sa\u00fade.<\/li>\n<li>Boca larga para deitar \u00e1gua. Permite colocar um tubo de gelo no interior. Tamb\u00e9m \u00e9 bom para ch\u00e1 gelado.<\/li>\n<li>Pega grande na lateral, f\u00e1cil de retirar.<\/li>\n<li>Com infusor na parte inferior para libertar \u00e1gua para a caneca de ch\u00e1 atrav\u00e9s da press\u00e3o do peso.\u00a0<\/li>\n<li>\u00c0 prova de ferrugem e de derrames.<\/li>\n<li>Tamanho de 600 ml dispon\u00edvel, perfeito para fazer ch\u00e1.<\/li>\n<li>Cores e desenhos personalizados s\u00e3o bem-vindos.<\/li>\n<li>Suporte a pacotes personalizados<\/li>\n<li>Est\u00e3o dispon\u00edveis v\u00e1rias cores, apoio ao trabalho com cores personalizadas<\/li>\n<li>lav\u00e1vel na m\u00e1quina de lavar lou\u00e7a, pode ser lavado na m\u00e1quina de lavar roupa<\/li>\n<\/ul>","protected":false},"featured_media":2585,"template":"","meta":{"_acf_changed":true,"_seopress_robots_primary_cat":"none","_seopress_titles_title":"Bottom Dripper Plastic Handy Brew Loose Leaf Perfect Tea Steeper tea maker Bottom Dispensing","_seopress_titles_desc":"Food safe and BPA free material, custom color and design is welcome. Profession manufacturer in China. DDP worldwide delivery. Whatsapp:0086 13567428830","_seopress_robots_index":"","_uag_custom_page_level_css":""},"product_brand":[],"product_cat":[54],"product_tag":[],"class_list":{"0":"post-2584","1":"product","2":"type-product","3":"status-publish","4":"has-post-thumbnail","6":"product_cat-tea-bottle-coffee-tumblers","8":"first","9":"instock","10":"shipping-taxable","11":"product-type-simple"},"acf":[],"uagb_featured_image_src":{"full":["https:\/\/eco-drinkware.com\/wp-content\/uploads\/2024\/10\/bottom-dripper-tea-steeper-2.jpg",1315,1500,false],"thumbnail":["https:\/\/eco-drinkware.com\/wp-content\/uploads\/2024\/10\/bottom-dripper-tea-steeper-2-132x150.jpg",132,150,true],"medium":["https:\/\/eco-drinkware.com\/wp-content\/uploads\/2024\/10\/bottom-dripper-tea-steeper-2-263x300.jpg",263,300,true],"medium_large":["https:\/\/eco-drinkware.com\/wp-content\/uploads\/2024\/10\/bottom-dripper-tea-steeper-2-768x876.jpg",768,876,true],"large":["https:\/\/eco-drinkware.com\/wp-content\/uploads\/2024\/10\/bottom-dripper-tea-steeper-2.jpg",1315,1500,false],"1536x1536":["https:\/\/eco-drinkware.com\/wp-content\/uploads\/2024\/10\/bottom-dripper-tea-steeper-2.jpg",1315,1500,false],"2048x2048":["https:\/\/eco-drinkware.com\/wp-content\/uploads\/2024\/10\/bottom-dripper-tea-steeper-2.jpg",1315,1500,false],"trp-custom-language-flag":["https:\/\/eco-drinkware.com\/wp-content\/uploads\/2024\/10\/bottom-dripper-tea-steeper-2.jpg",11,12,false],"woocommerce_thumbnail":["https:\/\/eco-drinkware.com\/wp-content\/uploads\/2024\/10\/bottom-dripper-tea-steeper-2-300x300.jpg",300,300,true],"woocommerce_single":["https:\/\/eco-drinkware.com\/wp-content\/uploads\/2024\/10\/bottom-dripper-tea-steeper-2-600x684.jpg",600,684,true],"woocommerce_gallery_thumbnail":["https:\/\/eco-drinkware.com\/wp-content\/uploads\/2024\/10\/bottom-dripper-tea-steeper-2-100x100.jpg",100,100,true]},"uagb_author_info":{"display_name":"Amy","author_link":"https:\/\/eco-drinkware.com\/pt\/author\/"},"uagb_comment_info":0,"uagb_excerpt":"Quality bottom dripper tea maker for tea steeper tea brand wholesale BPA Free food safe ecofriendly l material. scratching resistance. Good for our healthy. Wide mouth for water pouring. Okay to put ice tube inside. Also good for ice tea. Big handle at side, easy to take away. With infuser at bottom to release water&hellip;","_links":{"self":[{"href":"https:\/\/eco-drinkware.com\/pt\/wp-json\/wp\/v2\/product\/2584","targetHints":{"allow":["GET"]}}],"collection":[{"href":"https:\/\/eco-drinkware.com\/pt\/wp-json\/wp\/v2\/product"}],"about":[{"href":"https:\/\/eco-drinkware.com\/pt\/wp-json\/wp\/v2\/types\/product"}],"wp:featuredmedia":[{"embeddable":true,"href":"https:\/\/eco-drinkware.com\/pt\/wp-json\/wp\/v2\/media\/2585"}],"wp:attachment":[{"href":"https:\/\/eco-drinkware.com\/pt\/wp-json\/wp\/v2\/media?parent=2584"}],"wp:term":[{"taxonomy":"product_brand","embeddable":true,"href":"https:\/\/eco-drinkware.com\/pt\/wp-json\/wp\/v2\/product_brand?post=2584"},{"taxonomy":"product_cat","embeddable":true,"href":"https:\/\/eco-drinkware.com\/pt\/wp-json\/wp\/v2\/product_cat?post=2584"},{"taxonomy":"product_tag","embeddable":true,"href":"https:\/\/eco-drinkware.com\/pt\/wp-json\/wp\/v2\/product_tag?post=2584"}],"curies":[{"name":"wp","href":"https:\/\/api.w.org\/{rel}","templated":true}]}}