{"id":2735,"date":"2024-12-24T16:15:23","date_gmt":"2024-12-24T08:15:23","guid":{"rendered":"https:\/\/eco-drinkware.com\/?post_type=product&#038;p=2735"},"modified":"2025-08-20T14:34:24","modified_gmt":"2025-08-20T06:34:24","slug":"gt011-maquina-de-fazer-cha-gotejador-de-vidro-para-cha","status":"publish","type":"product","link":"https:\/\/eco-drinkware.com\/pt\/product\/gt011-maquina-de-fazer-cha-gotejador-de-vidro-para-cha\/","title":{"rendered":"GT011 M\u00e1quina de ch\u00e1 Handy Brew Tea Glass M\u00e1quina de ch\u00e1 com gotejador Bottom Dispensing Teapot-13oz clear"},"content":{"rendered":"<h2 class=\"wp-block-heading\">Carater\u00edsticas do produto:<\/h2>\n\n\n\n<p>Material: vidro com alto teor de borossilicato, peneira de a\u00e7o inoxid\u00e1vel 304<br>100% Sem BPA e seguro para a sa\u00fade. Todos os materiais s\u00e3o n\u00e3o t\u00f3xicos e seguros para os alimentos. <br>Como utilizar este vaporizador de ch\u00e1? M\u00e1quina de ch\u00e1 perfeita para fazer ch\u00e1. Colocar ch\u00e1 e \u00e1gua dentro da m\u00e1quina de ch\u00e1. Esperar alguns minutos. Quando achar que o ch\u00e1 est\u00e1 bom. Basta colocar a m\u00e1quina de ch\u00e1 sobre a caneca de ch\u00e1. O ch\u00e1 ser\u00e1 libertado do fundo da m\u00e1quina de ch\u00e1 para a ch\u00e1vena de ch\u00e1. Retire a chaleira e desfrute do seu ch\u00e1. <br>Com pega grande, f\u00e1cil de levar a m\u00e1quina de ch\u00e1 para qualquer lado. Muito conveniente para segurar a m\u00e3o e os dedos.<br>O bule dispensador de fundo \u00e9 muito bom para promo\u00e7\u00f5es de marcas ou para venda por grosso.<\/p>\n\n\n\n<p>Com infusor na parte inferior. Perfeito para fazer ch\u00e1. \u00c9 uma malha de orif\u00edcio muito pequeno para infundir o ch\u00e1, basta deixar a \u00e1gua do ch\u00e1 dentro da caneca. Parte do interesse deste bule reside no facto de possuir um sistema de fecho autom\u00e1tico, proporcionando aos consumidores de ch\u00e1 (e caf\u00e9) uma forma muito simples e sem complica\u00e7\u00f5es de desfrutar do seu ch\u00e1 ou caf\u00e9 acabado de fazer.  \u00c9 ideal para utilizar com ch\u00e1 de folhas soltas, mas tamb\u00e9m pode ser utilizado para preparar caf\u00e9 a partir de gr\u00e3os de caf\u00e9 mo\u00eddos.  \u00c9 muito simples de utilizar e mant\u00e9m tudo muito limpo e arrumado.<br>Cor: A cor normal \u00e9 a cor clara. A al\u00e7a pode ser de cor personalizada. A equipa da Eco Drinkware pode oferecer um modelo com design personalizado. Cor de stock: transparente<br>Padr\u00e3o: o padr\u00e3o personalizado pode ser impresso e pode ser feito atrav\u00e9s de v\u00e1rias t\u00e9cnicas de impress\u00e3o: serigrafia e decalque, etc.<br>Log\u00f3tipo: F\u00e1cil de trabalhar com o log\u00f3tipo personalizado. As op\u00e7\u00f5es de log\u00f3tipo incluem: impress\u00e3o em seda, transfer\u00eancia de calor, sublima\u00e7\u00e3o, etc. Bem-vindo a partilhar o seu log\u00f3tipo. A nossa equipa enviar\u00e1 um modelo de volta.<br>Caixa de embalagem: caixa branca, caixa impressa personalizada, caixa de cilindro, saco de bolha, caixa de presente, qualquer pacote de design personalizado \u00e9 bem-vindo, etc<br>Pode ser lavado na m\u00e1quina de lavar loi\u00e7a.<br>Esta m\u00e1quina de ch\u00e1 tem um design muito agrad\u00e1vel para fazer ch\u00e1, aproveite a vida do ch\u00e1. \u00c9 muito boa para vender numa loja de ch\u00e1. Bom acess\u00f3rio para a marca de ch\u00e1. Imprima a sua marca nela e ofere\u00e7a mais op\u00e7\u00f5es para os clientes.<br>Especializada no fabrico e exporta\u00e7\u00e3o de todos os tipos de artigos para beber, como garrafas de ch\u00e1, copos por atacado, recipientes para alimentos, tigelas para c\u00e3es, tigelas de salada, refrigeradores de latas, garrafas de vidro, garrafas de bambu. A Eco Drinkware possui linhas de produ\u00e7\u00e3o automatizadas e altamente eficientes. Abra\u00e7amos a Ind\u00fastria4.0 e mantemo-nos competitivos na ind\u00fastria. A produ\u00e7\u00e3o automatizada torna os nossos produtos mais baratos e mais competitivos em termos de pre\u00e7o.<br>Os produtos Eco Drinkware s\u00e3o fabricados por OEM e ODM. Com os melhores engenheiros profissionais com mais de 10 anos de experi\u00eancia na ind\u00fastria de fabrica\u00e7\u00e3o de garrafas de \u00e1gua, \u00e9 f\u00e1cil transformar sua ideia em produtos reais.<br>Fazemos inspe\u00e7\u00e3o de qualidade em linha para garantir que a produ\u00e7\u00e3o corre bem e n\u00e3o h\u00e1 qualquer erro. Se houver algum erro, podemos corrigi-lo a tempo de poupar custos. A qualidade \u00e9 a nossa cultura, confiamos que a qualidade traz mais para os clientes e fabricantes. Se optar pela Eco Drinkware, obter\u00e1 mais clientes e mais mercado, bem como uma boa reputa\u00e7\u00e3o junto dos clientes. Porque a nossa equipa tem o prazer de se aperfei\u00e7oar e de melhorar os produtos para ser excelente na nossa ind\u00fastria.<br>M\u00e9todo de envio: FOB, CIF, DDU, DDP por comboio ou mar para clientes globais.<\/p>\n\n\n\n<figure class=\"wp-block-image size-full\"><img loading=\"lazy\" decoding=\"async\" width=\"1000\" height=\"1000\" src=\"https:\/\/eco-drinkware.com\/wp-content\/uploads\/2024\/12\/tea-maker-gift-box-pic-5.jpg\" alt=\"gt011 m\u00e1quina de fazer ch\u00e1, gotejador de vidro para ch\u00e1\" class=\"wp-image-2736\" srcset=\"https:\/\/eco-drinkware.com\/wp-content\/uploads\/2024\/12\/tea-maker-gift-box-pic-5.jpg 1000w, https:\/\/eco-drinkware.com\/wp-content\/uploads\/2024\/12\/tea-maker-gift-box-pic-5-300x300.jpg 300w, https:\/\/eco-drinkware.com\/wp-content\/uploads\/2024\/12\/tea-maker-gift-box-pic-5-150x150.jpg 150w, https:\/\/eco-drinkware.com\/wp-content\/uploads\/2024\/12\/tea-maker-gift-box-pic-5-768x768.jpg 768w, https:\/\/eco-drinkware.com\/wp-content\/uploads\/2024\/12\/tea-maker-gift-box-pic-5-600x600.jpg 600w, https:\/\/eco-drinkware.com\/wp-content\/uploads\/2024\/12\/tea-maker-gift-box-pic-5-100x100.jpg 100w\" sizes=\"auto, (max-width: 1000px) 100vw, 1000px\" \/><\/figure>\n\n\n\n<figure class=\"wp-block-table\"><table class=\"has-fixed-layout\"><tbody><tr><td>N\u00famero do item<\/td><td>GT011<\/td><\/tr><tr><td>Capacidade<\/td><td>13OZ \/400ml<\/td><\/tr><tr><td>Isolado<\/td><td>n\u00e3o&nbsp;&nbsp;&nbsp;&nbsp;&nbsp;&nbsp;&nbsp;&nbsp;&nbsp;&nbsp;&nbsp;&nbsp;<\/td><\/tr><tr><td>Posi\u00e7\u00e3o do log\u00f3tipo<\/td><td>Corpo da garrafa<\/td><\/tr><tr><td>Cor<\/td><td>transparente<\/td><\/tr><tr><td>Material<\/td><td>vidro com alto teor de borosilicato, a\u00e7o inoxid\u00e1vel 304<\/td><\/tr><tr><td>Carater\u00edstica<\/td><td>Com design de gotejador inferior para libertar o ch\u00e1<\/td><\/tr><tr><td>MOQ<\/td><td>100 unidades<\/td><\/tr><tr><td>Log\u00f3tipo<\/td><td>decalque, etc<\/td><\/tr><tr><td>Embalagem<\/td><td>caixa branca, caixa impressa personalizada, caixa cil\u00edndrica, saco de bolhas, caixa de oferta<\/td><\/tr><tr><td>Tempo de amostragem<\/td><td>3 dias para amostra de stock, 7 dias para amostra de log\u00f3tipo personalizado<\/td><\/tr><tr><td>Tempo de produ\u00e7\u00e3o<\/td><td>10-35 dias, dependendo da quantidade e dos requisitos<\/td><\/tr><tr><td>Sobre o pagamento<\/td><td>Transfer\u00eancia banc\u00e1ria, paypal, western union, garantia comercial<\/td><\/tr><tr><td>Pa\u00eds de origem<\/td><td>Fabricado na China<\/td><\/tr><tr><td>Origem do certificado<\/td><td>Sim, podemos oferecer<\/td><\/tr><tr><td>Nova garrafa de molde<\/td><td>Sim, temos uma nova equipa de desenvolvimento de moldes<\/td><\/tr><tr><td>Condi\u00e7\u00f5es<\/td><td>EXW,FOB,CIF, DDU, DDP<\/td><\/tr><\/tbody><\/table><\/figure>\n\n\n\n<p><\/p>","protected":false},"excerpt":{"rendered":"<p>Bule de ch\u00e1 de distribui\u00e7\u00e3o inferior de ch\u00e1 e caf\u00e9 de qualidade Handy Brew Wholesale<\/p>\n<ul>\n<li>Materiais ecol\u00f3gicos seguros para alimentos sem BPA. resist\u00eancia a arranh\u00f5es. Bom para a nossa sa\u00fade.<\/li>\n<li>Boca larga para deitar \u00e1gua. Permite colocar um tubo de gelo no interior. Tamb\u00e9m \u00e9 bom para ch\u00e1 gelado.<\/li>\n<li>Pega grande na lateral, f\u00e1cil de retirar.<\/li>\n<li>Com infusor na parte inferior para libertar \u00e1gua para a caneca de ch\u00e1 atrav\u00e9s da press\u00e3o do peso.\u00a0<\/li>\n<li>\u00c0 prova de ferrugem e de derrames.<\/li>\n<li>Tamanho de 400 ml dispon\u00edvel, perfeito para fazer ch\u00e1.<\/li>\n<li>Cores e desenhos personalizados s\u00e3o bem-vindos.<\/li>\n<li>Suporte a pacotes personalizados<\/li>\n<li>O log\u00f3tipo e a marca personalizados podem ser impressos<\/li>\n<li>lav\u00e1vel na m\u00e1quina de lavar lou\u00e7a, pode ser lavado na m\u00e1quina de lavar roupa<\/li>\n<\/ul>","protected":false},"featured_media":2736,"template":"","meta":{"_acf_changed":true,"_seopress_robots_primary_cat":"none","_seopress_titles_title":"Food safe Glass Tea dripper tea maker Bottom Dispensing Teapot","_seopress_titles_desc":"BPA free and food safe materials. Custom deisgn and package supported.Reliable drinkware supplier in China, global shipping. Whatsapp: 0086 13567428830","_seopress_robots_index":"","_uag_custom_page_level_css":""},"product_brand":[],"product_cat":[43,25,22,35,54],"product_tag":[],"class_list":{"0":"post-2735","1":"product","2":"type-product","3":"status-publish","4":"has-post-thumbnail","6":"product_cat-glass-mugs","7":"product_cat-glass-tumbler-mugs","8":"product_cat-glass-water-bottle","9":"product_cat-single-wall-gass-bottle","10":"product_cat-tea-bottle-coffee-tumblers","12":"first","13":"instock","14":"shipping-taxable","15":"product-type-simple"},"acf":[],"uagb_featured_image_src":{"full":["https:\/\/eco-drinkware.com\/wp-content\/uploads\/2024\/12\/tea-maker-gift-box-pic-5.jpg",1000,1000,false],"thumbnail":["https:\/\/eco-drinkware.com\/wp-content\/uploads\/2024\/12\/tea-maker-gift-box-pic-5-150x150.jpg",150,150,true],"medium":["https:\/\/eco-drinkware.com\/wp-content\/uploads\/2024\/12\/tea-maker-gift-box-pic-5-300x300.jpg",300,300,true],"medium_large":["https:\/\/eco-drinkware.com\/wp-content\/uploads\/2024\/12\/tea-maker-gift-box-pic-5-768x768.jpg",768,768,true],"large":["https:\/\/eco-drinkware.com\/wp-content\/uploads\/2024\/12\/tea-maker-gift-box-pic-5.jpg",1000,1000,false],"1536x1536":["https:\/\/eco-drinkware.com\/wp-content\/uploads\/2024\/12\/tea-maker-gift-box-pic-5.jpg",1000,1000,false],"2048x2048":["https:\/\/eco-drinkware.com\/wp-content\/uploads\/2024\/12\/tea-maker-gift-box-pic-5.jpg",1000,1000,false],"trp-custom-language-flag":["https:\/\/eco-drinkware.com\/wp-content\/uploads\/2024\/12\/tea-maker-gift-box-pic-5.jpg",12,12,false],"woocommerce_thumbnail":["https:\/\/eco-drinkware.com\/wp-content\/uploads\/2024\/12\/tea-maker-gift-box-pic-5-300x300.jpg",300,300,true],"woocommerce_single":["https:\/\/eco-drinkware.com\/wp-content\/uploads\/2024\/12\/tea-maker-gift-box-pic-5-600x600.jpg",600,600,true],"woocommerce_gallery_thumbnail":["https:\/\/eco-drinkware.com\/wp-content\/uploads\/2024\/12\/tea-maker-gift-box-pic-5-100x100.jpg",100,100,true]},"uagb_author_info":{"display_name":"Amy","author_link":"https:\/\/eco-drinkware.com\/pt\/author\/"},"uagb_comment_info":0,"uagb_excerpt":"Quality Handy Brew Tea and Coffee Maker Bottom Dispensing Teapot Wholesale BPA Free food safe ecofriendly\u00a0 materials. scratching resistance. Good for our healthy. Wide mouth for water pouring. Okay to put ice tube inside. Also good for ice tea. Big handle at side, easy to take away. With infuser at bottom to release water to&hellip;","_links":{"self":[{"href":"https:\/\/eco-drinkware.com\/pt\/wp-json\/wp\/v2\/product\/2735","targetHints":{"allow":["GET"]}}],"collection":[{"href":"https:\/\/eco-drinkware.com\/pt\/wp-json\/wp\/v2\/product"}],"about":[{"href":"https:\/\/eco-drinkware.com\/pt\/wp-json\/wp\/v2\/types\/product"}],"wp:featuredmedia":[{"embeddable":true,"href":"https:\/\/eco-drinkware.com\/pt\/wp-json\/wp\/v2\/media\/2736"}],"wp:attachment":[{"href":"https:\/\/eco-drinkware.com\/pt\/wp-json\/wp\/v2\/media?parent=2735"}],"wp:term":[{"taxonomy":"product_brand","embeddable":true,"href":"https:\/\/eco-drinkware.com\/pt\/wp-json\/wp\/v2\/product_brand?post=2735"},{"taxonomy":"product_cat","embeddable":true,"href":"https:\/\/eco-drinkware.com\/pt\/wp-json\/wp\/v2\/product_cat?post=2735"},{"taxonomy":"product_tag","embeddable":true,"href":"https:\/\/eco-drinkware.com\/pt\/wp-json\/wp\/v2\/product_tag?post=2735"}],"curies":[{"name":"wp","href":"https:\/\/api.w.org\/{rel}","templated":true}]}}